{"id":814,"date":"2020-02-26T11:48:48","date_gmt":"2020-02-26T11:48:48","guid":{"rendered":"https:\/\/immediatebitxdr.com\/bize-ulasin\/"},"modified":"2024-05-15T12:09:41","modified_gmt":"2024-05-15T12:09:41","slug":"bize-ulasin","status":"publish","type":"page","link":"https:\/\/immediatebitxdr.com\/tr\/bize-ulasin\/","title":{"rendered":"Bize Ula\u015f\u0131n"},"content":{"rendered":"\n<div id=\"wp-block-themeisle-blocks-advanced-columns-fd115547\" class=\"wp-block-themeisle-blocks-advanced-columns alignfull has-1-columns has-desktop-equal-layout has-tablet-equal-layout has-mobile-equal-layout has-vertical-unset\"><div class=\"wp-block-themeisle-blocks-advanced-columns-overlay\"><\/div><div class=\"innerblocks-wrap\">\n<div id=\"wp-block-themeisle-blocks-advanced-column-de2aa3a2\" class=\"wp-block-themeisle-blocks-advanced-column has-dark-bg\">\nTEMASTA OLMAK\n\n\n\n<h1 class=\"wp-block-heading has-text-align-center has-nv-text-dark-bg-color has-text-color\">Bize Ula\u015f\u0131n<\/h1>\n\n\n\n<p class=\"has-text-align-center\">Immediate BitXDR \u00fczerinden bize ula\u015fmay\u0131 d\u00fc\u015f\u00fcnd\u00fc\u011f\u00fcn\u00fcz i\u00e7in te\u015fekk\u00fcr ederiz. Kullan\u0131c\u0131lar\u0131m\u0131za m\u00fcmk\u00fcn olan en iyi deneyimi sunmaya \u00e7al\u0131\u015f\u0131rken geri bildirimleriniz, sorular\u0131n\u0131z ve sorular\u0131n\u0131z bizim i\u00e7in de\u011ferlidir. \u0130ster deneyimli bir yat\u0131r\u0131mc\u0131, ister merakl\u0131 bir yat\u0131r\u0131mc\u0131, ister potansiyel bir ortak olun, ileti\u015fiminizi memnuniyetle kar\u015f\u0131l\u0131yoruz.<\/p>\n<\/div>\n<\/div><\/div>\n\n<div id=\"wp-block-themeisle-blocks-advanced-columns-7c7a89c9\" class=\"wp-block-themeisle-blocks-advanced-columns alignfull has-1-columns has-desktop-equal-layout has-tablet-equal-layout has-mobile-collapsedRows-layout has-vertical-center\"><div class=\"wp-block-themeisle-blocks-advanced-columns-overlay\"><\/div><div class=\"innerblocks-wrap\">\n<div id=\"wp-block-themeisle-blocks-advanced-column-6b5d17f2\" class=\"wp-block-themeisle-blocks-advanced-column\">\n<h2 class=\"wp-block-heading\">Genel Sorular:<\/h2>\n\n\n\n<p>Platformumuz, hizmetlerimiz ve tekliflerimiz hakk\u0131nda genel sorular\u0131n\u0131z veya bilgi i\u00e7in l\u00fctfen ekibimizle ileti\u015fime ge\u00e7mekten \u00e7ekinmeyin. Size yard\u0131mc\u0131 olmak ve kripto piyasalar\u0131nda etkili bir \u015fekilde gezinmek i\u00e7in ihtiya\u00e7 duydu\u011funuz bilgilere sahip olman\u0131z\u0131 sa\u011flamak i\u00e7in buraday\u0131z.<\/p>\n\n\n\n<h2 class=\"wp-block-heading\">M\u00fc\u015fteri deste\u011fi<\/h2>\n\n\n\n<p>Immediate BitXDR hesab\u0131n\u0131zla ilgili yard\u0131ma ihtiya\u00e7 duyarsan\u0131z, herhangi bir sorunla kar\u015f\u0131la\u015f\u0131rsan\u0131z veya kripto botlar\u0131m\u0131z\u0131 ve ticaret stratejilerimizi kullanma konusunda \u00f6zel sorular\u0131n\u0131z varsa m\u00fc\u015fteri destek ekibimiz yard\u0131ma haz\u0131rd\u0131r. Ticaret deneyiminizden en iyi \u015fekilde yararlanabilmenizi sa\u011flamak i\u00e7in zaman\u0131nda ve etkili yan\u0131tlara \u00f6ncelik veriyoruz.<\/p>\n\n\n\n<h2 class=\"wp-block-heading\">Ortakl\u0131klar ve \u0130\u015fbirlikleri:<\/h2>\n\n\n\n<p>Immediate BitXDR, misyonumuzla uyumlu ortakl\u0131klar\u0131 ve i\u015fbirliklerini ke\u015ffetmeye her zaman a\u00e7\u0131kt\u0131r. Bir \u015firketi veya kurulu\u015fu temsil ediyorsan\u0131z veya i\u015fbirli\u011fi teklifiniz varsa l\u00fctfen ortakl\u0131k ekibimizle ileti\u015fime ge\u00e7in. Yenili\u011fi te\u015fvik etmek ve kripto ekosistemini geli\u015ftirmek i\u00e7in i\u015fbirli\u011finin g\u00fcc\u00fcne inan\u0131yoruz.<\/p>\n\n\n\n<h2 class=\"wp-block-heading\">Teknik Destek:<\/h2>\n\n\n\n<p>Platformumuzla ilgili teknik sorunlarla, aksakl\u0131klarla kar\u015f\u0131la\u015f\u0131rsan\u0131z veya belirli teknik sorular\u0131n\u0131z varsa, teknik destek ekibimiz endi\u015felerinizi derhal \u00e7\u00f6zmeye kendini adam\u0131\u015ft\u0131r. Kusursuz deneyiminiz bizim \u00f6nceli\u011fimizdir.<\/p>\n\n\n\n<h2 class=\"wp-block-heading\">Bizimle ileti\u015fime ge\u00e7in:<\/h2>\n\n\n\n<p>Sosyal medya kanallar\u0131m\u0131z arac\u0131l\u0131\u011f\u0131yla Immediate BitXDR ile ba\u011flant\u0131da kal\u0131n. En son g\u00fcncellemeler, pazar analizleri ve duyurular i\u00e7in bizi [sosyal medya platformlar\u0131n\u0131 ekleyin] \u00fczerinden takip edin. Toplulu\u011fumuzla etkile\u015fime ge\u00e7in ve kripto para biriminin heyecan verici d\u00fcnyas\u0131 hakk\u0131nda devam eden sohbetin bir par\u00e7as\u0131 olun.<\/p>\n\n\n\n<h2 class=\"wp-block-heading\">Bizi ziyaret et:<\/h2>\n\n\n\n<p>Y\u00fcz y\u00fcze etkile\u015fimi tercih ediyorsan\u0131z ofislerimizi ziyaret edebilirsiniz. \u0130lgili ekip \u00fcyelerinin sizinle g\u00f6r\u00fc\u015fmeye haz\u0131r oldu\u011fundan emin olmak i\u00e7in l\u00fctfen \u00f6nceden randevu ayarlay\u0131n.<\/p>\n\n\n\n<h2 class=\"wp-block-heading\">An\u0131nda BitXDR Genel Merkezi:<\/h2>\n\n\n\n<p>USA: 2363 Hurry Street Fredericksburg, VA 22401<\/p>\n\n\n\n<p>Germany: Oldesloer Strasse 92, 07602 Eisenberg<\/p>\n\n\n\n<p>UK: 65 Souterhead Road LOWER BOSCASWELL TR19 7EY<\/p>\n\n\n\n<p>Email: support@<a href=\"https:\/\/immediatebitxdr.com\/tr\/\" target=\"_blank\" rel=\"noreferrer noopener\"><\/a>immediatebitxdr.com<\/p>\n\n\n\n<p>Phone: +44 078 5290 8427<\/p>\n<\/div>\n<\/div><\/div>\n\n<div id=\"wp-block-themeisle-blocks-advanced-columns-2672f4b5\" class=\"wp-block-themeisle-blocks-advanced-columns alignfull has-2-columns has-desktop-equal-layout has-tablet-equal-layout has-mobile-collapsedRows-layout has-vertical-unset has-dark-bg\"><div class=\"wp-block-themeisle-blocks-advanced-columns-overlay\"><\/div><div class=\"innerblocks-wrap\">\n<div id=\"wp-block-themeisle-blocks-advanced-column-05e52c3e\" class=\"wp-block-themeisle-blocks-advanced-column\">\n<h2 class=\"wp-block-heading has-nv-text-dark-bg-color has-text-color\">Formu kullanarak do\u011frudan mesaj g\u00f6nderin<\/h2>\n\n\n\n<p>\u00d6zel destek ekibimiz her t\u00fcrl\u00fc sorunuz veya endi\u015feniz konusunda size yard\u0131mc\u0131 olmak i\u00e7in burada. \u0130ster deneyimli bir yat\u0131r\u0131mc\u0131 olun ister yeni ba\u015fl\u0131yor olun, memnuniyetiniz bizim \u00f6nceli\u011fimizdir. Bizimle ba\u011flant\u0131 kurun ve kripto para biriminin heyecan verici d\u00fcnyas\u0131nda birlikte gezinelim!<\/p>\n\n\n\n<p>Immediate BitXDR&#8217;ye g\u00f6sterdi\u011finiz ilgiyi takdir ediyoruz ve sizden haber almay\u0131 sab\u0131rs\u0131zl\u0131kla bekliyoruz. \u0130leti\u015fiminiz, b\u00fcy\u00fcyen toplulu\u011fumuzun \u00e7e\u015fitli ihtiya\u00e7lar\u0131n\u0131 iyile\u015ftirmemize ve daha iyi hizmet etmemize yard\u0131mc\u0131 olmak a\u00e7\u0131s\u0131ndan hayati \u00f6neme sahiptir.<\/p>\n\n\n\n<div id=\"wp-block-themeisle-blocks-button-group-89e6367b\" class=\"wp-block-themeisle-blocks-button-group wp-block-buttons\">\n<div id=\"wp-block-themeisle-blocks-button-f6ab3bb5\" class=\"wp-block-themeisle-blocks-button wp-block-button\"><a href=\"\" target=\"_blank\" rel=\"noopener noreferrer\" class=\"wp-block-button__link\"><i class=\"fab fa-fw fa-facebook-f\"><\/i><\/a><\/div>\r\n\n\n\n<div id=\"wp-block-themeisle-blocks-button-ddd4d356\" class=\"wp-block-themeisle-blocks-button wp-block-button\"><a href=\"\" target=\"_blank\" rel=\"noopener noreferrer\" class=\"wp-block-button__link\"><i class=\"fab fa-fw fa-twitter\"><\/i><\/a><\/div>\r\n\n\n\n<div id=\"wp-block-themeisle-blocks-button-36612cba\" class=\"wp-block-themeisle-blocks-button wp-block-button\"><a href=\"\" target=\"_blank\" rel=\"noopener noreferrer\" class=\"wp-block-button__link\"><i class=\"fab fa-fw fa-google-plus\"><\/i><\/a><\/div>\r\n\n\n\n<div id=\"wp-block-themeisle-blocks-button-45cdcaa1\" class=\"wp-block-themeisle-blocks-button wp-block-button\"><a href=\"\" target=\"_blank\" rel=\"noopener noreferrer\" class=\"wp-block-button__link\"><i class=\"fab fa-fw fa-pinterest\"><\/i><\/a><\/div>\r\n\n\n\n<div id=\"wp-block-themeisle-blocks-button-faf5e2e7\" class=\"wp-block-themeisle-blocks-button wp-block-button\"><a href=\"\" target=\"_blank\" rel=\"noopener noreferrer\" class=\"wp-block-button__link\"><i class=\"fab fa-fw fa-instagram\"><\/i><\/a><\/div>\r\n<\/div>\n<\/div>\n\n\n\n<div id=\"wp-block-themeisle-blocks-advanced-column-0788243d\" class=\"wp-block-themeisle-blocks-advanced-column has-dark-bg\">\n<div id=\"wp-block-themeisle-blocks-form-fb39f207\" class=\"wp-block-themeisle-blocks-form\" data-option-name=\"bf9b28ff82ce323187abc5d0feb0d8f07ecd8436_fb39f207\"><form class=\"otter-form__container\">\n<div id=\"wp-block-themeisle-blocks-form-input-cb680aa4\" class=\"wp-block-themeisle-blocks-form-input\"><label for=\"wp-block-themeisle-blocks-form-input-cb680aa4-input\" class=\"otter-form-input-label\"><span class=\"otter-form-input-label__label\">Name<\/span><span class=\"required\">*<\/span><\/label><input type=\"text\" id=\"wp-block-themeisle-blocks-form-input-cb680aa4-input\" required placeholder=\"Your name\" class=\"otter-form-input\"\/><\/div>\r\n\n\n\n<div id=\"wp-block-themeisle-blocks-form-input-53facba3\" class=\"wp-block-themeisle-blocks-form-input\"><label for=\"wp-block-themeisle-blocks-form-input-53facba3-input\" class=\"otter-form-input-label\"><span class=\"otter-form-input-label__label\">Email<\/span><span class=\"required\">*<\/span><\/label><input type=\"email\" id=\"wp-block-themeisle-blocks-form-input-53facba3-input\" required placeholder=\"Your email\" class=\"otter-form-input\"\/><\/div>\r\n\n\n\n<div id=\"wp-block-themeisle-blocks-form-textarea-5eebb0de\" class=\"wp-block-themeisle-blocks-form-textarea\"><label for=\"wp-block-themeisle-blocks-form-textarea-5eebb0de-input\" class=\"otter-form-textarea-label\"><span class=\"otter-form-textarea-label__label\">Message<\/span><\/label><textarea id=\"wp-block-themeisle-blocks-form-textarea-5eebb0de-input\" placeholder=\"Your Message\" rows=\"10\" class=\"otter-form-textarea-input\"><\/textarea><\/div>\r\n\n\n<div class=\"protection\" aria-hidden=\"true\"><input type=\"hidden\" id=\"wp-block-themeisle-blocks-form-fb39f207_nonce_field\" name=\"wp-block-themeisle-blocks-form-fb39f207_nonce_field\" value=\"944f6afc17\" \/><input type=\"hidden\" name=\"_wp_http_referer\" value=\"\/tr\/wp-json\/wp\/v2\/pages\/814\" \/><input class=\"o-anti-bot\" type=\"checkbox\"><\/div><div class=\"wp-block-button\"><button class=\"wp-block-button__link\" type=\"submit\">Submit<\/button><\/div><\/form><\/div>\n<\/div>\n<\/div><\/div>\n\n<div id=\"wp-block-themeisle-blocks-advanced-columns-1dda74ca\" class=\"wp-block-themeisle-blocks-advanced-columns alignfull has-1-columns has-desktop-equal-layout has-tablet-equal-layout has-mobile-equal-layout has-vertical-unset\"><div class=\"wp-block-themeisle-blocks-advanced-columns-overlay\"><\/div><div class=\"innerblocks-wrap\">\n<div id=\"wp-block-themeisle-blocks-advanced-column-a0d00642\" class=\"wp-block-themeisle-blocks-advanced-column\"><\/div>\r\n<\/div><\/div>\n","protected":false},"excerpt":{"rendered":"","protected":false},"author":1,"featured_media":0,"parent":0,"menu_order":0,"comment_status":"closed","ping_status":"closed","template":"page-templates\/template-pagebuilder-full-width.php","meta":{"inline_featured_image":false,"_monsterinsights_skip_tracking":false,"_monsterinsights_sitenote_active":false,"_monsterinsights_sitenote_note":"","_monsterinsights_sitenote_category":0,"neve_meta_sidebar":"full-width","neve_meta_container":"","neve_meta_enable_content_width":"on","neve_meta_content_width":100,"neve_meta_title_alignment":"","neve_meta_author_avatar":"","neve_post_elements_order":"","neve_meta_disable_header":"","neve_meta_disable_footer":"","neve_meta_disable_title":"","_themeisle_gutenberg_block_has_review":false,"_ti_tpc_template_sync":false,"_ti_tpc_template_id":"","footnotes":""},"class_list":["post-814","page","type-page","status-publish","hentry"],"yoast_head":"<!-- This site is optimized with the Yoast SEO plugin v22.7 - https:\/\/yoast.com\/wordpress\/plugins\/seo\/ -->\n<title>Bize Ula\u015f\u0131n - Immediate BitXDR<\/title>\n<meta name=\"description\" content=\"\u00d6zel destek ekibimiz her t\u00fcrl\u00fc sorunuz veya endi\u015feniz konusunda size yard\u0131mc\u0131 olmak i\u00e7in burada. \u0130ster deneyimli bir yat\u0131r\u0131mc\u0131 olun ister yeni ba\u015fl\u0131yor olun, memnuniyetiniz bizim \u00f6nceli\u011fimizdir. Bizimle ba\u011flant\u0131 kurun ve kripto para biriminin heyecan verici d\u00fcnyas\u0131nda birlikte gezinelim!\" \/>\n<meta name=\"robots\" content=\"index, follow, max-snippet:-1, max-image-preview:large, max-video-preview:-1\" \/>\n<link rel=\"canonical\" href=\"https:\/\/immediatebitxdr.com\/tr\/bize-ulasin\/\" \/>\n<meta property=\"og:locale\" content=\"tr_TR\" \/>\n<meta property=\"og:type\" content=\"article\" \/>\n<meta property=\"og:title\" content=\"Bize Ula\u015f\u0131n - Immediate BitXDR\" \/>\n<meta property=\"og:description\" content=\"\u00d6zel destek ekibimiz her t\u00fcrl\u00fc sorunuz veya endi\u015feniz konusunda size yard\u0131mc\u0131 olmak i\u00e7in burada. \u0130ster deneyimli bir yat\u0131r\u0131mc\u0131 olun ister yeni ba\u015fl\u0131yor olun, memnuniyetiniz bizim \u00f6nceli\u011fimizdir. Bizimle ba\u011flant\u0131 kurun ve kripto para biriminin heyecan verici d\u00fcnyas\u0131nda birlikte gezinelim!\" \/>\n<meta property=\"og:url\" content=\"https:\/\/immediatebitxdr.com\/tr\/bize-ulasin\/\" \/>\n<meta property=\"og:site_name\" content=\"Immediate BitXDR\" \/>\n<meta property=\"article:modified_time\" content=\"2024-05-15T12:09:41+00:00\" \/>\n<meta name=\"twitter:card\" content=\"summary_large_image\" \/>\n<meta name=\"twitter:label1\" content=\"Tahmini okuma s\u00fcresi\" \/>\n\t<meta name=\"twitter:data1\" content=\"3 dakika\" \/>\n<script type=\"application\/ld+json\" class=\"yoast-schema-graph\">{\"@context\":\"https:\/\/schema.org\",\"@graph\":[{\"@type\":\"WebPage\",\"@id\":\"https:\/\/immediatebitxdr.com\/tr\/bize-ulasin\/\",\"url\":\"https:\/\/immediatebitxdr.com\/tr\/bize-ulasin\/\",\"name\":\"Bize Ula\u015f\u0131n - Immediate BitXDR\",\"isPartOf\":{\"@id\":\"https:\/\/immediatebitxdr.com\/tr\/#website\"},\"datePublished\":\"2020-02-26T11:48:48+00:00\",\"dateModified\":\"2024-05-15T12:09:41+00:00\",\"description\":\"\u00d6zel destek ekibimiz her t\u00fcrl\u00fc sorunuz veya endi\u015feniz konusunda size yard\u0131mc\u0131 olmak i\u00e7in burada. \u0130ster deneyimli bir yat\u0131r\u0131mc\u0131 olun ister yeni ba\u015fl\u0131yor olun, memnuniyetiniz bizim \u00f6nceli\u011fimizdir. Bizimle ba\u011flant\u0131 kurun ve kripto para biriminin heyecan verici d\u00fcnyas\u0131nda birlikte gezinelim!\",\"breadcrumb\":{\"@id\":\"https:\/\/immediatebitxdr.com\/tr\/bize-ulasin\/#breadcrumb\"},\"inLanguage\":\"tr\",\"potentialAction\":[{\"@type\":\"ReadAction\",\"target\":[\"https:\/\/immediatebitxdr.com\/tr\/bize-ulasin\/\"]}]},{\"@type\":\"BreadcrumbList\",\"@id\":\"https:\/\/immediatebitxdr.com\/tr\/bize-ulasin\/#breadcrumb\",\"itemListElement\":[{\"@type\":\"ListItem\",\"position\":1,\"name\":\"Home\",\"item\":\"https:\/\/immediatebitxdr.com\/tr\/\"},{\"@type\":\"ListItem\",\"position\":2,\"name\":\"Bize Ula\u015f\u0131n\"}]},{\"@type\":\"WebSite\",\"@id\":\"https:\/\/immediatebitxdr.com\/tr\/#website\",\"url\":\"https:\/\/immediatebitxdr.com\/tr\/\",\"name\":\"Immediate BitXDR\",\"description\":\"\",\"publisher\":{\"@id\":\"https:\/\/immediatebitxdr.com\/tr\/#organization\"},\"potentialAction\":[{\"@type\":\"SearchAction\",\"target\":{\"@type\":\"EntryPoint\",\"urlTemplate\":\"https:\/\/immediatebitxdr.com\/tr\/?s={search_term_string}\"},\"query-input\":\"required name=search_term_string\"}],\"inLanguage\":\"tr\"},{\"@type\":\"Organization\",\"@id\":\"https:\/\/immediatebitxdr.com\/tr\/#organization\",\"name\":\"Immediate BitXDR\",\"url\":\"https:\/\/immediatebitxdr.com\/tr\/\",\"logo\":{\"@type\":\"ImageObject\",\"inLanguage\":\"tr\",\"@id\":\"https:\/\/immediatebitxdr.com\/tr\/#\/schema\/logo\/image\/\",\"url\":\"\",\"contentUrl\":\"\",\"caption\":\"Immediate BitXDR\"},\"image\":{\"@id\":\"https:\/\/immediatebitxdr.com\/tr\/#\/schema\/logo\/image\/\"}}]}<\/script>\n<!-- \/ Yoast SEO plugin. -->","yoast_head_json":{"title":"Bize Ula\u015f\u0131n - Immediate BitXDR","description":"\u00d6zel destek ekibimiz her t\u00fcrl\u00fc sorunuz veya endi\u015feniz konusunda size yard\u0131mc\u0131 olmak i\u00e7in burada. \u0130ster deneyimli bir yat\u0131r\u0131mc\u0131 olun ister yeni ba\u015fl\u0131yor olun, memnuniyetiniz bizim \u00f6nceli\u011fimizdir. Bizimle ba\u011flant\u0131 kurun ve kripto para biriminin heyecan verici d\u00fcnyas\u0131nda birlikte gezinelim!","robots":{"index":"index","follow":"follow","max-snippet":"max-snippet:-1","max-image-preview":"max-image-preview:large","max-video-preview":"max-video-preview:-1"},"canonical":"https:\/\/immediatebitxdr.com\/tr\/bize-ulasin\/","og_locale":"tr_TR","og_type":"article","og_title":"Bize Ula\u015f\u0131n - Immediate BitXDR","og_description":"\u00d6zel destek ekibimiz her t\u00fcrl\u00fc sorunuz veya endi\u015feniz konusunda size yard\u0131mc\u0131 olmak i\u00e7in burada. \u0130ster deneyimli bir yat\u0131r\u0131mc\u0131 olun ister yeni ba\u015fl\u0131yor olun, memnuniyetiniz bizim \u00f6nceli\u011fimizdir. Bizimle ba\u011flant\u0131 kurun ve kripto para biriminin heyecan verici d\u00fcnyas\u0131nda birlikte gezinelim!","og_url":"https:\/\/immediatebitxdr.com\/tr\/bize-ulasin\/","og_site_name":"Immediate BitXDR","article_modified_time":"2024-05-15T12:09:41+00:00","twitter_card":"summary_large_image","twitter_misc":{"Tahmini okuma s\u00fcresi":"3 dakika"},"schema":{"@context":"https:\/\/schema.org","@graph":[{"@type":"WebPage","@id":"https:\/\/immediatebitxdr.com\/tr\/bize-ulasin\/","url":"https:\/\/immediatebitxdr.com\/tr\/bize-ulasin\/","name":"Bize Ula\u015f\u0131n - Immediate BitXDR","isPartOf":{"@id":"https:\/\/immediatebitxdr.com\/tr\/#website"},"datePublished":"2020-02-26T11:48:48+00:00","dateModified":"2024-05-15T12:09:41+00:00","description":"\u00d6zel destek ekibimiz her t\u00fcrl\u00fc sorunuz veya endi\u015feniz konusunda size yard\u0131mc\u0131 olmak i\u00e7in burada. \u0130ster deneyimli bir yat\u0131r\u0131mc\u0131 olun ister yeni ba\u015fl\u0131yor olun, memnuniyetiniz bizim \u00f6nceli\u011fimizdir. Bizimle ba\u011flant\u0131 kurun ve kripto para biriminin heyecan verici d\u00fcnyas\u0131nda birlikte gezinelim!","breadcrumb":{"@id":"https:\/\/immediatebitxdr.com\/tr\/bize-ulasin\/#breadcrumb"},"inLanguage":"tr","potentialAction":[{"@type":"ReadAction","target":["https:\/\/immediatebitxdr.com\/tr\/bize-ulasin\/"]}]},{"@type":"BreadcrumbList","@id":"https:\/\/immediatebitxdr.com\/tr\/bize-ulasin\/#breadcrumb","itemListElement":[{"@type":"ListItem","position":1,"name":"Home","item":"https:\/\/immediatebitxdr.com\/tr\/"},{"@type":"ListItem","position":2,"name":"Bize Ula\u015f\u0131n"}]},{"@type":"WebSite","@id":"https:\/\/immediatebitxdr.com\/tr\/#website","url":"https:\/\/immediatebitxdr.com\/tr\/","name":"Immediate BitXDR","description":"","publisher":{"@id":"https:\/\/immediatebitxdr.com\/tr\/#organization"},"potentialAction":[{"@type":"SearchAction","target":{"@type":"EntryPoint","urlTemplate":"https:\/\/immediatebitxdr.com\/tr\/?s={search_term_string}"},"query-input":"required name=search_term_string"}],"inLanguage":"tr"},{"@type":"Organization","@id":"https:\/\/immediatebitxdr.com\/tr\/#organization","name":"Immediate BitXDR","url":"https:\/\/immediatebitxdr.com\/tr\/","logo":{"@type":"ImageObject","inLanguage":"tr","@id":"https:\/\/immediatebitxdr.com\/tr\/#\/schema\/logo\/image\/","url":"","contentUrl":"","caption":"Immediate BitXDR"},"image":{"@id":"https:\/\/immediatebitxdr.com\/tr\/#\/schema\/logo\/image\/"}}]}},"_links":{"self":[{"href":"https:\/\/immediatebitxdr.com\/tr\/wp-json\/wp\/v2\/pages\/814","targetHints":{"allow":["GET"]}}],"collection":[{"href":"https:\/\/immediatebitxdr.com\/tr\/wp-json\/wp\/v2\/pages"}],"about":[{"href":"https:\/\/immediatebitxdr.com\/tr\/wp-json\/wp\/v2\/types\/page"}],"author":[{"embeddable":true,"href":"https:\/\/immediatebitxdr.com\/tr\/wp-json\/wp\/v2\/users\/1"}],"replies":[{"embeddable":true,"href":"https:\/\/immediatebitxdr.com\/tr\/wp-json\/wp\/v2\/comments?post=814"}],"version-history":[{"count":0,"href":"https:\/\/immediatebitxdr.com\/tr\/wp-json\/wp\/v2\/pages\/814\/revisions"}],"wp:attachment":[{"href":"https:\/\/immediatebitxdr.com\/tr\/wp-json\/wp\/v2\/media?parent=814"}],"curies":[{"name":"wp","href":"https:\/\/api.w.org\/{rel}","templated":true}]}}