{"id":786,"date":"2024-01-26T09:54:07","date_gmt":"2024-01-26T09:54:07","guid":{"rendered":"https:\/\/immediatebitxdr.com\/hakkimizda\/"},"modified":"2024-05-15T12:09:27","modified_gmt":"2024-05-15T12:09:27","slug":"hakkimizda","status":"publish","type":"page","link":"https:\/\/immediatebitxdr.com\/tr\/hakkimizda\/","title":{"rendered":"Hakk\u0131m\u0131zda"},"content":{"rendered":"\n<div class=\"wp-block-cover alignfull is-light\"><span aria-hidden=\"true\" class=\"wp-block-cover__background has-nv-light-bg-background-color has-background-dim-100 has-background-dim\"><\/span><div class=\"wp-block-cover__inner-container is-layout-flow wp-block-cover-is-layout-flow\">\n<div style=\"height:80px\" aria-hidden=\"true\" class=\"wp-block-spacer\"><\/div>\n\n\n\n<div class=\"wp-block-columns are-vertically-aligned-center is-layout-flex wp-container-core-columns-is-layout-9d6595d7 wp-block-columns-is-layout-flex\">\n<div class=\"wp-block-column is-vertically-aligned-center is-layout-flow wp-block-column-is-layout-flow\" style=\"flex-basis:66.66%\">\n<h1 class=\"wp-block-heading has-text-align-center has-neve-text-color-color has-text-color\">Hakk\u0131m\u0131zda<\/h1>\n\n\n\n<p class=\"has-text-align-center has-neve-text-color-color has-text-color\">Kripto para ticaretinin dinamik d\u00fcnyas\u0131nda yenili\u011fin eri\u015filebilirlikle bulu\u015ftu\u011fu Immediate BitXDR&#8217;ye ho\u015f geldiniz. Kripto d\u00fcnyas\u0131 benzeri g\u00f6r\u00fclmemi\u015f bir b\u00fcy\u00fcme ya\u015farken, kurumsal olmayan yat\u0131r\u0131mc\u0131lar\u0131 en son kripto botlar\u0131 ve otomatik ticaret stratejileriyle g\u00fc\u00e7lendirmeye adanm\u0131\u015f platformumuz \u00f6n planda duruyor. Sizi misyonumuz boyunca bir yolculu\u011fa \u00e7\u0131karmama, yazarlar\u0131m\u0131z\u0131 tan\u0131tmama, toplulu\u011fumuzu derinlemesine incelememe ve sars\u0131lmaz ba\u011fl\u0131l\u0131\u011f\u0131m\u0131z\u0131n alt\u0131n\u0131 \u00e7izmeme izin verin.<\/p>\n\n\n\n<div class=\"wp-block-buttons is-horizontal is-content-justification-center is-layout-flex wp-container-core-buttons-is-layout-499968f5 wp-block-buttons-is-layout-flex\">\n<div class=\"wp-block-button is-style-secondary\"><a class=\"wp-block-button__link has-neve-text-color-color has-neve-link-hover-color-background-color has-text-color has-background has-link-color wp-element-button\">Ticarete ba\u015fla<\/a><\/div>\n<\/div>\n<\/div>\n\n\n\n<div class=\"wp-block-column is-vertically-aligned-center is-layout-flow wp-block-column-is-layout-flow\" style=\"flex-basis:33.33%\">\n<figure class=\"wp-block-image size-full\"><img decoding=\"async\" src=\"https:\/\/immediatebitxdr.com\/wp-content\/uploads\/2024\/01\/&#x2014;Pngtree&#x2014;financial-material_4391789.png\" alt=\"Immediate BitXDR\" class=\"wp-image-22\"\/><\/figure>\n<\/div>\n<\/div>\n\n\n\n<div style=\"height:80px\" aria-hidden=\"true\" class=\"wp-block-spacer\"><\/div>\n<\/div><\/div>\n\n<div class=\"wp-block-cover alignfull is-light\"><span aria-hidden=\"true\" class=\"wp-block-cover__background has-nv-dark-bg-background-color has-background-dim-100 has-background-dim\"><\/span><div class=\"wp-block-cover__inner-container is-layout-flow wp-block-cover-is-layout-flow\">\n<div style=\"height:80px\" aria-hidden=\"true\" class=\"wp-block-spacer\"><\/div>\n\n\n\n<div class=\"wp-block-columns is-layout-flex wp-container-core-columns-is-layout-9d6595d7 wp-block-columns-is-layout-flex\">\n<div class=\"wp-block-column is-layout-flow wp-block-column-is-layout-flow\">\n<figure class=\"wp-block-image size-large is-resized\"><img loading=\"lazy\" decoding=\"async\" width=\"732\" height=\"1024\" src=\"https:\/\/immediatebitxdr.com\/wp-content\/uploads\/2024\/01\/v882-aew-59-b-732x1024.jpg\" alt=\"Immediate BitXDR\" class=\"wp-image-300\" style=\"width:505px;height:auto\" srcset=\"https:\/\/immediatebitxdr.com\/wp-content\/uploads\/2024\/01\/v882-aew-59-b-732x1024.jpg 732w, https:\/\/immediatebitxdr.com\/wp-content\/uploads\/2024\/01\/v882-aew-59-b-214x300.jpg 214w, https:\/\/immediatebitxdr.com\/wp-content\/uploads\/2024\/01\/v882-aew-59-b-768x1075.jpg 768w, https:\/\/immediatebitxdr.com\/wp-content\/uploads\/2024\/01\/v882-aew-59-b-1097x1536.jpg 1097w, https:\/\/immediatebitxdr.com\/wp-content\/uploads\/2024\/01\/v882-aew-59-b-1463x2048.jpg 1463w, https:\/\/immediatebitxdr.com\/wp-content\/uploads\/2024\/01\/v882-aew-59-b-scaled.jpg 1829w\" sizes=\"auto, (max-width: 732px) 100vw, 732px\" \/><\/figure>\n<\/div>\n\n\n\n<div class=\"wp-block-column is-vertically-aligned-center is-layout-flow wp-block-column-is-layout-flow\">\n<h2 class=\"wp-block-heading has-text-align-center has-nv-text-dark-bg-color has-text-color\">Misyonumuz ve Vizyonumuz<\/h2>\n\n\n\n<p class=\"has-neve-text-color-color has-text-color has-link-color wp-elements-9cc9111dcfe41a75d9c737393f6e69f1\">Immediate BitXDR olarak misyonumuz a\u00e7\u0131k: algoritmik ticaret \u00e7\u00f6z\u00fcmlerine eri\u015fimi demokratikle\u015ftirmek. Ge\u00e7mi\u015fi veya uzmanl\u0131\u011f\u0131 ne olursa olsun her yat\u0131r\u0131mc\u0131n\u0131n, daha \u00f6nce niceliksel hedge fonlar\u0131 i\u00e7in ayr\u0131lm\u0131\u015f geli\u015fmi\u015f ticaret ara\u00e7lar\u0131n\u0131n g\u00fcc\u00fcnden yararlanabilece\u011fi bir gelecek hayal ediyoruz. Kripto piyasalar\u0131nda gezinme konusundaki ilk elden deneyimimize dayanarak, kurumsal d\u00fczeydeki stratejiler ile bireysel yat\u0131r\u0131mc\u0131lar aras\u0131ndaki bo\u015flu\u011fu dolduracak bir platforma olan ihtiyac\u0131n fark\u0131na vard\u0131k.<\/p>\n\n\n\n<p class=\"has-neve-text-color-color has-text-color has-link-color wp-elements-92987f86f6c8a89fcd2ad64ecb9de2c5\">Uzmanl\u0131\u011f\u0131m\u0131za g\u00f6re kripto alan\u0131n\u0131n hem heyecan verici hem de zorlay\u0131c\u0131 olabilece\u011finin bilincindeyiz. Pratik bilgi birikimimiz sayesinde, algoritmik ticaretin karma\u015f\u0131kl\u0131\u011f\u0131n\u0131 basitle\u015ftirerek daha geni\u015f bir kitleye ula\u015fmas\u0131n\u0131 sa\u011flayan kullan\u0131c\u0131 dostu bir platform geli\u015ftirdik. Deneme yan\u0131lma yoluyla, kesintisiz ve sezgisel bir deneyim sunman\u0131n, yat\u0131r\u0131mc\u0131lar\u0131n s\u00fcrekli geli\u015fen kripto pazar\u0131nda bilin\u00e7li kararlar almas\u0131n\u0131 sa\u011flamak a\u00e7\u0131s\u0131ndan \u00e7ok \u00f6nemli oldu\u011funu ke\u015ffettik.<\/p>\n\n\n\n<p class=\"has-neve-text-color-color has-text-color has-link-color wp-elements-508c3047d3b0c5bd2a9255c8456bb346\">Ara\u015ft\u0131rmam\u0131z, bir dizi kripto bot ve otomatik ticaret stratejisi sunarak kullan\u0131c\u0131lar\u0131m\u0131za piyasada verimli bir \u015fekilde gezinme, f\u0131rsatlardan yararlanma ve riskleri azaltma konusunda destek verdi\u011fimizi g\u00f6sterdi. Bulgular\u0131m\u0131z Immediate BitXDR&#8217;nin sadece bir platform olmad\u0131\u011f\u0131n\u0131 g\u00f6steriyor; ticaret deneyiminizi geli\u015ftirmek i\u00e7in tasarlanm\u0131\u015f kapsaml\u0131 bir \u00e7\u00f6z\u00fcmd\u00fcr.<\/p>\n<\/div>\n<\/div>\n\n\n\n<div style=\"height:50px\" aria-hidden=\"true\" class=\"wp-block-spacer\"><\/div>\n<\/div><\/div>\n\n<div class=\"wp-block-cover alignfull\"><span aria-hidden=\"true\" class=\"wp-block-cover__background has-nv-dark-bg-background-color has-background-dim-100 has-background-dim\"><\/span><div class=\"wp-block-cover__inner-container is-layout-flow wp-block-cover-is-layout-flow\">\n<div style=\"height:80px\" aria-hidden=\"true\" class=\"wp-block-spacer\"><\/div>\n\n\n\n<div class=\"wp-block-columns is-layout-flex wp-container-core-columns-is-layout-9d6595d7 wp-block-columns-is-layout-flex\">\n<div class=\"wp-block-column is-vertically-aligned-center is-layout-flow wp-block-column-is-layout-flow\">\n<h2 class=\"wp-block-heading has-text-align-center has-nv-text-dark-bg-color has-text-color\">Bizim toplulu\u011fumuz<\/h2>\n\n\n\n<p>Immediate BitXDR bir platformdan daha fazlas\u0131d\u0131r; kriptonun gelece\u011fi konusunda tutkulu, benzer d\u00fc\u015f\u00fcncelere sahip bireylerden olu\u015fan geli\u015fen bir topluluktur. Toplulu\u011fumuz fikirlerin payla\u015f\u0131ld\u0131\u011f\u0131, birbirimizden \u00f6\u011frenildi\u011fi ve kripto d\u00fcnyas\u0131ndaki en son trendler hakk\u0131nda bilgi sahibi olundu\u011fu bir aland\u0131r.<\/p>\n\n\n\n<p>\u0130ster deneyimli bir yat\u0131r\u0131mc\u0131 olun ister kripto sular\u0131na dal\u0131n, toplulu\u011fumuz b\u00fcy\u00fcme ve ke\u015fif i\u00e7in destekleyici bir ortam sa\u011flar. Tart\u0131\u015fmalara kat\u0131l\u0131n, sorular sorun ve di\u011fer merakl\u0131larla birlikte kripto piyasas\u0131na ili\u015fkin anlay\u0131\u015f\u0131n\u0131z\u0131 geni\u015fletin.<\/p>\n<\/div>\n\n\n\n<div class=\"wp-block-column is-layout-flow wp-block-column-is-layout-flow\">\n<figure class=\"wp-block-image size-full is-resized\"><img loading=\"lazy\" decoding=\"async\" width=\"1024\" height=\"640\" src=\"https:\/\/immediatebitxdr.com\/wp-content\/uploads\/2024\/01\/crypto_analysis-1.jpg\" alt=\"Immediate BitXDR\" class=\"wp-image-286\" style=\"width:505px;height:auto\" srcset=\"https:\/\/immediatebitxdr.com\/wp-content\/uploads\/2024\/01\/crypto_analysis-1.jpg 1024w, https:\/\/immediatebitxdr.com\/wp-content\/uploads\/2024\/01\/crypto_analysis-1-300x188.jpg 300w, https:\/\/immediatebitxdr.com\/wp-content\/uploads\/2024\/01\/crypto_analysis-1-768x480.jpg 768w\" sizes=\"auto, (max-width: 1024px) 100vw, 1024px\" \/><\/figure>\n<\/div>\n<\/div>\n\n\n\n<div style=\"height:50px\" aria-hidden=\"true\" class=\"wp-block-spacer\"><\/div>\n<\/div><\/div>\n\n<div class=\"wp-block-cover alignfull is-light\"><span aria-hidden=\"true\" class=\"wp-block-cover__background has-nv-light-bg-background-color has-background-dim-100 has-background-dim\"><\/span><div class=\"wp-block-cover__inner-container is-layout-flow wp-block-cover-is-layout-flow\">\n<div style=\"height:33px\" aria-hidden=\"true\" class=\"wp-block-spacer\"><\/div>\n\n\n\n<h2 class=\"wp-block-heading has-text-align-center has-neve-text-color-color has-text-color has-link-color wp-elements-507c6187a9d4630b9063de16b561a97a\">Bizim s\u00f6z\u00fcm\u00fcz<\/h2>\n\n\n\n<p class=\"has-neve-text-color-color has-text-color has-link-color wp-elements-a78ebb1c3de252b54bbaa7249f95290c\">Taahh\u00fcd\u00fcm\u00fcz, geli\u015fmi\u015f ticaret ara\u00e7lar\u0131 sa\u011flaman\u0131n ve canl\u0131 bir topluluk olu\u015fturman\u0131n \u00f6tesine uzan\u0131yor. \u015eeffafl\u0131\u011fa, g\u00fcvenli\u011fe ve s\u00fcrekli iyile\u015ftirmeye kendimizi adad\u0131k. Ekibimiz Immediate BitXDR&#8217;nin d\u00fcnya \u00e7ap\u0131ndaki kripto merakl\u0131lar\u0131 i\u00e7in g\u00fcvenilir bir platform olarak kalmas\u0131n\u0131 sa\u011flamak i\u00e7in yorulmadan \u00e7al\u0131\u015f\u0131yor. Taahh\u00fcd\u00fcm\u00fcz \u00e7at\u0131s\u0131 alt\u0131nda a\u015fa\u011f\u0131dakilere \u00f6ncelik veriyoruz:<\/p>\n\n\n\n<div class=\"wp-block-columns is-layout-flex wp-container-core-columns-is-layout-9d6595d7 wp-block-columns-is-layout-flex\">\n<div class=\"wp-block-column is-layout-flow wp-block-column-is-layout-flow\">\n<h3 class=\"wp-block-heading has-text-align-center has-neve-text-color-color has-text-color\">Kullan\u0131c\u0131 G\u00fcvenli\u011fi<\/h3>\n\n\n\n<p class=\"has-text-align-center has-neve-text-color-color has-text-color\">Sa\u011flam g\u00fcvenlik \u00f6nlemleriyle varl\u0131klar\u0131n\u0131z\u0131 ve ki\u015fisel bilgilerinizi koruyarak g\u00fcvenli bir ticaret ortam\u0131 sa\u011fl\u0131yoruz.<\/p>\n\n\n\n<div class=\"wp-block-buttons is-horizontal is-content-justification-center is-layout-flex wp-container-core-buttons-is-layout-499968f5 wp-block-buttons-is-layout-flex\"><\/div>\n\n\n\n<div style=\"height:20px\" aria-hidden=\"true\" class=\"wp-block-spacer\"><\/div>\n<\/div>\n\n\n\n<div class=\"wp-block-column is-layout-flow wp-block-column-is-layout-flow\">\n<h3 class=\"wp-block-heading has-text-align-center has-neve-text-color-color has-text-color\">Yenilik<\/h3>\n\n\n\n<p class=\"has-text-align-center has-neve-text-color-color has-text-color\">Platformumuzu d\u00fczenli olarak yeni \u00f6zellikler ve iyile\u015ftirmelerle g\u00fcncelleyerek teknolojik geli\u015fmelerin \u00f6n saflar\u0131nda yer almaya kararl\u0131y\u0131z.<\/p>\n\n\n\n<div class=\"wp-block-buttons is-horizontal is-content-justification-center is-layout-flex wp-container-core-buttons-is-layout-499968f5 wp-block-buttons-is-layout-flex\"><\/div>\n\n\n\n<div style=\"height:20px\" aria-hidden=\"true\" class=\"wp-block-spacer\"><\/div>\n<\/div>\n\n\n\n<div class=\"wp-block-column is-layout-flow wp-block-column-is-layout-flow\">\n<h3 class=\"wp-block-heading has-text-align-center has-neve-text-color-color has-text-color\">M\u00fc\u015fteri deste\u011fi<\/h3>\n\n\n\n<p class=\"has-text-align-center has-neve-text-color-color has-text-color\">\u00d6zel destek ekibimiz, genel deneyiminizi geli\u015ftirmek i\u00e7in sorular\u0131n\u0131z\u0131 ve endi\u015felerinizi derhal ele alarak size yard\u0131mc\u0131 olmaya haz\u0131rd\u0131r.<\/p>\n\n\n\n<div class=\"wp-block-buttons is-horizontal is-content-justification-center is-layout-flex wp-container-core-buttons-is-layout-499968f5 wp-block-buttons-is-layout-flex\"><\/div>\n\n\n\n<div style=\"height:20px\" aria-hidden=\"true\" class=\"wp-block-spacer\"><\/div>\n<\/div>\n<\/div>\n\n\n\n<div style=\"height:80px\" aria-hidden=\"true\" class=\"wp-block-spacer\"><\/div>\n<\/div><\/div>\n","protected":false},"excerpt":{"rendered":"","protected":false},"author":1,"featured_media":0,"parent":0,"menu_order":0,"comment_status":"closed","ping_status":"closed","template":"","meta":{"inline_featured_image":false,"_monsterinsights_skip_tracking":false,"_monsterinsights_sitenote_active":false,"_monsterinsights_sitenote_note":"","_monsterinsights_sitenote_category":0,"neve_meta_sidebar":"full-width","neve_meta_container":"","neve_meta_enable_content_width":"on","neve_meta_content_width":100,"neve_meta_title_alignment":"","neve_meta_author_avatar":"","neve_post_elements_order":"","neve_meta_disable_header":"","neve_meta_disable_footer":"","neve_meta_disable_title":"on","_themeisle_gutenberg_block_has_review":false,"_ti_tpc_template_sync":false,"_ti_tpc_template_id":"","footnotes":""},"class_list":["post-786","page","type-page","status-publish","hentry"],"yoast_head":"<!-- This site is optimized with the Yoast SEO plugin v22.7 - https:\/\/yoast.com\/wordpress\/plugins\/seo\/ -->\n<title>Hakk\u0131m\u0131zda - Immediate BitXDR<\/title>\n<meta name=\"description\" content=\"Immediate BitXDR bir platformdan daha fazlas\u0131d\u0131r; bireylerin kripto pazar\u0131yla etkile\u015fim kurma bi\u00e7iminde devrim yaratma taahh\u00fcd\u00fcd\u00fcr. Bu heyecan verici yolculukta bize kat\u0131l\u0131n ve kripto ticaretinin gelece\u011fini birlikte \u015fekillendirelim.\" \/>\n<meta name=\"robots\" content=\"index, follow, max-snippet:-1, max-image-preview:large, max-video-preview:-1\" \/>\n<link rel=\"canonical\" href=\"https:\/\/immediatebitxdr.com\/tr\/hakkimizda\/\" \/>\n<meta property=\"og:locale\" content=\"tr_TR\" \/>\n<meta property=\"og:type\" content=\"article\" \/>\n<meta property=\"og:title\" content=\"Hakk\u0131m\u0131zda - Immediate BitXDR\" \/>\n<meta property=\"og:description\" content=\"Immediate BitXDR bir platformdan daha fazlas\u0131d\u0131r; bireylerin kripto pazar\u0131yla etkile\u015fim kurma bi\u00e7iminde devrim yaratma taahh\u00fcd\u00fcd\u00fcr. Bu heyecan verici yolculukta bize kat\u0131l\u0131n ve kripto ticaretinin gelece\u011fini birlikte \u015fekillendirelim.\" \/>\n<meta property=\"og:url\" content=\"https:\/\/immediatebitxdr.com\/tr\/hakkimizda\/\" \/>\n<meta property=\"og:site_name\" content=\"Immediate BitXDR\" \/>\n<meta property=\"article:modified_time\" content=\"2024-05-15T12:09:27+00:00\" \/>\n<meta property=\"og:image\" content=\"https:\/\/immediatebitxdr.com\/wp-content\/uploads\/2024\/01\/&#x2014;Pngtree&#x2014;financial-material_4391789.png\" \/>\n<meta name=\"twitter:card\" content=\"summary_large_image\" \/>\n<meta name=\"twitter:label1\" content=\"Tahmini okuma s\u00fcresi\" \/>\n\t<meta name=\"twitter:data1\" content=\"3 dakika\" \/>\n<script type=\"application\/ld+json\" class=\"yoast-schema-graph\">{\"@context\":\"https:\/\/schema.org\",\"@graph\":[{\"@type\":\"WebPage\",\"@id\":\"https:\/\/immediatebitxdr.com\/tr\/hakkimizda\/\",\"url\":\"https:\/\/immediatebitxdr.com\/tr\/hakkimizda\/\",\"name\":\"Hakk\u0131m\u0131zda - Immediate BitXDR\",\"isPartOf\":{\"@id\":\"https:\/\/immediatebitxdr.com\/tr\/#website\"},\"primaryImageOfPage\":{\"@id\":\"https:\/\/immediatebitxdr.com\/tr\/hakkimizda\/#primaryimage\"},\"image\":{\"@id\":\"https:\/\/immediatebitxdr.com\/tr\/hakkimizda\/#primaryimage\"},\"thumbnailUrl\":\"https:\/\/immediatebitxdr.com\/wp-content\/uploads\/2024\/01\/&#x2014;Pngtree&#x2014;financial-material_4391789.png\",\"datePublished\":\"2024-01-26T09:54:07+00:00\",\"dateModified\":\"2024-05-15T12:09:27+00:00\",\"description\":\"Immediate BitXDR bir platformdan daha fazlas\u0131d\u0131r; bireylerin kripto pazar\u0131yla etkile\u015fim kurma bi\u00e7iminde devrim yaratma taahh\u00fcd\u00fcd\u00fcr. Bu heyecan verici yolculukta bize kat\u0131l\u0131n ve kripto ticaretinin gelece\u011fini birlikte \u015fekillendirelim.\",\"breadcrumb\":{\"@id\":\"https:\/\/immediatebitxdr.com\/tr\/hakkimizda\/#breadcrumb\"},\"inLanguage\":\"tr\",\"potentialAction\":[{\"@type\":\"ReadAction\",\"target\":[\"https:\/\/immediatebitxdr.com\/tr\/hakkimizda\/\"]}]},{\"@type\":\"ImageObject\",\"inLanguage\":\"tr\",\"@id\":\"https:\/\/immediatebitxdr.com\/tr\/hakkimizda\/#primaryimage\",\"url\":\"https:\/\/immediatebitxdr.com\/wp-content\/uploads\/2024\/01\/&#x2014;Pngtree&#x2014;financial-material_4391789.png\",\"contentUrl\":\"https:\/\/immediatebitxdr.com\/wp-content\/uploads\/2024\/01\/&#x2014;Pngtree&#x2014;financial-material_4391789.png\"},{\"@type\":\"BreadcrumbList\",\"@id\":\"https:\/\/immediatebitxdr.com\/tr\/hakkimizda\/#breadcrumb\",\"itemListElement\":[{\"@type\":\"ListItem\",\"position\":1,\"name\":\"Home\",\"item\":\"https:\/\/immediatebitxdr.com\/tr\/\"},{\"@type\":\"ListItem\",\"position\":2,\"name\":\"Hakk\u0131m\u0131zda\"}]},{\"@type\":\"WebSite\",\"@id\":\"https:\/\/immediatebitxdr.com\/tr\/#website\",\"url\":\"https:\/\/immediatebitxdr.com\/tr\/\",\"name\":\"Immediate BitXDR\",\"description\":\"\",\"publisher\":{\"@id\":\"https:\/\/immediatebitxdr.com\/tr\/#organization\"},\"potentialAction\":[{\"@type\":\"SearchAction\",\"target\":{\"@type\":\"EntryPoint\",\"urlTemplate\":\"https:\/\/immediatebitxdr.com\/tr\/?s={search_term_string}\"},\"query-input\":\"required name=search_term_string\"}],\"inLanguage\":\"tr\"},{\"@type\":\"Organization\",\"@id\":\"https:\/\/immediatebitxdr.com\/tr\/#organization\",\"name\":\"Immediate BitXDR\",\"url\":\"https:\/\/immediatebitxdr.com\/tr\/\",\"logo\":{\"@type\":\"ImageObject\",\"inLanguage\":\"tr\",\"@id\":\"https:\/\/immediatebitxdr.com\/tr\/#\/schema\/logo\/image\/\",\"url\":\"\",\"contentUrl\":\"\",\"caption\":\"Immediate BitXDR\"},\"image\":{\"@id\":\"https:\/\/immediatebitxdr.com\/tr\/#\/schema\/logo\/image\/\"}}]}<\/script>\n<!-- \/ Yoast SEO plugin. -->","yoast_head_json":{"title":"Hakk\u0131m\u0131zda - Immediate BitXDR","description":"Immediate BitXDR bir platformdan daha fazlas\u0131d\u0131r; bireylerin kripto pazar\u0131yla etkile\u015fim kurma bi\u00e7iminde devrim yaratma taahh\u00fcd\u00fcd\u00fcr. Bu heyecan verici yolculukta bize kat\u0131l\u0131n ve kripto ticaretinin gelece\u011fini birlikte \u015fekillendirelim.","robots":{"index":"index","follow":"follow","max-snippet":"max-snippet:-1","max-image-preview":"max-image-preview:large","max-video-preview":"max-video-preview:-1"},"canonical":"https:\/\/immediatebitxdr.com\/tr\/hakkimizda\/","og_locale":"tr_TR","og_type":"article","og_title":"Hakk\u0131m\u0131zda - Immediate BitXDR","og_description":"Immediate BitXDR bir platformdan daha fazlas\u0131d\u0131r; bireylerin kripto pazar\u0131yla etkile\u015fim kurma bi\u00e7iminde devrim yaratma taahh\u00fcd\u00fcd\u00fcr. Bu heyecan verici yolculukta bize kat\u0131l\u0131n ve kripto ticaretinin gelece\u011fini birlikte \u015fekillendirelim.","og_url":"https:\/\/immediatebitxdr.com\/tr\/hakkimizda\/","og_site_name":"Immediate BitXDR","article_modified_time":"2024-05-15T12:09:27+00:00","og_image":[{"url":"https:\/\/immediatebitxdr.com\/wp-content\/uploads\/2024\/01\/&#x2014;Pngtree&#x2014;financial-material_4391789.png"}],"twitter_card":"summary_large_image","twitter_misc":{"Tahmini okuma s\u00fcresi":"3 dakika"},"schema":{"@context":"https:\/\/schema.org","@graph":[{"@type":"WebPage","@id":"https:\/\/immediatebitxdr.com\/tr\/hakkimizda\/","url":"https:\/\/immediatebitxdr.com\/tr\/hakkimizda\/","name":"Hakk\u0131m\u0131zda - Immediate BitXDR","isPartOf":{"@id":"https:\/\/immediatebitxdr.com\/tr\/#website"},"primaryImageOfPage":{"@id":"https:\/\/immediatebitxdr.com\/tr\/hakkimizda\/#primaryimage"},"image":{"@id":"https:\/\/immediatebitxdr.com\/tr\/hakkimizda\/#primaryimage"},"thumbnailUrl":"https:\/\/immediatebitxdr.com\/wp-content\/uploads\/2024\/01\/&#x2014;Pngtree&#x2014;financial-material_4391789.png","datePublished":"2024-01-26T09:54:07+00:00","dateModified":"2024-05-15T12:09:27+00:00","description":"Immediate BitXDR bir platformdan daha fazlas\u0131d\u0131r; bireylerin kripto pazar\u0131yla etkile\u015fim kurma bi\u00e7iminde devrim yaratma taahh\u00fcd\u00fcd\u00fcr. Bu heyecan verici yolculukta bize kat\u0131l\u0131n ve kripto ticaretinin gelece\u011fini birlikte \u015fekillendirelim.","breadcrumb":{"@id":"https:\/\/immediatebitxdr.com\/tr\/hakkimizda\/#breadcrumb"},"inLanguage":"tr","potentialAction":[{"@type":"ReadAction","target":["https:\/\/immediatebitxdr.com\/tr\/hakkimizda\/"]}]},{"@type":"ImageObject","inLanguage":"tr","@id":"https:\/\/immediatebitxdr.com\/tr\/hakkimizda\/#primaryimage","url":"https:\/\/immediatebitxdr.com\/wp-content\/uploads\/2024\/01\/&#x2014;Pngtree&#x2014;financial-material_4391789.png","contentUrl":"https:\/\/immediatebitxdr.com\/wp-content\/uploads\/2024\/01\/&#x2014;Pngtree&#x2014;financial-material_4391789.png"},{"@type":"BreadcrumbList","@id":"https:\/\/immediatebitxdr.com\/tr\/hakkimizda\/#breadcrumb","itemListElement":[{"@type":"ListItem","position":1,"name":"Home","item":"https:\/\/immediatebitxdr.com\/tr\/"},{"@type":"ListItem","position":2,"name":"Hakk\u0131m\u0131zda"}]},{"@type":"WebSite","@id":"https:\/\/immediatebitxdr.com\/tr\/#website","url":"https:\/\/immediatebitxdr.com\/tr\/","name":"Immediate BitXDR","description":"","publisher":{"@id":"https:\/\/immediatebitxdr.com\/tr\/#organization"},"potentialAction":[{"@type":"SearchAction","target":{"@type":"EntryPoint","urlTemplate":"https:\/\/immediatebitxdr.com\/tr\/?s={search_term_string}"},"query-input":"required name=search_term_string"}],"inLanguage":"tr"},{"@type":"Organization","@id":"https:\/\/immediatebitxdr.com\/tr\/#organization","name":"Immediate BitXDR","url":"https:\/\/immediatebitxdr.com\/tr\/","logo":{"@type":"ImageObject","inLanguage":"tr","@id":"https:\/\/immediatebitxdr.com\/tr\/#\/schema\/logo\/image\/","url":"","contentUrl":"","caption":"Immediate BitXDR"},"image":{"@id":"https:\/\/immediatebitxdr.com\/tr\/#\/schema\/logo\/image\/"}}]}},"_links":{"self":[{"href":"https:\/\/immediatebitxdr.com\/tr\/wp-json\/wp\/v2\/pages\/786","targetHints":{"allow":["GET"]}}],"collection":[{"href":"https:\/\/immediatebitxdr.com\/tr\/wp-json\/wp\/v2\/pages"}],"about":[{"href":"https:\/\/immediatebitxdr.com\/tr\/wp-json\/wp\/v2\/types\/page"}],"author":[{"embeddable":true,"href":"https:\/\/immediatebitxdr.com\/tr\/wp-json\/wp\/v2\/users\/1"}],"replies":[{"embeddable":true,"href":"https:\/\/immediatebitxdr.com\/tr\/wp-json\/wp\/v2\/comments?post=786"}],"version-history":[{"count":0,"href":"https:\/\/immediatebitxdr.com\/tr\/wp-json\/wp\/v2\/pages\/786\/revisions"}],"wp:attachment":[{"href":"https:\/\/immediatebitxdr.com\/tr\/wp-json\/wp\/v2\/media?parent=786"}],"curies":[{"name":"wp","href":"https:\/\/api.w.org\/{rel}","templated":true}]}}