{"id":812,"date":"2020-02-26T11:48:48","date_gmt":"2020-02-26T11:48:48","guid":{"rendered":"https:\/\/immediatebitxdr.com\/kontakta-oss\/"},"modified":"2024-05-15T12:09:40","modified_gmt":"2024-05-15T12:09:40","slug":"kontakta-oss","status":"publish","type":"page","link":"https:\/\/immediatebitxdr.com\/sv\/kontakta-oss\/","title":{"rendered":"Kontakta oss"},"content":{"rendered":"\n<div id=\"wp-block-themeisle-blocks-advanced-columns-fd115547\" class=\"wp-block-themeisle-blocks-advanced-columns alignfull has-1-columns has-desktop-equal-layout has-tablet-equal-layout has-mobile-equal-layout has-vertical-unset\"><div class=\"wp-block-themeisle-blocks-advanced-columns-overlay\"><\/div><div class=\"innerblocks-wrap\">\n<div id=\"wp-block-themeisle-blocks-advanced-column-de2aa3a2\" class=\"wp-block-themeisle-blocks-advanced-column has-dark-bg\">\nKOMMA I KONTAKT\n\n\n\n<h1 class=\"wp-block-heading has-text-align-center has-nv-text-dark-bg-color has-text-color\">Kontakta oss<\/h1>\n\n\n\n<p class=\"has-text-align-center\">Tack f\u00f6r att du \u00f6verv\u00e4ger att kontakta oss p\u00e5 Immediate BitXDR. Din feedback, fr\u00e5gor och f\u00f6rfr\u00e5gningar \u00e4r v\u00e4rdefulla f\u00f6r oss eftersom vi str\u00e4var efter att ge v\u00e5ra anv\u00e4ndare den b\u00e4sta m\u00f6jliga upplevelsen. Oavsett om du \u00e4r en erfaren handlare, en nyfiken investerare eller en potentiell partner, v\u00e4lkomnar vi din kommunikation.<\/p>\n<\/div>\n<\/div><\/div>\n\n<div id=\"wp-block-themeisle-blocks-advanced-columns-7c7a89c9\" class=\"wp-block-themeisle-blocks-advanced-columns alignfull has-1-columns has-desktop-equal-layout has-tablet-equal-layout has-mobile-collapsedRows-layout has-vertical-center\"><div class=\"wp-block-themeisle-blocks-advanced-columns-overlay\"><\/div><div class=\"innerblocks-wrap\">\n<div id=\"wp-block-themeisle-blocks-advanced-column-6b5d17f2\" class=\"wp-block-themeisle-blocks-advanced-column\">\n<h2 class=\"wp-block-heading\">Allm\u00e4nna fr\u00e5gor:<\/h2>\n\n\n\n<p>F\u00f6r allm\u00e4nna f\u00f6rfr\u00e5gningar eller information om v\u00e5r plattform, tj\u00e4nster och erbjudanden \u00e4r du v\u00e4lkommen att kontakta v\u00e5rt team. Vi \u00e4r h\u00e4r f\u00f6r att hj\u00e4lpa dig och se till att du har den information du beh\u00f6ver f\u00f6r att effektivt navigera p\u00e5 kryptomarknaderna.<\/p>\n\n\n\n<h2 class=\"wp-block-heading\">Asiakaspalvelu<\/h2>\n\n\n\n<p>Om du beh\u00f6ver hj\u00e4lp med ditt Immediate BitXDR-konto, st\u00f6ter p\u00e5 n\u00e5gra problem eller har specifika fr\u00e5gor om hur du anv\u00e4nder v\u00e5ra kryptobots och handelsstrategier, \u00e4r v\u00e5rt kundsupportteam redo att hj\u00e4lpa till. Vi prioriterar snabba och effektiva svar f\u00f6r att s\u00e4kerst\u00e4lla att du kan f\u00e5 ut det mesta av din handelsupplevelse.<\/p>\n\n\n\n<h2 class=\"wp-block-heading\">Partnerskap och samarbeten:<\/h2>\n\n\n\n<p>Immediate BitXDR \u00e4r alltid \u00f6ppen f\u00f6r att utforska partnerskap och samarbeten som \u00e4r i linje med v\u00e5rt uppdrag. Om du representerar ett f\u00f6retag, en organisation eller har ett f\u00f6rslag p\u00e5 samarbete, v\u00e4nligen kontakta v\u00e5rt partnerskapsteam. Vi tror p\u00e5 kraften i samarbete f\u00f6r att driva innovation och f\u00f6rb\u00e4ttra kryptoekosystemet.<\/p>\n\n\n\n<h2 class=\"wp-block-heading\">Teknisk support:<\/h2>\n\n\n\n<p>Om du st\u00f6ter p\u00e5 tekniska problem, fel eller har specifika tekniska fr\u00e5gor relaterade till v\u00e5r plattform, \u00e4r v\u00e5rt tekniska supportteam dedikerade till att l\u00f6sa dina problem omg\u00e5ende. Din s\u00f6ml\u00f6sa upplevelse \u00e4r v\u00e5r prioritet.<\/p>\n\n\n\n<h2 class=\"wp-block-heading\">Anslut med oss:<\/h2>\n\n\n\n<p>H\u00e5ll kontakten med Immediate BitXDR genom v\u00e5ra sociala mediekanaler. F\u00f6lj oss p\u00e5 [infoga sociala medieplattformar] f\u00f6r de senaste uppdateringarna, marknadsinsikter och tillk\u00e4nnagivanden. Engagera oss i v\u00e5rt community och bli en del av det p\u00e5g\u00e5ende samtalet om kryptovalutans sp\u00e4nnande v\u00e4rld.<\/p>\n\n\n\n<h2 class=\"wp-block-heading\">Bes\u00f6k oss:<\/h2>\n\n\n\n<p>Om du f\u00f6redrar m\u00f6ten ansikte mot ansikte \u00e4r du v\u00e4lkommen att bes\u00f6ka v\u00e5ra kontor. Boka ett m\u00f6te i f\u00f6rv\u00e4g f\u00f6r att s\u00e4kerst\u00e4lla att de relevanta teammedlemmarna \u00e4r tillg\u00e4ngliga f\u00f6r att tr\u00e4ffa dig.<\/p>\n\n\n\n<h2 class=\"wp-block-heading\">Omedelbart BitXDR-huvudkontor:<\/h2>\n\n\n\n<p>USA: 2363 Hurry Street Fredericksburg, VA 22401<\/p>\n\n\n\n<p>Germany: Oldesloer Strasse 92, 07602 Eisenberg<\/p>\n\n\n\n<p>UK: 65 Souterhead Road LOWER BOSCASWELL TR19 7EY<\/p>\n\n\n\n<p>Email: support@<a href=\"https:\/\/immediatebitxdr.com\/sv\/\" target=\"_blank\" rel=\"noreferrer noopener\"><\/a>immediatebitxdr.com<\/p>\n\n\n\n<p>Phone: +44 078 5290 8427<\/p>\n<\/div>\n<\/div><\/div>\n\n<div id=\"wp-block-themeisle-blocks-advanced-columns-2672f4b5\" class=\"wp-block-themeisle-blocks-advanced-columns alignfull has-2-columns has-desktop-equal-layout has-tablet-equal-layout has-mobile-collapsedRows-layout has-vertical-unset has-dark-bg\"><div class=\"wp-block-themeisle-blocks-advanced-columns-overlay\"><\/div><div class=\"innerblocks-wrap\">\n<div id=\"wp-block-themeisle-blocks-advanced-column-05e52c3e\" class=\"wp-block-themeisle-blocks-advanced-column\">\n<h2 class=\"wp-block-heading has-nv-text-dark-bg-color has-text-color\">Skicka ett direktmeddelande via formul\u00e4ret<\/h2>\n\n\n\n<p>V\u00e5rt dedikerade supportteam \u00e4r h\u00e4r f\u00f6r att hj\u00e4lpa dig med eventuella fr\u00e5gor eller funderingar. Oavsett om du \u00e4r en erfaren handlare eller precis har b\u00f6rjat, \u00e4r din tillfredsst\u00e4llelse v\u00e5r prioritet. Ta kontakt med oss och l\u00e5t oss navigera i den sp\u00e4nnande v\u00e4rlden av kryptovaluta tillsammans!<\/p>\n\n\n\n<p>Vi uppskattar ditt intresse f\u00f6r Immediate BitXDR, och vi ser fram emot att h\u00f6ra fr\u00e5n dig. Din kommunikation \u00e4r avg\u00f6rande f\u00f6r att hj\u00e4lpa oss att f\u00f6rb\u00e4ttra och b\u00e4ttre tillgodose de olika behoven i v\u00e5rt v\u00e4xande samh\u00e4lle.<\/p>\n\n\n\n<div id=\"wp-block-themeisle-blocks-button-group-89e6367b\" class=\"wp-block-themeisle-blocks-button-group wp-block-buttons\">\n<div id=\"wp-block-themeisle-blocks-button-f6ab3bb5\" class=\"wp-block-themeisle-blocks-button wp-block-button\"><a href=\"\" target=\"_blank\" rel=\"noopener noreferrer\" class=\"wp-block-button__link\"><i class=\"fab fa-fw fa-facebook-f\"><\/i><\/a><\/div>\r\n\n\n\n<div id=\"wp-block-themeisle-blocks-button-ddd4d356\" class=\"wp-block-themeisle-blocks-button wp-block-button\"><a href=\"\" target=\"_blank\" rel=\"noopener noreferrer\" class=\"wp-block-button__link\"><i class=\"fab fa-fw fa-twitter\"><\/i><\/a><\/div>\r\n\n\n\n<div id=\"wp-block-themeisle-blocks-button-36612cba\" class=\"wp-block-themeisle-blocks-button wp-block-button\"><a href=\"\" target=\"_blank\" rel=\"noopener noreferrer\" class=\"wp-block-button__link\"><i class=\"fab fa-fw fa-google-plus\"><\/i><\/a><\/div>\r\n\n\n\n<div id=\"wp-block-themeisle-blocks-button-45cdcaa1\" class=\"wp-block-themeisle-blocks-button wp-block-button\"><a href=\"\" target=\"_blank\" rel=\"noopener noreferrer\" class=\"wp-block-button__link\"><i class=\"fab fa-fw fa-pinterest\"><\/i><\/a><\/div>\r\n\n\n\n<div id=\"wp-block-themeisle-blocks-button-faf5e2e7\" class=\"wp-block-themeisle-blocks-button wp-block-button\"><a href=\"\" target=\"_blank\" rel=\"noopener noreferrer\" class=\"wp-block-button__link\"><i class=\"fab fa-fw fa-instagram\"><\/i><\/a><\/div>\r\n<\/div>\n<\/div>\n\n\n\n<div id=\"wp-block-themeisle-blocks-advanced-column-0788243d\" class=\"wp-block-themeisle-blocks-advanced-column has-dark-bg\">\n<div id=\"wp-block-themeisle-blocks-form-fb39f207\" class=\"wp-block-themeisle-blocks-form\" data-option-name=\"bf9b28ff82ce323187abc5d0feb0d8f07ecd8436_fb39f207\"><form class=\"otter-form__container\">\n<div id=\"wp-block-themeisle-blocks-form-input-cb680aa4\" class=\"wp-block-themeisle-blocks-form-input\"><label for=\"wp-block-themeisle-blocks-form-input-cb680aa4-input\" class=\"otter-form-input-label\"><span class=\"otter-form-input-label__label\">Name<\/span><span class=\"required\">*<\/span><\/label><input type=\"text\" id=\"wp-block-themeisle-blocks-form-input-cb680aa4-input\" required placeholder=\"Your name\" class=\"otter-form-input\"\/><\/div>\r\n\n\n\n<div id=\"wp-block-themeisle-blocks-form-input-53facba3\" class=\"wp-block-themeisle-blocks-form-input\"><label for=\"wp-block-themeisle-blocks-form-input-53facba3-input\" class=\"otter-form-input-label\"><span class=\"otter-form-input-label__label\">Email<\/span><span class=\"required\">*<\/span><\/label><input type=\"email\" id=\"wp-block-themeisle-blocks-form-input-53facba3-input\" required placeholder=\"Your email\" class=\"otter-form-input\"\/><\/div>\r\n\n\n\n<div id=\"wp-block-themeisle-blocks-form-textarea-5eebb0de\" class=\"wp-block-themeisle-blocks-form-textarea\"><label for=\"wp-block-themeisle-blocks-form-textarea-5eebb0de-input\" class=\"otter-form-textarea-label\"><span class=\"otter-form-textarea-label__label\">Message<\/span><\/label><textarea id=\"wp-block-themeisle-blocks-form-textarea-5eebb0de-input\" placeholder=\"Your Message\" rows=\"10\" class=\"otter-form-textarea-input\"><\/textarea><\/div>\r\n\n\n<div class=\"protection\" aria-hidden=\"true\"><input type=\"hidden\" id=\"wp-block-themeisle-blocks-form-fb39f207_nonce_field\" name=\"wp-block-themeisle-blocks-form-fb39f207_nonce_field\" value=\"11138f9438\" \/><input type=\"hidden\" name=\"_wp_http_referer\" value=\"\/sv\/wp-json\/wp\/v2\/pages\/812\" \/><input class=\"o-anti-bot\" type=\"checkbox\"><\/div><div class=\"wp-block-button\"><button class=\"wp-block-button__link\" type=\"submit\">Submit<\/button><\/div><\/form><\/div>\n<\/div>\n<\/div><\/div>\n\n<div id=\"wp-block-themeisle-blocks-advanced-columns-1dda74ca\" class=\"wp-block-themeisle-blocks-advanced-columns alignfull has-1-columns has-desktop-equal-layout has-tablet-equal-layout has-mobile-equal-layout has-vertical-unset\"><div class=\"wp-block-themeisle-blocks-advanced-columns-overlay\"><\/div><div class=\"innerblocks-wrap\">\n<div id=\"wp-block-themeisle-blocks-advanced-column-a0d00642\" class=\"wp-block-themeisle-blocks-advanced-column\"><\/div>\r\n<\/div><\/div>\n","protected":false},"excerpt":{"rendered":"","protected":false},"author":1,"featured_media":0,"parent":0,"menu_order":0,"comment_status":"closed","ping_status":"closed","template":"page-templates\/template-pagebuilder-full-width.php","meta":{"inline_featured_image":false,"_monsterinsights_skip_tracking":false,"_monsterinsights_sitenote_active":false,"_monsterinsights_sitenote_note":"","_monsterinsights_sitenote_category":0,"neve_meta_sidebar":"full-width","neve_meta_container":"","neve_meta_enable_content_width":"on","neve_meta_content_width":100,"neve_meta_title_alignment":"","neve_meta_author_avatar":"","neve_post_elements_order":"","neve_meta_disable_header":"","neve_meta_disable_footer":"","neve_meta_disable_title":"","_themeisle_gutenberg_block_has_review":false,"_ti_tpc_template_sync":false,"_ti_tpc_template_id":"","footnotes":""},"class_list":["post-812","page","type-page","status-publish","hentry"],"yoast_head":"<!-- This site is optimized with the Yoast SEO plugin v22.7 - https:\/\/yoast.com\/wordpress\/plugins\/seo\/ -->\n<title>Kontakta oss - Immediate BitXDR<\/title>\n<meta name=\"description\" content=\"V\u00e5rt dedikerade supportteam \u00e4r h\u00e4r f\u00f6r att hj\u00e4lpa dig med eventuella fr\u00e5gor eller funderingar. Oavsett om du \u00e4r en erfaren handlare eller precis har b\u00f6rjat, \u00e4r din tillfredsst\u00e4llelse v\u00e5r prioritet. Ta kontakt med oss och l\u00e5t oss navigera i den sp\u00e4nnande v\u00e4rlden av kryptovaluta tillsammans!\" \/>\n<meta name=\"robots\" content=\"index, follow, max-snippet:-1, max-image-preview:large, max-video-preview:-1\" \/>\n<link rel=\"canonical\" href=\"https:\/\/immediatebitxdr.com\/sv\/kontakta-oss\/\" \/>\n<meta property=\"og:locale\" content=\"sv_SE\" \/>\n<meta property=\"og:type\" content=\"article\" \/>\n<meta property=\"og:title\" content=\"Kontakta oss - Immediate BitXDR\" \/>\n<meta property=\"og:description\" content=\"V\u00e5rt dedikerade supportteam \u00e4r h\u00e4r f\u00f6r att hj\u00e4lpa dig med eventuella fr\u00e5gor eller funderingar. Oavsett om du \u00e4r en erfaren handlare eller precis har b\u00f6rjat, \u00e4r din tillfredsst\u00e4llelse v\u00e5r prioritet. Ta kontakt med oss och l\u00e5t oss navigera i den sp\u00e4nnande v\u00e4rlden av kryptovaluta tillsammans!\" \/>\n<meta property=\"og:url\" content=\"https:\/\/immediatebitxdr.com\/sv\/kontakta-oss\/\" \/>\n<meta property=\"og:site_name\" content=\"Immediate BitXDR\" \/>\n<meta property=\"article:modified_time\" content=\"2024-05-15T12:09:40+00:00\" \/>\n<meta name=\"twitter:card\" content=\"summary_large_image\" \/>\n<meta name=\"twitter:label1\" content=\"Ber\u00e4knad l\u00e4stid\" \/>\n\t<meta name=\"twitter:data1\" content=\"3 minuter\" \/>\n<script type=\"application\/ld+json\" class=\"yoast-schema-graph\">{\"@context\":\"https:\/\/schema.org\",\"@graph\":[{\"@type\":\"WebPage\",\"@id\":\"https:\/\/immediatebitxdr.com\/sv\/kontakta-oss\/\",\"url\":\"https:\/\/immediatebitxdr.com\/sv\/kontakta-oss\/\",\"name\":\"Kontakta oss - Immediate BitXDR\",\"isPartOf\":{\"@id\":\"https:\/\/immediatebitxdr.com\/sv\/#website\"},\"datePublished\":\"2020-02-26T11:48:48+00:00\",\"dateModified\":\"2024-05-15T12:09:40+00:00\",\"description\":\"V\u00e5rt dedikerade supportteam \u00e4r h\u00e4r f\u00f6r att hj\u00e4lpa dig med eventuella fr\u00e5gor eller funderingar. Oavsett om du \u00e4r en erfaren handlare eller precis har b\u00f6rjat, \u00e4r din tillfredsst\u00e4llelse v\u00e5r prioritet. Ta kontakt med oss och l\u00e5t oss navigera i den sp\u00e4nnande v\u00e4rlden av kryptovaluta tillsammans!\",\"breadcrumb\":{\"@id\":\"https:\/\/immediatebitxdr.com\/sv\/kontakta-oss\/#breadcrumb\"},\"inLanguage\":\"sv-SE\",\"potentialAction\":[{\"@type\":\"ReadAction\",\"target\":[\"https:\/\/immediatebitxdr.com\/sv\/kontakta-oss\/\"]}]},{\"@type\":\"BreadcrumbList\",\"@id\":\"https:\/\/immediatebitxdr.com\/sv\/kontakta-oss\/#breadcrumb\",\"itemListElement\":[{\"@type\":\"ListItem\",\"position\":1,\"name\":\"Home\",\"item\":\"https:\/\/immediatebitxdr.com\/sv\/\"},{\"@type\":\"ListItem\",\"position\":2,\"name\":\"Kontakta oss\"}]},{\"@type\":\"WebSite\",\"@id\":\"https:\/\/immediatebitxdr.com\/sv\/#website\",\"url\":\"https:\/\/immediatebitxdr.com\/sv\/\",\"name\":\"Immediate BitXDR\",\"description\":\"\",\"publisher\":{\"@id\":\"https:\/\/immediatebitxdr.com\/sv\/#organization\"},\"potentialAction\":[{\"@type\":\"SearchAction\",\"target\":{\"@type\":\"EntryPoint\",\"urlTemplate\":\"https:\/\/immediatebitxdr.com\/sv\/?s={search_term_string}\"},\"query-input\":\"required name=search_term_string\"}],\"inLanguage\":\"sv-SE\"},{\"@type\":\"Organization\",\"@id\":\"https:\/\/immediatebitxdr.com\/sv\/#organization\",\"name\":\"Immediate BitXDR\",\"url\":\"https:\/\/immediatebitxdr.com\/sv\/\",\"logo\":{\"@type\":\"ImageObject\",\"inLanguage\":\"sv-SE\",\"@id\":\"https:\/\/immediatebitxdr.com\/sv\/#\/schema\/logo\/image\/\",\"url\":\"\",\"contentUrl\":\"\",\"caption\":\"Immediate BitXDR\"},\"image\":{\"@id\":\"https:\/\/immediatebitxdr.com\/sv\/#\/schema\/logo\/image\/\"}}]}<\/script>\n<!-- \/ Yoast SEO plugin. -->","yoast_head_json":{"title":"Kontakta oss - Immediate BitXDR","description":"V\u00e5rt dedikerade supportteam \u00e4r h\u00e4r f\u00f6r att hj\u00e4lpa dig med eventuella fr\u00e5gor eller funderingar. Oavsett om du \u00e4r en erfaren handlare eller precis har b\u00f6rjat, \u00e4r din tillfredsst\u00e4llelse v\u00e5r prioritet. Ta kontakt med oss och l\u00e5t oss navigera i den sp\u00e4nnande v\u00e4rlden av kryptovaluta tillsammans!","robots":{"index":"index","follow":"follow","max-snippet":"max-snippet:-1","max-image-preview":"max-image-preview:large","max-video-preview":"max-video-preview:-1"},"canonical":"https:\/\/immediatebitxdr.com\/sv\/kontakta-oss\/","og_locale":"sv_SE","og_type":"article","og_title":"Kontakta oss - Immediate BitXDR","og_description":"V\u00e5rt dedikerade supportteam \u00e4r h\u00e4r f\u00f6r att hj\u00e4lpa dig med eventuella fr\u00e5gor eller funderingar. Oavsett om du \u00e4r en erfaren handlare eller precis har b\u00f6rjat, \u00e4r din tillfredsst\u00e4llelse v\u00e5r prioritet. Ta kontakt med oss och l\u00e5t oss navigera i den sp\u00e4nnande v\u00e4rlden av kryptovaluta tillsammans!","og_url":"https:\/\/immediatebitxdr.com\/sv\/kontakta-oss\/","og_site_name":"Immediate BitXDR","article_modified_time":"2024-05-15T12:09:40+00:00","twitter_card":"summary_large_image","twitter_misc":{"Ber\u00e4knad l\u00e4stid":"3 minuter"},"schema":{"@context":"https:\/\/schema.org","@graph":[{"@type":"WebPage","@id":"https:\/\/immediatebitxdr.com\/sv\/kontakta-oss\/","url":"https:\/\/immediatebitxdr.com\/sv\/kontakta-oss\/","name":"Kontakta oss - Immediate BitXDR","isPartOf":{"@id":"https:\/\/immediatebitxdr.com\/sv\/#website"},"datePublished":"2020-02-26T11:48:48+00:00","dateModified":"2024-05-15T12:09:40+00:00","description":"V\u00e5rt dedikerade supportteam \u00e4r h\u00e4r f\u00f6r att hj\u00e4lpa dig med eventuella fr\u00e5gor eller funderingar. Oavsett om du \u00e4r en erfaren handlare eller precis har b\u00f6rjat, \u00e4r din tillfredsst\u00e4llelse v\u00e5r prioritet. Ta kontakt med oss och l\u00e5t oss navigera i den sp\u00e4nnande v\u00e4rlden av kryptovaluta tillsammans!","breadcrumb":{"@id":"https:\/\/immediatebitxdr.com\/sv\/kontakta-oss\/#breadcrumb"},"inLanguage":"sv-SE","potentialAction":[{"@type":"ReadAction","target":["https:\/\/immediatebitxdr.com\/sv\/kontakta-oss\/"]}]},{"@type":"BreadcrumbList","@id":"https:\/\/immediatebitxdr.com\/sv\/kontakta-oss\/#breadcrumb","itemListElement":[{"@type":"ListItem","position":1,"name":"Home","item":"https:\/\/immediatebitxdr.com\/sv\/"},{"@type":"ListItem","position":2,"name":"Kontakta oss"}]},{"@type":"WebSite","@id":"https:\/\/immediatebitxdr.com\/sv\/#website","url":"https:\/\/immediatebitxdr.com\/sv\/","name":"Immediate BitXDR","description":"","publisher":{"@id":"https:\/\/immediatebitxdr.com\/sv\/#organization"},"potentialAction":[{"@type":"SearchAction","target":{"@type":"EntryPoint","urlTemplate":"https:\/\/immediatebitxdr.com\/sv\/?s={search_term_string}"},"query-input":"required name=search_term_string"}],"inLanguage":"sv-SE"},{"@type":"Organization","@id":"https:\/\/immediatebitxdr.com\/sv\/#organization","name":"Immediate BitXDR","url":"https:\/\/immediatebitxdr.com\/sv\/","logo":{"@type":"ImageObject","inLanguage":"sv-SE","@id":"https:\/\/immediatebitxdr.com\/sv\/#\/schema\/logo\/image\/","url":"","contentUrl":"","caption":"Immediate BitXDR"},"image":{"@id":"https:\/\/immediatebitxdr.com\/sv\/#\/schema\/logo\/image\/"}}]}},"_links":{"self":[{"href":"https:\/\/immediatebitxdr.com\/sv\/wp-json\/wp\/v2\/pages\/812","targetHints":{"allow":["GET"]}}],"collection":[{"href":"https:\/\/immediatebitxdr.com\/sv\/wp-json\/wp\/v2\/pages"}],"about":[{"href":"https:\/\/immediatebitxdr.com\/sv\/wp-json\/wp\/v2\/types\/page"}],"author":[{"embeddable":true,"href":"https:\/\/immediatebitxdr.com\/sv\/wp-json\/wp\/v2\/users\/1"}],"replies":[{"embeddable":true,"href":"https:\/\/immediatebitxdr.com\/sv\/wp-json\/wp\/v2\/comments?post=812"}],"version-history":[{"count":0,"href":"https:\/\/immediatebitxdr.com\/sv\/wp-json\/wp\/v2\/pages\/812\/revisions"}],"wp:attachment":[{"href":"https:\/\/immediatebitxdr.com\/sv\/wp-json\/wp\/v2\/media?parent=812"}],"curies":[{"name":"wp","href":"https:\/\/api.w.org\/{rel}","templated":true}]}}