{"id":784,"date":"2024-01-26T09:54:07","date_gmt":"2024-01-26T09:54:07","guid":{"rendered":"https:\/\/immediatebitxdr.com\/meista\/"},"modified":"2024-02-21T15:19:09","modified_gmt":"2024-02-21T15:19:09","slug":"meista","status":"publish","type":"page","link":"https:\/\/immediatebitxdr.com\/sv\/meista\/","title":{"rendered":"Om f\u00f6retaget"},"content":{"rendered":"\n<div class=\"wp-block-cover alignfull is-light\"><span aria-hidden=\"true\" class=\"wp-block-cover__background has-nv-light-bg-background-color has-background-dim-100 has-background-dim\"><\/span><div class=\"wp-block-cover__inner-container is-layout-flow wp-block-cover-is-layout-flow\">\n<div style=\"height:80px\" aria-hidden=\"true\" class=\"wp-block-spacer\"><\/div>\n\n\n\n<div class=\"wp-block-columns are-vertically-aligned-center is-layout-flex wp-container-core-columns-is-layout-9d6595d7 wp-block-columns-is-layout-flex\">\n<div class=\"wp-block-column is-vertically-aligned-center is-layout-flow wp-block-column-is-layout-flow\" style=\"flex-basis:66.66%\">\n<h1 class=\"wp-block-heading has-text-align-center has-neve-text-color-color has-text-color\">Om f\u00f6retaget<\/h1>\n\n\n\n<p class=\"has-text-align-center has-neve-text-color-color has-text-color\">Tervetuloa Immediate BitXDR:\u00e4\u00e4n, jossa innovaatio kohtaa saavutettavuuden kryptovaluuttakaupan dynaamisessa maailmassa. Kun kryptomaailma kokee ennenn\u00e4kem\u00e4tt\u00f6m\u00e4n kasvun, alustamme on eturintamassa, ja se on omistautunut tarjoamaan ei-instituutiosijoittajille huippuluokan kryptobotteja ja automatisoituja kaupank\u00e4yntistrategioita. Sallikaa minun vied\u00e4 sinut matkalle teht\u00e4v\u00e4mme l\u00e4pi, esitell\u00e4 kirjoittajamme, sukeltaa yhteis\u00f6\u00f6mme ja korostaa horjumatonta sitoutumistamme.<\/p>\n\n\n\n<div class=\"wp-block-buttons is-horizontal is-content-justification-center is-layout-flex wp-container-core-buttons-is-layout-499968f5 wp-block-buttons-is-layout-flex\">\n<div class=\"wp-block-button is-style-secondary\"><a class=\"wp-block-button__link has-neve-text-color-color has-neve-link-hover-color-background-color has-text-color has-background has-link-color wp-element-button\">Aloita kaupank\u00e4ynti<\/a><\/div>\n<\/div>\n<\/div>\n\n\n\n<div class=\"wp-block-column is-vertically-aligned-center is-layout-flow wp-block-column-is-layout-flow\" style=\"flex-basis:33.33%\">\n<figure class=\"wp-block-image size-full\"><img loading=\"lazy\" decoding=\"async\" width=\"1024\" height=\"1024\" src=\"https:\/\/immediatebitxdr.com\/wp-content\/uploads\/2024\/01\/\u2014Pngtree\u2014financial-material_4391789.png\" alt=\"Immediate BitXDR\" class=\"wp-image-22\" srcset=\"https:\/\/immediatebitxdr.com\/wp-content\/uploads\/2024\/01\/\u2014Pngtree\u2014financial-material_4391789.png 1024w, https:\/\/immediatebitxdr.com\/wp-content\/uploads\/2024\/01\/\u2014Pngtree\u2014financial-material_4391789-300x300.png 300w, https:\/\/immediatebitxdr.com\/wp-content\/uploads\/2024\/01\/\u2014Pngtree\u2014financial-material_4391789-150x150.png 150w, https:\/\/immediatebitxdr.com\/wp-content\/uploads\/2024\/01\/\u2014Pngtree\u2014financial-material_4391789-768x768.png 768w\" sizes=\"auto, (max-width: 1024px) 100vw, 1024px\" \/><\/figure>\n<\/div>\n<\/div>\n\n\n\n<div style=\"height:80px\" aria-hidden=\"true\" class=\"wp-block-spacer\"><\/div>\n<\/div><\/div>\n\n\n\n<div class=\"wp-block-cover alignfull is-light\"><span aria-hidden=\"true\" class=\"wp-block-cover__background has-nv-dark-bg-background-color has-background-dim-100 has-background-dim\"><\/span><div class=\"wp-block-cover__inner-container is-layout-flow wp-block-cover-is-layout-flow\">\n<div style=\"height:80px\" aria-hidden=\"true\" class=\"wp-block-spacer\"><\/div>\n\n\n\n<div class=\"wp-block-columns is-layout-flex wp-container-core-columns-is-layout-9d6595d7 wp-block-columns-is-layout-flex\">\n<div class=\"wp-block-column is-layout-flow wp-block-column-is-layout-flow\">\n<figure class=\"wp-block-image size-large is-resized\"><img loading=\"lazy\" decoding=\"async\" width=\"732\" height=\"1024\" src=\"https:\/\/immediatebitxdr.com\/wp-content\/uploads\/2024\/01\/v882-aew-59-b-732x1024.jpg\" alt=\"Immediate BitXDR\" class=\"wp-image-300\" style=\"width:505px;height:auto\" srcset=\"https:\/\/immediatebitxdr.com\/wp-content\/uploads\/2024\/01\/v882-aew-59-b-732x1024.jpg 732w, https:\/\/immediatebitxdr.com\/wp-content\/uploads\/2024\/01\/v882-aew-59-b-214x300.jpg 214w, https:\/\/immediatebitxdr.com\/wp-content\/uploads\/2024\/01\/v882-aew-59-b-768x1075.jpg 768w, https:\/\/immediatebitxdr.com\/wp-content\/uploads\/2024\/01\/v882-aew-59-b-1097x1536.jpg 1097w, https:\/\/immediatebitxdr.com\/wp-content\/uploads\/2024\/01\/v882-aew-59-b-1463x2048.jpg 1463w, https:\/\/immediatebitxdr.com\/wp-content\/uploads\/2024\/01\/v882-aew-59-b-scaled.jpg 1829w\" sizes=\"auto, (max-width: 732px) 100vw, 732px\" \/><\/figure>\n<\/div>\n\n\n\n<div class=\"wp-block-column is-vertically-aligned-center is-layout-flow wp-block-column-is-layout-flow\">\n<h2 class=\"wp-block-heading has-text-align-center has-nv-text-dark-bg-color has-text-color\">Missiomme ja visiomme<\/h2>\n\n\n\n<p class=\"has-neve-text-color-color has-text-color has-link-color wp-elements-f7f6a63ac80dd2f807066f4b24d49df2\">Missiomme Immediate BitXDR:ss\u00e4 on selv\u00e4: demokratisoida p\u00e4\u00e4sy algoritmisiin kaupank\u00e4yntiratkaisuihin. N\u00e4emme tulevaisuuden, jossa jokainen sijoittaja taustastaan tai asiantuntemuksestaan riippumatta voi hy\u00f6dynt\u00e4\u00e4 kehittyneit\u00e4 kaupank\u00e4yntity\u00f6kaluja, jotka on aiemmin varattu m\u00e4\u00e4r\u00e4llisille hedge-rahastoille. Perustuen omakohtaiseen kokemukseemme kryptomarkkinoilla navigoinnista, ymm\u00e4rsimme, ett\u00e4 tarvitaan alustaa, joka kattaa instituutiotason strategioiden ja yksitt\u00e4isten sijoittajien v\u00e4lisen kuilun.<\/p>\n\n\n\n<p class=\"has-neve-text-color-color has-text-color has-link-color wp-elements-0c63721b1df7ca79814dcccdf5ac735e\">Asiantuntemuksemme mukaan ymm\u00e4rr\u00e4mme, ett\u00e4 kryptoavaruus voi olla sek\u00e4 innostava ett\u00e4 haastava. K\u00e4yt\u00e4nn\u00f6n tiet\u00e4myksemme avulla olemme kehitt\u00e4neet k\u00e4ytt\u00e4j\u00e4yst\u00e4v\u00e4llisen alustan, joka yksinkertaistaa algoritmisen kaupank\u00e4ynnin monimutkaisuutta ja tekee siit\u00e4 laajemman yleis\u00f6n ulottuvilla. Yrityksemme ja erehdyksen avulla huomasimme, ett\u00e4 saumattoman ja intuitiivisen kokemuksen tarjoaminen on ensiarvoisen t\u00e4rke\u00e4\u00e4, jotta sijoittajat voivat tehd\u00e4 tietoisia p\u00e4\u00e4t\u00f6ksi\u00e4 jatkuvasti kehittyvill\u00e4 kryptomarkkinoilla.<\/p>\n\n\n\n<p class=\"has-neve-text-color-color has-text-color has-link-color wp-elements-ba86e671178cd2f0144538a685fc4b9e\">Tutkimuksemme osoitti, ett\u00e4 tarjoamalla valikoiman kryptobotteja ja automatisoituja kaupank\u00e4yntistrategioita annamme k\u00e4ytt\u00e4jillemme mahdollisuuden navigoida markkinoilla tehokkaasti, hy\u00f6dynt\u00e4\u00e4 mahdollisuuksia ja v\u00e4hent\u00e4\u00e4 riskej\u00e4. Tuloksemme osoittavat, ett\u00e4 Immediate BitXDR ei ole vain alusta; se on kattava ratkaisu, joka on suunniteltu parantamaan kaupank\u00e4yntikokemustasi.<\/p>\n<\/div>\n<\/div>\n\n\n\n<div style=\"height:50px\" aria-hidden=\"true\" class=\"wp-block-spacer\"><\/div>\n<\/div><\/div>\n\n\n\n<div class=\"wp-block-cover alignfull\"><span aria-hidden=\"true\" class=\"wp-block-cover__background has-nv-dark-bg-background-color has-background-dim-100 has-background-dim\"><\/span><div class=\"wp-block-cover__inner-container is-layout-flow wp-block-cover-is-layout-flow\">\n<div style=\"height:80px\" aria-hidden=\"true\" class=\"wp-block-spacer\"><\/div>\n\n\n\n<div class=\"wp-block-columns is-layout-flex wp-container-core-columns-is-layout-9d6595d7 wp-block-columns-is-layout-flex\">\n<div class=\"wp-block-column is-vertically-aligned-center is-layout-flow wp-block-column-is-layout-flow\">\n<h2 class=\"wp-block-heading has-text-align-center has-nv-text-dark-bg-color has-text-color\">Meid\u00e4n yhteis\u00f6mme<\/h2>\n\n\n\n<p>Immediate BitXDR on enemm\u00e4n kuin pelkk\u00e4 alusta; se on kukoistava yhteis\u00f6 samanmielisi\u00e4 ihmisi\u00e4, jotka ovat intohimoisia krypton tulevaisuudesta. Yhteis\u00f6mme on tila, jossa voit jakaa ideoita, oppia toisiltaan ja pysy\u00e4 ajan tasalla kryptomaailman uusimmista trendeist\u00e4.<\/p>\n\n\n\n<p>Olitpa kokenut kauppias tai vain upottamalla varpaitasi kryptovesiin, yhteis\u00f6mme tarjoaa tukevan ymp\u00e4rist\u00f6n kasvulle ja tutkimiselle. Osallistu keskusteluihin, esit\u00e4 kysymyksi\u00e4 ja laajenna ymm\u00e4rryst\u00e4si kryptomarkkinoista muiden harrastajien kanssa.<\/p>\n<\/div>\n\n\n\n<div class=\"wp-block-column is-layout-flow wp-block-column-is-layout-flow\">\n<figure class=\"wp-block-image size-full is-resized\"><img loading=\"lazy\" decoding=\"async\" width=\"1024\" height=\"640\" src=\"https:\/\/immediatebitxdr.com\/wp-content\/uploads\/2024\/01\/crypto_analysis-1.jpg\" alt=\"Immediate BitXDR\" class=\"wp-image-286\" style=\"width:505px;height:auto\" srcset=\"https:\/\/immediatebitxdr.com\/wp-content\/uploads\/2024\/01\/crypto_analysis-1.jpg 1024w, https:\/\/immediatebitxdr.com\/wp-content\/uploads\/2024\/01\/crypto_analysis-1-300x188.jpg 300w, https:\/\/immediatebitxdr.com\/wp-content\/uploads\/2024\/01\/crypto_analysis-1-768x480.jpg 768w\" sizes=\"auto, (max-width: 1024px) 100vw, 1024px\" \/><\/figure>\n<\/div>\n<\/div>\n\n\n\n<div style=\"height:50px\" aria-hidden=\"true\" class=\"wp-block-spacer\"><\/div>\n<\/div><\/div>\n\n\n\n<div class=\"wp-block-cover alignfull is-light\"><span aria-hidden=\"true\" class=\"wp-block-cover__background has-nv-light-bg-background-color has-background-dim-100 has-background-dim\"><\/span><div class=\"wp-block-cover__inner-container is-layout-flow wp-block-cover-is-layout-flow\">\n<div style=\"height:33px\" aria-hidden=\"true\" class=\"wp-block-spacer\"><\/div>\n\n\n\n<h2 class=\"wp-block-heading has-text-align-center has-neve-text-color-color has-text-color has-link-color wp-elements-ca41e51a5480291ffd14b62d5c8c3603\">Sitoumuksemme<\/h2>\n\n\n\n<p class=\"has-neve-text-color-color has-text-color has-link-color wp-elements-5134ab2ba62f7366defce2b006ab6820\">Sitoumuksemme ulottuu pidemm\u00e4lle kuin edistyneiden kaupank\u00e4yntity\u00f6kalujen tarjoamiseen ja elinvoimaisen yhteis\u00f6n edist\u00e4miseen. Olemme sitoutuneet l\u00e4pin\u00e4kyvyyteen, turvallisuuteen ja jatkuvaan parantamiseen. Tiimimme ty\u00f6skentelee v\u00e4sym\u00e4tt\u00e4 varmistaakseen, ett\u00e4 Immediate BitXDR pysyy luotettavana alustana kryptonharrastajille maailmanlaajuisesti. Sitoumuksemme puitteissa asetamme etusijalle:<\/p>\n\n\n\n<div class=\"wp-block-columns is-layout-flex wp-container-core-columns-is-layout-9d6595d7 wp-block-columns-is-layout-flex\">\n<div class=\"wp-block-column is-layout-flow wp-block-column-is-layout-flow\">\n<h3 class=\"wp-block-heading has-text-align-center has-neve-text-color-color has-text-color\">K\u00e4ytt\u00e4j\u00e4n suojaus<\/h3>\n\n\n\n<p class=\"has-text-align-center has-neve-text-color-color has-text-color\">Vahvojen turvatoimien avulla suojelemme omaisuuttasi ja henkil\u00f6tietojasi ja varmistamme turvallisen kaupank\u00e4yntiymp\u00e4rist\u00f6n.<\/p>\n\n\n\n<div class=\"wp-block-buttons is-horizontal is-content-justification-center is-layout-flex wp-container-core-buttons-is-layout-499968f5 wp-block-buttons-is-layout-flex\"><\/div>\n\n\n\n<div style=\"height:20px\" aria-hidden=\"true\" class=\"wp-block-spacer\"><\/div>\n<\/div>\n\n\n\n<div class=\"wp-block-column is-layout-flow wp-block-column-is-layout-flow\">\n<h3 class=\"wp-block-heading has-text-align-center has-neve-text-color-color has-text-color\">Innovaatio<\/h3>\n\n\n\n<p class=\"has-text-align-center has-neve-text-color-color has-text-color\">Olemme sitoutuneet pysym\u00e4\u00e4n teknologisen kehityksen k\u00e4rjess\u00e4 ja p\u00e4ivitt\u00e4m\u00e4\u00e4n alustamme s\u00e4\u00e4nn\u00f6llisesti uusilla ominaisuuksilla ja parannuksilla.<\/p>\n\n\n\n<div class=\"wp-block-buttons is-horizontal is-content-justification-center is-layout-flex wp-container-core-buttons-is-layout-499968f5 wp-block-buttons-is-layout-flex\"><\/div>\n\n\n\n<div style=\"height:20px\" aria-hidden=\"true\" class=\"wp-block-spacer\"><\/div>\n<\/div>\n\n\n\n<div class=\"wp-block-column is-layout-flow wp-block-column-is-layout-flow\">\n<h3 class=\"wp-block-heading has-text-align-center has-neve-text-color-color has-text-color\">Asiakaspalvelu<\/h3>\n\n\n\n<p class=\"has-text-align-center has-neve-text-color-color has-text-color\">Omistautunut tukitiimimme on k\u00e4ytett\u00e4viss\u00e4si auttamaan sinua ja vastaamaan kyselyihin ja huolenaiheisiin nopeasti parantaaksesi yleist\u00e4 kokemustasi.<\/p>\n\n\n\n<div class=\"wp-block-buttons is-horizontal is-content-justification-center is-layout-flex wp-container-core-buttons-is-layout-499968f5 wp-block-buttons-is-layout-flex\"><\/div>\n\n\n\n<div style=\"height:20px\" aria-hidden=\"true\" class=\"wp-block-spacer\"><\/div>\n<\/div>\n<\/div>\n\n\n\n<div style=\"height:80px\" aria-hidden=\"true\" class=\"wp-block-spacer\"><\/div>\n<\/div><\/div>\n","protected":false},"excerpt":{"rendered":"","protected":false},"author":1,"featured_media":0,"parent":0,"menu_order":0,"comment_status":"closed","ping_status":"closed","template":"","meta":{"inline_featured_image":false,"_monsterinsights_skip_tracking":false,"_monsterinsights_sitenote_active":false,"_monsterinsights_sitenote_note":"","_monsterinsights_sitenote_category":0,"neve_meta_sidebar":"full-width","neve_meta_container":"","neve_meta_enable_content_width":"on","neve_meta_content_width":100,"neve_meta_title_alignment":"","neve_meta_author_avatar":"","neve_post_elements_order":"","neve_meta_disable_header":"","neve_meta_disable_footer":"","neve_meta_disable_title":"on","_themeisle_gutenberg_block_has_review":false,"_ti_tpc_template_sync":false,"_ti_tpc_template_id":"","footnotes":""},"class_list":["post-784","page","type-page","status-publish","hentry"],"yoast_head":"<!-- This site is optimized with the Yoast SEO plugin v22.7 - https:\/\/yoast.com\/wordpress\/plugins\/seo\/ -->\n<title>Om f\u00f6retaget - Immediate BitXDR<\/title>\n<meta name=\"description\" content=\"Omedelbar BitXDR \u00e4r mer \u00e4n en plattform; det \u00e4r ett \u00e5tagande att revolutionera hur individer engagerar sig p\u00e5 kryptomarknaden. F\u00f6lj med oss p\u00e5 denna sp\u00e4nnande resa och l\u00e5t oss forma framtiden f\u00f6r kryptohandel tillsammans.\" \/>\n<meta name=\"robots\" content=\"index, follow, max-snippet:-1, max-image-preview:large, max-video-preview:-1\" \/>\n<link rel=\"canonical\" href=\"https:\/\/immediatebitxdr.com\/sv\/meista\/\" \/>\n<meta property=\"og:locale\" content=\"sv_SE\" \/>\n<meta property=\"og:type\" content=\"article\" \/>\n<meta property=\"og:title\" content=\"Om f\u00f6retaget - Immediate BitXDR\" \/>\n<meta property=\"og:description\" content=\"Omedelbar BitXDR \u00e4r mer \u00e4n en plattform; det \u00e4r ett \u00e5tagande att revolutionera hur individer engagerar sig p\u00e5 kryptomarknaden. F\u00f6lj med oss p\u00e5 denna sp\u00e4nnande resa och l\u00e5t oss forma framtiden f\u00f6r kryptohandel tillsammans.\" \/>\n<meta property=\"og:url\" content=\"https:\/\/immediatebitxdr.com\/sv\/meista\/\" \/>\n<meta property=\"og:site_name\" content=\"Immediate BitXDR\" \/>\n<meta property=\"article:modified_time\" content=\"2024-02-21T15:19:09+00:00\" \/>\n<meta property=\"og:image\" content=\"https:\/\/immediatebitxdr.com\/wp-content\/uploads\/2024\/01\/v882-aew-59-b-732x1024.jpg\" \/>\n<meta name=\"twitter:card\" content=\"summary_large_image\" \/>\n<meta name=\"twitter:label1\" content=\"Ber\u00e4knad l\u00e4stid\" \/>\n\t<meta name=\"twitter:data1\" content=\"3 minuter\" \/>\n<script type=\"application\/ld+json\" class=\"yoast-schema-graph\">{\"@context\":\"https:\/\/schema.org\",\"@graph\":[{\"@type\":\"WebPage\",\"@id\":\"https:\/\/immediatebitxdr.com\/sv\/meista\/\",\"url\":\"https:\/\/immediatebitxdr.com\/sv\/meista\/\",\"name\":\"Om f\u00f6retaget - Immediate BitXDR\",\"isPartOf\":{\"@id\":\"https:\/\/immediatebitxdr.com\/sv\/#website\"},\"primaryImageOfPage\":{\"@id\":\"https:\/\/immediatebitxdr.com\/sv\/meista\/#primaryimage\"},\"image\":{\"@id\":\"https:\/\/immediatebitxdr.com\/sv\/meista\/#primaryimage\"},\"thumbnailUrl\":\"https:\/\/immediatebitxdr.com\/wp-content\/uploads\/2024\/01\/v882-aew-59-b-732x1024.jpg\",\"datePublished\":\"2024-01-26T09:54:07+00:00\",\"dateModified\":\"2024-02-21T15:19:09+00:00\",\"description\":\"Omedelbar BitXDR \u00e4r mer \u00e4n en plattform; det \u00e4r ett \u00e5tagande att revolutionera hur individer engagerar sig p\u00e5 kryptomarknaden. F\u00f6lj med oss p\u00e5 denna sp\u00e4nnande resa och l\u00e5t oss forma framtiden f\u00f6r kryptohandel tillsammans.\",\"breadcrumb\":{\"@id\":\"https:\/\/immediatebitxdr.com\/sv\/meista\/#breadcrumb\"},\"inLanguage\":\"sv-SE\",\"potentialAction\":[{\"@type\":\"ReadAction\",\"target\":[\"https:\/\/immediatebitxdr.com\/sv\/meista\/\"]}]},{\"@type\":\"ImageObject\",\"inLanguage\":\"sv-SE\",\"@id\":\"https:\/\/immediatebitxdr.com\/sv\/meista\/#primaryimage\",\"url\":\"https:\/\/immediatebitxdr.com\/wp-content\/uploads\/2024\/01\/v882-aew-59-b-732x1024.jpg\",\"contentUrl\":\"https:\/\/immediatebitxdr.com\/wp-content\/uploads\/2024\/01\/v882-aew-59-b-732x1024.jpg\"},{\"@type\":\"BreadcrumbList\",\"@id\":\"https:\/\/immediatebitxdr.com\/sv\/meista\/#breadcrumb\",\"itemListElement\":[{\"@type\":\"ListItem\",\"position\":1,\"name\":\"Home\",\"item\":\"https:\/\/immediatebitxdr.com\/sv\/\"},{\"@type\":\"ListItem\",\"position\":2,\"name\":\"Om f\u00f6retaget\"}]},{\"@type\":\"WebSite\",\"@id\":\"https:\/\/immediatebitxdr.com\/sv\/#website\",\"url\":\"https:\/\/immediatebitxdr.com\/sv\/\",\"name\":\"Immediate BitXDR\",\"description\":\"\",\"publisher\":{\"@id\":\"https:\/\/immediatebitxdr.com\/sv\/#organization\"},\"potentialAction\":[{\"@type\":\"SearchAction\",\"target\":{\"@type\":\"EntryPoint\",\"urlTemplate\":\"https:\/\/immediatebitxdr.com\/sv\/?s={search_term_string}\"},\"query-input\":\"required name=search_term_string\"}],\"inLanguage\":\"sv-SE\"},{\"@type\":\"Organization\",\"@id\":\"https:\/\/immediatebitxdr.com\/sv\/#organization\",\"name\":\"Immediate BitXDR\",\"url\":\"https:\/\/immediatebitxdr.com\/sv\/\",\"logo\":{\"@type\":\"ImageObject\",\"inLanguage\":\"sv-SE\",\"@id\":\"https:\/\/immediatebitxdr.com\/sv\/#\/schema\/logo\/image\/\",\"url\":\"\",\"contentUrl\":\"\",\"caption\":\"Immediate BitXDR\"},\"image\":{\"@id\":\"https:\/\/immediatebitxdr.com\/sv\/#\/schema\/logo\/image\/\"}}]}<\/script>\n<!-- \/ Yoast SEO plugin. -->","yoast_head_json":{"title":"Om f\u00f6retaget - Immediate BitXDR","description":"Omedelbar BitXDR \u00e4r mer \u00e4n en plattform; det \u00e4r ett \u00e5tagande att revolutionera hur individer engagerar sig p\u00e5 kryptomarknaden. F\u00f6lj med oss p\u00e5 denna sp\u00e4nnande resa och l\u00e5t oss forma framtiden f\u00f6r kryptohandel tillsammans.","robots":{"index":"index","follow":"follow","max-snippet":"max-snippet:-1","max-image-preview":"max-image-preview:large","max-video-preview":"max-video-preview:-1"},"canonical":"https:\/\/immediatebitxdr.com\/sv\/meista\/","og_locale":"sv_SE","og_type":"article","og_title":"Om f\u00f6retaget - Immediate BitXDR","og_description":"Omedelbar BitXDR \u00e4r mer \u00e4n en plattform; det \u00e4r ett \u00e5tagande att revolutionera hur individer engagerar sig p\u00e5 kryptomarknaden. F\u00f6lj med oss p\u00e5 denna sp\u00e4nnande resa och l\u00e5t oss forma framtiden f\u00f6r kryptohandel tillsammans.","og_url":"https:\/\/immediatebitxdr.com\/sv\/meista\/","og_site_name":"Immediate BitXDR","article_modified_time":"2024-02-21T15:19:09+00:00","og_image":[{"url":"https:\/\/immediatebitxdr.com\/wp-content\/uploads\/2024\/01\/v882-aew-59-b-732x1024.jpg"}],"twitter_card":"summary_large_image","twitter_misc":{"Ber\u00e4knad l\u00e4stid":"3 minuter"},"schema":{"@context":"https:\/\/schema.org","@graph":[{"@type":"WebPage","@id":"https:\/\/immediatebitxdr.com\/sv\/meista\/","url":"https:\/\/immediatebitxdr.com\/sv\/meista\/","name":"Om f\u00f6retaget - Immediate BitXDR","isPartOf":{"@id":"https:\/\/immediatebitxdr.com\/sv\/#website"},"primaryImageOfPage":{"@id":"https:\/\/immediatebitxdr.com\/sv\/meista\/#primaryimage"},"image":{"@id":"https:\/\/immediatebitxdr.com\/sv\/meista\/#primaryimage"},"thumbnailUrl":"https:\/\/immediatebitxdr.com\/wp-content\/uploads\/2024\/01\/v882-aew-59-b-732x1024.jpg","datePublished":"2024-01-26T09:54:07+00:00","dateModified":"2024-02-21T15:19:09+00:00","description":"Omedelbar BitXDR \u00e4r mer \u00e4n en plattform; det \u00e4r ett \u00e5tagande att revolutionera hur individer engagerar sig p\u00e5 kryptomarknaden. F\u00f6lj med oss p\u00e5 denna sp\u00e4nnande resa och l\u00e5t oss forma framtiden f\u00f6r kryptohandel tillsammans.","breadcrumb":{"@id":"https:\/\/immediatebitxdr.com\/sv\/meista\/#breadcrumb"},"inLanguage":"sv-SE","potentialAction":[{"@type":"ReadAction","target":["https:\/\/immediatebitxdr.com\/sv\/meista\/"]}]},{"@type":"ImageObject","inLanguage":"sv-SE","@id":"https:\/\/immediatebitxdr.com\/sv\/meista\/#primaryimage","url":"https:\/\/immediatebitxdr.com\/wp-content\/uploads\/2024\/01\/v882-aew-59-b-732x1024.jpg","contentUrl":"https:\/\/immediatebitxdr.com\/wp-content\/uploads\/2024\/01\/v882-aew-59-b-732x1024.jpg"},{"@type":"BreadcrumbList","@id":"https:\/\/immediatebitxdr.com\/sv\/meista\/#breadcrumb","itemListElement":[{"@type":"ListItem","position":1,"name":"Home","item":"https:\/\/immediatebitxdr.com\/sv\/"},{"@type":"ListItem","position":2,"name":"Om f\u00f6retaget"}]},{"@type":"WebSite","@id":"https:\/\/immediatebitxdr.com\/sv\/#website","url":"https:\/\/immediatebitxdr.com\/sv\/","name":"Immediate BitXDR","description":"","publisher":{"@id":"https:\/\/immediatebitxdr.com\/sv\/#organization"},"potentialAction":[{"@type":"SearchAction","target":{"@type":"EntryPoint","urlTemplate":"https:\/\/immediatebitxdr.com\/sv\/?s={search_term_string}"},"query-input":"required name=search_term_string"}],"inLanguage":"sv-SE"},{"@type":"Organization","@id":"https:\/\/immediatebitxdr.com\/sv\/#organization","name":"Immediate BitXDR","url":"https:\/\/immediatebitxdr.com\/sv\/","logo":{"@type":"ImageObject","inLanguage":"sv-SE","@id":"https:\/\/immediatebitxdr.com\/sv\/#\/schema\/logo\/image\/","url":"","contentUrl":"","caption":"Immediate BitXDR"},"image":{"@id":"https:\/\/immediatebitxdr.com\/sv\/#\/schema\/logo\/image\/"}}]}},"_links":{"self":[{"href":"https:\/\/immediatebitxdr.com\/sv\/wp-json\/wp\/v2\/pages\/784","targetHints":{"allow":["GET"]}}],"collection":[{"href":"https:\/\/immediatebitxdr.com\/sv\/wp-json\/wp\/v2\/pages"}],"about":[{"href":"https:\/\/immediatebitxdr.com\/sv\/wp-json\/wp\/v2\/types\/page"}],"author":[{"embeddable":true,"href":"https:\/\/immediatebitxdr.com\/sv\/wp-json\/wp\/v2\/users\/1"}],"replies":[{"embeddable":true,"href":"https:\/\/immediatebitxdr.com\/sv\/wp-json\/wp\/v2\/comments?post=784"}],"version-history":[{"count":0,"href":"https:\/\/immediatebitxdr.com\/sv\/wp-json\/wp\/v2\/pages\/784\/revisions"}],"wp:attachment":[{"href":"https:\/\/immediatebitxdr.com\/sv\/wp-json\/wp\/v2\/media?parent=784"}],"curies":[{"name":"wp","href":"https:\/\/api.w.org\/{rel}","templated":true}]}}