{"id":808,"date":"2020-02-26T11:48:48","date_gmt":"2020-02-26T11:48:48","guid":{"rendered":"https:\/\/immediatebitxdr.com\/contate-nos\/"},"modified":"2024-05-15T12:09:40","modified_gmt":"2024-05-15T12:09:40","slug":"contate-nos","status":"publish","type":"page","link":"https:\/\/immediatebitxdr.com\/pt-pt\/contate-nos\/","title":{"rendered":"Contate-nos"},"content":{"rendered":"\n<div id=\"wp-block-themeisle-blocks-advanced-columns-fd115547\" class=\"wp-block-themeisle-blocks-advanced-columns alignfull has-1-columns has-desktop-equal-layout has-tablet-equal-layout has-mobile-equal-layout has-vertical-unset\"><div class=\"wp-block-themeisle-blocks-advanced-columns-overlay\"><\/div><div class=\"innerblocks-wrap\">\n<div id=\"wp-block-themeisle-blocks-advanced-column-de2aa3a2\" class=\"wp-block-themeisle-blocks-advanced-column has-dark-bg\">\nENTRAR EM CONTATO\n\n\n\n<h1 class=\"wp-block-heading has-text-align-center has-nv-text-dark-bg-color has-text-color\">Contate-nos<\/h1>\n\n\n\n<p class=\"has-text-align-center\">Obrigado por considerar entrar em contato conosco no Immediate BitXDR. Seus coment\u00e1rios, perguntas e d\u00favidas s\u00e3o valiosos para n\u00f3s, pois nos esfor\u00e7amos para fornecer a melhor experi\u00eancia poss\u00edvel aos nossos usu\u00e1rios. Quer voc\u00ea seja um trader experiente, um investidor curioso ou um parceiro em potencial, agradecemos sua comunica\u00e7\u00e3o.<\/p>\n<\/div>\n<\/div><\/div>\n\n<div id=\"wp-block-themeisle-blocks-advanced-columns-7c7a89c9\" class=\"wp-block-themeisle-blocks-advanced-columns alignfull has-1-columns has-desktop-equal-layout has-tablet-equal-layout has-mobile-collapsedRows-layout has-vertical-center\"><div class=\"wp-block-themeisle-blocks-advanced-columns-overlay\"><\/div><div class=\"innerblocks-wrap\">\n<div id=\"wp-block-themeisle-blocks-advanced-column-6b5d17f2\" class=\"wp-block-themeisle-blocks-advanced-column\">\n<h2 class=\"wp-block-heading\">Quest\u00f5es gerais:<\/h2>\n\n\n\n<p>Para d\u00favidas gerais ou informa\u00e7\u00f5es sobre nossa plataforma, servi\u00e7os e ofertas, n\u00e3o hesite em entrar em contato com nossa equipe. Estamos aqui para ajud\u00e1-lo e garantir que voc\u00ea tenha as informa\u00e7\u00f5es necess\u00e1rias para navegar com efic\u00e1cia nos mercados de criptografia.<\/p>\n\n\n\n<h2 class=\"wp-block-heading\">Suporte ao cliente<\/h2>\n\n\n\n<p>Se voc\u00ea precisar de assist\u00eancia com sua conta Immediate BitXDR, encontrar algum problema ou tiver d\u00favidas espec\u00edficas sobre o uso de nossos crypto bots e estrat\u00e9gias de negocia\u00e7\u00e3o, nossa equipe de suporte ao cliente est\u00e1 pronta para ajudar. Priorizamos respostas oportunas e eficientes para garantir que voc\u00ea aproveite ao m\u00e1ximo sua experi\u00eancia de negocia\u00e7\u00e3o.<\/p>\n\n\n\n<h2 class=\"wp-block-heading\">Parcerias e Colabora\u00e7\u00f5es:<\/h2>\n\n\n\n<p>A Immediate BitXDR est\u00e1 sempre aberta para explorar parcerias e colabora\u00e7\u00f5es que se alinhem com a nossa miss\u00e3o. Se voc\u00ea representa uma empresa, organiza\u00e7\u00e3o ou tem uma proposta de colabora\u00e7\u00e3o, entre em contato com nossa equipe de parceria. Acreditamos no poder da colabora\u00e7\u00e3o para impulsionar a inova\u00e7\u00e3o e aprimorar o ecossistema criptogr\u00e1fico.<\/p>\n\n\n\n<h2 class=\"wp-block-heading\">Suporte t\u00e9cnico:<\/h2>\n\n\n\n<p>Se voc\u00ea encontrar problemas t\u00e9cnicos, falhas ou tiver d\u00favidas t\u00e9cnicas espec\u00edficas relacionadas \u00e0 nossa plataforma, nossa equipe de suporte t\u00e9cnico estar\u00e1 dedicada a resolver suas preocupa\u00e7\u00f5es prontamente. Sua experi\u00eancia perfeita \u00e9 nossa prioridade.<\/p>\n\n\n\n<h2 class=\"wp-block-heading\">Conecte-se conosco:<\/h2>\n\n\n\n<p>Fique conectado com o Immediate BitXDR atrav\u00e9s de nossos canais de m\u00eddia social. Siga-nos em [inserir plataformas de m\u00eddia social] para obter as \u00faltimas atualiza\u00e7\u00f5es, insights de mercado e an\u00fancios. Envolva-se com nossa comunidade e fa\u00e7a parte da conversa cont\u00ednua sobre o emocionante mundo das criptomoedas.<\/p>\n\n\n\n<h2 class=\"wp-block-heading\">Visite-Nos:<\/h2>\n\n\n\n<p>Se preferir intera\u00e7\u00f5es cara a cara, voc\u00ea pode visitar nossos escrit\u00f3rios. Agende uma reuni\u00e3o com anteced\u00eancia para garantir que os membros relevantes da equipe estejam dispon\u00edveis para se encontrar com voc\u00ea.<\/p>\n\n\n\n<h2 class=\"wp-block-heading\">Sede imediata da BitXDR:<\/h2>\n\n\n\n<p>USA: 2363 Hurry Street Fredericksburg, VA 22401<\/p>\n\n\n\n<p>Germany: Oldesloer Strasse 92, 07602 Eisenberg<\/p>\n\n\n\n<p>UK: 65 Souterhead Road LOWER BOSCASWELL TR19 7EY<\/p>\n\n\n\n<p>Email: support@<a href=\"https:\/\/immediatebitxdr.com\/pt-pt\/\" target=\"_blank\" rel=\"noreferrer noopener\"><\/a>immediatebitxdr.com<\/p>\n\n\n\n<p>Phone: +44 078 5290 8427<\/p>\n<\/div>\n<\/div><\/div>\n\n<div id=\"wp-block-themeisle-blocks-advanced-columns-2672f4b5\" class=\"wp-block-themeisle-blocks-advanced-columns alignfull has-2-columns has-desktop-equal-layout has-tablet-equal-layout has-mobile-collapsedRows-layout has-vertical-unset has-dark-bg\"><div class=\"wp-block-themeisle-blocks-advanced-columns-overlay\"><\/div><div class=\"innerblocks-wrap\">\n<div id=\"wp-block-themeisle-blocks-advanced-column-05e52c3e\" class=\"wp-block-themeisle-blocks-advanced-column\">\n<h2 class=\"wp-block-heading has-nv-text-dark-bg-color has-text-color\">Envie uma mensagem direta usando o formul\u00e1rio<\/h2>\n\n\n\n<p>Nossa equipe de suporte dedicada est\u00e1 aqui para ajud\u00e1-lo com qualquer d\u00favida ou preocupa\u00e7\u00e3o. Quer voc\u00ea seja um trader experiente ou esteja apenas come\u00e7ando, sua satisfa\u00e7\u00e3o \u00e9 nossa prioridade. Conecte-se conosco e vamos navegar juntos no emocionante mundo das criptomoedas!<\/p>\n\n\n\n<p>Agradecemos seu interesse no Immediate BitXDR e aguardamos seu contato. Sua comunica\u00e7\u00e3o \u00e9 vital para nos ajudar a melhorar e atender melhor \u00e0s diversas necessidades de nossa crescente comunidade.<\/p>\n\n\n\n<div id=\"wp-block-themeisle-blocks-button-group-89e6367b\" class=\"wp-block-themeisle-blocks-button-group wp-block-buttons\">\n<div id=\"wp-block-themeisle-blocks-button-f6ab3bb5\" class=\"wp-block-themeisle-blocks-button wp-block-button\"><a href=\"\" target=\"_blank\" rel=\"noopener noreferrer\" class=\"wp-block-button__link\"><i class=\"fab fa-fw fa-facebook-f\"><\/i><\/a><\/div>\r\n\n\n\n<div id=\"wp-block-themeisle-blocks-button-ddd4d356\" class=\"wp-block-themeisle-blocks-button wp-block-button\"><a href=\"\" target=\"_blank\" rel=\"noopener noreferrer\" class=\"wp-block-button__link\"><i class=\"fab fa-fw fa-twitter\"><\/i><\/a><\/div>\r\n\n\n\n<div id=\"wp-block-themeisle-blocks-button-36612cba\" class=\"wp-block-themeisle-blocks-button wp-block-button\"><a href=\"\" target=\"_blank\" rel=\"noopener noreferrer\" class=\"wp-block-button__link\"><i class=\"fab fa-fw fa-google-plus\"><\/i><\/a><\/div>\r\n\n\n\n<div id=\"wp-block-themeisle-blocks-button-45cdcaa1\" class=\"wp-block-themeisle-blocks-button wp-block-button\"><a href=\"\" target=\"_blank\" rel=\"noopener noreferrer\" class=\"wp-block-button__link\"><i class=\"fab fa-fw fa-pinterest\"><\/i><\/a><\/div>\r\n\n\n\n<div id=\"wp-block-themeisle-blocks-button-faf5e2e7\" class=\"wp-block-themeisle-blocks-button wp-block-button\"><a href=\"\" target=\"_blank\" rel=\"noopener noreferrer\" class=\"wp-block-button__link\"><i class=\"fab fa-fw fa-instagram\"><\/i><\/a><\/div>\r\n<\/div>\n<\/div>\n\n\n\n<div id=\"wp-block-themeisle-blocks-advanced-column-0788243d\" class=\"wp-block-themeisle-blocks-advanced-column has-dark-bg\">\n<div id=\"wp-block-themeisle-blocks-form-fb39f207\" class=\"wp-block-themeisle-blocks-form\" data-option-name=\"bf9b28ff82ce323187abc5d0feb0d8f07ecd8436_fb39f207\"><form class=\"otter-form__container\">\n<div id=\"wp-block-themeisle-blocks-form-input-cb680aa4\" class=\"wp-block-themeisle-blocks-form-input\"><label for=\"wp-block-themeisle-blocks-form-input-cb680aa4-input\" class=\"otter-form-input-label\"><span class=\"otter-form-input-label__label\">Name<\/span><span class=\"required\">*<\/span><\/label><input type=\"text\" id=\"wp-block-themeisle-blocks-form-input-cb680aa4-input\" required placeholder=\"Your name\" class=\"otter-form-input\"\/><\/div>\r\n\n\n\n<div id=\"wp-block-themeisle-blocks-form-input-53facba3\" class=\"wp-block-themeisle-blocks-form-input\"><label for=\"wp-block-themeisle-blocks-form-input-53facba3-input\" class=\"otter-form-input-label\"><span class=\"otter-form-input-label__label\">Email<\/span><span class=\"required\">*<\/span><\/label><input type=\"email\" id=\"wp-block-themeisle-blocks-form-input-53facba3-input\" required placeholder=\"Your email\" class=\"otter-form-input\"\/><\/div>\r\n\n\n\n<div id=\"wp-block-themeisle-blocks-form-textarea-5eebb0de\" class=\"wp-block-themeisle-blocks-form-textarea\"><label for=\"wp-block-themeisle-blocks-form-textarea-5eebb0de-input\" class=\"otter-form-textarea-label\"><span class=\"otter-form-textarea-label__label\">Message<\/span><\/label><textarea id=\"wp-block-themeisle-blocks-form-textarea-5eebb0de-input\" placeholder=\"Your Message\" rows=\"10\" class=\"otter-form-textarea-input\"><\/textarea><\/div>\r\n\n\n<div class=\"protection\" aria-hidden=\"true\"><input type=\"hidden\" id=\"wp-block-themeisle-blocks-form-fb39f207_nonce_field\" name=\"wp-block-themeisle-blocks-form-fb39f207_nonce_field\" value=\"923316cd8e\" \/><input type=\"hidden\" name=\"_wp_http_referer\" value=\"\/pt-pt\/wp-json\/wp\/v2\/pages\/808\" \/><input class=\"o-anti-bot\" type=\"checkbox\"><\/div><div class=\"wp-block-button\"><button class=\"wp-block-button__link\" type=\"submit\">Submit<\/button><\/div><\/form><\/div>\n<\/div>\n<\/div><\/div>\n\n<div id=\"wp-block-themeisle-blocks-advanced-columns-1dda74ca\" class=\"wp-block-themeisle-blocks-advanced-columns alignfull has-1-columns has-desktop-equal-layout has-tablet-equal-layout has-mobile-equal-layout has-vertical-unset\"><div class=\"wp-block-themeisle-blocks-advanced-columns-overlay\"><\/div><div class=\"innerblocks-wrap\">\n<div id=\"wp-block-themeisle-blocks-advanced-column-a0d00642\" class=\"wp-block-themeisle-blocks-advanced-column\"><\/div>\r\n<\/div><\/div>\n","protected":false},"excerpt":{"rendered":"","protected":false},"author":1,"featured_media":0,"parent":0,"menu_order":0,"comment_status":"closed","ping_status":"closed","template":"page-templates\/template-pagebuilder-full-width.php","meta":{"inline_featured_image":false,"_monsterinsights_skip_tracking":false,"_monsterinsights_sitenote_active":false,"_monsterinsights_sitenote_note":"","_monsterinsights_sitenote_category":0,"neve_meta_sidebar":"full-width","neve_meta_container":"","neve_meta_enable_content_width":"on","neve_meta_content_width":100,"neve_meta_title_alignment":"","neve_meta_author_avatar":"","neve_post_elements_order":"","neve_meta_disable_header":"","neve_meta_disable_footer":"","neve_meta_disable_title":"","_themeisle_gutenberg_block_has_review":false,"_ti_tpc_template_sync":false,"_ti_tpc_template_id":"","footnotes":""},"class_list":["post-808","page","type-page","status-publish","hentry"],"yoast_head":"<!-- This site is optimized with the Yoast SEO plugin v22.7 - https:\/\/yoast.com\/wordpress\/plugins\/seo\/ -->\n<title>Contate-nos - Immediate BitXDR<\/title>\n<meta name=\"description\" content=\"Nossa equipe de suporte dedicada est\u00e1 aqui para ajud\u00e1-lo com qualquer d\u00favida ou preocupa\u00e7\u00e3o. Quer voc\u00ea seja um trader experiente ou esteja apenas come\u00e7ando, sua satisfa\u00e7\u00e3o \u00e9 nossa prioridade. Conecte-se conosco e vamos navegar juntos no emocionante mundo das criptomoedas!\" \/>\n<meta name=\"robots\" content=\"index, follow, max-snippet:-1, max-image-preview:large, max-video-preview:-1\" \/>\n<link rel=\"canonical\" href=\"https:\/\/immediatebitxdr.com\/pt-pt\/contate-nos\/\" \/>\n<meta property=\"og:locale\" content=\"pt_PT\" \/>\n<meta property=\"og:type\" content=\"article\" \/>\n<meta property=\"og:title\" content=\"Contate-nos - Immediate BitXDR\" \/>\n<meta property=\"og:description\" content=\"Nossa equipe de suporte dedicada est\u00e1 aqui para ajud\u00e1-lo com qualquer d\u00favida ou preocupa\u00e7\u00e3o. Quer voc\u00ea seja um trader experiente ou esteja apenas come\u00e7ando, sua satisfa\u00e7\u00e3o \u00e9 nossa prioridade. Conecte-se conosco e vamos navegar juntos no emocionante mundo das criptomoedas!\" \/>\n<meta property=\"og:url\" content=\"https:\/\/immediatebitxdr.com\/pt-pt\/contate-nos\/\" \/>\n<meta property=\"og:site_name\" content=\"Immediate BitXDR\" \/>\n<meta property=\"article:modified_time\" content=\"2024-05-15T12:09:40+00:00\" \/>\n<meta name=\"twitter:card\" content=\"summary_large_image\" \/>\n<meta name=\"twitter:label1\" content=\"Tempo estimado de leitura\" \/>\n\t<meta name=\"twitter:data1\" content=\"2 minutos\" \/>\n<script type=\"application\/ld+json\" class=\"yoast-schema-graph\">{\"@context\":\"https:\/\/schema.org\",\"@graph\":[{\"@type\":\"WebPage\",\"@id\":\"https:\/\/immediatebitxdr.com\/pt-pt\/contate-nos\/\",\"url\":\"https:\/\/immediatebitxdr.com\/pt-pt\/contate-nos\/\",\"name\":\"Contate-nos - Immediate BitXDR\",\"isPartOf\":{\"@id\":\"https:\/\/immediatebitxdr.com\/pt-pt\/#website\"},\"datePublished\":\"2020-02-26T11:48:48+00:00\",\"dateModified\":\"2024-05-15T12:09:40+00:00\",\"description\":\"Nossa equipe de suporte dedicada est\u00e1 aqui para ajud\u00e1-lo com qualquer d\u00favida ou preocupa\u00e7\u00e3o. Quer voc\u00ea seja um trader experiente ou esteja apenas come\u00e7ando, sua satisfa\u00e7\u00e3o \u00e9 nossa prioridade. Conecte-se conosco e vamos navegar juntos no emocionante mundo das criptomoedas!\",\"breadcrumb\":{\"@id\":\"https:\/\/immediatebitxdr.com\/pt-pt\/contate-nos\/#breadcrumb\"},\"inLanguage\":\"pt-PT\",\"potentialAction\":[{\"@type\":\"ReadAction\",\"target\":[\"https:\/\/immediatebitxdr.com\/pt-pt\/contate-nos\/\"]}]},{\"@type\":\"BreadcrumbList\",\"@id\":\"https:\/\/immediatebitxdr.com\/pt-pt\/contate-nos\/#breadcrumb\",\"itemListElement\":[{\"@type\":\"ListItem\",\"position\":1,\"name\":\"Home\",\"item\":\"https:\/\/immediatebitxdr.com\/pt-pt\/\"},{\"@type\":\"ListItem\",\"position\":2,\"name\":\"Contate-nos\"}]},{\"@type\":\"WebSite\",\"@id\":\"https:\/\/immediatebitxdr.com\/pt-pt\/#website\",\"url\":\"https:\/\/immediatebitxdr.com\/pt-pt\/\",\"name\":\"Immediate BitXDR\",\"description\":\"\",\"publisher\":{\"@id\":\"https:\/\/immediatebitxdr.com\/pt-pt\/#organization\"},\"potentialAction\":[{\"@type\":\"SearchAction\",\"target\":{\"@type\":\"EntryPoint\",\"urlTemplate\":\"https:\/\/immediatebitxdr.com\/pt-pt\/?s={search_term_string}\"},\"query-input\":\"required name=search_term_string\"}],\"inLanguage\":\"pt-PT\"},{\"@type\":\"Organization\",\"@id\":\"https:\/\/immediatebitxdr.com\/pt-pt\/#organization\",\"name\":\"Immediate BitXDR\",\"url\":\"https:\/\/immediatebitxdr.com\/pt-pt\/\",\"logo\":{\"@type\":\"ImageObject\",\"inLanguage\":\"pt-PT\",\"@id\":\"https:\/\/immediatebitxdr.com\/pt-pt\/#\/schema\/logo\/image\/\",\"url\":\"\",\"contentUrl\":\"\",\"caption\":\"Immediate BitXDR\"},\"image\":{\"@id\":\"https:\/\/immediatebitxdr.com\/pt-pt\/#\/schema\/logo\/image\/\"}}]}<\/script>\n<!-- \/ Yoast SEO plugin. -->","yoast_head_json":{"title":"Contate-nos - Immediate BitXDR","description":"Nossa equipe de suporte dedicada est\u00e1 aqui para ajud\u00e1-lo com qualquer d\u00favida ou preocupa\u00e7\u00e3o. Quer voc\u00ea seja um trader experiente ou esteja apenas come\u00e7ando, sua satisfa\u00e7\u00e3o \u00e9 nossa prioridade. Conecte-se conosco e vamos navegar juntos no emocionante mundo das criptomoedas!","robots":{"index":"index","follow":"follow","max-snippet":"max-snippet:-1","max-image-preview":"max-image-preview:large","max-video-preview":"max-video-preview:-1"},"canonical":"https:\/\/immediatebitxdr.com\/pt-pt\/contate-nos\/","og_locale":"pt_PT","og_type":"article","og_title":"Contate-nos - Immediate BitXDR","og_description":"Nossa equipe de suporte dedicada est\u00e1 aqui para ajud\u00e1-lo com qualquer d\u00favida ou preocupa\u00e7\u00e3o. Quer voc\u00ea seja um trader experiente ou esteja apenas come\u00e7ando, sua satisfa\u00e7\u00e3o \u00e9 nossa prioridade. Conecte-se conosco e vamos navegar juntos no emocionante mundo das criptomoedas!","og_url":"https:\/\/immediatebitxdr.com\/pt-pt\/contate-nos\/","og_site_name":"Immediate BitXDR","article_modified_time":"2024-05-15T12:09:40+00:00","twitter_card":"summary_large_image","twitter_misc":{"Tempo estimado de leitura":"2 minutos"},"schema":{"@context":"https:\/\/schema.org","@graph":[{"@type":"WebPage","@id":"https:\/\/immediatebitxdr.com\/pt-pt\/contate-nos\/","url":"https:\/\/immediatebitxdr.com\/pt-pt\/contate-nos\/","name":"Contate-nos - Immediate BitXDR","isPartOf":{"@id":"https:\/\/immediatebitxdr.com\/pt-pt\/#website"},"datePublished":"2020-02-26T11:48:48+00:00","dateModified":"2024-05-15T12:09:40+00:00","description":"Nossa equipe de suporte dedicada est\u00e1 aqui para ajud\u00e1-lo com qualquer d\u00favida ou preocupa\u00e7\u00e3o. Quer voc\u00ea seja um trader experiente ou esteja apenas come\u00e7ando, sua satisfa\u00e7\u00e3o \u00e9 nossa prioridade. Conecte-se conosco e vamos navegar juntos no emocionante mundo das criptomoedas!","breadcrumb":{"@id":"https:\/\/immediatebitxdr.com\/pt-pt\/contate-nos\/#breadcrumb"},"inLanguage":"pt-PT","potentialAction":[{"@type":"ReadAction","target":["https:\/\/immediatebitxdr.com\/pt-pt\/contate-nos\/"]}]},{"@type":"BreadcrumbList","@id":"https:\/\/immediatebitxdr.com\/pt-pt\/contate-nos\/#breadcrumb","itemListElement":[{"@type":"ListItem","position":1,"name":"Home","item":"https:\/\/immediatebitxdr.com\/pt-pt\/"},{"@type":"ListItem","position":2,"name":"Contate-nos"}]},{"@type":"WebSite","@id":"https:\/\/immediatebitxdr.com\/pt-pt\/#website","url":"https:\/\/immediatebitxdr.com\/pt-pt\/","name":"Immediate BitXDR","description":"","publisher":{"@id":"https:\/\/immediatebitxdr.com\/pt-pt\/#organization"},"potentialAction":[{"@type":"SearchAction","target":{"@type":"EntryPoint","urlTemplate":"https:\/\/immediatebitxdr.com\/pt-pt\/?s={search_term_string}"},"query-input":"required name=search_term_string"}],"inLanguage":"pt-PT"},{"@type":"Organization","@id":"https:\/\/immediatebitxdr.com\/pt-pt\/#organization","name":"Immediate BitXDR","url":"https:\/\/immediatebitxdr.com\/pt-pt\/","logo":{"@type":"ImageObject","inLanguage":"pt-PT","@id":"https:\/\/immediatebitxdr.com\/pt-pt\/#\/schema\/logo\/image\/","url":"","contentUrl":"","caption":"Immediate BitXDR"},"image":{"@id":"https:\/\/immediatebitxdr.com\/pt-pt\/#\/schema\/logo\/image\/"}}]}},"_links":{"self":[{"href":"https:\/\/immediatebitxdr.com\/pt-pt\/wp-json\/wp\/v2\/pages\/808","targetHints":{"allow":["GET"]}}],"collection":[{"href":"https:\/\/immediatebitxdr.com\/pt-pt\/wp-json\/wp\/v2\/pages"}],"about":[{"href":"https:\/\/immediatebitxdr.com\/pt-pt\/wp-json\/wp\/v2\/types\/page"}],"author":[{"embeddable":true,"href":"https:\/\/immediatebitxdr.com\/pt-pt\/wp-json\/wp\/v2\/users\/1"}],"replies":[{"embeddable":true,"href":"https:\/\/immediatebitxdr.com\/pt-pt\/wp-json\/wp\/v2\/comments?post=808"}],"version-history":[{"count":0,"href":"https:\/\/immediatebitxdr.com\/pt-pt\/wp-json\/wp\/v2\/pages\/808\/revisions"}],"wp:attachment":[{"href":"https:\/\/immediatebitxdr.com\/pt-pt\/wp-json\/wp\/v2\/media?parent=808"}],"curies":[{"name":"wp","href":"https:\/\/api.w.org\/{rel}","templated":true}]}}