{"id":780,"date":"2024-01-26T09:54:07","date_gmt":"2024-01-26T09:54:07","guid":{"rendered":"https:\/\/immediatebitxdr.com\/sobre-nos\/"},"modified":"2024-05-15T12:09:27","modified_gmt":"2024-05-15T12:09:27","slug":"sobre-nos","status":"publish","type":"page","link":"https:\/\/immediatebitxdr.com\/pt-pt\/sobre-nos\/","title":{"rendered":"Sobre n\u00f3s"},"content":{"rendered":"\n<div class=\"wp-block-cover alignfull is-light\"><span aria-hidden=\"true\" class=\"wp-block-cover__background has-nv-light-bg-background-color has-background-dim-100 has-background-dim\"><\/span><div class=\"wp-block-cover__inner-container is-layout-flow wp-block-cover-is-layout-flow\">\n<div style=\"height:80px\" aria-hidden=\"true\" class=\"wp-block-spacer\"><\/div>\n\n\n\n<div class=\"wp-block-columns are-vertically-aligned-center is-layout-flex wp-container-core-columns-is-layout-9d6595d7 wp-block-columns-is-layout-flex\">\n<div class=\"wp-block-column is-vertically-aligned-center is-layout-flow wp-block-column-is-layout-flow\" style=\"flex-basis:66.66%\">\n<h1 class=\"wp-block-heading has-text-align-center has-neve-text-color-color has-text-color\">Sobre n\u00f3s<\/h1>\n\n\n\n<p class=\"has-text-align-center has-neve-text-color-color has-text-color\">Bem-vindo ao Immediate BitXDR, onde a inova\u00e7\u00e3o encontra a acessibilidade no mundo din\u00e2mico do com\u00e9rcio de criptomoedas. \u00c0 medida que o cen\u00e1rio criptogr\u00e1fico experimenta um crescimento sem precedentes, a nossa plataforma mant\u00e9m-se na vanguarda, dedicada a capacitar investidores n\u00e3o institucionais com bots criptogr\u00e1ficos de \u00faltima gera\u00e7\u00e3o e estrat\u00e9gias de negocia\u00e7\u00e3o automatizadas. Permita-me lev\u00e1-lo em uma jornada pela nossa miss\u00e3o, apresentar nossos autores, mergulhar em nossa comunidade e ressaltar nosso compromisso inabal\u00e1vel.<\/p>\n\n\n\n<div class=\"wp-block-buttons is-horizontal is-content-justification-center is-layout-flex wp-container-core-buttons-is-layout-499968f5 wp-block-buttons-is-layout-flex\">\n<div class=\"wp-block-button is-style-secondary\"><a class=\"wp-block-button__link has-neve-text-color-color has-neve-link-hover-color-background-color has-text-color has-background has-link-color wp-element-button\">Comece a negociar<\/a><\/div>\n<\/div>\n<\/div>\n\n\n\n<div class=\"wp-block-column is-vertically-aligned-center is-layout-flow wp-block-column-is-layout-flow\" style=\"flex-basis:33.33%\">\n<figure class=\"wp-block-image size-full\"><img decoding=\"async\" src=\"https:\/\/immediatebitxdr.com\/wp-content\/uploads\/2024\/01\/&#x2014;Pngtree&#x2014;financial-material_4391789.png\" alt=\"Immediate BitXDR\" class=\"wp-image-22\"\/><\/figure>\n<\/div>\n<\/div>\n\n\n\n<div style=\"height:80px\" aria-hidden=\"true\" class=\"wp-block-spacer\"><\/div>\n<\/div><\/div>\n\n<div class=\"wp-block-cover alignfull is-light\"><span aria-hidden=\"true\" class=\"wp-block-cover__background has-nv-dark-bg-background-color has-background-dim-100 has-background-dim\"><\/span><div class=\"wp-block-cover__inner-container is-layout-flow wp-block-cover-is-layout-flow\">\n<div style=\"height:80px\" aria-hidden=\"true\" class=\"wp-block-spacer\"><\/div>\n\n\n\n<div class=\"wp-block-columns is-layout-flex wp-container-core-columns-is-layout-9d6595d7 wp-block-columns-is-layout-flex\">\n<div class=\"wp-block-column is-layout-flow wp-block-column-is-layout-flow\">\n<figure class=\"wp-block-image size-large is-resized\"><img loading=\"lazy\" decoding=\"async\" width=\"732\" height=\"1024\" src=\"https:\/\/immediatebitxdr.com\/wp-content\/uploads\/2024\/01\/v882-aew-59-b-732x1024.jpg\" alt=\"Immediate BitXDR\" class=\"wp-image-300\" style=\"width:505px;height:auto\" srcset=\"https:\/\/immediatebitxdr.com\/wp-content\/uploads\/2024\/01\/v882-aew-59-b-732x1024.jpg 732w, https:\/\/immediatebitxdr.com\/wp-content\/uploads\/2024\/01\/v882-aew-59-b-214x300.jpg 214w, https:\/\/immediatebitxdr.com\/wp-content\/uploads\/2024\/01\/v882-aew-59-b-768x1075.jpg 768w, https:\/\/immediatebitxdr.com\/wp-content\/uploads\/2024\/01\/v882-aew-59-b-1097x1536.jpg 1097w, https:\/\/immediatebitxdr.com\/wp-content\/uploads\/2024\/01\/v882-aew-59-b-1463x2048.jpg 1463w, https:\/\/immediatebitxdr.com\/wp-content\/uploads\/2024\/01\/v882-aew-59-b-scaled.jpg 1829w\" sizes=\"auto, (max-width: 732px) 100vw, 732px\" \/><\/figure>\n<\/div>\n\n\n\n<div class=\"wp-block-column is-vertically-aligned-center is-layout-flow wp-block-column-is-layout-flow\">\n<h2 class=\"wp-block-heading has-text-align-center has-nv-text-dark-bg-color has-text-color\">Nossa Miss\u00e3o e Vis\u00e3o<\/h2>\n\n\n\n<p class=\"has-neve-text-color-color has-text-color has-link-color wp-elements-7de383bbac3d41f7f6981ca440bc41f8\">Na Immediate BitXDR, nossa miss\u00e3o \u00e9 clara: democratizar o acesso a solu\u00e7\u00f5es de negocia\u00e7\u00e3o algor\u00edtmica. Prevemos um futuro onde cada investidor, independentemente da sua forma\u00e7\u00e3o ou experi\u00eancia, possa aproveitar o poder de ferramentas de negocia\u00e7\u00e3o sofisticadas anteriormente reservadas para fundos de cobertura quantitativos. Com base na nossa experi\u00eancia em primeira m\u00e3o navegando nos mercados de criptomoedas, reconhecemos a necessidade de uma plataforma que preencha a lacuna entre as estrat\u00e9gias de n\u00edvel institucional e os investidores individuais.<\/p>\n\n\n\n<p class=\"has-neve-text-color-color has-text-color has-link-color wp-elements-175b0aa5a4d8d6e5f2b0d19fc04bedde\">De acordo com nossa experi\u00eancia, entendemos que o espa\u00e7o criptogr\u00e1fico pode ser estimulante e desafiador. Atrav\u00e9s do nosso conhecimento pr\u00e1tico, desenvolvemos uma plataforma de f\u00e1cil utiliza\u00e7\u00e3o que simplifica as complexidades da negocia\u00e7\u00e3o algor\u00edtmica, tornando-a acess\u00edvel a um p\u00fablico mais amplo. Por meio de tentativa e erro, descobrimos que fornecer uma experi\u00eancia intuitiva e cont\u00ednua \u00e9 fundamental para permitir que os investidores tomem decis\u00f5es informadas no mercado de criptografia em constante evolu\u00e7\u00e3o.<\/p>\n\n\n\n<p class=\"has-neve-text-color-color has-text-color has-link-color wp-elements-a2d6548fff98013f026722300122561f\">A nossa investiga\u00e7\u00e3o demonstrou que, ao oferecer uma gama de crypto bots e estrat\u00e9gias de negocia\u00e7\u00e3o automatizadas, capacitamos os nossos utilizadores a navegar no mercado de forma eficiente, capitalizar oportunidades e mitigar riscos. Nossas descobertas mostram que o Immediate BitXDR n\u00e3o \u00e9 apenas uma plataforma; \u00e9 uma solu\u00e7\u00e3o abrangente projetada para aprimorar sua experi\u00eancia de negocia\u00e7\u00e3o.<\/p>\n<\/div>\n<\/div>\n\n\n\n<div style=\"height:50px\" aria-hidden=\"true\" class=\"wp-block-spacer\"><\/div>\n<\/div><\/div>\n\n<div class=\"wp-block-cover alignfull\"><span aria-hidden=\"true\" class=\"wp-block-cover__background has-nv-dark-bg-background-color has-background-dim-100 has-background-dim\"><\/span><div class=\"wp-block-cover__inner-container is-layout-flow wp-block-cover-is-layout-flow\">\n<div style=\"height:80px\" aria-hidden=\"true\" class=\"wp-block-spacer\"><\/div>\n\n\n\n<div class=\"wp-block-columns is-layout-flex wp-container-core-columns-is-layout-9d6595d7 wp-block-columns-is-layout-flex\">\n<div class=\"wp-block-column is-vertically-aligned-center is-layout-flow wp-block-column-is-layout-flow\">\n<h2 class=\"wp-block-heading has-text-align-center has-nv-text-dark-bg-color has-text-color\">Nossa comunidade<\/h2>\n\n\n\n<p>Immediate BitXDR \u00e9 mais do que apenas uma plataforma; \u00e9 uma comunidade pr\u00f3spera de indiv\u00edduos com ideias semelhantes e apaixonados pelo futuro da criptografia. Nossa comunidade \u00e9 um espa\u00e7o para compartilhar ideias, aprender uns com os outros e manter-se informado sobre as \u00faltimas tend\u00eancias no mundo criptogr\u00e1fico.<\/p>\n\n\n\n<p>Quer voc\u00ea seja um trader experiente ou esteja apenas mergulhando nas \u00e1guas criptogr\u00e1ficas, nossa comunidade oferece um ambiente favor\u00e1vel para crescimento e explora\u00e7\u00e3o. Participe de discuss\u00f5es, fa\u00e7a perguntas e amplie sua compreens\u00e3o do mercado de criptografia ao lado de outros entusiastas.<\/p>\n<\/div>\n\n\n\n<div class=\"wp-block-column is-layout-flow wp-block-column-is-layout-flow\">\n<figure class=\"wp-block-image size-full is-resized\"><img loading=\"lazy\" decoding=\"async\" width=\"1024\" height=\"640\" src=\"https:\/\/immediatebitxdr.com\/wp-content\/uploads\/2024\/01\/crypto_analysis-1.jpg\" alt=\"Immediate BitXDR\" class=\"wp-image-286\" style=\"width:505px;height:auto\" srcset=\"https:\/\/immediatebitxdr.com\/wp-content\/uploads\/2024\/01\/crypto_analysis-1.jpg 1024w, https:\/\/immediatebitxdr.com\/wp-content\/uploads\/2024\/01\/crypto_analysis-1-300x188.jpg 300w, https:\/\/immediatebitxdr.com\/wp-content\/uploads\/2024\/01\/crypto_analysis-1-768x480.jpg 768w\" sizes=\"auto, (max-width: 1024px) 100vw, 1024px\" \/><\/figure>\n<\/div>\n<\/div>\n\n\n\n<div style=\"height:50px\" aria-hidden=\"true\" class=\"wp-block-spacer\"><\/div>\n<\/div><\/div>\n\n<div class=\"wp-block-cover alignfull is-light\"><span aria-hidden=\"true\" class=\"wp-block-cover__background has-nv-light-bg-background-color has-background-dim-100 has-background-dim\"><\/span><div class=\"wp-block-cover__inner-container is-layout-flow wp-block-cover-is-layout-flow\">\n<div style=\"height:33px\" aria-hidden=\"true\" class=\"wp-block-spacer\"><\/div>\n\n\n\n<h2 class=\"wp-block-heading has-text-align-center has-neve-text-color-color has-text-color has-link-color wp-elements-86e2ff1aa527d17aa95c8ad93637dc6f\">Nosso compromisso<\/h2>\n\n\n\n<p class=\"has-neve-text-color-color has-text-color has-link-color wp-elements-fab72519e393b8a4dffa4d5f9767eeb7\">Nosso compromisso vai al\u00e9m de fornecer ferramentas de negocia\u00e7\u00e3o avan\u00e7adas e promover uma comunidade vibrante. Estamos comprometidos com a transpar\u00eancia, seguran\u00e7a e melhoria cont\u00ednua. Nossa equipe trabalha incansavelmente para garantir que o Immediate BitXDR continue sendo uma plataforma confi\u00e1vel para entusiastas de criptografia em todo o mundo. No \u00e2mbito do nosso compromisso, priorizamos:<\/p>\n\n\n\n<div class=\"wp-block-columns is-layout-flex wp-container-core-columns-is-layout-9d6595d7 wp-block-columns-is-layout-flex\">\n<div class=\"wp-block-column is-layout-flow wp-block-column-is-layout-flow\">\n<h3 class=\"wp-block-heading has-text-align-center has-neve-text-color-color has-text-color\">Seguran\u00e7a do usu\u00e1rio<\/h3>\n\n\n\n<p class=\"has-text-align-center has-neve-text-color-color has-text-color\">Atrav\u00e9s de medidas de seguran\u00e7a robustas, protegemos os seus ativos e informa\u00e7\u00f5es pessoais, garantindo um ambiente comercial seguro.<\/p>\n\n\n\n<div class=\"wp-block-buttons is-horizontal is-content-justification-center is-layout-flex wp-container-core-buttons-is-layout-499968f5 wp-block-buttons-is-layout-flex\"><\/div>\n\n\n\n<div style=\"height:20px\" aria-hidden=\"true\" class=\"wp-block-spacer\"><\/div>\n<\/div>\n\n\n\n<div class=\"wp-block-column is-layout-flow wp-block-column-is-layout-flow\">\n<h3 class=\"wp-block-heading has-text-align-center has-neve-text-color-color has-text-color\">Inova\u00e7\u00e3o<\/h3>\n\n\n\n<p class=\"has-text-align-center has-neve-text-color-color has-text-color\">Estamos empenhados em permanecer na vanguarda dos avan\u00e7os tecnol\u00f3gicos, atualizando regularmente a nossa plataforma com novos recursos e melhorias.<\/p>\n\n\n\n<div class=\"wp-block-buttons is-horizontal is-content-justification-center is-layout-flex wp-container-core-buttons-is-layout-499968f5 wp-block-buttons-is-layout-flex\"><\/div>\n\n\n\n<div style=\"height:20px\" aria-hidden=\"true\" class=\"wp-block-spacer\"><\/div>\n<\/div>\n\n\n\n<div class=\"wp-block-column is-layout-flow wp-block-column-is-layout-flow\">\n<h3 class=\"wp-block-heading has-text-align-center has-neve-text-color-color has-text-color\">Suporte ao cliente<\/h3>\n\n\n\n<p class=\"has-text-align-center has-neve-text-color-color has-text-color\">Nossa equipe de suporte dedicada est\u00e1 dispon\u00edvel para ajud\u00e1-lo, respondendo prontamente a d\u00favidas e preocupa\u00e7\u00f5es para melhorar sua experi\u00eancia geral.<\/p>\n\n\n\n<div class=\"wp-block-buttons is-horizontal is-content-justification-center is-layout-flex wp-container-core-buttons-is-layout-499968f5 wp-block-buttons-is-layout-flex\"><\/div>\n\n\n\n<div style=\"height:20px\" aria-hidden=\"true\" class=\"wp-block-spacer\"><\/div>\n<\/div>\n<\/div>\n\n\n\n<div style=\"height:80px\" aria-hidden=\"true\" class=\"wp-block-spacer\"><\/div>\n<\/div><\/div>\n","protected":false},"excerpt":{"rendered":"","protected":false},"author":1,"featured_media":0,"parent":0,"menu_order":0,"comment_status":"closed","ping_status":"closed","template":"","meta":{"inline_featured_image":false,"_monsterinsights_skip_tracking":false,"_monsterinsights_sitenote_active":false,"_monsterinsights_sitenote_note":"","_monsterinsights_sitenote_category":0,"neve_meta_sidebar":"full-width","neve_meta_container":"","neve_meta_enable_content_width":"on","neve_meta_content_width":100,"neve_meta_title_alignment":"","neve_meta_author_avatar":"","neve_post_elements_order":"","neve_meta_disable_header":"","neve_meta_disable_footer":"","neve_meta_disable_title":"on","_themeisle_gutenberg_block_has_review":false,"_ti_tpc_template_sync":false,"_ti_tpc_template_id":"","footnotes":""},"class_list":["post-780","page","type-page","status-publish","hentry"],"yoast_head":"<!-- This site is optimized with the Yoast SEO plugin v22.7 - https:\/\/yoast.com\/wordpress\/plugins\/seo\/ -->\n<title>Sobre n\u00f3s - Immediate BitXDR<\/title>\n<meta name=\"description\" content=\"Immediate BitXDR \u00e9 mais do que uma plataforma; \u00e9 um compromisso de revolucionar a forma como os indiv\u00edduos interagem com o mercado criptogr\u00e1fico. Junte-se a n\u00f3s nesta jornada emocionante e vamos moldar juntos o futuro do com\u00e9rcio de criptografia.\" \/>\n<meta name=\"robots\" content=\"index, follow, max-snippet:-1, max-image-preview:large, max-video-preview:-1\" \/>\n<link rel=\"canonical\" href=\"https:\/\/immediatebitxdr.com\/pt-pt\/sobre-nos\/\" \/>\n<meta property=\"og:locale\" content=\"pt_PT\" \/>\n<meta property=\"og:type\" content=\"article\" \/>\n<meta property=\"og:title\" content=\"Sobre n\u00f3s - Immediate BitXDR\" \/>\n<meta property=\"og:description\" content=\"Immediate BitXDR \u00e9 mais do que uma plataforma; \u00e9 um compromisso de revolucionar a forma como os indiv\u00edduos interagem com o mercado criptogr\u00e1fico. Junte-se a n\u00f3s nesta jornada emocionante e vamos moldar juntos o futuro do com\u00e9rcio de criptografia.\" \/>\n<meta property=\"og:url\" content=\"https:\/\/immediatebitxdr.com\/pt-pt\/sobre-nos\/\" \/>\n<meta property=\"og:site_name\" content=\"Immediate BitXDR\" \/>\n<meta property=\"article:modified_time\" content=\"2024-05-15T12:09:27+00:00\" \/>\n<meta property=\"og:image\" content=\"https:\/\/immediatebitxdr.com\/wp-content\/uploads\/2024\/01\/&#x2014;Pngtree&#x2014;financial-material_4391789.png\" \/>\n<meta name=\"twitter:card\" content=\"summary_large_image\" \/>\n<meta name=\"twitter:label1\" content=\"Tempo estimado de leitura\" \/>\n\t<meta name=\"twitter:data1\" content=\"3 minutos\" \/>\n<script type=\"application\/ld+json\" class=\"yoast-schema-graph\">{\"@context\":\"https:\/\/schema.org\",\"@graph\":[{\"@type\":\"WebPage\",\"@id\":\"https:\/\/immediatebitxdr.com\/pt-pt\/sobre-nos\/\",\"url\":\"https:\/\/immediatebitxdr.com\/pt-pt\/sobre-nos\/\",\"name\":\"Sobre n\u00f3s - Immediate BitXDR\",\"isPartOf\":{\"@id\":\"https:\/\/immediatebitxdr.com\/pt-pt\/#website\"},\"primaryImageOfPage\":{\"@id\":\"https:\/\/immediatebitxdr.com\/pt-pt\/sobre-nos\/#primaryimage\"},\"image\":{\"@id\":\"https:\/\/immediatebitxdr.com\/pt-pt\/sobre-nos\/#primaryimage\"},\"thumbnailUrl\":\"https:\/\/immediatebitxdr.com\/wp-content\/uploads\/2024\/01\/&#x2014;Pngtree&#x2014;financial-material_4391789.png\",\"datePublished\":\"2024-01-26T09:54:07+00:00\",\"dateModified\":\"2024-05-15T12:09:27+00:00\",\"description\":\"Immediate BitXDR \u00e9 mais do que uma plataforma; \u00e9 um compromisso de revolucionar a forma como os indiv\u00edduos interagem com o mercado criptogr\u00e1fico. Junte-se a n\u00f3s nesta jornada emocionante e vamos moldar juntos o futuro do com\u00e9rcio de criptografia.\",\"breadcrumb\":{\"@id\":\"https:\/\/immediatebitxdr.com\/pt-pt\/sobre-nos\/#breadcrumb\"},\"inLanguage\":\"pt-PT\",\"potentialAction\":[{\"@type\":\"ReadAction\",\"target\":[\"https:\/\/immediatebitxdr.com\/pt-pt\/sobre-nos\/\"]}]},{\"@type\":\"ImageObject\",\"inLanguage\":\"pt-PT\",\"@id\":\"https:\/\/immediatebitxdr.com\/pt-pt\/sobre-nos\/#primaryimage\",\"url\":\"https:\/\/immediatebitxdr.com\/wp-content\/uploads\/2024\/01\/&#x2014;Pngtree&#x2014;financial-material_4391789.png\",\"contentUrl\":\"https:\/\/immediatebitxdr.com\/wp-content\/uploads\/2024\/01\/&#x2014;Pngtree&#x2014;financial-material_4391789.png\"},{\"@type\":\"BreadcrumbList\",\"@id\":\"https:\/\/immediatebitxdr.com\/pt-pt\/sobre-nos\/#breadcrumb\",\"itemListElement\":[{\"@type\":\"ListItem\",\"position\":1,\"name\":\"Home\",\"item\":\"https:\/\/immediatebitxdr.com\/pt-pt\/\"},{\"@type\":\"ListItem\",\"position\":2,\"name\":\"Sobre n\u00f3s\"}]},{\"@type\":\"WebSite\",\"@id\":\"https:\/\/immediatebitxdr.com\/pt-pt\/#website\",\"url\":\"https:\/\/immediatebitxdr.com\/pt-pt\/\",\"name\":\"Immediate BitXDR\",\"description\":\"\",\"publisher\":{\"@id\":\"https:\/\/immediatebitxdr.com\/pt-pt\/#organization\"},\"potentialAction\":[{\"@type\":\"SearchAction\",\"target\":{\"@type\":\"EntryPoint\",\"urlTemplate\":\"https:\/\/immediatebitxdr.com\/pt-pt\/?s={search_term_string}\"},\"query-input\":\"required name=search_term_string\"}],\"inLanguage\":\"pt-PT\"},{\"@type\":\"Organization\",\"@id\":\"https:\/\/immediatebitxdr.com\/pt-pt\/#organization\",\"name\":\"Immediate BitXDR\",\"url\":\"https:\/\/immediatebitxdr.com\/pt-pt\/\",\"logo\":{\"@type\":\"ImageObject\",\"inLanguage\":\"pt-PT\",\"@id\":\"https:\/\/immediatebitxdr.com\/pt-pt\/#\/schema\/logo\/image\/\",\"url\":\"\",\"contentUrl\":\"\",\"caption\":\"Immediate BitXDR\"},\"image\":{\"@id\":\"https:\/\/immediatebitxdr.com\/pt-pt\/#\/schema\/logo\/image\/\"}}]}<\/script>\n<!-- \/ Yoast SEO plugin. -->","yoast_head_json":{"title":"Sobre n\u00f3s - Immediate BitXDR","description":"Immediate BitXDR \u00e9 mais do que uma plataforma; \u00e9 um compromisso de revolucionar a forma como os indiv\u00edduos interagem com o mercado criptogr\u00e1fico. Junte-se a n\u00f3s nesta jornada emocionante e vamos moldar juntos o futuro do com\u00e9rcio de criptografia.","robots":{"index":"index","follow":"follow","max-snippet":"max-snippet:-1","max-image-preview":"max-image-preview:large","max-video-preview":"max-video-preview:-1"},"canonical":"https:\/\/immediatebitxdr.com\/pt-pt\/sobre-nos\/","og_locale":"pt_PT","og_type":"article","og_title":"Sobre n\u00f3s - Immediate BitXDR","og_description":"Immediate BitXDR \u00e9 mais do que uma plataforma; \u00e9 um compromisso de revolucionar a forma como os indiv\u00edduos interagem com o mercado criptogr\u00e1fico. Junte-se a n\u00f3s nesta jornada emocionante e vamos moldar juntos o futuro do com\u00e9rcio de criptografia.","og_url":"https:\/\/immediatebitxdr.com\/pt-pt\/sobre-nos\/","og_site_name":"Immediate BitXDR","article_modified_time":"2024-05-15T12:09:27+00:00","og_image":[{"url":"https:\/\/immediatebitxdr.com\/wp-content\/uploads\/2024\/01\/&#x2014;Pngtree&#x2014;financial-material_4391789.png"}],"twitter_card":"summary_large_image","twitter_misc":{"Tempo estimado de leitura":"3 minutos"},"schema":{"@context":"https:\/\/schema.org","@graph":[{"@type":"WebPage","@id":"https:\/\/immediatebitxdr.com\/pt-pt\/sobre-nos\/","url":"https:\/\/immediatebitxdr.com\/pt-pt\/sobre-nos\/","name":"Sobre n\u00f3s - Immediate BitXDR","isPartOf":{"@id":"https:\/\/immediatebitxdr.com\/pt-pt\/#website"},"primaryImageOfPage":{"@id":"https:\/\/immediatebitxdr.com\/pt-pt\/sobre-nos\/#primaryimage"},"image":{"@id":"https:\/\/immediatebitxdr.com\/pt-pt\/sobre-nos\/#primaryimage"},"thumbnailUrl":"https:\/\/immediatebitxdr.com\/wp-content\/uploads\/2024\/01\/&#x2014;Pngtree&#x2014;financial-material_4391789.png","datePublished":"2024-01-26T09:54:07+00:00","dateModified":"2024-05-15T12:09:27+00:00","description":"Immediate BitXDR \u00e9 mais do que uma plataforma; \u00e9 um compromisso de revolucionar a forma como os indiv\u00edduos interagem com o mercado criptogr\u00e1fico. Junte-se a n\u00f3s nesta jornada emocionante e vamos moldar juntos o futuro do com\u00e9rcio de criptografia.","breadcrumb":{"@id":"https:\/\/immediatebitxdr.com\/pt-pt\/sobre-nos\/#breadcrumb"},"inLanguage":"pt-PT","potentialAction":[{"@type":"ReadAction","target":["https:\/\/immediatebitxdr.com\/pt-pt\/sobre-nos\/"]}]},{"@type":"ImageObject","inLanguage":"pt-PT","@id":"https:\/\/immediatebitxdr.com\/pt-pt\/sobre-nos\/#primaryimage","url":"https:\/\/immediatebitxdr.com\/wp-content\/uploads\/2024\/01\/&#x2014;Pngtree&#x2014;financial-material_4391789.png","contentUrl":"https:\/\/immediatebitxdr.com\/wp-content\/uploads\/2024\/01\/&#x2014;Pngtree&#x2014;financial-material_4391789.png"},{"@type":"BreadcrumbList","@id":"https:\/\/immediatebitxdr.com\/pt-pt\/sobre-nos\/#breadcrumb","itemListElement":[{"@type":"ListItem","position":1,"name":"Home","item":"https:\/\/immediatebitxdr.com\/pt-pt\/"},{"@type":"ListItem","position":2,"name":"Sobre n\u00f3s"}]},{"@type":"WebSite","@id":"https:\/\/immediatebitxdr.com\/pt-pt\/#website","url":"https:\/\/immediatebitxdr.com\/pt-pt\/","name":"Immediate BitXDR","description":"","publisher":{"@id":"https:\/\/immediatebitxdr.com\/pt-pt\/#organization"},"potentialAction":[{"@type":"SearchAction","target":{"@type":"EntryPoint","urlTemplate":"https:\/\/immediatebitxdr.com\/pt-pt\/?s={search_term_string}"},"query-input":"required name=search_term_string"}],"inLanguage":"pt-PT"},{"@type":"Organization","@id":"https:\/\/immediatebitxdr.com\/pt-pt\/#organization","name":"Immediate BitXDR","url":"https:\/\/immediatebitxdr.com\/pt-pt\/","logo":{"@type":"ImageObject","inLanguage":"pt-PT","@id":"https:\/\/immediatebitxdr.com\/pt-pt\/#\/schema\/logo\/image\/","url":"","contentUrl":"","caption":"Immediate BitXDR"},"image":{"@id":"https:\/\/immediatebitxdr.com\/pt-pt\/#\/schema\/logo\/image\/"}}]}},"_links":{"self":[{"href":"https:\/\/immediatebitxdr.com\/pt-pt\/wp-json\/wp\/v2\/pages\/780","targetHints":{"allow":["GET"]}}],"collection":[{"href":"https:\/\/immediatebitxdr.com\/pt-pt\/wp-json\/wp\/v2\/pages"}],"about":[{"href":"https:\/\/immediatebitxdr.com\/pt-pt\/wp-json\/wp\/v2\/types\/page"}],"author":[{"embeddable":true,"href":"https:\/\/immediatebitxdr.com\/pt-pt\/wp-json\/wp\/v2\/users\/1"}],"replies":[{"embeddable":true,"href":"https:\/\/immediatebitxdr.com\/pt-pt\/wp-json\/wp\/v2\/comments?post=780"}],"version-history":[{"count":0,"href":"https:\/\/immediatebitxdr.com\/pt-pt\/wp-json\/wp\/v2\/pages\/780\/revisions"}],"wp:attachment":[{"href":"https:\/\/immediatebitxdr.com\/pt-pt\/wp-json\/wp\/v2\/media?parent=780"}],"curies":[{"name":"wp","href":"https:\/\/api.w.org\/{rel}","templated":true}]}}