{"id":806,"date":"2020-02-26T11:48:48","date_gmt":"2020-02-26T11:48:48","guid":{"rendered":"https:\/\/immediatebitxdr.com\/skontaktuj-sie-z-nami\/"},"modified":"2024-05-15T12:09:39","modified_gmt":"2024-05-15T12:09:39","slug":"skontaktuj-sie-z-nami","status":"publish","type":"page","link":"https:\/\/immediatebitxdr.com\/pl\/skontaktuj-sie-z-nami\/","title":{"rendered":"Skontaktuj si\u0119 z nami"},"content":{"rendered":"\n<div id=\"wp-block-themeisle-blocks-advanced-columns-fd115547\" class=\"wp-block-themeisle-blocks-advanced-columns alignfull has-1-columns has-desktop-equal-layout has-tablet-equal-layout has-mobile-equal-layout has-vertical-unset\"><div class=\"wp-block-themeisle-blocks-advanced-columns-overlay\"><\/div><div class=\"innerblocks-wrap\">\n<div id=\"wp-block-themeisle-blocks-advanced-column-de2aa3a2\" class=\"wp-block-themeisle-blocks-advanced-column has-dark-bg\">\nSKONTAKTUJ SI\u0118\n\n\n\n<h1 class=\"wp-block-heading has-text-align-center has-nv-text-dark-bg-color has-text-color\">Skontaktuj si\u0119 z nami<\/h1>\n\n\n\n<p class=\"has-text-align-center\">Dzi\u0119kujemy, \u017ce rozwa\u017cy\u0142e\u015b skontaktowanie si\u0119 z nami pod adresem Immediate BitXDR. Twoje opinie, pytania i zapytania s\u0105 dla nas cenne, poniewa\u017c staramy si\u0119 zapewni\u0107 naszym u\u017cytkownikom mo\u017cliwie najlepsze do\u015bwiadczenia. Niezale\u017cnie od tego, czy jeste\u015b do\u015bwiadczonym traderem, ciekawskim inwestorem, czy potencjalnym partnerem, z rado\u015bci\u0105 powitamy Twoj\u0105 komunikacj\u0119.<\/p>\n<\/div>\n<\/div><\/div>\n\n<div id=\"wp-block-themeisle-blocks-advanced-columns-7c7a89c9\" class=\"wp-block-themeisle-blocks-advanced-columns alignfull has-1-columns has-desktop-equal-layout has-tablet-equal-layout has-mobile-collapsedRows-layout has-vertical-center\"><div class=\"wp-block-themeisle-blocks-advanced-columns-overlay\"><\/div><div class=\"innerblocks-wrap\">\n<div id=\"wp-block-themeisle-blocks-advanced-column-6b5d17f2\" class=\"wp-block-themeisle-blocks-advanced-column\">\n<h2 class=\"wp-block-heading\">Pytania og\u00f3lne:<\/h2>\n\n\n\n<p>W przypadku og\u00f3lnych zapyta\u0144 lub informacji na temat naszej platformy, us\u0142ug i ofert prosimy o kontakt z naszym zespo\u0142em. Jeste\u015bmy tutaj, aby Ci pom\u00f3c i zapewni\u0107, \u017ce posiadasz informacje potrzebne do skutecznego poruszania si\u0119 po rynkach kryptowalut.<\/p>\n\n\n\n<h2 class=\"wp-block-heading\">Obs\u0142uga klienta<\/h2>\n\n\n\n<p>Je\u015bli potrzebujesz pomocy ze swoim kontem Immediate BitXDR, napotkasz jakiekolwiek problemy lub masz konkretne pytania dotycz\u0105ce korzystania z naszych bot\u00f3w kryptograficznych i strategii handlowych, nasz zesp\u00f3\u0142 obs\u0142ugi klienta jest gotowy do pomocy. Priorytetem jest dla nas terminowo\u015b\u0107 i skuteczno\u015b\u0107 reakcji, aby zapewni\u0107 Ci maksymalne wykorzystanie mo\u017cliwo\u015bci handlowych.<\/p>\n\n\n\n<h2 class=\"wp-block-heading\">Partnerstwa i wsp\u00f3\u0142praca:<\/h2>\n\n\n\n<p>Immediate BitXDR jest zawsze otwarta na odkrywanie partnerstw i wsp\u00f3\u0142pracy zgodnych z nasz\u0105 misj\u0105. Je\u015bli reprezentujesz firm\u0119, organizacj\u0119 lub masz propozycj\u0119 wsp\u00f3\u0142pracy, skontaktuj si\u0119 z naszym zespo\u0142em ds. partnerstwa. Wierzymy w si\u0142\u0119 wsp\u00f3\u0142pracy w nap\u0119dzaniu innowacji i ulepszaniu ekosystemu kryptowalut.<\/p>\n\n\n\n<h2 class=\"wp-block-heading\">Pomoc techniczna:<\/h2>\n\n\n\n<p>Je\u015bli napotkasz problemy techniczne, usterki lub masz konkretne pytania techniczne zwi\u0105zane z nasz\u0105 platform\u0105, nasz zesp\u00f3\u0142 pomocy technicznej do\u0142o\u017cy wszelkich stara\u0144, aby szybko rozwi\u0105za\u0107 Twoje problemy. Twoje bezproblemowe do\u015bwiadczenie jest naszym priorytetem.<\/p>\n\n\n\n<h2 class=\"wp-block-heading\">Po\u0142\u0105cz si\u0119 z nami:<\/h2>\n\n\n\n<p>Pozosta\u0144 w kontakcie z Immediate BitXDR za po\u015brednictwem naszych kana\u0142\u00f3w w mediach spo\u0142eczno\u015bciowych. \u015aled\u017a nas na [wstaw platformy medi\u00f3w spo\u0142eczno\u015bciowych], aby uzyska\u0107 najnowsze aktualizacje, informacje rynkowe i og\u0142oszenia. Do\u0142\u0105cz do naszej spo\u0142eczno\u015bci i b\u0105d\u017a cz\u0119\u015bci\u0105 ci\u0105g\u0142ej dyskusji na temat ekscytuj\u0105cego \u015bwiata kryptowalut.<\/p>\n\n\n\n<h2 class=\"wp-block-heading\">Odwied\u017a nas:<\/h2>\n\n\n\n<p>Je\u017celi wolisz kontakt bezpo\u015bredni, zapraszamy do naszego biura. Prosimy o wcze\u015bniejsze um\u00f3wienie si\u0119 na spotkanie, aby mie\u0107 pewno\u015b\u0107, \u017ce odpowiedni cz\u0142onkowie zespo\u0142u b\u0119d\u0105 mogli si\u0119 z Pa\u0144stwem spotka\u0107.<\/p>\n\n\n\n<h2 class=\"wp-block-heading\">Natychmiastowa siedziba BitXDR:<\/h2>\n\n\n\n<p>USA: 2363 Hurry Street Fredericksburg, VA 22401<\/p>\n\n\n\n<p>Germany: Oldesloer Strasse 92, 07602 Eisenberg<\/p>\n\n\n\n<p>UK: 65 Souterhead Road LOWER BOSCASWELL TR19 7EY<\/p>\n\n\n\n<p>Email: support@<a href=\"https:\/\/immediatebitxdr.com\/pl\/\" target=\"_blank\" rel=\"noreferrer noopener\"><\/a>immediatebitxdr.com<\/p>\n\n\n\n<p>Phone: +44 078 5290 8427<\/p>\n<\/div>\n<\/div><\/div>\n\n<div id=\"wp-block-themeisle-blocks-advanced-columns-2672f4b5\" class=\"wp-block-themeisle-blocks-advanced-columns alignfull has-2-columns has-desktop-equal-layout has-tablet-equal-layout has-mobile-collapsedRows-layout has-vertical-unset has-dark-bg\"><div class=\"wp-block-themeisle-blocks-advanced-columns-overlay\"><\/div><div class=\"innerblocks-wrap\">\n<div id=\"wp-block-themeisle-blocks-advanced-column-05e52c3e\" class=\"wp-block-themeisle-blocks-advanced-column\">\n<h2 class=\"wp-block-heading has-nv-text-dark-bg-color has-text-color\">Wy\u015blij wiadomo\u015b\u0107 bezpo\u015bredni\u0105 za pomoc\u0105 formularza<\/h2>\n\n\n\n<p>Nasz oddany zesp\u00f3\u0142 wsparcia jest tutaj, aby pom\u00f3c Ci w przypadku jakichkolwiek pyta\u0144 lub w\u0105tpliwo\u015bci. Niezale\u017cnie od tego, czy jeste\u015b do\u015bwiadczonym traderem, czy dopiero zaczynasz, Twoja satysfakcja jest naszym priorytetem. Po\u0142\u0105cz si\u0119 z nami i wsp\u00f3lnie poruszajmy si\u0119 po ekscytuj\u0105cym \u015bwiecie kryptowalut!<\/p>\n\n\n\n<p>Doceniamy Twoje zainteresowanie Immediate BitXDR i czekamy na wiadomo\u015b\u0107 od Ciebie. Twoja komunikacja jest niezb\u0119dna, aby pom\u00f3c nam ulepszy\u0107 i lepiej s\u0142u\u017cy\u0107 r\u00f3\u017cnorodnym potrzebom naszej rosn\u0105cej spo\u0142eczno\u015bci.<\/p>\n\n\n\n<div id=\"wp-block-themeisle-blocks-button-group-89e6367b\" class=\"wp-block-themeisle-blocks-button-group wp-block-buttons\">\n<div id=\"wp-block-themeisle-blocks-button-f6ab3bb5\" class=\"wp-block-themeisle-blocks-button wp-block-button\"><a href=\"\" target=\"_blank\" rel=\"noopener noreferrer\" class=\"wp-block-button__link\"><i class=\"fab fa-fw fa-facebook-f\"><\/i><\/a><\/div>\r\n\n\n\n<div id=\"wp-block-themeisle-blocks-button-ddd4d356\" class=\"wp-block-themeisle-blocks-button wp-block-button\"><a href=\"\" target=\"_blank\" rel=\"noopener noreferrer\" class=\"wp-block-button__link\"><i class=\"fab fa-fw fa-twitter\"><\/i><\/a><\/div>\r\n\n\n\n<div id=\"wp-block-themeisle-blocks-button-36612cba\" class=\"wp-block-themeisle-blocks-button wp-block-button\"><a href=\"\" target=\"_blank\" rel=\"noopener noreferrer\" class=\"wp-block-button__link\"><i class=\"fab fa-fw fa-google-plus\"><\/i><\/a><\/div>\r\n\n\n\n<div id=\"wp-block-themeisle-blocks-button-45cdcaa1\" class=\"wp-block-themeisle-blocks-button wp-block-button\"><a href=\"\" target=\"_blank\" rel=\"noopener noreferrer\" class=\"wp-block-button__link\"><i class=\"fab fa-fw fa-pinterest\"><\/i><\/a><\/div>\r\n\n\n\n<div id=\"wp-block-themeisle-blocks-button-faf5e2e7\" class=\"wp-block-themeisle-blocks-button wp-block-button\"><a href=\"\" target=\"_blank\" rel=\"noopener noreferrer\" class=\"wp-block-button__link\"><i class=\"fab fa-fw fa-instagram\"><\/i><\/a><\/div>\r\n<\/div>\n<\/div>\n\n\n\n<div id=\"wp-block-themeisle-blocks-advanced-column-0788243d\" class=\"wp-block-themeisle-blocks-advanced-column has-dark-bg\">\n<div id=\"wp-block-themeisle-blocks-form-fb39f207\" class=\"wp-block-themeisle-blocks-form\" data-option-name=\"bf9b28ff82ce323187abc5d0feb0d8f07ecd8436_fb39f207\"><form class=\"otter-form__container\">\n<div id=\"wp-block-themeisle-blocks-form-input-cb680aa4\" class=\"wp-block-themeisle-blocks-form-input\"><label for=\"wp-block-themeisle-blocks-form-input-cb680aa4-input\" class=\"otter-form-input-label\"><span class=\"otter-form-input-label__label\">Name<\/span><span class=\"required\">*<\/span><\/label><input type=\"text\" id=\"wp-block-themeisle-blocks-form-input-cb680aa4-input\" required placeholder=\"Your name\" class=\"otter-form-input\"\/><\/div>\r\n\n\n\n<div id=\"wp-block-themeisle-blocks-form-input-53facba3\" class=\"wp-block-themeisle-blocks-form-input\"><label for=\"wp-block-themeisle-blocks-form-input-53facba3-input\" class=\"otter-form-input-label\"><span class=\"otter-form-input-label__label\">Email<\/span><span class=\"required\">*<\/span><\/label><input type=\"email\" id=\"wp-block-themeisle-blocks-form-input-53facba3-input\" required placeholder=\"Your email\" class=\"otter-form-input\"\/><\/div>\r\n\n\n\n<div id=\"wp-block-themeisle-blocks-form-textarea-5eebb0de\" class=\"wp-block-themeisle-blocks-form-textarea\"><label for=\"wp-block-themeisle-blocks-form-textarea-5eebb0de-input\" class=\"otter-form-textarea-label\"><span class=\"otter-form-textarea-label__label\">Message<\/span><\/label><textarea id=\"wp-block-themeisle-blocks-form-textarea-5eebb0de-input\" placeholder=\"Your Message\" rows=\"10\" class=\"otter-form-textarea-input\"><\/textarea><\/div>\r\n\n\n<div class=\"protection\" aria-hidden=\"true\"><input type=\"hidden\" id=\"wp-block-themeisle-blocks-form-fb39f207_nonce_field\" name=\"wp-block-themeisle-blocks-form-fb39f207_nonce_field\" value=\"7e5d142587\" \/><input type=\"hidden\" name=\"_wp_http_referer\" value=\"\/pl\/wp-json\/wp\/v2\/pages\/806\" \/><input class=\"o-anti-bot\" type=\"checkbox\"><\/div><div class=\"wp-block-button\"><button class=\"wp-block-button__link\" type=\"submit\">Submit<\/button><\/div><\/form><\/div>\n<\/div>\n<\/div><\/div>\n\n<div id=\"wp-block-themeisle-blocks-advanced-columns-1dda74ca\" class=\"wp-block-themeisle-blocks-advanced-columns alignfull has-1-columns has-desktop-equal-layout has-tablet-equal-layout has-mobile-equal-layout has-vertical-unset\"><div class=\"wp-block-themeisle-blocks-advanced-columns-overlay\"><\/div><div class=\"innerblocks-wrap\">\n<div id=\"wp-block-themeisle-blocks-advanced-column-a0d00642\" class=\"wp-block-themeisle-blocks-advanced-column\"><\/div>\r\n<\/div><\/div>\n","protected":false},"excerpt":{"rendered":"","protected":false},"author":1,"featured_media":0,"parent":0,"menu_order":0,"comment_status":"closed","ping_status":"closed","template":"page-templates\/template-pagebuilder-full-width.php","meta":{"inline_featured_image":false,"_monsterinsights_skip_tracking":false,"_monsterinsights_sitenote_active":false,"_monsterinsights_sitenote_note":"","_monsterinsights_sitenote_category":0,"neve_meta_sidebar":"full-width","neve_meta_container":"","neve_meta_enable_content_width":"on","neve_meta_content_width":100,"neve_meta_title_alignment":"","neve_meta_author_avatar":"","neve_post_elements_order":"","neve_meta_disable_header":"","neve_meta_disable_footer":"","neve_meta_disable_title":"","_themeisle_gutenberg_block_has_review":false,"_ti_tpc_template_sync":false,"_ti_tpc_template_id":"","footnotes":""},"class_list":["post-806","page","type-page","status-publish","hentry"],"yoast_head":"<!-- This site is optimized with the Yoast SEO plugin v22.7 - https:\/\/yoast.com\/wordpress\/plugins\/seo\/ -->\n<title>Skontaktuj si\u0119 z nami - Immediate BitXDR<\/title>\n<meta name=\"description\" content=\"Nasz oddany zesp\u00f3\u0142 wsparcia jest tutaj, aby pom\u00f3c Ci w przypadku jakichkolwiek pyta\u0144 lub w\u0105tpliwo\u015bci. Niezale\u017cnie od tego, czy jeste\u015b do\u015bwiadczonym traderem, czy dopiero zaczynasz, Twoja satysfakcja jest naszym priorytetem. Po\u0142\u0105cz si\u0119 z nami i wsp\u00f3lnie poruszajmy si\u0119 po ekscytuj\u0105cym \u015bwiecie kryptowalut!\" \/>\n<meta name=\"robots\" content=\"index, follow, max-snippet:-1, max-image-preview:large, max-video-preview:-1\" \/>\n<link rel=\"canonical\" href=\"https:\/\/immediatebitxdr.com\/pl\/skontaktuj-sie-z-nami\/\" \/>\n<meta property=\"og:locale\" content=\"pl_PL\" \/>\n<meta property=\"og:type\" content=\"article\" \/>\n<meta property=\"og:title\" content=\"Skontaktuj si\u0119 z nami - Immediate BitXDR\" \/>\n<meta property=\"og:description\" content=\"Nasz oddany zesp\u00f3\u0142 wsparcia jest tutaj, aby pom\u00f3c Ci w przypadku jakichkolwiek pyta\u0144 lub w\u0105tpliwo\u015bci. Niezale\u017cnie od tego, czy jeste\u015b do\u015bwiadczonym traderem, czy dopiero zaczynasz, Twoja satysfakcja jest naszym priorytetem. Po\u0142\u0105cz si\u0119 z nami i wsp\u00f3lnie poruszajmy si\u0119 po ekscytuj\u0105cym \u015bwiecie kryptowalut!\" \/>\n<meta property=\"og:url\" content=\"https:\/\/immediatebitxdr.com\/pl\/skontaktuj-sie-z-nami\/\" \/>\n<meta property=\"og:site_name\" content=\"Immediate BitXDR\" \/>\n<meta property=\"article:modified_time\" content=\"2024-05-15T12:09:39+00:00\" \/>\n<meta name=\"twitter:card\" content=\"summary_large_image\" \/>\n<meta name=\"twitter:label1\" content=\"Szacowany czas czytania\" \/>\n\t<meta name=\"twitter:data1\" content=\"2 minuty\" \/>\n<script type=\"application\/ld+json\" class=\"yoast-schema-graph\">{\"@context\":\"https:\/\/schema.org\",\"@graph\":[{\"@type\":\"WebPage\",\"@id\":\"https:\/\/immediatebitxdr.com\/pl\/skontaktuj-sie-z-nami\/\",\"url\":\"https:\/\/immediatebitxdr.com\/pl\/skontaktuj-sie-z-nami\/\",\"name\":\"Skontaktuj si\u0119 z nami - Immediate BitXDR\",\"isPartOf\":{\"@id\":\"https:\/\/immediatebitxdr.com\/pl\/#website\"},\"datePublished\":\"2020-02-26T11:48:48+00:00\",\"dateModified\":\"2024-05-15T12:09:39+00:00\",\"description\":\"Nasz oddany zesp\u00f3\u0142 wsparcia jest tutaj, aby pom\u00f3c Ci w przypadku jakichkolwiek pyta\u0144 lub w\u0105tpliwo\u015bci. Niezale\u017cnie od tego, czy jeste\u015b do\u015bwiadczonym traderem, czy dopiero zaczynasz, Twoja satysfakcja jest naszym priorytetem. Po\u0142\u0105cz si\u0119 z nami i wsp\u00f3lnie poruszajmy si\u0119 po ekscytuj\u0105cym \u015bwiecie kryptowalut!\",\"breadcrumb\":{\"@id\":\"https:\/\/immediatebitxdr.com\/pl\/skontaktuj-sie-z-nami\/#breadcrumb\"},\"inLanguage\":\"pl-PL\",\"potentialAction\":[{\"@type\":\"ReadAction\",\"target\":[\"https:\/\/immediatebitxdr.com\/pl\/skontaktuj-sie-z-nami\/\"]}]},{\"@type\":\"BreadcrumbList\",\"@id\":\"https:\/\/immediatebitxdr.com\/pl\/skontaktuj-sie-z-nami\/#breadcrumb\",\"itemListElement\":[{\"@type\":\"ListItem\",\"position\":1,\"name\":\"Home\",\"item\":\"https:\/\/immediatebitxdr.com\/pl\/\"},{\"@type\":\"ListItem\",\"position\":2,\"name\":\"Skontaktuj si\u0119 z nami\"}]},{\"@type\":\"WebSite\",\"@id\":\"https:\/\/immediatebitxdr.com\/pl\/#website\",\"url\":\"https:\/\/immediatebitxdr.com\/pl\/\",\"name\":\"Immediate BitXDR\",\"description\":\"\",\"publisher\":{\"@id\":\"https:\/\/immediatebitxdr.com\/pl\/#organization\"},\"potentialAction\":[{\"@type\":\"SearchAction\",\"target\":{\"@type\":\"EntryPoint\",\"urlTemplate\":\"https:\/\/immediatebitxdr.com\/pl\/?s={search_term_string}\"},\"query-input\":\"required name=search_term_string\"}],\"inLanguage\":\"pl-PL\"},{\"@type\":\"Organization\",\"@id\":\"https:\/\/immediatebitxdr.com\/pl\/#organization\",\"name\":\"Immediate BitXDR\",\"url\":\"https:\/\/immediatebitxdr.com\/pl\/\",\"logo\":{\"@type\":\"ImageObject\",\"inLanguage\":\"pl-PL\",\"@id\":\"https:\/\/immediatebitxdr.com\/pl\/#\/schema\/logo\/image\/\",\"url\":\"\",\"contentUrl\":\"\",\"caption\":\"Immediate BitXDR\"},\"image\":{\"@id\":\"https:\/\/immediatebitxdr.com\/pl\/#\/schema\/logo\/image\/\"}}]}<\/script>\n<!-- \/ Yoast SEO plugin. -->","yoast_head_json":{"title":"Skontaktuj si\u0119 z nami - Immediate BitXDR","description":"Nasz oddany zesp\u00f3\u0142 wsparcia jest tutaj, aby pom\u00f3c Ci w przypadku jakichkolwiek pyta\u0144 lub w\u0105tpliwo\u015bci. Niezale\u017cnie od tego, czy jeste\u015b do\u015bwiadczonym traderem, czy dopiero zaczynasz, Twoja satysfakcja jest naszym priorytetem. Po\u0142\u0105cz si\u0119 z nami i wsp\u00f3lnie poruszajmy si\u0119 po ekscytuj\u0105cym \u015bwiecie kryptowalut!","robots":{"index":"index","follow":"follow","max-snippet":"max-snippet:-1","max-image-preview":"max-image-preview:large","max-video-preview":"max-video-preview:-1"},"canonical":"https:\/\/immediatebitxdr.com\/pl\/skontaktuj-sie-z-nami\/","og_locale":"pl_PL","og_type":"article","og_title":"Skontaktuj si\u0119 z nami - Immediate BitXDR","og_description":"Nasz oddany zesp\u00f3\u0142 wsparcia jest tutaj, aby pom\u00f3c Ci w przypadku jakichkolwiek pyta\u0144 lub w\u0105tpliwo\u015bci. Niezale\u017cnie od tego, czy jeste\u015b do\u015bwiadczonym traderem, czy dopiero zaczynasz, Twoja satysfakcja jest naszym priorytetem. Po\u0142\u0105cz si\u0119 z nami i wsp\u00f3lnie poruszajmy si\u0119 po ekscytuj\u0105cym \u015bwiecie kryptowalut!","og_url":"https:\/\/immediatebitxdr.com\/pl\/skontaktuj-sie-z-nami\/","og_site_name":"Immediate BitXDR","article_modified_time":"2024-05-15T12:09:39+00:00","twitter_card":"summary_large_image","twitter_misc":{"Szacowany czas czytania":"2 minuty"},"schema":{"@context":"https:\/\/schema.org","@graph":[{"@type":"WebPage","@id":"https:\/\/immediatebitxdr.com\/pl\/skontaktuj-sie-z-nami\/","url":"https:\/\/immediatebitxdr.com\/pl\/skontaktuj-sie-z-nami\/","name":"Skontaktuj si\u0119 z nami - Immediate BitXDR","isPartOf":{"@id":"https:\/\/immediatebitxdr.com\/pl\/#website"},"datePublished":"2020-02-26T11:48:48+00:00","dateModified":"2024-05-15T12:09:39+00:00","description":"Nasz oddany zesp\u00f3\u0142 wsparcia jest tutaj, aby pom\u00f3c Ci w przypadku jakichkolwiek pyta\u0144 lub w\u0105tpliwo\u015bci. Niezale\u017cnie od tego, czy jeste\u015b do\u015bwiadczonym traderem, czy dopiero zaczynasz, Twoja satysfakcja jest naszym priorytetem. Po\u0142\u0105cz si\u0119 z nami i wsp\u00f3lnie poruszajmy si\u0119 po ekscytuj\u0105cym \u015bwiecie kryptowalut!","breadcrumb":{"@id":"https:\/\/immediatebitxdr.com\/pl\/skontaktuj-sie-z-nami\/#breadcrumb"},"inLanguage":"pl-PL","potentialAction":[{"@type":"ReadAction","target":["https:\/\/immediatebitxdr.com\/pl\/skontaktuj-sie-z-nami\/"]}]},{"@type":"BreadcrumbList","@id":"https:\/\/immediatebitxdr.com\/pl\/skontaktuj-sie-z-nami\/#breadcrumb","itemListElement":[{"@type":"ListItem","position":1,"name":"Home","item":"https:\/\/immediatebitxdr.com\/pl\/"},{"@type":"ListItem","position":2,"name":"Skontaktuj si\u0119 z nami"}]},{"@type":"WebSite","@id":"https:\/\/immediatebitxdr.com\/pl\/#website","url":"https:\/\/immediatebitxdr.com\/pl\/","name":"Immediate BitXDR","description":"","publisher":{"@id":"https:\/\/immediatebitxdr.com\/pl\/#organization"},"potentialAction":[{"@type":"SearchAction","target":{"@type":"EntryPoint","urlTemplate":"https:\/\/immediatebitxdr.com\/pl\/?s={search_term_string}"},"query-input":"required name=search_term_string"}],"inLanguage":"pl-PL"},{"@type":"Organization","@id":"https:\/\/immediatebitxdr.com\/pl\/#organization","name":"Immediate BitXDR","url":"https:\/\/immediatebitxdr.com\/pl\/","logo":{"@type":"ImageObject","inLanguage":"pl-PL","@id":"https:\/\/immediatebitxdr.com\/pl\/#\/schema\/logo\/image\/","url":"","contentUrl":"","caption":"Immediate BitXDR"},"image":{"@id":"https:\/\/immediatebitxdr.com\/pl\/#\/schema\/logo\/image\/"}}]}},"_links":{"self":[{"href":"https:\/\/immediatebitxdr.com\/pl\/wp-json\/wp\/v2\/pages\/806","targetHints":{"allow":["GET"]}}],"collection":[{"href":"https:\/\/immediatebitxdr.com\/pl\/wp-json\/wp\/v2\/pages"}],"about":[{"href":"https:\/\/immediatebitxdr.com\/pl\/wp-json\/wp\/v2\/types\/page"}],"author":[{"embeddable":true,"href":"https:\/\/immediatebitxdr.com\/pl\/wp-json\/wp\/v2\/users\/1"}],"replies":[{"embeddable":true,"href":"https:\/\/immediatebitxdr.com\/pl\/wp-json\/wp\/v2\/comments?post=806"}],"version-history":[{"count":0,"href":"https:\/\/immediatebitxdr.com\/pl\/wp-json\/wp\/v2\/pages\/806\/revisions"}],"wp:attachment":[{"href":"https:\/\/immediatebitxdr.com\/pl\/wp-json\/wp\/v2\/media?parent=806"}],"curies":[{"name":"wp","href":"https:\/\/api.w.org\/{rel}","templated":true}]}}