{"id":778,"date":"2024-01-26T09:54:07","date_gmt":"2024-01-26T09:54:07","guid":{"rendered":"https:\/\/immediatebitxdr.com\/o-nas\/"},"modified":"2024-05-15T12:09:26","modified_gmt":"2024-05-15T12:09:26","slug":"o-nas","status":"publish","type":"page","link":"https:\/\/immediatebitxdr.com\/pl\/o-nas\/","title":{"rendered":"O nas"},"content":{"rendered":"\n<div class=\"wp-block-cover alignfull is-light\"><span aria-hidden=\"true\" class=\"wp-block-cover__background has-nv-light-bg-background-color has-background-dim-100 has-background-dim\"><\/span><div class=\"wp-block-cover__inner-container is-layout-flow wp-block-cover-is-layout-flow\">\n<div style=\"height:80px\" aria-hidden=\"true\" class=\"wp-block-spacer\"><\/div>\n\n\n\n<div class=\"wp-block-columns are-vertically-aligned-center is-layout-flex wp-container-core-columns-is-layout-9d6595d7 wp-block-columns-is-layout-flex\">\n<div class=\"wp-block-column is-vertically-aligned-center is-layout-flow wp-block-column-is-layout-flow\" style=\"flex-basis:66.66%\">\n<h1 class=\"wp-block-heading has-text-align-center has-neve-text-color-color has-text-color\">O nas<\/h1>\n\n\n\n<p class=\"has-text-align-center has-neve-text-color-color has-text-color\">Witamy w Immediate BitXDR, gdzie innowacja spotyka si\u0119 z dost\u0119pno\u015bci\u0105 w dynamicznym \u015bwiecie handlu kryptowalutami. Poniewa\u017c krajobraz kryptowalut do\u015bwiadcza bezprecedensowego wzrostu, nasza platforma stoi na czele, kt\u00f3rej zadaniem jest zapewnianie inwestorom nieinstytucjonalnym najnowocze\u015bniejszych bot\u00f3w kryptograficznych i strategii automatycznego handlu. Pozw\u00f3lcie, \u017ce zabior\u0119 Was w podr\u00f3\u017c przez nasz\u0105 misj\u0119, przedstawi\u0119 naszych autor\u00f3w, zag\u0142\u0119bi\u0119 si\u0119 w nasz\u0105 spo\u0142eczno\u015b\u0107 i podkre\u015bl\u0119 nasze niezachwiane zaanga\u017cowanie.<\/p>\n\n\n\n<div class=\"wp-block-buttons is-horizontal is-content-justification-center is-layout-flex wp-container-core-buttons-is-layout-499968f5 wp-block-buttons-is-layout-flex\">\n<div class=\"wp-block-button is-style-secondary\"><a class=\"wp-block-button__link has-neve-text-color-color has-neve-link-hover-color-background-color has-text-color has-background has-link-color wp-element-button\">Zacznij handlowa\u0107<\/a><\/div>\n<\/div>\n<\/div>\n\n\n\n<div class=\"wp-block-column is-vertically-aligned-center is-layout-flow wp-block-column-is-layout-flow\" style=\"flex-basis:33.33%\">\n<figure class=\"wp-block-image size-full\"><img decoding=\"async\" src=\"https:\/\/immediatebitxdr.com\/wp-content\/uploads\/2024\/01\/&#x2014;Pngtree&#x2014;financial-material_4391789.png\" alt=\"Immediate BitXDR\" class=\"wp-image-22\"\/><\/figure>\n<\/div>\n<\/div>\n\n\n\n<div style=\"height:80px\" aria-hidden=\"true\" class=\"wp-block-spacer\"><\/div>\n<\/div><\/div>\n\n<div class=\"wp-block-cover alignfull is-light\"><span aria-hidden=\"true\" class=\"wp-block-cover__background has-nv-dark-bg-background-color has-background-dim-100 has-background-dim\"><\/span><div class=\"wp-block-cover__inner-container is-layout-flow wp-block-cover-is-layout-flow\">\n<div style=\"height:80px\" aria-hidden=\"true\" class=\"wp-block-spacer\"><\/div>\n\n\n\n<div class=\"wp-block-columns is-layout-flex wp-container-core-columns-is-layout-9d6595d7 wp-block-columns-is-layout-flex\">\n<div class=\"wp-block-column is-layout-flow wp-block-column-is-layout-flow\">\n<figure class=\"wp-block-image size-large is-resized\"><img loading=\"lazy\" decoding=\"async\" width=\"732\" height=\"1024\" src=\"https:\/\/immediatebitxdr.com\/wp-content\/uploads\/2024\/01\/v882-aew-59-b-732x1024.jpg\" alt=\"Immediate BitXDR\" class=\"wp-image-300\" style=\"width:505px;height:auto\" srcset=\"https:\/\/immediatebitxdr.com\/wp-content\/uploads\/2024\/01\/v882-aew-59-b-732x1024.jpg 732w, https:\/\/immediatebitxdr.com\/wp-content\/uploads\/2024\/01\/v882-aew-59-b-214x300.jpg 214w, https:\/\/immediatebitxdr.com\/wp-content\/uploads\/2024\/01\/v882-aew-59-b-768x1075.jpg 768w, https:\/\/immediatebitxdr.com\/wp-content\/uploads\/2024\/01\/v882-aew-59-b-1097x1536.jpg 1097w, https:\/\/immediatebitxdr.com\/wp-content\/uploads\/2024\/01\/v882-aew-59-b-1463x2048.jpg 1463w, https:\/\/immediatebitxdr.com\/wp-content\/uploads\/2024\/01\/v882-aew-59-b-scaled.jpg 1829w\" sizes=\"auto, (max-width: 732px) 100vw, 732px\" \/><\/figure>\n<\/div>\n\n\n\n<div class=\"wp-block-column is-vertically-aligned-center is-layout-flow wp-block-column-is-layout-flow\">\n<h2 class=\"wp-block-heading has-text-align-center has-nv-text-dark-bg-color has-text-color\">Nasza misja i wizja<\/h2>\n\n\n\n<p class=\"has-neve-text-color-color has-text-color has-link-color wp-elements-fd96efe9981c6e7b49384660c45ce65f\">W Immediate BitXDR nasza misja jest jasna: demokratyzacja dost\u0119pu do rozwi\u0105za\u0144 handlu algorytmicznego. Wyobra\u017camy sobie przysz\u0142o\u015b\u0107, w kt\u00f3rej ka\u017cdy inwestor, niezale\u017cnie od swojego pochodzenia i wiedzy specjalistycznej, b\u0119dzie m\u00f3g\u0142 wykorzysta\u0107 moc wyrafinowanych narz\u0119dzi handlowych, wcze\u015bniej zarezerwowanych dla ilo\u015bciowych funduszy hedgingowych. Opieraj\u0105c si\u0119 na naszym do\u015bwiadczeniu z pierwszej r\u0119ki w poruszaniu si\u0119 po rynkach kryptowalut, dostrzegli\u015bmy potrzeb\u0119 platformy, kt\u00f3ra wype\u0142ni luk\u0119 mi\u0119dzy strategiami klasy instytucjonalnej a inwestorami indywidualnymi.<\/p>\n\n\n\n<p class=\"has-neve-text-color-color has-text-color has-link-color wp-elements-6e0c9e07c08dcc3a1937387c0f91cf3f\">Zgodnie z nasz\u0105 wiedz\u0105 rozumiemy, \u017ce przestrze\u0144 kryptowalut mo\u017ce by\u0107 zar\u00f3wno ekscytuj\u0105ca, jak i wymagaj\u0105ca. Dzi\u0119ki naszej praktycznej wiedzy opracowali\u015bmy przyjazn\u0105 dla u\u017cytkownika platform\u0119, kt\u00f3ra upraszcza z\u0142o\u017cono\u015b\u0107 handlu algorytmicznego, czyni\u0105c go dost\u0119pnym dla szerszego grona odbiorc\u00f3w. Metod\u0105 pr\u00f3b i b\u0142\u0119d\u00f3w odkryli\u015bmy, \u017ce zapewnienie p\u0142ynnej i intuicyjnej obs\u0142ugi ma ogromne znaczenie, je\u015bli chodzi o umo\u017cliwienie inwestorom podejmowania \u015bwiadomych decyzji na stale rozwijaj\u0105cym si\u0119 rynku kryptowalut.<\/p>\n\n\n\n<p class=\"has-neve-text-color-color has-text-color has-link-color wp-elements-9392aa8a8e2df18651af9993965f46ef\">Nasze badanie wykaza\u0142o, \u017ce oferuj\u0105c szereg bot\u00f3w kryptograficznych i zautomatyzowanych strategii handlowych, umo\u017cliwiamy naszym u\u017cytkownikom efektywne poruszanie si\u0119 po rynku, wykorzystywanie mo\u017cliwo\u015bci i ograniczanie ryzyka. Nasze ustalenia pokazuj\u0105, \u017ce Immediate BitXDR to nie tylko platforma; to kompleksowe rozwi\u0105zanie zaprojektowane, aby poprawi\u0107 Twoje do\u015bwiadczenie handlowe.<\/p>\n<\/div>\n<\/div>\n\n\n\n<div style=\"height:50px\" aria-hidden=\"true\" class=\"wp-block-spacer\"><\/div>\n<\/div><\/div>\n\n<div class=\"wp-block-cover alignfull\"><span aria-hidden=\"true\" class=\"wp-block-cover__background has-nv-dark-bg-background-color has-background-dim-100 has-background-dim\"><\/span><div class=\"wp-block-cover__inner-container is-layout-flow wp-block-cover-is-layout-flow\">\n<div style=\"height:80px\" aria-hidden=\"true\" class=\"wp-block-spacer\"><\/div>\n\n\n\n<div class=\"wp-block-columns is-layout-flex wp-container-core-columns-is-layout-9d6595d7 wp-block-columns-is-layout-flex\">\n<div class=\"wp-block-column is-vertically-aligned-center is-layout-flow wp-block-column-is-layout-flow\">\n<h2 class=\"wp-block-heading has-text-align-center has-nv-text-dark-bg-color has-text-color\">Nasza spo\u0142eczno\u015b\u0107<\/h2>\n\n\n\n<p>Natychmiastowy BitXDR to co\u015b wi\u0119cej ni\u017c tylko platforma; to kwitn\u0105ca spo\u0142eczno\u015b\u0107 os\u00f3b o podobnych pogl\u0105dach, pasjonuj\u0105cych si\u0119 przysz\u0142o\u015bci\u0105 kryptowalut. Nasza spo\u0142eczno\u015b\u0107 to przestrze\u0144 wymiany pomys\u0142\u00f3w, uczenia si\u0119 od siebie nawzajem i bycia na bie\u017c\u0105co z najnowszymi trendami w \u015bwiecie kryptowalut.<\/p>\n\n\n\n<p>Niezale\u017cnie od tego, czy jeste\u015b do\u015bwiadczonym traderem, czy po prostu zanurzasz palce w wodach kryptowalut, nasza spo\u0142eczno\u015b\u0107 zapewnia \u015brodowisko wspieraj\u0105ce rozw\u00f3j i eksploracj\u0119. Anga\u017cuj si\u0119 w dyskusje, zadawaj pytania i poszerzaj swoj\u0105 wiedz\u0119 na temat rynku kryptowalut wraz z innymi entuzjastami.<\/p>\n<\/div>\n\n\n\n<div class=\"wp-block-column is-layout-flow wp-block-column-is-layout-flow\">\n<figure class=\"wp-block-image size-full is-resized\"><img loading=\"lazy\" decoding=\"async\" width=\"1024\" height=\"640\" src=\"https:\/\/immediatebitxdr.com\/wp-content\/uploads\/2024\/01\/crypto_analysis-1.jpg\" alt=\"Immediate BitXDR\" class=\"wp-image-286\" style=\"width:505px;height:auto\" srcset=\"https:\/\/immediatebitxdr.com\/wp-content\/uploads\/2024\/01\/crypto_analysis-1.jpg 1024w, https:\/\/immediatebitxdr.com\/wp-content\/uploads\/2024\/01\/crypto_analysis-1-300x188.jpg 300w, https:\/\/immediatebitxdr.com\/wp-content\/uploads\/2024\/01\/crypto_analysis-1-768x480.jpg 768w\" sizes=\"auto, (max-width: 1024px) 100vw, 1024px\" \/><\/figure>\n<\/div>\n<\/div>\n\n\n\n<div style=\"height:50px\" aria-hidden=\"true\" class=\"wp-block-spacer\"><\/div>\n<\/div><\/div>\n\n<div class=\"wp-block-cover alignfull is-light\"><span aria-hidden=\"true\" class=\"wp-block-cover__background has-nv-light-bg-background-color has-background-dim-100 has-background-dim\"><\/span><div class=\"wp-block-cover__inner-container is-layout-flow wp-block-cover-is-layout-flow\">\n<div style=\"height:33px\" aria-hidden=\"true\" class=\"wp-block-spacer\"><\/div>\n\n\n\n<h2 class=\"wp-block-heading has-text-align-center has-neve-text-color-color has-text-color has-link-color wp-elements-c99264fee98275b9346b450297b1c6e7\">Nasze zaanga\u017cowanie<\/h2>\n\n\n\n<p class=\"has-neve-text-color-color has-text-color has-link-color wp-elements-56f4ff5d3ba5ea90ef516b8affd4ce6a\">Nasze zaanga\u017cowanie wykracza poza dostarczanie zaawansowanych narz\u0119dzi handlowych i wspieranie t\u0119tni\u0105cej \u017cyciem spo\u0142eczno\u015bci. Zale\u017cy nam na przejrzysto\u015bci, bezpiecze\u0144stwie i ci\u0105g\u0142ym doskonaleniu. Nasz zesp\u00f3\u0142 niestrudzenie pracuje, aby zapewni\u0107, \u017ce Immediate BitXDR pozostanie zaufan\u0105 platform\u0105 dla entuzjast\u00f3w kryptowalut na ca\u0142ym \u015bwiecie. W ramach naszego zaanga\u017cowania priorytetowo traktujemy:<\/p>\n\n\n\n<div class=\"wp-block-columns is-layout-flex wp-container-core-columns-is-layout-9d6595d7 wp-block-columns-is-layout-flex\">\n<div class=\"wp-block-column is-layout-flow wp-block-column-is-layout-flow\">\n<h3 class=\"wp-block-heading has-text-align-center has-neve-text-color-color has-text-color\">Bezpiecze\u0144stwo u\u017cytkownik\u00f3w<\/h3>\n\n\n\n<p class=\"has-text-align-center has-neve-text-color-color has-text-color\">Dzi\u0119ki solidnym \u015brodkom bezpiecze\u0144stwa chronimy Twoje aktywa i dane osobowe, zapewniaj\u0105c bezpieczne \u015brodowisko handlowe.<\/p>\n\n\n\n<div class=\"wp-block-buttons is-horizontal is-content-justification-center is-layout-flex wp-container-core-buttons-is-layout-499968f5 wp-block-buttons-is-layout-flex\"><\/div>\n\n\n\n<div style=\"height:20px\" aria-hidden=\"true\" class=\"wp-block-spacer\"><\/div>\n<\/div>\n\n\n\n<div class=\"wp-block-column is-layout-flow wp-block-column-is-layout-flow\">\n<h3 class=\"wp-block-heading has-text-align-center has-neve-text-color-color has-text-color\">Innowacja<\/h3>\n\n\n\n<p class=\"has-text-align-center has-neve-text-color-color has-text-color\">Zale\u017cy nam na pozostawaniu w czo\u0142\u00f3wce post\u0119pu technologicznego, regularnie aktualizuj\u0105c nasz\u0105 platform\u0119 o nowe funkcje i ulepszenia.<\/p>\n\n\n\n<div class=\"wp-block-buttons is-horizontal is-content-justification-center is-layout-flex wp-container-core-buttons-is-layout-499968f5 wp-block-buttons-is-layout-flex\"><\/div>\n\n\n\n<div style=\"height:20px\" aria-hidden=\"true\" class=\"wp-block-spacer\"><\/div>\n<\/div>\n\n\n\n<div class=\"wp-block-column is-layout-flow wp-block-column-is-layout-flow\">\n<h3 class=\"wp-block-heading has-text-align-center has-neve-text-color-color has-text-color\">Obs\u0142uga klienta<\/h3>\n\n\n\n<p class=\"has-text-align-center has-neve-text-color-color has-text-color\">Nasz oddany zesp\u00f3\u0142 wsparcia jest do Twojej dyspozycji, szybko odpowiadaj\u0105c na zapytania i w\u0105tpliwo\u015bci, aby poprawi\u0107 og\u00f3lne wra\u017cenia.<\/p>\n\n\n\n<div class=\"wp-block-buttons is-horizontal is-content-justification-center is-layout-flex wp-container-core-buttons-is-layout-499968f5 wp-block-buttons-is-layout-flex\"><\/div>\n\n\n\n<div style=\"height:20px\" aria-hidden=\"true\" class=\"wp-block-spacer\"><\/div>\n<\/div>\n<\/div>\n\n\n\n<div style=\"height:80px\" aria-hidden=\"true\" class=\"wp-block-spacer\"><\/div>\n<\/div><\/div>\n","protected":false},"excerpt":{"rendered":"","protected":false},"author":1,"featured_media":0,"parent":0,"menu_order":0,"comment_status":"closed","ping_status":"closed","template":"","meta":{"inline_featured_image":false,"_monsterinsights_skip_tracking":false,"_monsterinsights_sitenote_active":false,"_monsterinsights_sitenote_note":"","_monsterinsights_sitenote_category":0,"neve_meta_sidebar":"full-width","neve_meta_container":"","neve_meta_enable_content_width":"on","neve_meta_content_width":100,"neve_meta_title_alignment":"","neve_meta_author_avatar":"","neve_post_elements_order":"","neve_meta_disable_header":"","neve_meta_disable_footer":"","neve_meta_disable_title":"on","_themeisle_gutenberg_block_has_review":false,"_ti_tpc_template_sync":false,"_ti_tpc_template_id":"","footnotes":""},"class_list":["post-778","page","type-page","status-publish","hentry"],"yoast_head":"<!-- This site is optimized with the Yoast SEO plugin v22.7 - https:\/\/yoast.com\/wordpress\/plugins\/seo\/ -->\n<title>O nas - Immediate BitXDR<\/title>\n<meta name=\"description\" content=\"Natychmiastowy BitXDR to co\u015b wi\u0119cej ni\u017c platforma; jest to zobowi\u0105zanie do zrewolucjonizowania sposobu, w jaki jednostki anga\u017cuj\u0105 si\u0119 w rynek kryptowalut. Do\u0142\u0105cz do nas w tej ekscytuj\u0105cej podr\u00f3\u017cy i wsp\u00f3lnie kszta\u0142tujmy przysz\u0142o\u015b\u0107 handlu kryptowalutami.\" \/>\n<meta name=\"robots\" content=\"index, follow, max-snippet:-1, max-image-preview:large, max-video-preview:-1\" \/>\n<link rel=\"canonical\" href=\"https:\/\/immediatebitxdr.com\/pl\/o-nas\/\" \/>\n<meta property=\"og:locale\" content=\"pl_PL\" \/>\n<meta property=\"og:type\" content=\"article\" \/>\n<meta property=\"og:title\" content=\"O nas - Immediate BitXDR\" \/>\n<meta property=\"og:description\" content=\"Natychmiastowy BitXDR to co\u015b wi\u0119cej ni\u017c platforma; jest to zobowi\u0105zanie do zrewolucjonizowania sposobu, w jaki jednostki anga\u017cuj\u0105 si\u0119 w rynek kryptowalut. Do\u0142\u0105cz do nas w tej ekscytuj\u0105cej podr\u00f3\u017cy i wsp\u00f3lnie kszta\u0142tujmy przysz\u0142o\u015b\u0107 handlu kryptowalutami.\" \/>\n<meta property=\"og:url\" content=\"https:\/\/immediatebitxdr.com\/pl\/o-nas\/\" \/>\n<meta property=\"og:site_name\" content=\"Immediate BitXDR\" \/>\n<meta property=\"article:modified_time\" content=\"2024-05-15T12:09:26+00:00\" \/>\n<meta property=\"og:image\" content=\"https:\/\/immediatebitxdr.com\/wp-content\/uploads\/2024\/01\/&#x2014;Pngtree&#x2014;financial-material_4391789.png\" \/>\n<meta name=\"twitter:card\" content=\"summary_large_image\" \/>\n<meta name=\"twitter:label1\" content=\"Szacowany czas czytania\" \/>\n\t<meta name=\"twitter:data1\" content=\"3 minuty\" \/>\n<script type=\"application\/ld+json\" class=\"yoast-schema-graph\">{\"@context\":\"https:\/\/schema.org\",\"@graph\":[{\"@type\":\"WebPage\",\"@id\":\"https:\/\/immediatebitxdr.com\/pl\/o-nas\/\",\"url\":\"https:\/\/immediatebitxdr.com\/pl\/o-nas\/\",\"name\":\"O nas - Immediate BitXDR\",\"isPartOf\":{\"@id\":\"https:\/\/immediatebitxdr.com\/pl\/#website\"},\"primaryImageOfPage\":{\"@id\":\"https:\/\/immediatebitxdr.com\/pl\/o-nas\/#primaryimage\"},\"image\":{\"@id\":\"https:\/\/immediatebitxdr.com\/pl\/o-nas\/#primaryimage\"},\"thumbnailUrl\":\"https:\/\/immediatebitxdr.com\/wp-content\/uploads\/2024\/01\/&#x2014;Pngtree&#x2014;financial-material_4391789.png\",\"datePublished\":\"2024-01-26T09:54:07+00:00\",\"dateModified\":\"2024-05-15T12:09:26+00:00\",\"description\":\"Natychmiastowy BitXDR to co\u015b wi\u0119cej ni\u017c platforma; jest to zobowi\u0105zanie do zrewolucjonizowania sposobu, w jaki jednostki anga\u017cuj\u0105 si\u0119 w rynek kryptowalut. Do\u0142\u0105cz do nas w tej ekscytuj\u0105cej podr\u00f3\u017cy i wsp\u00f3lnie kszta\u0142tujmy przysz\u0142o\u015b\u0107 handlu kryptowalutami.\",\"breadcrumb\":{\"@id\":\"https:\/\/immediatebitxdr.com\/pl\/o-nas\/#breadcrumb\"},\"inLanguage\":\"pl-PL\",\"potentialAction\":[{\"@type\":\"ReadAction\",\"target\":[\"https:\/\/immediatebitxdr.com\/pl\/o-nas\/\"]}]},{\"@type\":\"ImageObject\",\"inLanguage\":\"pl-PL\",\"@id\":\"https:\/\/immediatebitxdr.com\/pl\/o-nas\/#primaryimage\",\"url\":\"https:\/\/immediatebitxdr.com\/wp-content\/uploads\/2024\/01\/&#x2014;Pngtree&#x2014;financial-material_4391789.png\",\"contentUrl\":\"https:\/\/immediatebitxdr.com\/wp-content\/uploads\/2024\/01\/&#x2014;Pngtree&#x2014;financial-material_4391789.png\"},{\"@type\":\"BreadcrumbList\",\"@id\":\"https:\/\/immediatebitxdr.com\/pl\/o-nas\/#breadcrumb\",\"itemListElement\":[{\"@type\":\"ListItem\",\"position\":1,\"name\":\"Home\",\"item\":\"https:\/\/immediatebitxdr.com\/pl\/\"},{\"@type\":\"ListItem\",\"position\":2,\"name\":\"O nas\"}]},{\"@type\":\"WebSite\",\"@id\":\"https:\/\/immediatebitxdr.com\/pl\/#website\",\"url\":\"https:\/\/immediatebitxdr.com\/pl\/\",\"name\":\"Immediate BitXDR\",\"description\":\"\",\"publisher\":{\"@id\":\"https:\/\/immediatebitxdr.com\/pl\/#organization\"},\"potentialAction\":[{\"@type\":\"SearchAction\",\"target\":{\"@type\":\"EntryPoint\",\"urlTemplate\":\"https:\/\/immediatebitxdr.com\/pl\/?s={search_term_string}\"},\"query-input\":\"required name=search_term_string\"}],\"inLanguage\":\"pl-PL\"},{\"@type\":\"Organization\",\"@id\":\"https:\/\/immediatebitxdr.com\/pl\/#organization\",\"name\":\"Immediate BitXDR\",\"url\":\"https:\/\/immediatebitxdr.com\/pl\/\",\"logo\":{\"@type\":\"ImageObject\",\"inLanguage\":\"pl-PL\",\"@id\":\"https:\/\/immediatebitxdr.com\/pl\/#\/schema\/logo\/image\/\",\"url\":\"\",\"contentUrl\":\"\",\"caption\":\"Immediate BitXDR\"},\"image\":{\"@id\":\"https:\/\/immediatebitxdr.com\/pl\/#\/schema\/logo\/image\/\"}}]}<\/script>\n<!-- \/ Yoast SEO plugin. -->","yoast_head_json":{"title":"O nas - Immediate BitXDR","description":"Natychmiastowy BitXDR to co\u015b wi\u0119cej ni\u017c platforma; jest to zobowi\u0105zanie do zrewolucjonizowania sposobu, w jaki jednostki anga\u017cuj\u0105 si\u0119 w rynek kryptowalut. Do\u0142\u0105cz do nas w tej ekscytuj\u0105cej podr\u00f3\u017cy i wsp\u00f3lnie kszta\u0142tujmy przysz\u0142o\u015b\u0107 handlu kryptowalutami.","robots":{"index":"index","follow":"follow","max-snippet":"max-snippet:-1","max-image-preview":"max-image-preview:large","max-video-preview":"max-video-preview:-1"},"canonical":"https:\/\/immediatebitxdr.com\/pl\/o-nas\/","og_locale":"pl_PL","og_type":"article","og_title":"O nas - Immediate BitXDR","og_description":"Natychmiastowy BitXDR to co\u015b wi\u0119cej ni\u017c platforma; jest to zobowi\u0105zanie do zrewolucjonizowania sposobu, w jaki jednostki anga\u017cuj\u0105 si\u0119 w rynek kryptowalut. Do\u0142\u0105cz do nas w tej ekscytuj\u0105cej podr\u00f3\u017cy i wsp\u00f3lnie kszta\u0142tujmy przysz\u0142o\u015b\u0107 handlu kryptowalutami.","og_url":"https:\/\/immediatebitxdr.com\/pl\/o-nas\/","og_site_name":"Immediate BitXDR","article_modified_time":"2024-05-15T12:09:26+00:00","og_image":[{"url":"https:\/\/immediatebitxdr.com\/wp-content\/uploads\/2024\/01\/&#x2014;Pngtree&#x2014;financial-material_4391789.png"}],"twitter_card":"summary_large_image","twitter_misc":{"Szacowany czas czytania":"3 minuty"},"schema":{"@context":"https:\/\/schema.org","@graph":[{"@type":"WebPage","@id":"https:\/\/immediatebitxdr.com\/pl\/o-nas\/","url":"https:\/\/immediatebitxdr.com\/pl\/o-nas\/","name":"O nas - Immediate BitXDR","isPartOf":{"@id":"https:\/\/immediatebitxdr.com\/pl\/#website"},"primaryImageOfPage":{"@id":"https:\/\/immediatebitxdr.com\/pl\/o-nas\/#primaryimage"},"image":{"@id":"https:\/\/immediatebitxdr.com\/pl\/o-nas\/#primaryimage"},"thumbnailUrl":"https:\/\/immediatebitxdr.com\/wp-content\/uploads\/2024\/01\/&#x2014;Pngtree&#x2014;financial-material_4391789.png","datePublished":"2024-01-26T09:54:07+00:00","dateModified":"2024-05-15T12:09:26+00:00","description":"Natychmiastowy BitXDR to co\u015b wi\u0119cej ni\u017c platforma; jest to zobowi\u0105zanie do zrewolucjonizowania sposobu, w jaki jednostki anga\u017cuj\u0105 si\u0119 w rynek kryptowalut. Do\u0142\u0105cz do nas w tej ekscytuj\u0105cej podr\u00f3\u017cy i wsp\u00f3lnie kszta\u0142tujmy przysz\u0142o\u015b\u0107 handlu kryptowalutami.","breadcrumb":{"@id":"https:\/\/immediatebitxdr.com\/pl\/o-nas\/#breadcrumb"},"inLanguage":"pl-PL","potentialAction":[{"@type":"ReadAction","target":["https:\/\/immediatebitxdr.com\/pl\/o-nas\/"]}]},{"@type":"ImageObject","inLanguage":"pl-PL","@id":"https:\/\/immediatebitxdr.com\/pl\/o-nas\/#primaryimage","url":"https:\/\/immediatebitxdr.com\/wp-content\/uploads\/2024\/01\/&#x2014;Pngtree&#x2014;financial-material_4391789.png","contentUrl":"https:\/\/immediatebitxdr.com\/wp-content\/uploads\/2024\/01\/&#x2014;Pngtree&#x2014;financial-material_4391789.png"},{"@type":"BreadcrumbList","@id":"https:\/\/immediatebitxdr.com\/pl\/o-nas\/#breadcrumb","itemListElement":[{"@type":"ListItem","position":1,"name":"Home","item":"https:\/\/immediatebitxdr.com\/pl\/"},{"@type":"ListItem","position":2,"name":"O nas"}]},{"@type":"WebSite","@id":"https:\/\/immediatebitxdr.com\/pl\/#website","url":"https:\/\/immediatebitxdr.com\/pl\/","name":"Immediate BitXDR","description":"","publisher":{"@id":"https:\/\/immediatebitxdr.com\/pl\/#organization"},"potentialAction":[{"@type":"SearchAction","target":{"@type":"EntryPoint","urlTemplate":"https:\/\/immediatebitxdr.com\/pl\/?s={search_term_string}"},"query-input":"required name=search_term_string"}],"inLanguage":"pl-PL"},{"@type":"Organization","@id":"https:\/\/immediatebitxdr.com\/pl\/#organization","name":"Immediate BitXDR","url":"https:\/\/immediatebitxdr.com\/pl\/","logo":{"@type":"ImageObject","inLanguage":"pl-PL","@id":"https:\/\/immediatebitxdr.com\/pl\/#\/schema\/logo\/image\/","url":"","contentUrl":"","caption":"Immediate BitXDR"},"image":{"@id":"https:\/\/immediatebitxdr.com\/pl\/#\/schema\/logo\/image\/"}}]}},"_links":{"self":[{"href":"https:\/\/immediatebitxdr.com\/pl\/wp-json\/wp\/v2\/pages\/778","targetHints":{"allow":["GET"]}}],"collection":[{"href":"https:\/\/immediatebitxdr.com\/pl\/wp-json\/wp\/v2\/pages"}],"about":[{"href":"https:\/\/immediatebitxdr.com\/pl\/wp-json\/wp\/v2\/types\/page"}],"author":[{"embeddable":true,"href":"https:\/\/immediatebitxdr.com\/pl\/wp-json\/wp\/v2\/users\/1"}],"replies":[{"embeddable":true,"href":"https:\/\/immediatebitxdr.com\/pl\/wp-json\/wp\/v2\/comments?post=778"}],"version-history":[{"count":0,"href":"https:\/\/immediatebitxdr.com\/pl\/wp-json\/wp\/v2\/pages\/778\/revisions"}],"wp:attachment":[{"href":"https:\/\/immediatebitxdr.com\/pl\/wp-json\/wp\/v2\/media?parent=778"}],"curies":[{"name":"wp","href":"https:\/\/api.w.org\/{rel}","templated":true}]}}