{"id":995,"date":"2020-02-26T11:48:48","date_gmt":"2020-02-26T11:48:48","guid":{"rendered":"https:\/\/immediatebitxdr.com\/kontakt-oss\/"},"modified":"2024-05-15T12:09:38","modified_gmt":"2024-05-15T12:09:38","slug":"kontakt-oss","status":"publish","type":"page","link":"https:\/\/immediatebitxdr.com\/no\/kontakt-oss\/","title":{"rendered":"Kontakt oss"},"content":{"rendered":"\n<div id=\"wp-block-themeisle-blocks-advanced-columns-fd115547\" class=\"wp-block-themeisle-blocks-advanced-columns alignfull has-1-columns has-desktop-equal-layout has-tablet-equal-layout has-mobile-equal-layout has-vertical-unset\"><div class=\"wp-block-themeisle-blocks-advanced-columns-overlay\"><\/div><div class=\"innerblocks-wrap\">\n<div id=\"wp-block-themeisle-blocks-advanced-column-de2aa3a2\" class=\"wp-block-themeisle-blocks-advanced-column has-dark-bg\">\n<p id=\"wp-block-themeisle-blocks-advanced-heading-fb9ebb12\" class=\"wp-block-themeisle-blocks-advanced-heading wp-block-themeisle-blocks-advanced-heading-fb9ebb12\"> <strong>TA KONTAKT<\/strong> <\/p>\n\n\n\n<h1 class=\"wp-block-heading has-text-align-center has-nv-text-dark-bg-color has-text-color\">  Kontakt oss  <\/h1>\n\n\n\n<p class=\"has-text-align-center\">Takk for at du vurderer \u00e5 ta kontakt med oss i Immediate BitXDR. Dine tilbakemeldinger, sp\u00f8rsm\u00e5l og henvendelser er verdifulle for oss i v\u00e5rt arbeid med \u00e5 gi brukerne v\u00e5re en best mulig opplevelse. Enten du er en erfaren trader, en nysgjerrig investor eller en potensiell partner, er du velkommen til \u00e5 kontakte oss.<\/p>\n<\/div>\n<\/div><\/div>\n\n<div id=\"wp-block-themeisle-blocks-advanced-columns-7c7a89c9\" class=\"wp-block-themeisle-blocks-advanced-columns alignfull has-1-columns has-desktop-equal-layout has-tablet-equal-layout has-mobile-collapsedRows-layout has-vertical-center\"><div class=\"wp-block-themeisle-blocks-advanced-columns-overlay\"><\/div><div class=\"innerblocks-wrap\">\n<div id=\"wp-block-themeisle-blocks-advanced-column-6b5d17f2\" class=\"wp-block-themeisle-blocks-advanced-column\">\n<h2 class=\"wp-block-heading\">Generelle henvendelser<\/h2>\n\n\n\n<p>Hvis du har generelle sp\u00f8rsm\u00e5l eller \u00f8nsker informasjon om plattformen, tjenestene og tilbudene v\u00e5re, er du velkommen til \u00e5 kontakte teamet v\u00e5rt. Vi er her for \u00e5 hjelpe deg og sikre at du har den informasjonen du trenger for \u00e5 navigere effektivt i kryptomarkedet.<\/p>\n\n\n\n<h2 class=\"wp-block-heading\">Kundest\u00f8tte<\/h2>\n\n\n\n<p>Hvis du trenger hjelp med Immediate BitXDR-kontoen din, st\u00f8ter p\u00e5 problemer eller har spesifikke sp\u00f8rsm\u00e5l om bruk av kryptobotene og handelsstrategiene v\u00e5re, er kundest\u00f8tteteamet v\u00e5rt klar til \u00e5 hjelpe deg. Vi prioriterer raske og effektive svar for \u00e5 sikre at du f\u00e5r mest mulig ut av handelsopplevelsen din.<\/p>\n\n\n\n<h2 class=\"wp-block-heading\">Partnerskap og samarbeid<\/h2>\n\n\n\n<p>Immediate BitXDR er alltid \u00e5pen for \u00e5 utforske partnerskap og samarbeid som er i tr\u00e5d med oppdraget v\u00e5rt. Hvis du representerer et selskap, en organisasjon eller har et forslag til samarbeid, kan du ta kontakt med partnerskapsteamet v\u00e5rt. Vi tror p\u00e5 kraften i samarbeid for \u00e5 fremme innovasjon og forbedre krypto\u00f8kosystemet.<\/p>\n\n\n\n<h2 class=\"wp-block-heading\">Teknisk st\u00f8tte<\/h2>\n\n\n\n<p>Hvis du st\u00f8ter p\u00e5 tekniske problemer, feil eller har spesifikke tekniske sp\u00f8rsm\u00e5l knyttet til plattformen v\u00e5r, er v\u00e5rt tekniske supportteam dedikert til \u00e5 l\u00f8se problemene dine raskt. Din s\u00f8ml\u00f8se opplevelse er v\u00e5r prioritet.<\/p>\n\n\n\n<h2 class=\"wp-block-heading\">Ta kontakt med oss<\/h2>\n\n\n\n<p>Hold deg oppdatert p\u00e5 Immediate BitXDR gjennom v\u00e5re kanaler p\u00e5 sosiale medier. F\u00f8lg oss p\u00e5 [insert social media platforms] for de siste oppdateringene, markedsinnsikt og kunngj\u00f8ringer. Engasjer deg i fellesskapet v\u00e5rt og bli en del av den p\u00e5g\u00e5ende samtalen om kryptovalutaens spennende verden.<\/p>\n\n\n\n<h2 class=\"wp-block-heading\">Bes\u00f8k oss<\/h2>\n\n\n\n<p>Hvis du foretrekker \u00e5 m\u00f8te oss ansikt til ansikt, er du velkommen til \u00e5 bes\u00f8ke v\u00e5re kontorer. Avtal en tid p\u00e5 forh\u00e5nd for \u00e5 sikre at de relevante teammedlemmene er tilgjengelige for \u00e5 m\u00f8te deg.<\/p>\n\n\n\n<h2 class=\"wp-block-heading\">Umiddelbart BitXDR-hovedkvarter<\/h2>\n\n\n\n<p>USA: 2363 Hurry Street Fredericksburg, VA 22401<\/p>\n\n\n\n<p>Tyskland: Oldesloer Strasse 92, 07602 Eisenberg<\/p>\n\n\n\n<p>Storbritannia: 65 Souterhead Road LOWER BOSCASWELL TR19 7EY<\/p>\n\n\n\n<p>E-post: support@<a href=\"https:\/\/immediatebitxdr.com\/no\/\" target=\"_blank\" rel=\"noreferrer noopener\"><\/a>immediatebitxdr.com<\/p>\n\n\n\n<p>Tlf: +44 078 5290 8427<\/p>\n<\/div>\n<\/div><\/div>\n\n<div id=\"wp-block-themeisle-blocks-advanced-columns-2672f4b5\" class=\"wp-block-themeisle-blocks-advanced-columns alignfull has-2-columns has-desktop-equal-layout has-tablet-equal-layout has-mobile-collapsedRows-layout has-vertical-unset has-dark-bg\"><div class=\"wp-block-themeisle-blocks-advanced-columns-overlay\"><\/div><div class=\"innerblocks-wrap\">\n<div id=\"wp-block-themeisle-blocks-advanced-column-05e52c3e\" class=\"wp-block-themeisle-blocks-advanced-column\">\n<h2 class=\"wp-block-heading has-nv-text-dark-bg-color has-text-color\">  Send en direktemelding ved hjelp av skjemaet  <\/h2>\n\n\n\n<p>V\u00e5rt dedikerte supportteam er her for \u00e5 hjelpe deg med eventuelle sp\u00f8rsm\u00e5l eller bekymringer. Enten du er en erfaren trader eller nettopp har begynt, er din tilfredshet v\u00e5r prioritet. Ta kontakt med oss, s\u00e5 navigerer vi sammen i kryptovalutaens spennende verden!<\/p>\n\n\n\n<p>Vi setter pris p\u00e5 din interesse for Immediate BitXDR, og vi ser frem til \u00e5 h\u00f8re fra deg. Kommunikasjonen din er avgj\u00f8rende for at vi skal kunne forbedre oss og bedre ivareta de ulike behovene i det voksende samfunnet v\u00e5rt.<\/p>\n\n\n\n<div id=\"wp-block-themeisle-blocks-button-group-89e6367b\" class=\"wp-block-themeisle-blocks-button-group wp-block-buttons\">\n<div id=\"wp-block-themeisle-blocks-button-f6ab3bb5\" class=\"wp-block-themeisle-blocks-button wp-block-button\"><a href=\"\" target=\"_blank\" rel=\"noopener noreferrer\" class=\"wp-block-button__link\"><i class=\"fab fa-fw fa-facebook-f\"><\/i><\/a><\/div>\n\n\n\n<div id=\"wp-block-themeisle-blocks-button-ddd4d356\" class=\"wp-block-themeisle-blocks-button wp-block-button\"><a href=\"\" target=\"_blank\" rel=\"noopener noreferrer\" class=\"wp-block-button__link\"><i class=\"fab fa-fw fa-twitter\"><\/i><\/a><\/div>\n\n\n\n<div id=\"wp-block-themeisle-blocks-button-36612cba\" class=\"wp-block-themeisle-blocks-button wp-block-button\"><a href=\"\" target=\"_blank\" rel=\"noopener noreferrer\" class=\"wp-block-button__link\"><i class=\"fab fa-fw fa-google-plus\"><\/i><\/a><\/div>\n\n\n\n<div id=\"wp-block-themeisle-blocks-button-45cdcaa1\" class=\"wp-block-themeisle-blocks-button wp-block-button\"><a href=\"\" target=\"_blank\" rel=\"noopener noreferrer\" class=\"wp-block-button__link\"><i class=\"fab fa-fw fa-pinterest\"><\/i><\/a><\/div>\n\n\n\n<div id=\"wp-block-themeisle-blocks-button-faf5e2e7\" class=\"wp-block-themeisle-blocks-button wp-block-button\"><a href=\"\" target=\"_blank\" rel=\"noopener noreferrer\" class=\"wp-block-button__link\"><i class=\"fab fa-fw fa-instagram\"><\/i><\/a><\/div>\n<\/div>\n<\/div>\n\n\n\n<div id=\"wp-block-themeisle-blocks-advanced-column-0788243d\" class=\"wp-block-themeisle-blocks-advanced-column has-dark-bg\">\n<div id=\"wp-block-themeisle-blocks-form-fb39f207\" class=\"wp-block-themeisle-blocks-form\" data-option-name=\"bf9b28ff82ce323187abc5d0feb0d8f07ecd8436_fb39f207\"><form class=\"otter-form__container\">\n<div id=\"wp-block-themeisle-blocks-form-input-cb680aa4\" class=\"wp-block-themeisle-blocks-form-input\"><label for=\"wp-block-themeisle-blocks-form-input-cb680aa4-input\" class=\"otter-form-input-label\"><span class=\"otter-form-input-label__label\">Navn<\/span><span class=\"required\">*<\/span><\/label><input type=\"text\" id=\"wp-block-themeisle-blocks-form-input-cb680aa4-input\" required=\"\" placeholder=\"Ditt navn\" class=\"otter-form-input\"><\/div>\n\n\n\n<div id=\"wp-block-themeisle-blocks-form-input-53facba3\" class=\"wp-block-themeisle-blocks-form-input\"><label for=\"wp-block-themeisle-blocks-form-input-53facba3-input\" class=\"otter-form-input-label\"><span class=\"otter-form-input-label__label\">E-post<\/span><span class=\"required\">*<\/span><\/label><input type=\"email\" id=\"wp-block-themeisle-blocks-form-input-53facba3-input\" required=\"\" placeholder=\"E-postadressen din\" class=\"otter-form-input\"><\/div>\n\n\n\n<div id=\"wp-block-themeisle-blocks-form-textarea-5eebb0de\" class=\"wp-block-themeisle-blocks-form-textarea\"><label for=\"wp-block-themeisle-blocks-form-textarea-5eebb0de-input\" class=\"otter-form-textarea-label\"><span class=\"otter-form-textarea-label__label\">Melding<\/span><\/label><textarea id=\"wp-block-themeisle-blocks-form-textarea-5eebb0de-input\" placeholder=\"Din melding\" rows=\"10\" class=\"otter-form-textarea-input\"><\/textarea><\/div>\n\n\n<div class=\"protection\" aria-hidden=\"true\"><input type=\"hidden\" id=\"wp-block-themeisle-blocks-form-fb39f207_nonce_field\" name=\"wp-block-themeisle-blocks-form-fb39f207_nonce_field\" value=\"9e518f6e16\" \/><input type=\"hidden\" name=\"_wp_http_referer\" value=\"\/no\/wp-json\/wp\/v2\/pages\/995\" \/><input class=\"o-anti-bot\" type=\"checkbox\"><\/div><div class=\"wp-block-button\"><button class=\"wp-block-button__link\" type=\"submit\">Submit<\/button><\/div><\/form><\/div>\n<\/div>\n<\/div><\/div>\n\n<div id=\"wp-block-themeisle-blocks-advanced-columns-1dda74ca\" class=\"wp-block-themeisle-blocks-advanced-columns alignfull has-1-columns has-desktop-equal-layout has-tablet-equal-layout has-mobile-equal-layout has-vertical-unset\"><div class=\"wp-block-themeisle-blocks-advanced-columns-overlay\"><\/div><div class=\"innerblocks-wrap\">\n<div id=\"wp-block-themeisle-blocks-advanced-column-a0d00642\" class=\"wp-block-themeisle-blocks-advanced-column\"><\/div>\n<\/div><\/div>\n","protected":false},"excerpt":{"rendered":"","protected":false},"author":1,"featured_media":0,"parent":0,"menu_order":0,"comment_status":"closed","ping_status":"closed","template":"page-templates\/template-pagebuilder-full-width.php","meta":{"inline_featured_image":false,"_monsterinsights_skip_tracking":false,"_monsterinsights_sitenote_active":false,"_monsterinsights_sitenote_note":"","_monsterinsights_sitenote_category":0,"neve_meta_sidebar":"full-width","neve_meta_container":"","neve_meta_enable_content_width":"on","neve_meta_content_width":100,"neve_meta_title_alignment":"","neve_meta_author_avatar":"","neve_post_elements_order":"","neve_meta_disable_header":"","neve_meta_disable_footer":"","neve_meta_disable_title":"","_themeisle_gutenberg_block_has_review":false,"_ti_tpc_template_sync":false,"_ti_tpc_template_id":"","footnotes":""},"class_list":["post-995","page","type-page","status-publish","hentry"],"yoast_head":"<!-- This site is optimized with the Yoast SEO plugin v22.7 - https:\/\/yoast.com\/wordpress\/plugins\/seo\/ -->\n<title>Kontakt oss - Immediate BitXDR<\/title>\n<meta name=\"description\" content=\"V\u00e5rt dedikerte supportteam er her for \u00e5 hjelpe deg med eventuelle sp\u00f8rsm\u00e5l eller bekymringer. Enten du er en erfaren trader eller nettopp har begynt, er din tilfredshet v\u00e5r prioritet. Ta kontakt med oss, s\u00e5 navigerer vi sammen i kryptovalutaens spennende verden!\" \/>\n<meta name=\"robots\" content=\"index, follow, max-snippet:-1, max-image-preview:large, max-video-preview:-1\" \/>\n<link rel=\"canonical\" href=\"https:\/\/immediatebitxdr.com\/no\/kontakt-oss\/\" \/>\n<meta property=\"og:locale\" content=\"nb_NO\" \/>\n<meta property=\"og:type\" content=\"article\" \/>\n<meta property=\"og:title\" content=\"Kontakt oss - Immediate BitXDR\" \/>\n<meta property=\"og:description\" content=\"V\u00e5rt dedikerte supportteam er her for \u00e5 hjelpe deg med eventuelle sp\u00f8rsm\u00e5l eller bekymringer. Enten du er en erfaren trader eller nettopp har begynt, er din tilfredshet v\u00e5r prioritet. Ta kontakt med oss, s\u00e5 navigerer vi sammen i kryptovalutaens spennende verden!\" \/>\n<meta property=\"og:url\" content=\"https:\/\/immediatebitxdr.com\/no\/kontakt-oss\/\" \/>\n<meta property=\"og:site_name\" content=\"Immediate BitXDR\" \/>\n<meta property=\"article:modified_time\" content=\"2024-05-15T12:09:38+00:00\" \/>\n<meta name=\"twitter:card\" content=\"summary_large_image\" \/>\n<meta name=\"twitter:label1\" content=\"Ansl. lesetid\" \/>\n\t<meta name=\"twitter:data1\" content=\"2 minutter\" \/>\n<script type=\"application\/ld+json\" class=\"yoast-schema-graph\">{\"@context\":\"https:\/\/schema.org\",\"@graph\":[{\"@type\":\"WebPage\",\"@id\":\"https:\/\/immediatebitxdr.com\/no\/kontakt-oss\/\",\"url\":\"https:\/\/immediatebitxdr.com\/no\/kontakt-oss\/\",\"name\":\"Kontakt oss - Immediate BitXDR\",\"isPartOf\":{\"@id\":\"https:\/\/immediatebitxdr.com\/no\/#website\"},\"datePublished\":\"2020-02-26T11:48:48+00:00\",\"dateModified\":\"2024-05-15T12:09:38+00:00\",\"description\":\"V\u00e5rt dedikerte supportteam er her for \u00e5 hjelpe deg med eventuelle sp\u00f8rsm\u00e5l eller bekymringer. Enten du er en erfaren trader eller nettopp har begynt, er din tilfredshet v\u00e5r prioritet. Ta kontakt med oss, s\u00e5 navigerer vi sammen i kryptovalutaens spennende verden!\",\"breadcrumb\":{\"@id\":\"https:\/\/immediatebitxdr.com\/no\/kontakt-oss\/#breadcrumb\"},\"inLanguage\":\"nb-NO\",\"potentialAction\":[{\"@type\":\"ReadAction\",\"target\":[\"https:\/\/immediatebitxdr.com\/no\/kontakt-oss\/\"]}]},{\"@type\":\"BreadcrumbList\",\"@id\":\"https:\/\/immediatebitxdr.com\/no\/kontakt-oss\/#breadcrumb\",\"itemListElement\":[{\"@type\":\"ListItem\",\"position\":1,\"name\":\"Home\",\"item\":\"https:\/\/immediatebitxdr.com\/no\/\"},{\"@type\":\"ListItem\",\"position\":2,\"name\":\"Kontakt oss\"}]},{\"@type\":\"WebSite\",\"@id\":\"https:\/\/immediatebitxdr.com\/no\/#website\",\"url\":\"https:\/\/immediatebitxdr.com\/no\/\",\"name\":\"Immediate BitXDR\",\"description\":\"\",\"publisher\":{\"@id\":\"https:\/\/immediatebitxdr.com\/no\/#organization\"},\"potentialAction\":[{\"@type\":\"SearchAction\",\"target\":{\"@type\":\"EntryPoint\",\"urlTemplate\":\"https:\/\/immediatebitxdr.com\/no\/?s={search_term_string}\"},\"query-input\":\"required name=search_term_string\"}],\"inLanguage\":\"nb-NO\"},{\"@type\":\"Organization\",\"@id\":\"https:\/\/immediatebitxdr.com\/no\/#organization\",\"name\":\"Immediate BitXDR\",\"url\":\"https:\/\/immediatebitxdr.com\/no\/\",\"logo\":{\"@type\":\"ImageObject\",\"inLanguage\":\"nb-NO\",\"@id\":\"https:\/\/immediatebitxdr.com\/no\/#\/schema\/logo\/image\/\",\"url\":\"\",\"contentUrl\":\"\",\"caption\":\"Immediate BitXDR\"},\"image\":{\"@id\":\"https:\/\/immediatebitxdr.com\/no\/#\/schema\/logo\/image\/\"}}]}<\/script>\n<!-- \/ Yoast SEO plugin. -->","yoast_head_json":{"title":"Kontakt oss - Immediate BitXDR","description":"V\u00e5rt dedikerte supportteam er her for \u00e5 hjelpe deg med eventuelle sp\u00f8rsm\u00e5l eller bekymringer. Enten du er en erfaren trader eller nettopp har begynt, er din tilfredshet v\u00e5r prioritet. Ta kontakt med oss, s\u00e5 navigerer vi sammen i kryptovalutaens spennende verden!","robots":{"index":"index","follow":"follow","max-snippet":"max-snippet:-1","max-image-preview":"max-image-preview:large","max-video-preview":"max-video-preview:-1"},"canonical":"https:\/\/immediatebitxdr.com\/no\/kontakt-oss\/","og_locale":"nb_NO","og_type":"article","og_title":"Kontakt oss - Immediate BitXDR","og_description":"V\u00e5rt dedikerte supportteam er her for \u00e5 hjelpe deg med eventuelle sp\u00f8rsm\u00e5l eller bekymringer. Enten du er en erfaren trader eller nettopp har begynt, er din tilfredshet v\u00e5r prioritet. Ta kontakt med oss, s\u00e5 navigerer vi sammen i kryptovalutaens spennende verden!","og_url":"https:\/\/immediatebitxdr.com\/no\/kontakt-oss\/","og_site_name":"Immediate BitXDR","article_modified_time":"2024-05-15T12:09:38+00:00","twitter_card":"summary_large_image","twitter_misc":{"Ansl. lesetid":"2 minutter"},"schema":{"@context":"https:\/\/schema.org","@graph":[{"@type":"WebPage","@id":"https:\/\/immediatebitxdr.com\/no\/kontakt-oss\/","url":"https:\/\/immediatebitxdr.com\/no\/kontakt-oss\/","name":"Kontakt oss - Immediate BitXDR","isPartOf":{"@id":"https:\/\/immediatebitxdr.com\/no\/#website"},"datePublished":"2020-02-26T11:48:48+00:00","dateModified":"2024-05-15T12:09:38+00:00","description":"V\u00e5rt dedikerte supportteam er her for \u00e5 hjelpe deg med eventuelle sp\u00f8rsm\u00e5l eller bekymringer. Enten du er en erfaren trader eller nettopp har begynt, er din tilfredshet v\u00e5r prioritet. Ta kontakt med oss, s\u00e5 navigerer vi sammen i kryptovalutaens spennende verden!","breadcrumb":{"@id":"https:\/\/immediatebitxdr.com\/no\/kontakt-oss\/#breadcrumb"},"inLanguage":"nb-NO","potentialAction":[{"@type":"ReadAction","target":["https:\/\/immediatebitxdr.com\/no\/kontakt-oss\/"]}]},{"@type":"BreadcrumbList","@id":"https:\/\/immediatebitxdr.com\/no\/kontakt-oss\/#breadcrumb","itemListElement":[{"@type":"ListItem","position":1,"name":"Home","item":"https:\/\/immediatebitxdr.com\/no\/"},{"@type":"ListItem","position":2,"name":"Kontakt oss"}]},{"@type":"WebSite","@id":"https:\/\/immediatebitxdr.com\/no\/#website","url":"https:\/\/immediatebitxdr.com\/no\/","name":"Immediate BitXDR","description":"","publisher":{"@id":"https:\/\/immediatebitxdr.com\/no\/#organization"},"potentialAction":[{"@type":"SearchAction","target":{"@type":"EntryPoint","urlTemplate":"https:\/\/immediatebitxdr.com\/no\/?s={search_term_string}"},"query-input":"required name=search_term_string"}],"inLanguage":"nb-NO"},{"@type":"Organization","@id":"https:\/\/immediatebitxdr.com\/no\/#organization","name":"Immediate BitXDR","url":"https:\/\/immediatebitxdr.com\/no\/","logo":{"@type":"ImageObject","inLanguage":"nb-NO","@id":"https:\/\/immediatebitxdr.com\/no\/#\/schema\/logo\/image\/","url":"","contentUrl":"","caption":"Immediate BitXDR"},"image":{"@id":"https:\/\/immediatebitxdr.com\/no\/#\/schema\/logo\/image\/"}}]}},"_links":{"self":[{"href":"https:\/\/immediatebitxdr.com\/no\/wp-json\/wp\/v2\/pages\/995","targetHints":{"allow":["GET"]}}],"collection":[{"href":"https:\/\/immediatebitxdr.com\/no\/wp-json\/wp\/v2\/pages"}],"about":[{"href":"https:\/\/immediatebitxdr.com\/no\/wp-json\/wp\/v2\/types\/page"}],"author":[{"embeddable":true,"href":"https:\/\/immediatebitxdr.com\/no\/wp-json\/wp\/v2\/users\/1"}],"replies":[{"embeddable":true,"href":"https:\/\/immediatebitxdr.com\/no\/wp-json\/wp\/v2\/comments?post=995"}],"version-history":[{"count":0,"href":"https:\/\/immediatebitxdr.com\/no\/wp-json\/wp\/v2\/pages\/995\/revisions"}],"wp:attachment":[{"href":"https:\/\/immediatebitxdr.com\/no\/wp-json\/wp\/v2\/media?parent=995"}],"curies":[{"name":"wp","href":"https:\/\/api.w.org\/{rel}","templated":true}]}}