{"id":978,"date":"2024-01-26T09:54:07","date_gmt":"2024-01-26T09:54:07","guid":{"rendered":"https:\/\/immediatebitxdr.com\/om-oss\/"},"modified":"2024-05-15T12:09:25","modified_gmt":"2024-05-15T12:09:25","slug":"om-oss","status":"publish","type":"page","link":"https:\/\/immediatebitxdr.com\/no\/om-oss\/","title":{"rendered":"Om oss"},"content":{"rendered":"\n<div class=\"wp-block-cover alignfull is-light\"><span aria-hidden=\"true\" class=\"wp-block-cover__background has-nv-light-bg-background-color has-background-dim-100 has-background-dim\"><\/span><div class=\"wp-block-cover__inner-container is-layout-flow wp-block-cover-is-layout-flow\">\n<div style=\"height:80px\" aria-hidden=\"true\" class=\"wp-block-spacer\"><\/div>\n\n\n\n<div class=\"wp-block-columns are-vertically-aligned-center is-layout-flex wp-container-core-columns-is-layout-9d6595d7 wp-block-columns-is-layout-flex\">\n<div class=\"wp-block-column is-vertically-aligned-center is-layout-flow wp-block-column-is-layout-flow\" style=\"flex-basis:66.66%\">\n<h1 class=\"wp-block-heading has-text-align-center has-neve-text-color-color has-text-color\">Om oss<\/h1>\n\n\n\n<p class=\"has-text-align-center has-neve-text-color-color has-text-color\">Velkommen til Immediate BitXDR, der innovasjon m\u00f8ter tilgjengelighet i den dynamiske verdenen av kryptovalutahandel. Kryptolandskapet opplever en vekst uten sidestykke, og v\u00e5r plattform ligger i forkant, dedikert til \u00e5 hjelpe ikke-institusjonelle investorer med banebrytende kryptoroboter og automatiserte handelsstrategier. Tillat meg \u00e5 ta deg med p\u00e5 en reise gjennom oppdraget v\u00e5rt, presentere forfatterne v\u00e5re, gi deg et innblikk i fellesskapet v\u00e5rt og understreke v\u00e5rt urokkelige engasjement.<\/p>\n\n\n\n<div class=\"wp-block-buttons is-horizontal is-content-justification-center is-layout-flex wp-container-core-buttons-is-layout-499968f5 wp-block-buttons-is-layout-flex\">\n<div class=\"wp-block-button is-style-secondary\"><a class=\"wp-block-button__link has-neve-text-color-color has-neve-link-hover-color-background-color has-text-color has-background has-link-color wp-element-button\">Begynn \u00e5 handle  <\/a><\/div>\n<\/div>\n<\/div>\n\n\n\n<div class=\"wp-block-column is-vertically-aligned-center is-layout-flow wp-block-column-is-layout-flow\" style=\"flex-basis:33.33%\">\n<figure class=\"wp-block-image size-full\"><img decoding=\"async\" src=\"https:\/\/immediatebitxdr.com\/wp-content\/uploads\/2024\/01\/&#x2014;Pngtree&#x2014;financial-material_4391789.png\" alt=\"Umiddelbar BitXDR\" class=\"wp-image-22\"\/><\/figure>\n<\/div>\n<\/div>\n\n\n\n<div style=\"height:80px\" aria-hidden=\"true\" class=\"wp-block-spacer\"><\/div>\n<\/div><\/div>\n\n<div class=\"wp-block-cover alignfull is-light\"><span aria-hidden=\"true\" class=\"wp-block-cover__background has-nv-dark-bg-background-color has-background-dim-100 has-background-dim\"><\/span><div class=\"wp-block-cover__inner-container is-layout-flow wp-block-cover-is-layout-flow\">\n<div style=\"height:80px\" aria-hidden=\"true\" class=\"wp-block-spacer\"><\/div>\n\n\n\n<div class=\"wp-block-columns is-layout-flex wp-container-core-columns-is-layout-9d6595d7 wp-block-columns-is-layout-flex\">\n<div class=\"wp-block-column is-layout-flow wp-block-column-is-layout-flow\">\n<figure class=\"wp-block-image size-large is-resized\"><img loading=\"lazy\" decoding=\"async\" width=\"732\" height=\"1024\" src=\"https:\/\/immediatebitxdr.com\/wp-content\/uploads\/2024\/01\/v882-aew-59-b-732x1024.jpg\" alt=\"Umiddelbar BitXDR\" class=\"wp-image-300\" style=\"width:505px;height:auto\" srcset=\"https:\/\/immediatebitxdr.com\/wp-content\/uploads\/2024\/01\/v882-aew-59-b-732x1024.jpg 732w, https:\/\/immediatebitxdr.com\/wp-content\/uploads\/2024\/01\/v882-aew-59-b-214x300.jpg 214w, https:\/\/immediatebitxdr.com\/wp-content\/uploads\/2024\/01\/v882-aew-59-b-768x1075.jpg 768w, https:\/\/immediatebitxdr.com\/wp-content\/uploads\/2024\/01\/v882-aew-59-b-1097x1536.jpg 1097w, https:\/\/immediatebitxdr.com\/wp-content\/uploads\/2024\/01\/v882-aew-59-b-1463x2048.jpg 1463w, https:\/\/immediatebitxdr.com\/wp-content\/uploads\/2024\/01\/v882-aew-59-b-scaled.jpg 1829w\" sizes=\"auto, (max-width: 732px) 100vw, 732px\" \/><\/figure>\n<\/div>\n\n\n\n<div class=\"wp-block-column is-vertically-aligned-center is-layout-flow wp-block-column-is-layout-flow\">\n<h2 class=\"wp-block-heading has-text-align-center has-nv-text-dark-bg-color has-text-color\">V\u00e5r misjon og visjon<\/h2>\n\n\n\n<p class=\"has-neve-text-color-color has-text-color has-link-color wp-elements-185301a60845ab577b80184ae0c8846f\">Hos Immediate BitXDR er oppdraget v\u00e5rt klart: \u00e5 demokratisere tilgangen til algoritmiske handelsl\u00f8sninger. Vi ser for oss en fremtid der alle investorer, uavhengig av bakgrunn eller kompetanse, kan utnytte kraften i sofistikerte handelsverkt\u00f8y som tidligere var forbeholdt kvantitative hedgefond. Basert p\u00e5 v\u00e5r egen erfaring med \u00e5 navigere i kryptomarkedene s\u00e5 vi behovet for en plattform som bygger bro mellom institusjonelle strategier og individuelle investorer.<\/p>\n\n\n\n<p class=\"has-neve-text-color-color has-text-color has-link-color wp-elements-55b416ac2a500f5475f832b48bf1cfa7\">Med v\u00e5r ekspertise forst\u00e5r vi at kryptobransjen kan v\u00e6re b\u00e5de spennende og utfordrende. Gjennom v\u00e5r praktiske kunnskap har vi utviklet en brukervennlig plattform som forenkler kompleksiteten i algoritmisk handel og gj\u00f8r den tilgjengelig for et bredere publikum. Gjennom pr\u00f8ving og feiling har vi oppdaget at en s\u00f8ml\u00f8s og intuitiv opplevelse er avgj\u00f8rende for at investorer skal kunne ta informerte beslutninger i det stadig skiftende kryptomarkedet.<\/p>\n\n\n\n<p class=\"has-neve-text-color-color has-text-color has-link-color wp-elements-5c6460d0aac4bcd61aa9095d868b22e0\">Unders\u00f8kelsen v\u00e5r viste at vi ved \u00e5 tilby en rekke kryptoroboter og automatiserte handelsstrategier gj\u00f8r det mulig for brukerne v\u00e5re \u00e5 navigere effektivt i markedet, utnytte muligheter og redusere risiko. Funnene v\u00e5re viser at Immediate BitXDR ikke bare er en plattform, men en omfattende l\u00f8sning som er utviklet for \u00e5 forbedre handelsopplevelsen din.<\/p>\n<\/div>\n<\/div>\n\n\n\n<div style=\"height:50px\" aria-hidden=\"true\" class=\"wp-block-spacer\"><\/div>\n<\/div><\/div>\n\n<div class=\"wp-block-cover alignfull\"><span aria-hidden=\"true\" class=\"wp-block-cover__background has-nv-dark-bg-background-color has-background-dim-100 has-background-dim\"><\/span><div class=\"wp-block-cover__inner-container is-layout-flow wp-block-cover-is-layout-flow\">\n<div style=\"height:80px\" aria-hidden=\"true\" class=\"wp-block-spacer\"><\/div>\n\n\n\n<div class=\"wp-block-columns is-layout-flex wp-container-core-columns-is-layout-9d6595d7 wp-block-columns-is-layout-flex\">\n<div class=\"wp-block-column is-vertically-aligned-center is-layout-flow wp-block-column-is-layout-flow\">\n<h2 class=\"wp-block-heading has-text-align-center has-nv-text-dark-bg-color has-text-color\">Samfunnet v\u00e5rt<\/h2>\n\n\n\n<p>Immediate BitXDR er mer enn bare en plattform; det er et blomstrende fellesskap av likesinnede som brenner for fremtidens krypto. Samfunnet v\u00e5rt er et sted der vi deler ideer, l\u00e6rer av hverandre og holder oss informert om de nyeste trendene i kryptoverdenen.<\/p>\n\n\n\n<p>Enten du er en erfaren trader eller bare er i gang med \u00e5 dyppe t\u00e6rne i kryptovannet, tilbyr fellesskapet v\u00e5rt et st\u00f8ttende milj\u00f8 for vekst og utforskning. Delta i diskusjoner, still sp\u00f8rsm\u00e5l og utvid din forst\u00e5else av kryptomarkedet sammen med andre entusiaster.<\/p>\n<\/div>\n\n\n\n<div class=\"wp-block-column is-layout-flow wp-block-column-is-layout-flow\">\n<figure class=\"wp-block-image size-full is-resized\"><img loading=\"lazy\" decoding=\"async\" width=\"1024\" height=\"640\" src=\"https:\/\/immediatebitxdr.com\/wp-content\/uploads\/2024\/01\/crypto_analysis-1.jpg\" alt=\"Umiddelbar BitXDR\" class=\"wp-image-286\" style=\"width:505px;height:auto\" srcset=\"https:\/\/immediatebitxdr.com\/wp-content\/uploads\/2024\/01\/crypto_analysis-1.jpg 1024w, https:\/\/immediatebitxdr.com\/wp-content\/uploads\/2024\/01\/crypto_analysis-1-300x188.jpg 300w, https:\/\/immediatebitxdr.com\/wp-content\/uploads\/2024\/01\/crypto_analysis-1-768x480.jpg 768w\" sizes=\"auto, (max-width: 1024px) 100vw, 1024px\" \/><\/figure>\n<\/div>\n<\/div>\n\n\n\n<div style=\"height:50px\" aria-hidden=\"true\" class=\"wp-block-spacer\"><\/div>\n<\/div><\/div>\n\n<div class=\"wp-block-cover alignfull is-light\"><span aria-hidden=\"true\" class=\"wp-block-cover__background has-nv-light-bg-background-color has-background-dim-100 has-background-dim\"><\/span><div class=\"wp-block-cover__inner-container is-layout-flow wp-block-cover-is-layout-flow\">\n<div style=\"height:33px\" aria-hidden=\"true\" class=\"wp-block-spacer\"><\/div>\n\n\n\n<h2 class=\"wp-block-heading has-text-align-center has-neve-text-color-color has-text-color has-link-color wp-elements-67712cd110fe27f1ee066e03049fe335\">V\u00e5r forpliktelse<\/h2>\n\n\n\n<p class=\"has-neve-text-color-color has-text-color has-link-color wp-elements-717e7de7f7b625a6d38ad3ad04ddd111\">V\u00e5rt engasjement strekker seg lenger enn til \u00e5 tilby avanserte handelsverkt\u00f8y og skape et levende fellesskap. Vi er opptatt av \u00e5penhet, sikkerhet og kontinuerlig forbedring. Teamet v\u00e5rt jobber utrettelig for \u00e5 sikre at Immediate BitXDR forblir en p\u00e5litelig plattform for kryptoentusiaster over hele verden. Under paraplyen av v\u00e5r forpliktelse prioriterer vi:<\/p>\n\n\n\n<div class=\"wp-block-columns is-layout-flex wp-container-core-columns-is-layout-9d6595d7 wp-block-columns-is-layout-flex\">\n<div class=\"wp-block-column is-layout-flow wp-block-column-is-layout-flow\">\n<h3 class=\"wp-block-heading has-text-align-center has-neve-text-color-color has-text-color\">Brukersikkerhet<\/h3>\n\n\n\n<p class=\"has-text-align-center has-neve-text-color-color has-text-color\">Gjennom robuste sikkerhetstiltak beskytter vi dine eiendeler og personopplysninger og s\u00f8rger for et sikkert handelsmilj\u00f8.<\/p>\n\n\n\n<div class=\"wp-block-buttons is-horizontal is-content-justification-center is-layout-flex wp-container-core-buttons-is-layout-499968f5 wp-block-buttons-is-layout-flex\"><\/div>\n\n\n\n<div style=\"height:20px\" aria-hidden=\"true\" class=\"wp-block-spacer\"><\/div>\n<\/div>\n\n\n\n<div class=\"wp-block-column is-layout-flow wp-block-column-is-layout-flow\">\n<h3 class=\"wp-block-heading has-text-align-center has-neve-text-color-color has-text-color\">Innovasjon<\/h3>\n\n\n\n<p class=\"has-text-align-center has-neve-text-color-color has-text-color\">Vi er opptatt av \u00e5 ligge i forkant av den teknologiske utviklingen og oppdaterer jevnlig plattformen v\u00e5r med nye funksjoner og forbedringer.<\/p>\n\n\n\n<div class=\"wp-block-buttons is-horizontal is-content-justification-center is-layout-flex wp-container-core-buttons-is-layout-499968f5 wp-block-buttons-is-layout-flex\"><\/div>\n\n\n\n<div style=\"height:20px\" aria-hidden=\"true\" class=\"wp-block-spacer\"><\/div>\n<\/div>\n\n\n\n<div class=\"wp-block-column is-layout-flow wp-block-column-is-layout-flow\">\n<h3 class=\"wp-block-heading has-text-align-center has-neve-text-color-color has-text-color\">Kundest\u00f8tte<\/h3>\n\n\n\n<p class=\"has-text-align-center has-neve-text-color-color has-text-color\">V\u00e5rt dedikerte supportteam er tilgjengelig for \u00e5 hjelpe deg, og svarer raskt p\u00e5 sp\u00f8rsm\u00e5l og bekymringer for \u00e5 forbedre totalopplevelsen din.<\/p>\n\n\n\n<div class=\"wp-block-buttons is-horizontal is-content-justification-center is-layout-flex wp-container-core-buttons-is-layout-499968f5 wp-block-buttons-is-layout-flex\"><\/div>\n\n\n\n<div style=\"height:20px\" aria-hidden=\"true\" class=\"wp-block-spacer\"><\/div>\n<\/div>\n<\/div>\n\n\n\n<div style=\"height:80px\" aria-hidden=\"true\" class=\"wp-block-spacer\"><\/div>\n<\/div><\/div>\n","protected":false},"excerpt":{"rendered":"","protected":false},"author":1,"featured_media":0,"parent":0,"menu_order":0,"comment_status":"closed","ping_status":"closed","template":"","meta":{"inline_featured_image":false,"_monsterinsights_skip_tracking":false,"_monsterinsights_sitenote_active":false,"_monsterinsights_sitenote_note":"","_monsterinsights_sitenote_category":0,"neve_meta_sidebar":"full-width","neve_meta_container":"","neve_meta_enable_content_width":"on","neve_meta_content_width":100,"neve_meta_title_alignment":"","neve_meta_author_avatar":"","neve_post_elements_order":"","neve_meta_disable_header":"","neve_meta_disable_footer":"","neve_meta_disable_title":"on","_themeisle_gutenberg_block_has_review":false,"_ti_tpc_template_sync":false,"_ti_tpc_template_id":"","footnotes":""},"class_list":["post-978","page","type-page","status-publish","hentry"],"yoast_head":"<!-- This site is optimized with the Yoast SEO plugin v22.7 - https:\/\/yoast.com\/wordpress\/plugins\/seo\/ -->\n<title>Om oss - Immediate BitXDR<\/title>\n<meta name=\"description\" content=\"Immediate BitXDR er mer enn en plattform; det er en forpliktelse til \u00e5 revolusjonere m\u00e5ten enkeltpersoner engasjerer seg i kryptomarkedet p\u00e5. Bli med oss p\u00e5 denne spennende reisen, og la oss forme fremtidens kryptohandel sammen.\" \/>\n<meta name=\"robots\" content=\"index, follow, max-snippet:-1, max-image-preview:large, max-video-preview:-1\" \/>\n<link rel=\"canonical\" href=\"https:\/\/immediatebitxdr.com\/no\/om-oss\/\" \/>\n<meta property=\"og:locale\" content=\"nb_NO\" \/>\n<meta property=\"og:type\" content=\"article\" \/>\n<meta property=\"og:title\" content=\"Om oss - Immediate BitXDR\" \/>\n<meta property=\"og:description\" content=\"Immediate BitXDR er mer enn en plattform; det er en forpliktelse til \u00e5 revolusjonere m\u00e5ten enkeltpersoner engasjerer seg i kryptomarkedet p\u00e5. Bli med oss p\u00e5 denne spennende reisen, og la oss forme fremtidens kryptohandel sammen.\" \/>\n<meta property=\"og:url\" content=\"https:\/\/immediatebitxdr.com\/no\/om-oss\/\" \/>\n<meta property=\"og:site_name\" content=\"Immediate BitXDR\" \/>\n<meta property=\"article:modified_time\" content=\"2024-05-15T12:09:25+00:00\" \/>\n<meta property=\"og:image\" content=\"https:\/\/immediatebitxdr.com\/wp-content\/uploads\/2024\/01\/&#x2014;Pngtree&#x2014;financial-material_4391789.png\" \/>\n<meta name=\"twitter:card\" content=\"summary_large_image\" \/>\n<meta name=\"twitter:label1\" content=\"Ansl. lesetid\" \/>\n\t<meta name=\"twitter:data1\" content=\"2 minutter\" \/>\n<script type=\"application\/ld+json\" class=\"yoast-schema-graph\">{\"@context\":\"https:\/\/schema.org\",\"@graph\":[{\"@type\":\"WebPage\",\"@id\":\"https:\/\/immediatebitxdr.com\/no\/om-oss\/\",\"url\":\"https:\/\/immediatebitxdr.com\/no\/om-oss\/\",\"name\":\"Om oss - Immediate BitXDR\",\"isPartOf\":{\"@id\":\"https:\/\/immediatebitxdr.com\/no\/#website\"},\"primaryImageOfPage\":{\"@id\":\"https:\/\/immediatebitxdr.com\/no\/om-oss\/#primaryimage\"},\"image\":{\"@id\":\"https:\/\/immediatebitxdr.com\/no\/om-oss\/#primaryimage\"},\"thumbnailUrl\":\"https:\/\/immediatebitxdr.com\/wp-content\/uploads\/2024\/01\/&#x2014;Pngtree&#x2014;financial-material_4391789.png\",\"datePublished\":\"2024-01-26T09:54:07+00:00\",\"dateModified\":\"2024-05-15T12:09:25+00:00\",\"description\":\"Immediate BitXDR er mer enn en plattform; det er en forpliktelse til \u00e5 revolusjonere m\u00e5ten enkeltpersoner engasjerer seg i kryptomarkedet p\u00e5. Bli med oss p\u00e5 denne spennende reisen, og la oss forme fremtidens kryptohandel sammen.\",\"breadcrumb\":{\"@id\":\"https:\/\/immediatebitxdr.com\/no\/om-oss\/#breadcrumb\"},\"inLanguage\":\"nb-NO\",\"potentialAction\":[{\"@type\":\"ReadAction\",\"target\":[\"https:\/\/immediatebitxdr.com\/no\/om-oss\/\"]}]},{\"@type\":\"ImageObject\",\"inLanguage\":\"nb-NO\",\"@id\":\"https:\/\/immediatebitxdr.com\/no\/om-oss\/#primaryimage\",\"url\":\"https:\/\/immediatebitxdr.com\/wp-content\/uploads\/2024\/01\/&#x2014;Pngtree&#x2014;financial-material_4391789.png\",\"contentUrl\":\"https:\/\/immediatebitxdr.com\/wp-content\/uploads\/2024\/01\/&#x2014;Pngtree&#x2014;financial-material_4391789.png\"},{\"@type\":\"BreadcrumbList\",\"@id\":\"https:\/\/immediatebitxdr.com\/no\/om-oss\/#breadcrumb\",\"itemListElement\":[{\"@type\":\"ListItem\",\"position\":1,\"name\":\"Home\",\"item\":\"https:\/\/immediatebitxdr.com\/no\/\"},{\"@type\":\"ListItem\",\"position\":2,\"name\":\"Om oss\"}]},{\"@type\":\"WebSite\",\"@id\":\"https:\/\/immediatebitxdr.com\/no\/#website\",\"url\":\"https:\/\/immediatebitxdr.com\/no\/\",\"name\":\"Immediate BitXDR\",\"description\":\"\",\"publisher\":{\"@id\":\"https:\/\/immediatebitxdr.com\/no\/#organization\"},\"potentialAction\":[{\"@type\":\"SearchAction\",\"target\":{\"@type\":\"EntryPoint\",\"urlTemplate\":\"https:\/\/immediatebitxdr.com\/no\/?s={search_term_string}\"},\"query-input\":\"required name=search_term_string\"}],\"inLanguage\":\"nb-NO\"},{\"@type\":\"Organization\",\"@id\":\"https:\/\/immediatebitxdr.com\/no\/#organization\",\"name\":\"Immediate BitXDR\",\"url\":\"https:\/\/immediatebitxdr.com\/no\/\",\"logo\":{\"@type\":\"ImageObject\",\"inLanguage\":\"nb-NO\",\"@id\":\"https:\/\/immediatebitxdr.com\/no\/#\/schema\/logo\/image\/\",\"url\":\"\",\"contentUrl\":\"\",\"caption\":\"Immediate BitXDR\"},\"image\":{\"@id\":\"https:\/\/immediatebitxdr.com\/no\/#\/schema\/logo\/image\/\"}}]}<\/script>\n<!-- \/ Yoast SEO plugin. -->","yoast_head_json":{"title":"Om oss - Immediate BitXDR","description":"Immediate BitXDR er mer enn en plattform; det er en forpliktelse til \u00e5 revolusjonere m\u00e5ten enkeltpersoner engasjerer seg i kryptomarkedet p\u00e5. Bli med oss p\u00e5 denne spennende reisen, og la oss forme fremtidens kryptohandel sammen.","robots":{"index":"index","follow":"follow","max-snippet":"max-snippet:-1","max-image-preview":"max-image-preview:large","max-video-preview":"max-video-preview:-1"},"canonical":"https:\/\/immediatebitxdr.com\/no\/om-oss\/","og_locale":"nb_NO","og_type":"article","og_title":"Om oss - Immediate BitXDR","og_description":"Immediate BitXDR er mer enn en plattform; det er en forpliktelse til \u00e5 revolusjonere m\u00e5ten enkeltpersoner engasjerer seg i kryptomarkedet p\u00e5. Bli med oss p\u00e5 denne spennende reisen, og la oss forme fremtidens kryptohandel sammen.","og_url":"https:\/\/immediatebitxdr.com\/no\/om-oss\/","og_site_name":"Immediate BitXDR","article_modified_time":"2024-05-15T12:09:25+00:00","og_image":[{"url":"https:\/\/immediatebitxdr.com\/wp-content\/uploads\/2024\/01\/&#x2014;Pngtree&#x2014;financial-material_4391789.png"}],"twitter_card":"summary_large_image","twitter_misc":{"Ansl. lesetid":"2 minutter"},"schema":{"@context":"https:\/\/schema.org","@graph":[{"@type":"WebPage","@id":"https:\/\/immediatebitxdr.com\/no\/om-oss\/","url":"https:\/\/immediatebitxdr.com\/no\/om-oss\/","name":"Om oss - Immediate BitXDR","isPartOf":{"@id":"https:\/\/immediatebitxdr.com\/no\/#website"},"primaryImageOfPage":{"@id":"https:\/\/immediatebitxdr.com\/no\/om-oss\/#primaryimage"},"image":{"@id":"https:\/\/immediatebitxdr.com\/no\/om-oss\/#primaryimage"},"thumbnailUrl":"https:\/\/immediatebitxdr.com\/wp-content\/uploads\/2024\/01\/&#x2014;Pngtree&#x2014;financial-material_4391789.png","datePublished":"2024-01-26T09:54:07+00:00","dateModified":"2024-05-15T12:09:25+00:00","description":"Immediate BitXDR er mer enn en plattform; det er en forpliktelse til \u00e5 revolusjonere m\u00e5ten enkeltpersoner engasjerer seg i kryptomarkedet p\u00e5. Bli med oss p\u00e5 denne spennende reisen, og la oss forme fremtidens kryptohandel sammen.","breadcrumb":{"@id":"https:\/\/immediatebitxdr.com\/no\/om-oss\/#breadcrumb"},"inLanguage":"nb-NO","potentialAction":[{"@type":"ReadAction","target":["https:\/\/immediatebitxdr.com\/no\/om-oss\/"]}]},{"@type":"ImageObject","inLanguage":"nb-NO","@id":"https:\/\/immediatebitxdr.com\/no\/om-oss\/#primaryimage","url":"https:\/\/immediatebitxdr.com\/wp-content\/uploads\/2024\/01\/&#x2014;Pngtree&#x2014;financial-material_4391789.png","contentUrl":"https:\/\/immediatebitxdr.com\/wp-content\/uploads\/2024\/01\/&#x2014;Pngtree&#x2014;financial-material_4391789.png"},{"@type":"BreadcrumbList","@id":"https:\/\/immediatebitxdr.com\/no\/om-oss\/#breadcrumb","itemListElement":[{"@type":"ListItem","position":1,"name":"Home","item":"https:\/\/immediatebitxdr.com\/no\/"},{"@type":"ListItem","position":2,"name":"Om oss"}]},{"@type":"WebSite","@id":"https:\/\/immediatebitxdr.com\/no\/#website","url":"https:\/\/immediatebitxdr.com\/no\/","name":"Immediate BitXDR","description":"","publisher":{"@id":"https:\/\/immediatebitxdr.com\/no\/#organization"},"potentialAction":[{"@type":"SearchAction","target":{"@type":"EntryPoint","urlTemplate":"https:\/\/immediatebitxdr.com\/no\/?s={search_term_string}"},"query-input":"required name=search_term_string"}],"inLanguage":"nb-NO"},{"@type":"Organization","@id":"https:\/\/immediatebitxdr.com\/no\/#organization","name":"Immediate BitXDR","url":"https:\/\/immediatebitxdr.com\/no\/","logo":{"@type":"ImageObject","inLanguage":"nb-NO","@id":"https:\/\/immediatebitxdr.com\/no\/#\/schema\/logo\/image\/","url":"","contentUrl":"","caption":"Immediate BitXDR"},"image":{"@id":"https:\/\/immediatebitxdr.com\/no\/#\/schema\/logo\/image\/"}}]}},"_links":{"self":[{"href":"https:\/\/immediatebitxdr.com\/no\/wp-json\/wp\/v2\/pages\/978","targetHints":{"allow":["GET"]}}],"collection":[{"href":"https:\/\/immediatebitxdr.com\/no\/wp-json\/wp\/v2\/pages"}],"about":[{"href":"https:\/\/immediatebitxdr.com\/no\/wp-json\/wp\/v2\/types\/page"}],"author":[{"embeddable":true,"href":"https:\/\/immediatebitxdr.com\/no\/wp-json\/wp\/v2\/users\/1"}],"replies":[{"embeddable":true,"href":"https:\/\/immediatebitxdr.com\/no\/wp-json\/wp\/v2\/comments?post=978"}],"version-history":[{"count":0,"href":"https:\/\/immediatebitxdr.com\/no\/wp-json\/wp\/v2\/pages\/978\/revisions"}],"wp:attachment":[{"href":"https:\/\/immediatebitxdr.com\/no\/wp-json\/wp\/v2\/media?parent=978"}],"curies":[{"name":"wp","href":"https:\/\/api.w.org\/{rel}","templated":true}]}}