{"id":804,"date":"2020-02-26T11:48:48","date_gmt":"2020-02-26T11:48:48","guid":{"rendered":"https:\/\/immediatebitxdr.com\/contattaci\/"},"modified":"2024-05-15T12:09:35","modified_gmt":"2024-05-15T12:09:35","slug":"contattaci","status":"publish","type":"page","link":"https:\/\/immediatebitxdr.com\/it\/contattaci\/","title":{"rendered":"Contattaci"},"content":{"rendered":"\n<div id=\"wp-block-themeisle-blocks-advanced-columns-fd115547\" class=\"wp-block-themeisle-blocks-advanced-columns alignfull has-1-columns has-desktop-equal-layout has-tablet-equal-layout has-mobile-equal-layout has-vertical-unset\"><div class=\"wp-block-themeisle-blocks-advanced-columns-overlay\"><\/div><div class=\"innerblocks-wrap\">\n<div id=\"wp-block-themeisle-blocks-advanced-column-de2aa3a2\" class=\"wp-block-themeisle-blocks-advanced-column has-dark-bg\">\nMETTITI IN CONTATTO\n\n\n\n<h1 class=\"wp-block-heading has-text-align-center has-nv-text-dark-bg-color has-text-color\">Contattaci<\/h1>\n\n\n\n<p class=\"has-text-align-center\">Grazie per aver considerato di contattarci a Immediate BitXDR. Il tuo feedback, le tue domande e le tue richieste sono preziose per noi poich\u00e9 ci impegniamo a fornire la migliore esperienza possibile ai nostri utenti. Che tu sia un trader esperto, un investitore curioso o un potenziale partner, accogliamo con favore la tua comunicazione.<\/p>\n<\/div>\n<\/div><\/div>\n\n<div id=\"wp-block-themeisle-blocks-advanced-columns-7c7a89c9\" class=\"wp-block-themeisle-blocks-advanced-columns alignfull has-1-columns has-desktop-equal-layout has-tablet-equal-layout has-mobile-collapsedRows-layout has-vertical-center\"><div class=\"wp-block-themeisle-blocks-advanced-columns-overlay\"><\/div><div class=\"innerblocks-wrap\">\n<div id=\"wp-block-themeisle-blocks-advanced-column-6b5d17f2\" class=\"wp-block-themeisle-blocks-advanced-column\">\n<h2 class=\"wp-block-heading\">Richieste generali:<\/h2>\n\n\n\n<p>Per domande generali o informazioni sulla nostra piattaforma, sui servizi e sulle offerte, non esitate a contattare il nostro team. Siamo qui per assisterti e assicurarti che tu abbia le informazioni necessarie per navigare in modo efficace nei mercati delle criptovalute.<\/p>\n\n\n\n<h2 class=\"wp-block-heading\">Servizio Clienti<\/h2>\n\n\n\n<p>Se hai bisogno di assistenza con il tuo account BitXDR immediato, riscontri problemi o hai domande specifiche sull&#8217;utilizzo dei nostri robot crittografici e sulle strategie di trading, il nostro team di assistenza clienti \u00e8 pronto ad aiutarti. Diamo priorit\u00e0 a risposte tempestive ed efficienti per assicurarti di ottenere il massimo dalla tua esperienza di trading.<\/p>\n\n\n\n<h2 class=\"wp-block-heading\">Partnership e Collaborazioni:<\/h2>\n\n\n\n<p>BitXDR immediato \u00e8 sempre aperto a esplorare partnership e collaborazioni in linea con la nostra missione. Se rappresenti un&#8217;azienda, un&#8217;organizzazione o hai una proposta di collaborazione, contatta il nostro team di partnership. Crediamo nel potere della collaborazione per promuovere l&#8217;innovazione e migliorare l&#8217;ecosistema crittografico.<\/p>\n\n\n\n<h2 class=\"wp-block-heading\">Supporto tecnico:<\/h2>\n\n\n\n<p>Se riscontri problemi tecnici, anomalie o hai domande tecniche specifiche relative alla nostra piattaforma, il nostro team di supporto tecnico \u00e8 dedicato a risolvere tempestivamente le tue preoccupazioni. La tua esperienza senza interruzioni \u00e8 la nostra priorit\u00e0.<\/p>\n\n\n\n<h2 class=\"wp-block-heading\">Connettiti con noi:<\/h2>\n\n\n\n<p>Rimani connesso con Immediate BitXDR attraverso i nostri canali di social media. Seguici su [inserisci piattaforme di social media] per gli ultimi aggiornamenti, approfondimenti di mercato e annunci. Interagisci con la nostra community e prendi parte alla conversazione in corso sull&#8217;entusiasmante mondo della criptovaluta.<\/p>\n\n\n\n<h2 class=\"wp-block-heading\">Visitateci:<\/h2>\n\n\n\n<p>Se preferisci le interazioni faccia a faccia, sei il benvenuto a visitare i nostri uffici. Si prega di fissare un appuntamento in anticipo per garantire che i membri del team interessati siano disponibili per incontrarvi.<\/p>\n\n\n\n<h2 class=\"wp-block-heading\">Sede centrale immediata di BitXDR:<\/h2>\n\n\n\n<p>USA: 2363 Hurry Street Fredericksburg, VA 22401<\/p>\n\n\n\n<p>Germany: Oldesloer Strasse 92, 07602 Eisenberg<\/p>\n\n\n\n<p>UK: 65 Souterhead Road LOWER BOSCASWELL TR19 7EY<\/p>\n\n\n\n<p>Email: support@<a href=\"https:\/\/immediatebitxdr.com\/it\/\" target=\"_blank\" rel=\"noreferrer noopener\"><\/a>immediatebitxdr.com<\/p>\n\n\n\n<p>Phone: +44 078 5290 8427<\/p>\n<\/div>\n<\/div><\/div>\n\n<div id=\"wp-block-themeisle-blocks-advanced-columns-2672f4b5\" class=\"wp-block-themeisle-blocks-advanced-columns alignfull has-2-columns has-desktop-equal-layout has-tablet-equal-layout has-mobile-collapsedRows-layout has-vertical-unset has-dark-bg\"><div class=\"wp-block-themeisle-blocks-advanced-columns-overlay\"><\/div><div class=\"innerblocks-wrap\">\n<div id=\"wp-block-themeisle-blocks-advanced-column-05e52c3e\" class=\"wp-block-themeisle-blocks-advanced-column\">\n<h2 class=\"wp-block-heading has-nv-text-dark-bg-color has-text-color\">Invia un messaggio diretto utilizzando il modulo<\/h2>\n\n\n\n<p>Il nostro team di supporto dedicato \u00e8 qui per assisterti in caso di domande o dubbi. Che tu sia un trader esperto o che tu abbia appena iniziato, la tua soddisfazione \u00e8 la nostra priorit\u00e0. Connettiti con noi e navighiamo insieme nell&#8217;entusiasmante mondo della criptovaluta!<\/p>\n\n\n\n<p>Apprezziamo il tuo interesse per BitXDR immediato e non vediamo l&#8217;ora di sentire la tua opinione. La tua comunicazione \u00e8 fondamentale per aiutarci a migliorare e soddisfare meglio le diverse esigenze della nostra comunit\u00e0 in crescita.<\/p>\n\n\n\n<div id=\"wp-block-themeisle-blocks-button-group-89e6367b\" class=\"wp-block-themeisle-blocks-button-group wp-block-buttons\">\n<div id=\"wp-block-themeisle-blocks-button-f6ab3bb5\" class=\"wp-block-themeisle-blocks-button wp-block-button\"><a href=\"\" target=\"_blank\" rel=\"noopener noreferrer\" class=\"wp-block-button__link\"><i class=\"fab fa-fw fa-facebook-f\"><\/i><\/a><\/div>\r\n\n\n\n<div id=\"wp-block-themeisle-blocks-button-ddd4d356\" class=\"wp-block-themeisle-blocks-button wp-block-button\"><a href=\"\" target=\"_blank\" rel=\"noopener noreferrer\" class=\"wp-block-button__link\"><i class=\"fab fa-fw fa-twitter\"><\/i><\/a><\/div>\r\n\n\n\n<div id=\"wp-block-themeisle-blocks-button-36612cba\" class=\"wp-block-themeisle-blocks-button wp-block-button\"><a href=\"\" target=\"_blank\" rel=\"noopener noreferrer\" class=\"wp-block-button__link\"><i class=\"fab fa-fw fa-google-plus\"><\/i><\/a><\/div>\r\n\n\n\n<div id=\"wp-block-themeisle-blocks-button-45cdcaa1\" class=\"wp-block-themeisle-blocks-button wp-block-button\"><a href=\"\" target=\"_blank\" rel=\"noopener noreferrer\" class=\"wp-block-button__link\"><i class=\"fab fa-fw fa-pinterest\"><\/i><\/a><\/div>\r\n\n\n\n<div id=\"wp-block-themeisle-blocks-button-faf5e2e7\" class=\"wp-block-themeisle-blocks-button wp-block-button\"><a href=\"\" target=\"_blank\" rel=\"noopener noreferrer\" class=\"wp-block-button__link\"><i class=\"fab fa-fw fa-instagram\"><\/i><\/a><\/div>\r\n<\/div>\n<\/div>\n\n\n\n<div id=\"wp-block-themeisle-blocks-advanced-column-0788243d\" class=\"wp-block-themeisle-blocks-advanced-column has-dark-bg\">\n<div id=\"wp-block-themeisle-blocks-form-fb39f207\" class=\"wp-block-themeisle-blocks-form\" data-option-name=\"bf9b28ff82ce323187abc5d0feb0d8f07ecd8436_fb39f207\"><form class=\"otter-form__container\">\n<div id=\"wp-block-themeisle-blocks-form-input-cb680aa4\" class=\"wp-block-themeisle-blocks-form-input\"><label for=\"wp-block-themeisle-blocks-form-input-cb680aa4-input\" class=\"otter-form-input-label\"><span class=\"otter-form-input-label__label\">Name<\/span><span class=\"required\">*<\/span><\/label><input type=\"text\" id=\"wp-block-themeisle-blocks-form-input-cb680aa4-input\" required placeholder=\"Your name\" class=\"otter-form-input\"\/><\/div>\r\n\n\n\n<div id=\"wp-block-themeisle-blocks-form-input-53facba3\" class=\"wp-block-themeisle-blocks-form-input\"><label for=\"wp-block-themeisle-blocks-form-input-53facba3-input\" class=\"otter-form-input-label\"><span class=\"otter-form-input-label__label\">Email<\/span><span class=\"required\">*<\/span><\/label><input type=\"email\" id=\"wp-block-themeisle-blocks-form-input-53facba3-input\" required placeholder=\"Your email\" class=\"otter-form-input\"\/><\/div>\r\n\n\n\n<div id=\"wp-block-themeisle-blocks-form-textarea-5eebb0de\" class=\"wp-block-themeisle-blocks-form-textarea\"><label for=\"wp-block-themeisle-blocks-form-textarea-5eebb0de-input\" class=\"otter-form-textarea-label\"><span class=\"otter-form-textarea-label__label\">Message<\/span><\/label><textarea id=\"wp-block-themeisle-blocks-form-textarea-5eebb0de-input\" placeholder=\"Your Message\" rows=\"10\" class=\"otter-form-textarea-input\"><\/textarea><\/div>\r\n\n\n<div class=\"protection\" aria-hidden=\"true\"><input type=\"hidden\" id=\"wp-block-themeisle-blocks-form-fb39f207_nonce_field\" name=\"wp-block-themeisle-blocks-form-fb39f207_nonce_field\" value=\"9e518f6e16\" \/><input type=\"hidden\" name=\"_wp_http_referer\" value=\"\/it\/wp-json\/wp\/v2\/pages\/804\" \/><input class=\"o-anti-bot\" type=\"checkbox\"><\/div><div class=\"wp-block-button\"><button class=\"wp-block-button__link\" type=\"submit\">Submit<\/button><\/div><\/form><\/div>\n<\/div>\n<\/div><\/div>\n\n<div id=\"wp-block-themeisle-blocks-advanced-columns-1dda74ca\" class=\"wp-block-themeisle-blocks-advanced-columns alignfull has-1-columns has-desktop-equal-layout has-tablet-equal-layout has-mobile-equal-layout has-vertical-unset\"><div class=\"wp-block-themeisle-blocks-advanced-columns-overlay\"><\/div><div class=\"innerblocks-wrap\">\n<div id=\"wp-block-themeisle-blocks-advanced-column-a0d00642\" class=\"wp-block-themeisle-blocks-advanced-column\"><\/div>\r\n<\/div><\/div>\n","protected":false},"excerpt":{"rendered":"","protected":false},"author":1,"featured_media":0,"parent":0,"menu_order":0,"comment_status":"closed","ping_status":"closed","template":"page-templates\/template-pagebuilder-full-width.php","meta":{"inline_featured_image":false,"_monsterinsights_skip_tracking":false,"_monsterinsights_sitenote_active":false,"_monsterinsights_sitenote_note":"","_monsterinsights_sitenote_category":0,"neve_meta_sidebar":"full-width","neve_meta_container":"","neve_meta_enable_content_width":"on","neve_meta_content_width":100,"neve_meta_title_alignment":"","neve_meta_author_avatar":"","neve_post_elements_order":"","neve_meta_disable_header":"","neve_meta_disable_footer":"","neve_meta_disable_title":"","_themeisle_gutenberg_block_has_review":false,"_ti_tpc_template_sync":false,"_ti_tpc_template_id":"","footnotes":""},"class_list":["post-804","page","type-page","status-publish","hentry"],"yoast_head":"<!-- This site is optimized with the Yoast SEO plugin v22.7 - https:\/\/yoast.com\/wordpress\/plugins\/seo\/ -->\n<title>Contattaci - Immediate BitXDR<\/title>\n<meta name=\"description\" content=\"Il nostro team di supporto dedicato \u00e8 qui per assisterti in caso di domande o dubbi. Che tu sia un trader esperto o che tu abbia appena iniziato, la tua soddisfazione \u00e8 la nostra priorit\u00e0. Connettiti con noi e navighiamo insieme nell&#039;entusiasmante mondo della criptovaluta!\" \/>\n<meta name=\"robots\" content=\"index, follow, max-snippet:-1, max-image-preview:large, max-video-preview:-1\" \/>\n<link rel=\"canonical\" href=\"https:\/\/immediatebitxdr.com\/it\/contattaci\/\" \/>\n<meta property=\"og:locale\" content=\"it_IT\" \/>\n<meta property=\"og:type\" content=\"article\" \/>\n<meta property=\"og:title\" content=\"Contattaci - Immediate BitXDR\" \/>\n<meta property=\"og:description\" content=\"Il nostro team di supporto dedicato \u00e8 qui per assisterti in caso di domande o dubbi. Che tu sia un trader esperto o che tu abbia appena iniziato, la tua soddisfazione \u00e8 la nostra priorit\u00e0. Connettiti con noi e navighiamo insieme nell&#039;entusiasmante mondo della criptovaluta!\" \/>\n<meta property=\"og:url\" content=\"https:\/\/immediatebitxdr.com\/it\/contattaci\/\" \/>\n<meta property=\"og:site_name\" content=\"Immediate BitXDR\" \/>\n<meta property=\"article:modified_time\" content=\"2024-05-15T12:09:35+00:00\" \/>\n<meta name=\"twitter:card\" content=\"summary_large_image\" \/>\n<meta name=\"twitter:label1\" content=\"Tempo di lettura stimato\" \/>\n\t<meta name=\"twitter:data1\" content=\"2 minuti\" \/>\n<script type=\"application\/ld+json\" class=\"yoast-schema-graph\">{\"@context\":\"https:\/\/schema.org\",\"@graph\":[{\"@type\":\"WebPage\",\"@id\":\"https:\/\/immediatebitxdr.com\/it\/contattaci\/\",\"url\":\"https:\/\/immediatebitxdr.com\/it\/contattaci\/\",\"name\":\"Contattaci - Immediate BitXDR\",\"isPartOf\":{\"@id\":\"https:\/\/immediatebitxdr.com\/it\/#website\"},\"datePublished\":\"2020-02-26T11:48:48+00:00\",\"dateModified\":\"2024-05-15T12:09:35+00:00\",\"description\":\"Il nostro team di supporto dedicato \u00e8 qui per assisterti in caso di domande o dubbi. Che tu sia un trader esperto o che tu abbia appena iniziato, la tua soddisfazione \u00e8 la nostra priorit\u00e0. Connettiti con noi e navighiamo insieme nell'entusiasmante mondo della criptovaluta!\",\"breadcrumb\":{\"@id\":\"https:\/\/immediatebitxdr.com\/it\/contattaci\/#breadcrumb\"},\"inLanguage\":\"it-IT\",\"potentialAction\":[{\"@type\":\"ReadAction\",\"target\":[\"https:\/\/immediatebitxdr.com\/it\/contattaci\/\"]}]},{\"@type\":\"BreadcrumbList\",\"@id\":\"https:\/\/immediatebitxdr.com\/it\/contattaci\/#breadcrumb\",\"itemListElement\":[{\"@type\":\"ListItem\",\"position\":1,\"name\":\"Home\",\"item\":\"https:\/\/immediatebitxdr.com\/it\/\"},{\"@type\":\"ListItem\",\"position\":2,\"name\":\"Contattaci\"}]},{\"@type\":\"WebSite\",\"@id\":\"https:\/\/immediatebitxdr.com\/it\/#website\",\"url\":\"https:\/\/immediatebitxdr.com\/it\/\",\"name\":\"Immediate BitXDR\",\"description\":\"\",\"publisher\":{\"@id\":\"https:\/\/immediatebitxdr.com\/it\/#organization\"},\"potentialAction\":[{\"@type\":\"SearchAction\",\"target\":{\"@type\":\"EntryPoint\",\"urlTemplate\":\"https:\/\/immediatebitxdr.com\/it\/?s={search_term_string}\"},\"query-input\":\"required name=search_term_string\"}],\"inLanguage\":\"it-IT\"},{\"@type\":\"Organization\",\"@id\":\"https:\/\/immediatebitxdr.com\/it\/#organization\",\"name\":\"Immediate BitXDR\",\"url\":\"https:\/\/immediatebitxdr.com\/it\/\",\"logo\":{\"@type\":\"ImageObject\",\"inLanguage\":\"it-IT\",\"@id\":\"https:\/\/immediatebitxdr.com\/it\/#\/schema\/logo\/image\/\",\"url\":\"\",\"contentUrl\":\"\",\"caption\":\"Immediate BitXDR\"},\"image\":{\"@id\":\"https:\/\/immediatebitxdr.com\/it\/#\/schema\/logo\/image\/\"}}]}<\/script>\n<!-- \/ Yoast SEO plugin. -->","yoast_head_json":{"title":"Contattaci - Immediate BitXDR","description":"Il nostro team di supporto dedicato \u00e8 qui per assisterti in caso di domande o dubbi. Che tu sia un trader esperto o che tu abbia appena iniziato, la tua soddisfazione \u00e8 la nostra priorit\u00e0. Connettiti con noi e navighiamo insieme nell'entusiasmante mondo della criptovaluta!","robots":{"index":"index","follow":"follow","max-snippet":"max-snippet:-1","max-image-preview":"max-image-preview:large","max-video-preview":"max-video-preview:-1"},"canonical":"https:\/\/immediatebitxdr.com\/it\/contattaci\/","og_locale":"it_IT","og_type":"article","og_title":"Contattaci - Immediate BitXDR","og_description":"Il nostro team di supporto dedicato \u00e8 qui per assisterti in caso di domande o dubbi. Che tu sia un trader esperto o che tu abbia appena iniziato, la tua soddisfazione \u00e8 la nostra priorit\u00e0. Connettiti con noi e navighiamo insieme nell'entusiasmante mondo della criptovaluta!","og_url":"https:\/\/immediatebitxdr.com\/it\/contattaci\/","og_site_name":"Immediate BitXDR","article_modified_time":"2024-05-15T12:09:35+00:00","twitter_card":"summary_large_image","twitter_misc":{"Tempo di lettura stimato":"2 minuti"},"schema":{"@context":"https:\/\/schema.org","@graph":[{"@type":"WebPage","@id":"https:\/\/immediatebitxdr.com\/it\/contattaci\/","url":"https:\/\/immediatebitxdr.com\/it\/contattaci\/","name":"Contattaci - Immediate BitXDR","isPartOf":{"@id":"https:\/\/immediatebitxdr.com\/it\/#website"},"datePublished":"2020-02-26T11:48:48+00:00","dateModified":"2024-05-15T12:09:35+00:00","description":"Il nostro team di supporto dedicato \u00e8 qui per assisterti in caso di domande o dubbi. Che tu sia un trader esperto o che tu abbia appena iniziato, la tua soddisfazione \u00e8 la nostra priorit\u00e0. Connettiti con noi e navighiamo insieme nell'entusiasmante mondo della criptovaluta!","breadcrumb":{"@id":"https:\/\/immediatebitxdr.com\/it\/contattaci\/#breadcrumb"},"inLanguage":"it-IT","potentialAction":[{"@type":"ReadAction","target":["https:\/\/immediatebitxdr.com\/it\/contattaci\/"]}]},{"@type":"BreadcrumbList","@id":"https:\/\/immediatebitxdr.com\/it\/contattaci\/#breadcrumb","itemListElement":[{"@type":"ListItem","position":1,"name":"Home","item":"https:\/\/immediatebitxdr.com\/it\/"},{"@type":"ListItem","position":2,"name":"Contattaci"}]},{"@type":"WebSite","@id":"https:\/\/immediatebitxdr.com\/it\/#website","url":"https:\/\/immediatebitxdr.com\/it\/","name":"Immediate BitXDR","description":"","publisher":{"@id":"https:\/\/immediatebitxdr.com\/it\/#organization"},"potentialAction":[{"@type":"SearchAction","target":{"@type":"EntryPoint","urlTemplate":"https:\/\/immediatebitxdr.com\/it\/?s={search_term_string}"},"query-input":"required name=search_term_string"}],"inLanguage":"it-IT"},{"@type":"Organization","@id":"https:\/\/immediatebitxdr.com\/it\/#organization","name":"Immediate BitXDR","url":"https:\/\/immediatebitxdr.com\/it\/","logo":{"@type":"ImageObject","inLanguage":"it-IT","@id":"https:\/\/immediatebitxdr.com\/it\/#\/schema\/logo\/image\/","url":"","contentUrl":"","caption":"Immediate BitXDR"},"image":{"@id":"https:\/\/immediatebitxdr.com\/it\/#\/schema\/logo\/image\/"}}]}},"_links":{"self":[{"href":"https:\/\/immediatebitxdr.com\/it\/wp-json\/wp\/v2\/pages\/804","targetHints":{"allow":["GET"]}}],"collection":[{"href":"https:\/\/immediatebitxdr.com\/it\/wp-json\/wp\/v2\/pages"}],"about":[{"href":"https:\/\/immediatebitxdr.com\/it\/wp-json\/wp\/v2\/types\/page"}],"author":[{"embeddable":true,"href":"https:\/\/immediatebitxdr.com\/it\/wp-json\/wp\/v2\/users\/1"}],"replies":[{"embeddable":true,"href":"https:\/\/immediatebitxdr.com\/it\/wp-json\/wp\/v2\/comments?post=804"}],"version-history":[{"count":0,"href":"https:\/\/immediatebitxdr.com\/it\/wp-json\/wp\/v2\/pages\/804\/revisions"}],"wp:attachment":[{"href":"https:\/\/immediatebitxdr.com\/it\/wp-json\/wp\/v2\/media?parent=804"}],"curies":[{"name":"wp","href":"https:\/\/api.w.org\/{rel}","templated":true}]}}