{"id":802,"date":"2020-02-26T11:48:48","date_gmt":"2020-02-26T11:48:48","guid":{"rendered":"https:\/\/immediatebitxdr.com\/lepjen-kapcsolatba-velunk\/"},"modified":"2024-05-15T12:09:35","modified_gmt":"2024-05-15T12:09:35","slug":"lepjen-kapcsolatba-velunk","status":"publish","type":"page","link":"https:\/\/immediatebitxdr.com\/hu\/lepjen-kapcsolatba-velunk\/","title":{"rendered":"L\u00e9pjen kapcsolatba vel\u00fcnk"},"content":{"rendered":"\n<div id=\"wp-block-themeisle-blocks-advanced-columns-fd115547\" class=\"wp-block-themeisle-blocks-advanced-columns alignfull has-1-columns has-desktop-equal-layout has-tablet-equal-layout has-mobile-equal-layout has-vertical-unset\"><div class=\"wp-block-themeisle-blocks-advanced-columns-overlay\"><\/div><div class=\"innerblocks-wrap\">\n<div id=\"wp-block-themeisle-blocks-advanced-column-de2aa3a2\" class=\"wp-block-themeisle-blocks-advanced-column has-dark-bg\">\nFELVESZI A KAPCSOLATOT\n\n\n\n<h1 class=\"wp-block-heading has-text-align-center has-nv-text-dark-bg-color has-text-color\">L\u00e9pjen kapcsolatba vel\u00fcnk<\/h1>\n\n\n\n<p class=\"has-text-align-center\">K\u00f6sz\u00f6nj\u00fck, hogy fontol\u00f3ra vette, hogy kapcsolatba l\u00e9p vel\u00fcnk az Immediate BitXDR-n\u00e9l. Visszajelz\u00e9sei, k\u00e9rd\u00e9sei \u00e9s k\u00e9rd\u00e9sei \u00e9rt\u00e9kesek sz\u00e1munkra, mivel igyeksz\u00fcnk a lehet\u0151 legjobb \u00e9lm\u00e9nyt ny\u00fajtani felhaszn\u00e1l\u00f3inknak. Legyen sz\u00f3 tapasztalt keresked\u0151r\u0151l, k\u00edv\u00e1ncsi befektet\u0151r\u0151l vagy potenci\u00e1lis partnerr\u0151l, sz\u00edvesen fogadjuk kommunik\u00e1ci\u00f3j\u00e1t.<\/p>\n<\/div>\n<\/div><\/div>\n\n<div id=\"wp-block-themeisle-blocks-advanced-columns-7c7a89c9\" class=\"wp-block-themeisle-blocks-advanced-columns alignfull has-1-columns has-desktop-equal-layout has-tablet-equal-layout has-mobile-collapsedRows-layout has-vertical-center\"><div class=\"wp-block-themeisle-blocks-advanced-columns-overlay\"><\/div><div class=\"innerblocks-wrap\">\n<div id=\"wp-block-themeisle-blocks-advanced-column-6b5d17f2\" class=\"wp-block-themeisle-blocks-advanced-column\">\n<h2 class=\"wp-block-heading\">\u00c1ltal\u00e1nos \u00e9rdekl\u0151d\u00e9s:<\/h2>\n\n\n\n<p>A platformunkkal, szolg\u00e1ltat\u00e1sainkkal \u00e9s aj\u00e1nlatainkkal kapcsolatos \u00e1ltal\u00e1nos k\u00e9rd\u00e9sekkel vagy inform\u00e1ci\u00f3kkal kapcsolatban forduljon bizalommal csapatunkhoz. Az\u00e9rt vagyunk itt, hogy seg\u00edts\u00fcnk \u00d6nnek, \u00e9s biztos\u00edtsuk, hogy rendelkezzen a kriptogr\u00e1fiai piacokon val\u00f3 hat\u00e9kony navig\u00e1ci\u00f3hoz sz\u00fcks\u00e9ges inform\u00e1ci\u00f3kkal.<\/p>\n\n\n\n<h2 class=\"wp-block-heading\">Vev\u0151szolg\u00e1lat<\/h2>\n\n\n\n<p>Ha seg\u00edts\u00e9gre van sz\u00fcks\u00e9ge az Immediate BitXDR-fi\u00f3kj\u00e1val kapcsolatban, b\u00e1rmilyen probl\u00e9m\u00e1ba \u00fctk\u00f6zik, vagy konkr\u00e9t k\u00e9rd\u00e9sei vannak a kriptobotjaink \u00e9s keresked\u00e9si strat\u00e9gi\u00e1ink haszn\u00e1lat\u00e1val kapcsolatban, \u00fcgyf\u00e9lszolg\u00e1lati csapatunk k\u00e9szen \u00e1ll a seg\u00edts\u00e9g\u00e9re. El\u0151nyben r\u00e9szes\u00edtj\u00fck az id\u0151szer\u0171 \u00e9s hat\u00e9kony v\u00e1laszokat annak \u00e9rdek\u00e9ben, hogy \u00d6n a legt\u00f6bbet hozhassa ki keresked\u00e9si tapasztalat\u00e1b\u00f3l.<\/p>\n\n\n\n<h2 class=\"wp-block-heading\">Partners\u00e9gek \u00e9s egy\u00fcttm\u0171k\u00f6d\u00e9sek:<\/h2>\n\n\n\n<p>Az Immediate BitXDR mindig nyitott a k\u00fcldet\u00e9s\u00fcnkh\u00f6z igazod\u00f3 partners\u00e9gek \u00e9s egy\u00fcttm\u0171k\u00f6d\u00e9sek felfedez\u00e9s\u00e9re. Ha \u00d6n egy c\u00e9get, szervezetet k\u00e9pvisel, vagy egy\u00fcttm\u0171k\u00f6d\u00e9si javaslata van, k\u00e9rj\u00fck, vegye fel a kapcsolatot partnercsapatunkkal. Hisz\u00fcnk az egy\u00fcttm\u0171k\u00f6d\u00e9s erej\u00e9ben az innov\u00e1ci\u00f3 \u00f6szt\u00f6nz\u00e9s\u00e9re \u00e9s a kripto-\u00f6kosziszt\u00e9ma fejleszt\u00e9s\u00e9re.<\/p>\n\n\n\n<h2 class=\"wp-block-heading\">Technikai t\u00e1mogat\u00e1s:<\/h2>\n\n\n\n<p>Ha technikai probl\u00e9m\u00e1kba, hib\u00e1kba \u00fctk\u00f6zik, vagy konkr\u00e9t technikai k\u00e9rd\u00e9sei vannak a platformunkkal kapcsolatban, m\u0171szaki t\u00e1mogat\u00e1si csapatunk elk\u00f6telezett aggodalma azonnali megold\u00e1s\u00e1ban. Az \u00d6n z\u00f6kken\u0151mentes tapasztalata a legfontosabb sz\u00e1munkra.<\/p>\n\n\n\n<h2 class=\"wp-block-heading\">Kapcsolatba l\u00e9p vel\u00fcnk:<\/h2>\n\n\n\n<p>Maradjon kapcsolatban az Immediate BitXDR szolg\u00e1ltat\u00e1ssal k\u00f6z\u00f6ss\u00e9gi m\u00e9dia csatorn\u00e1inkon kereszt\u00fcl. K\u00f6vessen minket [insert social media platforms] a leg\u00fajabb friss\u00edt\u00e9sek\u00e9rt, piaci betekint\u00e9sek\u00e9rt \u00e9s bejelent\u00e9sek\u00e9rt. Vegyen r\u00e9szt k\u00f6z\u00f6ss\u00e9g\u00fcnkkel, \u00e9s legyen r\u00e9szese a kriptovalut\u00e1k izgalmas vil\u00e1g\u00e1r\u00f3l foly\u00f3 besz\u00e9lget\u00e9snek.<\/p>\n\n\n\n<h2 class=\"wp-block-heading\">L\u00e1togass meg minket:<\/h2>\n\n\n\n<p>Ha a szem\u00e9lyes interakci\u00f3kat r\u00e9szes\u00edti el\u0151nyben, sz\u00edvesen l\u00e1tjuk irod\u00e1inkat. K\u00e9rj\u00fck, el\u0151re egyeztessen id\u0151pontot, hogy a megfelel\u0151 csapattagok rendelkez\u00e9sre \u00e1lljanak az \u00d6nnel val\u00f3 tal\u00e1lkoz\u00e1sra.<\/p>\n\n\n\n<h2 class=\"wp-block-heading\">Azonnali BitXDR-k\u00f6zpont:<\/h2>\n\n\n\n<p>USA: 2363 Hurry Street Fredericksburg, VA 22401<\/p>\n\n\n\n<p>Germany: Oldesloer Strasse 92, 07602 Eisenberg<\/p>\n\n\n\n<p>UK: 65 Souterhead Road LOWER BOSCASWELL TR19 7EY<\/p>\n\n\n\n<p>Email: support@<a href=\"https:\/\/immediatebitxdr.com\/hu\/\" target=\"_blank\" rel=\"noreferrer noopener\"><\/a>immediatebitxdr.com<\/p>\n\n\n\n<p>Phone: +44 078 5290 8427<\/p>\n<\/div>\n<\/div><\/div>\n\n<div id=\"wp-block-themeisle-blocks-advanced-columns-2672f4b5\" class=\"wp-block-themeisle-blocks-advanced-columns alignfull has-2-columns has-desktop-equal-layout has-tablet-equal-layout has-mobile-collapsedRows-layout has-vertical-unset has-dark-bg\"><div class=\"wp-block-themeisle-blocks-advanced-columns-overlay\"><\/div><div class=\"innerblocks-wrap\">\n<div id=\"wp-block-themeisle-blocks-advanced-column-05e52c3e\" class=\"wp-block-themeisle-blocks-advanced-column\">\n<h2 class=\"wp-block-heading has-nv-text-dark-bg-color has-text-color\">K\u00f6zvetlen \u00fczenet k\u00fcld\u00e9se az \u0171rlap seg\u00edts\u00e9g\u00e9vel<\/h2>\n\n\n\n<p>Elk\u00f6telezett \u00fcgyf\u00e9lszolg\u00e1lati csapatunk k\u00e9szen \u00e1ll, hogy seg\u00edtsen \u00d6nnek b\u00e1rmilyen k\u00e9rd\u00e9sben vagy agg\u00e1ly\u00e1ban. Ak\u00e1r tapasztalt keresked\u0151 vagy, ak\u00e1r csak kezd\u0151, az \u00d6n el\u00e9gedetts\u00e9ge a legfontosabb sz\u00e1munkra. Csatlakozzon hozz\u00e1nk, \u00e9s navig\u00e1ljunk egy\u00fctt a kriptovaluta izgalmas vil\u00e1g\u00e1ban!<\/p>\n\n\n\n<p>Nagyra \u00e9rt\u00e9kelj\u00fck \u00e9rdekl\u0151d\u00e9s\u00e9t az Immediate BitXDR ir\u00e1nt, \u00e9s v\u00e1rjuk visszajelz\u00e9s\u00e9t. Az \u00d6n kommunik\u00e1ci\u00f3ja l\u00e9tfontoss\u00e1g\u00fa abban, hogy seg\u00edtsen jav\u00edtani \u00e9s jobban kiszolg\u00e1lni n\u00f6vekv\u0151 k\u00f6z\u00f6ss\u00e9g\u00fcnk v\u00e1ltozatos ig\u00e9nyeit.<\/p>\n\n\n\n<div id=\"wp-block-themeisle-blocks-button-group-89e6367b\" class=\"wp-block-themeisle-blocks-button-group wp-block-buttons\">\n<div id=\"wp-block-themeisle-blocks-button-f6ab3bb5\" class=\"wp-block-themeisle-blocks-button wp-block-button\"><a href=\"\" target=\"_blank\" rel=\"noopener noreferrer\" class=\"wp-block-button__link\"><i class=\"fab fa-fw fa-facebook-f\"><\/i><\/a><\/div>\r\n\n\n\n<div id=\"wp-block-themeisle-blocks-button-ddd4d356\" class=\"wp-block-themeisle-blocks-button wp-block-button\"><a href=\"\" target=\"_blank\" rel=\"noopener noreferrer\" class=\"wp-block-button__link\"><i class=\"fab fa-fw fa-twitter\"><\/i><\/a><\/div>\r\n\n\n\n<div id=\"wp-block-themeisle-blocks-button-36612cba\" class=\"wp-block-themeisle-blocks-button wp-block-button\"><a href=\"\" target=\"_blank\" rel=\"noopener noreferrer\" class=\"wp-block-button__link\"><i class=\"fab fa-fw fa-google-plus\"><\/i><\/a><\/div>\r\n\n\n\n<div id=\"wp-block-themeisle-blocks-button-45cdcaa1\" class=\"wp-block-themeisle-blocks-button wp-block-button\"><a href=\"\" target=\"_blank\" rel=\"noopener noreferrer\" class=\"wp-block-button__link\"><i class=\"fab fa-fw fa-pinterest\"><\/i><\/a><\/div>\r\n\n\n\n<div id=\"wp-block-themeisle-blocks-button-faf5e2e7\" class=\"wp-block-themeisle-blocks-button wp-block-button\"><a href=\"\" target=\"_blank\" rel=\"noopener noreferrer\" class=\"wp-block-button__link\"><i class=\"fab fa-fw fa-instagram\"><\/i><\/a><\/div>\r\n<\/div>\n<\/div>\n\n\n\n<div id=\"wp-block-themeisle-blocks-advanced-column-0788243d\" class=\"wp-block-themeisle-blocks-advanced-column has-dark-bg\">\n<div id=\"wp-block-themeisle-blocks-form-fb39f207\" class=\"wp-block-themeisle-blocks-form\" data-option-name=\"bf9b28ff82ce323187abc5d0feb0d8f07ecd8436_fb39f207\"><form class=\"otter-form__container\">\n<div id=\"wp-block-themeisle-blocks-form-input-cb680aa4\" class=\"wp-block-themeisle-blocks-form-input\"><label for=\"wp-block-themeisle-blocks-form-input-cb680aa4-input\" class=\"otter-form-input-label\"><span class=\"otter-form-input-label__label\">Name<\/span><span class=\"required\">*<\/span><\/label><input type=\"text\" id=\"wp-block-themeisle-blocks-form-input-cb680aa4-input\" required placeholder=\"Your name\" class=\"otter-form-input\"\/><\/div>\r\n\n\n\n<div id=\"wp-block-themeisle-blocks-form-input-53facba3\" class=\"wp-block-themeisle-blocks-form-input\"><label for=\"wp-block-themeisle-blocks-form-input-53facba3-input\" class=\"otter-form-input-label\"><span class=\"otter-form-input-label__label\">Email<\/span><span class=\"required\">*<\/span><\/label><input type=\"email\" id=\"wp-block-themeisle-blocks-form-input-53facba3-input\" required placeholder=\"Your email\" class=\"otter-form-input\"\/><\/div>\r\n\n\n\n<div id=\"wp-block-themeisle-blocks-form-textarea-5eebb0de\" class=\"wp-block-themeisle-blocks-form-textarea\"><label for=\"wp-block-themeisle-blocks-form-textarea-5eebb0de-input\" class=\"otter-form-textarea-label\"><span class=\"otter-form-textarea-label__label\">Message<\/span><\/label><textarea id=\"wp-block-themeisle-blocks-form-textarea-5eebb0de-input\" placeholder=\"Your Message\" rows=\"10\" class=\"otter-form-textarea-input\"><\/textarea><\/div>\r\n\n\n<div class=\"protection\" aria-hidden=\"true\"><input type=\"hidden\" id=\"wp-block-themeisle-blocks-form-fb39f207_nonce_field\" name=\"wp-block-themeisle-blocks-form-fb39f207_nonce_field\" value=\"9e518f6e16\" \/><input type=\"hidden\" name=\"_wp_http_referer\" value=\"\/hu\/wp-json\/wp\/v2\/pages\/802\" \/><input class=\"o-anti-bot\" type=\"checkbox\"><\/div><div class=\"wp-block-button\"><button class=\"wp-block-button__link\" type=\"submit\">Submit<\/button><\/div><\/form><\/div>\n<\/div>\n<\/div><\/div>\n\n<div id=\"wp-block-themeisle-blocks-advanced-columns-1dda74ca\" class=\"wp-block-themeisle-blocks-advanced-columns alignfull has-1-columns has-desktop-equal-layout has-tablet-equal-layout has-mobile-equal-layout has-vertical-unset\"><div class=\"wp-block-themeisle-blocks-advanced-columns-overlay\"><\/div><div class=\"innerblocks-wrap\">\n<div id=\"wp-block-themeisle-blocks-advanced-column-a0d00642\" class=\"wp-block-themeisle-blocks-advanced-column\"><\/div>\r\n<\/div><\/div>\n","protected":false},"excerpt":{"rendered":"","protected":false},"author":1,"featured_media":0,"parent":0,"menu_order":0,"comment_status":"closed","ping_status":"closed","template":"page-templates\/template-pagebuilder-full-width.php","meta":{"inline_featured_image":false,"_monsterinsights_skip_tracking":false,"_monsterinsights_sitenote_active":false,"_monsterinsights_sitenote_note":"","_monsterinsights_sitenote_category":0,"neve_meta_sidebar":"full-width","neve_meta_container":"","neve_meta_enable_content_width":"on","neve_meta_content_width":100,"neve_meta_title_alignment":"","neve_meta_author_avatar":"","neve_post_elements_order":"","neve_meta_disable_header":"","neve_meta_disable_footer":"","neve_meta_disable_title":"","_themeisle_gutenberg_block_has_review":false,"_ti_tpc_template_sync":false,"_ti_tpc_template_id":"","footnotes":""},"class_list":["post-802","page","type-page","status-publish","hentry"],"yoast_head":"<!-- This site is optimized with the Yoast SEO plugin v22.7 - https:\/\/yoast.com\/wordpress\/plugins\/seo\/ -->\n<title>L\u00e9pjen kapcsolatba vel\u00fcnk - Immediate BitXDR<\/title>\n<meta name=\"description\" content=\"Elk\u00f6telezett \u00fcgyf\u00e9lszolg\u00e1lati csapatunk k\u00e9szen \u00e1ll, hogy seg\u00edtsen \u00d6nnek b\u00e1rmilyen k\u00e9rd\u00e9sben vagy agg\u00e1ly\u00e1ban. Ak\u00e1r tapasztalt keresked\u0151 vagy, ak\u00e1r csak kezd\u0151, az \u00d6n el\u00e9gedetts\u00e9ge a legfontosabb sz\u00e1munkra. Csatlakozzon hozz\u00e1nk, \u00e9s navig\u00e1ljunk egy\u00fctt a kriptovaluta izgalmas vil\u00e1g\u00e1ban!\" \/>\n<meta name=\"robots\" content=\"index, follow, max-snippet:-1, max-image-preview:large, max-video-preview:-1\" \/>\n<link rel=\"canonical\" href=\"https:\/\/immediatebitxdr.com\/hu\/lepjen-kapcsolatba-velunk\/\" \/>\n<meta property=\"og:locale\" content=\"hu_HU\" \/>\n<meta property=\"og:type\" content=\"article\" \/>\n<meta property=\"og:title\" content=\"L\u00e9pjen kapcsolatba vel\u00fcnk - Immediate BitXDR\" \/>\n<meta property=\"og:description\" content=\"Elk\u00f6telezett \u00fcgyf\u00e9lszolg\u00e1lati csapatunk k\u00e9szen \u00e1ll, hogy seg\u00edtsen \u00d6nnek b\u00e1rmilyen k\u00e9rd\u00e9sben vagy agg\u00e1ly\u00e1ban. Ak\u00e1r tapasztalt keresked\u0151 vagy, ak\u00e1r csak kezd\u0151, az \u00d6n el\u00e9gedetts\u00e9ge a legfontosabb sz\u00e1munkra. Csatlakozzon hozz\u00e1nk, \u00e9s navig\u00e1ljunk egy\u00fctt a kriptovaluta izgalmas vil\u00e1g\u00e1ban!\" \/>\n<meta property=\"og:url\" content=\"https:\/\/immediatebitxdr.com\/hu\/lepjen-kapcsolatba-velunk\/\" \/>\n<meta property=\"og:site_name\" content=\"Immediate BitXDR\" \/>\n<meta property=\"article:modified_time\" content=\"2024-05-15T12:09:35+00:00\" \/>\n<meta name=\"twitter:card\" content=\"summary_large_image\" \/>\n<meta name=\"twitter:label1\" content=\"Becs\u00fclt olvas\u00e1si id\u0151\" \/>\n\t<meta name=\"twitter:data1\" content=\"3 perc\" \/>\n<script type=\"application\/ld+json\" class=\"yoast-schema-graph\">{\"@context\":\"https:\/\/schema.org\",\"@graph\":[{\"@type\":\"WebPage\",\"@id\":\"https:\/\/immediatebitxdr.com\/hu\/lepjen-kapcsolatba-velunk\/\",\"url\":\"https:\/\/immediatebitxdr.com\/hu\/lepjen-kapcsolatba-velunk\/\",\"name\":\"L\u00e9pjen kapcsolatba vel\u00fcnk - Immediate BitXDR\",\"isPartOf\":{\"@id\":\"https:\/\/immediatebitxdr.com\/hu\/#website\"},\"datePublished\":\"2020-02-26T11:48:48+00:00\",\"dateModified\":\"2024-05-15T12:09:35+00:00\",\"description\":\"Elk\u00f6telezett \u00fcgyf\u00e9lszolg\u00e1lati csapatunk k\u00e9szen \u00e1ll, hogy seg\u00edtsen \u00d6nnek b\u00e1rmilyen k\u00e9rd\u00e9sben vagy agg\u00e1ly\u00e1ban. Ak\u00e1r tapasztalt keresked\u0151 vagy, ak\u00e1r csak kezd\u0151, az \u00d6n el\u00e9gedetts\u00e9ge a legfontosabb sz\u00e1munkra. Csatlakozzon hozz\u00e1nk, \u00e9s navig\u00e1ljunk egy\u00fctt a kriptovaluta izgalmas vil\u00e1g\u00e1ban!\",\"breadcrumb\":{\"@id\":\"https:\/\/immediatebitxdr.com\/hu\/lepjen-kapcsolatba-velunk\/#breadcrumb\"},\"inLanguage\":\"hu\",\"potentialAction\":[{\"@type\":\"ReadAction\",\"target\":[\"https:\/\/immediatebitxdr.com\/hu\/lepjen-kapcsolatba-velunk\/\"]}]},{\"@type\":\"BreadcrumbList\",\"@id\":\"https:\/\/immediatebitxdr.com\/hu\/lepjen-kapcsolatba-velunk\/#breadcrumb\",\"itemListElement\":[{\"@type\":\"ListItem\",\"position\":1,\"name\":\"Home\",\"item\":\"https:\/\/immediatebitxdr.com\/hu\/\"},{\"@type\":\"ListItem\",\"position\":2,\"name\":\"L\u00e9pjen kapcsolatba vel\u00fcnk\"}]},{\"@type\":\"WebSite\",\"@id\":\"https:\/\/immediatebitxdr.com\/hu\/#website\",\"url\":\"https:\/\/immediatebitxdr.com\/hu\/\",\"name\":\"Immediate BitXDR\",\"description\":\"\",\"publisher\":{\"@id\":\"https:\/\/immediatebitxdr.com\/hu\/#organization\"},\"potentialAction\":[{\"@type\":\"SearchAction\",\"target\":{\"@type\":\"EntryPoint\",\"urlTemplate\":\"https:\/\/immediatebitxdr.com\/hu\/?s={search_term_string}\"},\"query-input\":\"required name=search_term_string\"}],\"inLanguage\":\"hu\"},{\"@type\":\"Organization\",\"@id\":\"https:\/\/immediatebitxdr.com\/hu\/#organization\",\"name\":\"Immediate BitXDR\",\"url\":\"https:\/\/immediatebitxdr.com\/hu\/\",\"logo\":{\"@type\":\"ImageObject\",\"inLanguage\":\"hu\",\"@id\":\"https:\/\/immediatebitxdr.com\/hu\/#\/schema\/logo\/image\/\",\"url\":\"\",\"contentUrl\":\"\",\"caption\":\"Immediate BitXDR\"},\"image\":{\"@id\":\"https:\/\/immediatebitxdr.com\/hu\/#\/schema\/logo\/image\/\"}}]}<\/script>\n<!-- \/ Yoast SEO plugin. -->","yoast_head_json":{"title":"L\u00e9pjen kapcsolatba vel\u00fcnk - Immediate BitXDR","description":"Elk\u00f6telezett \u00fcgyf\u00e9lszolg\u00e1lati csapatunk k\u00e9szen \u00e1ll, hogy seg\u00edtsen \u00d6nnek b\u00e1rmilyen k\u00e9rd\u00e9sben vagy agg\u00e1ly\u00e1ban. Ak\u00e1r tapasztalt keresked\u0151 vagy, ak\u00e1r csak kezd\u0151, az \u00d6n el\u00e9gedetts\u00e9ge a legfontosabb sz\u00e1munkra. Csatlakozzon hozz\u00e1nk, \u00e9s navig\u00e1ljunk egy\u00fctt a kriptovaluta izgalmas vil\u00e1g\u00e1ban!","robots":{"index":"index","follow":"follow","max-snippet":"max-snippet:-1","max-image-preview":"max-image-preview:large","max-video-preview":"max-video-preview:-1"},"canonical":"https:\/\/immediatebitxdr.com\/hu\/lepjen-kapcsolatba-velunk\/","og_locale":"hu_HU","og_type":"article","og_title":"L\u00e9pjen kapcsolatba vel\u00fcnk - Immediate BitXDR","og_description":"Elk\u00f6telezett \u00fcgyf\u00e9lszolg\u00e1lati csapatunk k\u00e9szen \u00e1ll, hogy seg\u00edtsen \u00d6nnek b\u00e1rmilyen k\u00e9rd\u00e9sben vagy agg\u00e1ly\u00e1ban. Ak\u00e1r tapasztalt keresked\u0151 vagy, ak\u00e1r csak kezd\u0151, az \u00d6n el\u00e9gedetts\u00e9ge a legfontosabb sz\u00e1munkra. Csatlakozzon hozz\u00e1nk, \u00e9s navig\u00e1ljunk egy\u00fctt a kriptovaluta izgalmas vil\u00e1g\u00e1ban!","og_url":"https:\/\/immediatebitxdr.com\/hu\/lepjen-kapcsolatba-velunk\/","og_site_name":"Immediate BitXDR","article_modified_time":"2024-05-15T12:09:35+00:00","twitter_card":"summary_large_image","twitter_misc":{"Becs\u00fclt olvas\u00e1si id\u0151":"3 perc"},"schema":{"@context":"https:\/\/schema.org","@graph":[{"@type":"WebPage","@id":"https:\/\/immediatebitxdr.com\/hu\/lepjen-kapcsolatba-velunk\/","url":"https:\/\/immediatebitxdr.com\/hu\/lepjen-kapcsolatba-velunk\/","name":"L\u00e9pjen kapcsolatba vel\u00fcnk - Immediate BitXDR","isPartOf":{"@id":"https:\/\/immediatebitxdr.com\/hu\/#website"},"datePublished":"2020-02-26T11:48:48+00:00","dateModified":"2024-05-15T12:09:35+00:00","description":"Elk\u00f6telezett \u00fcgyf\u00e9lszolg\u00e1lati csapatunk k\u00e9szen \u00e1ll, hogy seg\u00edtsen \u00d6nnek b\u00e1rmilyen k\u00e9rd\u00e9sben vagy agg\u00e1ly\u00e1ban. Ak\u00e1r tapasztalt keresked\u0151 vagy, ak\u00e1r csak kezd\u0151, az \u00d6n el\u00e9gedetts\u00e9ge a legfontosabb sz\u00e1munkra. Csatlakozzon hozz\u00e1nk, \u00e9s navig\u00e1ljunk egy\u00fctt a kriptovaluta izgalmas vil\u00e1g\u00e1ban!","breadcrumb":{"@id":"https:\/\/immediatebitxdr.com\/hu\/lepjen-kapcsolatba-velunk\/#breadcrumb"},"inLanguage":"hu","potentialAction":[{"@type":"ReadAction","target":["https:\/\/immediatebitxdr.com\/hu\/lepjen-kapcsolatba-velunk\/"]}]},{"@type":"BreadcrumbList","@id":"https:\/\/immediatebitxdr.com\/hu\/lepjen-kapcsolatba-velunk\/#breadcrumb","itemListElement":[{"@type":"ListItem","position":1,"name":"Home","item":"https:\/\/immediatebitxdr.com\/hu\/"},{"@type":"ListItem","position":2,"name":"L\u00e9pjen kapcsolatba vel\u00fcnk"}]},{"@type":"WebSite","@id":"https:\/\/immediatebitxdr.com\/hu\/#website","url":"https:\/\/immediatebitxdr.com\/hu\/","name":"Immediate BitXDR","description":"","publisher":{"@id":"https:\/\/immediatebitxdr.com\/hu\/#organization"},"potentialAction":[{"@type":"SearchAction","target":{"@type":"EntryPoint","urlTemplate":"https:\/\/immediatebitxdr.com\/hu\/?s={search_term_string}"},"query-input":"required name=search_term_string"}],"inLanguage":"hu"},{"@type":"Organization","@id":"https:\/\/immediatebitxdr.com\/hu\/#organization","name":"Immediate BitXDR","url":"https:\/\/immediatebitxdr.com\/hu\/","logo":{"@type":"ImageObject","inLanguage":"hu","@id":"https:\/\/immediatebitxdr.com\/hu\/#\/schema\/logo\/image\/","url":"","contentUrl":"","caption":"Immediate BitXDR"},"image":{"@id":"https:\/\/immediatebitxdr.com\/hu\/#\/schema\/logo\/image\/"}}]}},"_links":{"self":[{"href":"https:\/\/immediatebitxdr.com\/hu\/wp-json\/wp\/v2\/pages\/802","targetHints":{"allow":["GET"]}}],"collection":[{"href":"https:\/\/immediatebitxdr.com\/hu\/wp-json\/wp\/v2\/pages"}],"about":[{"href":"https:\/\/immediatebitxdr.com\/hu\/wp-json\/wp\/v2\/types\/page"}],"author":[{"embeddable":true,"href":"https:\/\/immediatebitxdr.com\/hu\/wp-json\/wp\/v2\/users\/1"}],"replies":[{"embeddable":true,"href":"https:\/\/immediatebitxdr.com\/hu\/wp-json\/wp\/v2\/comments?post=802"}],"version-history":[{"count":0,"href":"https:\/\/immediatebitxdr.com\/hu\/wp-json\/wp\/v2\/pages\/802\/revisions"}],"wp:attachment":[{"href":"https:\/\/immediatebitxdr.com\/hu\/wp-json\/wp\/v2\/media?parent=802"}],"curies":[{"name":"wp","href":"https:\/\/api.w.org\/{rel}","templated":true}]}}