{"id":798,"date":"2020-02-26T11:48:48","date_gmt":"2020-02-26T11:48:48","guid":{"rendered":"https:\/\/immediatebitxdr.com\/contactez-nous\/"},"modified":"2024-05-15T12:09:32","modified_gmt":"2024-05-15T12:09:32","slug":"contactez-nous","status":"publish","type":"page","link":"https:\/\/immediatebitxdr.com\/fr\/contactez-nous\/","title":{"rendered":"Contactez-nous"},"content":{"rendered":"\n<div id=\"wp-block-themeisle-blocks-advanced-columns-fd115547\" class=\"wp-block-themeisle-blocks-advanced-columns alignfull has-1-columns has-desktop-equal-layout has-tablet-equal-layout has-mobile-equal-layout has-vertical-unset\"><div class=\"wp-block-themeisle-blocks-advanced-columns-overlay\"><\/div><div class=\"innerblocks-wrap\">\n<div id=\"wp-block-themeisle-blocks-advanced-column-de2aa3a2\" class=\"wp-block-themeisle-blocks-advanced-column has-dark-bg\">\n<p id=\"wp-block-themeisle-blocks-advanced-heading-fb9ebb12\" class=\"wp-block-themeisle-blocks-advanced-heading wp-block-themeisle-blocks-advanced-heading-fb9ebb12\">ENTRER EN CONTACT<\/p>\n\n\n\n<h1 class=\"wp-block-heading has-text-align-center has-nv-text-dark-bg-color has-text-color\">Contactez-nous<\/h1>\n\n\n\n<p class=\"has-text-align-center\">Merci d&rsquo;avoir envisag\u00e9 de nous contacter \u00e0 Immediate BitXDR. Vos commentaires, questions et demandes de renseignements nous sont pr\u00e9cieux alors que nous nous effor\u00e7ons de fournir la meilleure exp\u00e9rience possible \u00e0 nos utilisateurs. Que vous soyez un trader chevronn\u00e9, un investisseur curieux ou un partenaire potentiel, nous appr\u00e9cions votre communication.<\/p>\n<\/div>\n<\/div><\/div>\n\n<div id=\"wp-block-themeisle-blocks-advanced-columns-7c7a89c9\" class=\"wp-block-themeisle-blocks-advanced-columns alignfull has-1-columns has-desktop-equal-layout has-tablet-equal-layout has-mobile-collapsedRows-layout has-vertical-center\"><div class=\"wp-block-themeisle-blocks-advanced-columns-overlay\"><\/div><div class=\"innerblocks-wrap\">\n<div id=\"wp-block-themeisle-blocks-advanced-column-6b5d17f2\" class=\"wp-block-themeisle-blocks-advanced-column\">\n<h2 class=\"wp-block-heading\">Renseignements g\u00e9n\u00e9raux:<\/h2>\n\n\n\n<p>Pour des demandes g\u00e9n\u00e9rales ou des informations sur notre plateforme, nos services et nos offres, n&rsquo;h\u00e9sitez pas \u00e0 contacter notre \u00e9quipe. Nous sommes l\u00e0 pour vous aider et garantir que vous disposez des informations dont vous avez besoin pour naviguer efficacement sur les march\u00e9s de la cryptographie.<\/p>\n\n\n\n<h2 class=\"wp-block-heading\">Service client<\/h2>\n\n\n\n<p>Si vous avez besoin d&rsquo;aide avec votre compte BitXDR imm\u00e9diat, rencontrez des probl\u00e8mes ou avez des questions sp\u00e9cifiques sur l&rsquo;utilisation de nos robots cryptographiques et de nos strat\u00e9gies de trading, notre \u00e9quipe de support client est pr\u00eate \u00e0 vous aider. Nous accordons la priorit\u00e9 \u00e0 des r\u00e9ponses rapides et efficaces pour garantir que vous puissiez tirer le meilleur parti de votre exp\u00e9rience de trading.<\/p>\n\n\n\n<h2 class=\"wp-block-heading\">Partenariats et collaborations\u00a0:<\/h2>\n\n\n\n<p>Imm\u00e9diat BitXDR est toujours ouvert \u00e0 l\u2019exploration de partenariats et de collaborations qui correspondent \u00e0 notre mission. Si vous repr\u00e9sentez une entreprise, une organisation ou si vous avez une proposition de collaboration, veuillez contacter notre \u00e9quipe partenariats. Nous croyons au pouvoir de la collaboration pour stimuler l\u2019innovation et am\u00e9liorer l\u2019\u00e9cosyst\u00e8me cryptographique.<\/p>\n\n\n\n<h2 class=\"wp-block-heading\">Soutien technique:<\/h2>\n\n\n\n<p>Si vous rencontrez des probl\u00e8mes techniques, des probl\u00e8mes ou si vous avez des questions techniques sp\u00e9cifiques li\u00e9es \u00e0 notre plateforme, notre \u00e9quipe d&rsquo;assistance technique se consacre \u00e0 r\u00e9soudre vos probl\u00e8mes rapidement. Votre exp\u00e9rience fluide est notre priorit\u00e9.<\/p>\n\n\n\n<h2 class=\"wp-block-heading\">Connecte-toi avec nous:<\/h2>\n\n\n\n<p>Restez connect\u00e9 avec Immediate BitXDR via nos r\u00e9seaux sociaux. Suivez-nous sur [ins\u00e9rer les plateformes de m\u00e9dias sociaux] pour les derni\u00e8res mises \u00e0 jour, informations sur le march\u00e9 et annonces. Rejoignez notre communaut\u00e9 et participez \u00e0 la conversation en cours sur le monde passionnant de la crypto-monnaie.<\/p>\n\n\n\n<h2 class=\"wp-block-heading\">Rendez nous visite:<\/h2>\n\n\n\n<p>Si vous pr\u00e9f\u00e9rez les interactions en face \u00e0 face, vous \u00eates invit\u00e9s \u00e0 visiter nos bureaux. Veuillez prendre rendez-vous \u00e0 l&rsquo;avance pour vous assurer que les membres concern\u00e9s de l&rsquo;\u00e9quipe sont disponibles pour vous rencontrer.<\/p>\n\n\n\n<h2 class=\"wp-block-heading\">Si\u00e8ge social imm\u00e9diat de BitXDR\u00a0:<\/h2>\n\n\n\n<p>USA: 2363 Hurry Street Fredericksburg, VA 22401<\/p>\n\n\n\n<p>Germany: Oldesloer Strasse 92, 07602 Eisenberg<\/p>\n\n\n\n<p>UK: 65 Souterhead Road LOWER BOSCASWELL TR19 7EY<\/p>\n\n\n\n<p>Email: support@<a href=\"https:\/\/immediatebitxdr.com\/fr\/\" target=\"_blank\" rel=\"noreferrer noopener\"><\/a>immediatebitxdr.com<\/p>\n\n\n\n<p>Phone: +44 078 5290 8427<\/p>\n<\/div>\n<\/div><\/div>\n\n<div id=\"wp-block-themeisle-blocks-advanced-columns-2672f4b5\" class=\"wp-block-themeisle-blocks-advanced-columns alignfull has-2-columns has-desktop-equal-layout has-tablet-equal-layout has-mobile-collapsedRows-layout has-vertical-unset has-dark-bg\"><div class=\"wp-block-themeisle-blocks-advanced-columns-overlay\"><\/div><div class=\"innerblocks-wrap\">\n<div id=\"wp-block-themeisle-blocks-advanced-column-05e52c3e\" class=\"wp-block-themeisle-blocks-advanced-column\">\n<h2 class=\"wp-block-heading has-nv-text-dark-bg-color has-text-color\">Envoyez un message direct en utilisant le formulaire<\/h2>\n\n\n\n<p>Notre \u00e9quipe d&rsquo;assistance d\u00e9di\u00e9e est l\u00e0 pour vous aider pour toute question ou pr\u00e9occupation. Que vous soyez un commer\u00e7ant chevronn\u00e9 ou d\u00e9butant, votre satisfaction est notre priorit\u00e9. Connectez-vous avec nous et naviguons ensemble dans le monde passionnant de la crypto-monnaie\u00a0!<\/p>\n\n\n\n<p>Nous appr\u00e9cions votre int\u00e9r\u00eat pour Immediate BitXDR et nous sommes impatients de vous entendre. Votre communication est essentielle pour nous aider \u00e0 am\u00e9liorer et \u00e0 mieux r\u00e9pondre aux divers besoins de notre communaut\u00e9 en pleine croissance.<\/p>\n\n\n\n<div id=\"wp-block-themeisle-blocks-button-group-89e6367b\" class=\"wp-block-themeisle-blocks-button-group wp-block-buttons\">\n<div id=\"wp-block-themeisle-blocks-button-f6ab3bb5\" class=\"wp-block-themeisle-blocks-button wp-block-button\"><a href=\"\" target=\"_blank\" rel=\"noopener noreferrer\" class=\"wp-block-button__link\"><i class=\"fab fa-fw fa-facebook-f\"><\/i><\/a><\/div>\r\n\n\n\n<div id=\"wp-block-themeisle-blocks-button-ddd4d356\" class=\"wp-block-themeisle-blocks-button wp-block-button\"><a href=\"\" target=\"_blank\" rel=\"noopener noreferrer\" class=\"wp-block-button__link\"><i class=\"fab fa-fw fa-twitter\"><\/i><\/a><\/div>\r\n\n\n\n<div id=\"wp-block-themeisle-blocks-button-36612cba\" class=\"wp-block-themeisle-blocks-button wp-block-button\"><a href=\"\" target=\"_blank\" rel=\"noopener noreferrer\" class=\"wp-block-button__link\"><i class=\"fab fa-fw fa-google-plus\"><\/i><\/a><\/div>\r\n\n\n\n<div id=\"wp-block-themeisle-blocks-button-45cdcaa1\" class=\"wp-block-themeisle-blocks-button wp-block-button\"><a href=\"\" target=\"_blank\" rel=\"noopener noreferrer\" class=\"wp-block-button__link\"><i class=\"fab fa-fw fa-pinterest\"><\/i><\/a><\/div>\r\n\n\n\n<div id=\"wp-block-themeisle-blocks-button-faf5e2e7\" class=\"wp-block-themeisle-blocks-button wp-block-button\"><a href=\"\" target=\"_blank\" rel=\"noopener noreferrer\" class=\"wp-block-button__link\"><i class=\"fab fa-fw fa-instagram\"><\/i><\/a><\/div>\r\n<\/div>\n<\/div>\n\n\n\n<div id=\"wp-block-themeisle-blocks-advanced-column-0788243d\" class=\"wp-block-themeisle-blocks-advanced-column has-dark-bg\">\n<div id=\"wp-block-themeisle-blocks-form-fb39f207\" class=\"wp-block-themeisle-blocks-form\" data-option-name=\"bf9b28ff82ce323187abc5d0feb0d8f07ecd8436_fb39f207\"><form class=\"otter-form__container\">\n<div id=\"wp-block-themeisle-blocks-form-input-cb680aa4\" class=\"wp-block-themeisle-blocks-form-input\"><label for=\"wp-block-themeisle-blocks-form-input-cb680aa4-input\" class=\"otter-form-input-label\"><span class=\"otter-form-input-label__label\">Name<\/span><span class=\"required\">*<\/span><\/label><input type=\"text\" id=\"wp-block-themeisle-blocks-form-input-cb680aa4-input\" required placeholder=\"Your name\" class=\"otter-form-input\"\/><\/div>\r\n\n\n\n<div id=\"wp-block-themeisle-blocks-form-input-53facba3\" class=\"wp-block-themeisle-blocks-form-input\"><label for=\"wp-block-themeisle-blocks-form-input-53facba3-input\" class=\"otter-form-input-label\"><span class=\"otter-form-input-label__label\">Email<\/span><span class=\"required\">*<\/span><\/label><input type=\"email\" id=\"wp-block-themeisle-blocks-form-input-53facba3-input\" required placeholder=\"Your email\" class=\"otter-form-input\"\/><\/div>\r\n\n\n\n<div id=\"wp-block-themeisle-blocks-form-textarea-5eebb0de\" class=\"wp-block-themeisle-blocks-form-textarea\"><label for=\"wp-block-themeisle-blocks-form-textarea-5eebb0de-input\" class=\"otter-form-textarea-label\"><span class=\"otter-form-textarea-label__label\">Message<\/span><\/label><textarea id=\"wp-block-themeisle-blocks-form-textarea-5eebb0de-input\" placeholder=\"Your Message\" rows=\"10\" class=\"otter-form-textarea-input\"><\/textarea><\/div>\r\n\n\n<div class=\"protection\" aria-hidden=\"true\"><input type=\"hidden\" id=\"wp-block-themeisle-blocks-form-fb39f207_nonce_field\" name=\"wp-block-themeisle-blocks-form-fb39f207_nonce_field\" value=\"73e500b9da\" \/><input type=\"hidden\" name=\"_wp_http_referer\" value=\"\/fr\/wp-json\/wp\/v2\/pages\/798\" \/><input class=\"o-anti-bot\" type=\"checkbox\"><\/div><div class=\"wp-block-button\"><button class=\"wp-block-button__link\" type=\"submit\">Submit<\/button><\/div><\/form><\/div>\n<\/div>\n<\/div><\/div>\n\n<div id=\"wp-block-themeisle-blocks-advanced-columns-1dda74ca\" class=\"wp-block-themeisle-blocks-advanced-columns alignfull has-1-columns has-desktop-equal-layout has-tablet-equal-layout has-mobile-equal-layout has-vertical-unset\"><div class=\"wp-block-themeisle-blocks-advanced-columns-overlay\"><\/div><div class=\"innerblocks-wrap\">\n<div id=\"wp-block-themeisle-blocks-advanced-column-a0d00642\" class=\"wp-block-themeisle-blocks-advanced-column\"><\/div>\r\n<\/div><\/div>\n","protected":false},"excerpt":{"rendered":"","protected":false},"author":1,"featured_media":0,"parent":0,"menu_order":0,"comment_status":"closed","ping_status":"closed","template":"page-templates\/template-pagebuilder-full-width.php","meta":{"inline_featured_image":false,"_monsterinsights_skip_tracking":false,"_monsterinsights_sitenote_active":false,"_monsterinsights_sitenote_note":"","_monsterinsights_sitenote_category":0,"neve_meta_sidebar":"full-width","neve_meta_container":"","neve_meta_enable_content_width":"on","neve_meta_content_width":100,"neve_meta_title_alignment":"","neve_meta_author_avatar":"","neve_post_elements_order":"","neve_meta_disable_header":"","neve_meta_disable_footer":"","neve_meta_disable_title":"","_themeisle_gutenberg_block_has_review":false,"_ti_tpc_template_sync":false,"_ti_tpc_template_id":"","footnotes":""},"class_list":["post-798","page","type-page","status-publish","hentry"],"yoast_head":"<!-- This site is optimized with the Yoast SEO plugin v22.7 - https:\/\/yoast.com\/wordpress\/plugins\/seo\/ -->\n<title>Contactez-nous - Immediate BitXDR<\/title>\n<meta name=\"description\" content=\"Notre \u00e9quipe d&#039;assistance d\u00e9di\u00e9e est l\u00e0 pour vous aider pour toute question ou pr\u00e9occupation. Que vous soyez un commer\u00e7ant chevronn\u00e9 ou d\u00e9butant, votre satisfaction est notre priorit\u00e9. Connectez-vous avec nous et naviguons ensemble dans le monde passionnant de la crypto-monnaie\u00a0!\" \/>\n<meta name=\"robots\" content=\"index, follow, max-snippet:-1, max-image-preview:large, max-video-preview:-1\" \/>\n<link rel=\"canonical\" href=\"https:\/\/immediatebitxdr.com\/fr\/contactez-nous\/\" \/>\n<meta property=\"og:locale\" content=\"fr_FR\" \/>\n<meta property=\"og:type\" content=\"article\" \/>\n<meta property=\"og:title\" content=\"Contactez-nous - Immediate BitXDR\" \/>\n<meta property=\"og:description\" content=\"Notre \u00e9quipe d&#039;assistance d\u00e9di\u00e9e est l\u00e0 pour vous aider pour toute question ou pr\u00e9occupation. Que vous soyez un commer\u00e7ant chevronn\u00e9 ou d\u00e9butant, votre satisfaction est notre priorit\u00e9. Connectez-vous avec nous et naviguons ensemble dans le monde passionnant de la crypto-monnaie\u00a0!\" \/>\n<meta property=\"og:url\" content=\"https:\/\/immediatebitxdr.com\/fr\/contactez-nous\/\" \/>\n<meta property=\"og:site_name\" content=\"Immediate BitXDR\" \/>\n<meta property=\"article:modified_time\" content=\"2024-05-15T12:09:32+00:00\" \/>\n<meta name=\"twitter:card\" content=\"summary_large_image\" \/>\n<meta name=\"twitter:label1\" content=\"Dur\u00e9e de lecture estim\u00e9e\" \/>\n\t<meta name=\"twitter:data1\" content=\"2 minutes\" \/>\n<script type=\"application\/ld+json\" class=\"yoast-schema-graph\">{\"@context\":\"https:\/\/schema.org\",\"@graph\":[{\"@type\":\"WebPage\",\"@id\":\"https:\/\/immediatebitxdr.com\/fr\/contactez-nous\/\",\"url\":\"https:\/\/immediatebitxdr.com\/fr\/contactez-nous\/\",\"name\":\"Contactez-nous - Immediate BitXDR\",\"isPartOf\":{\"@id\":\"https:\/\/immediatebitxdr.com\/fr\/#website\"},\"datePublished\":\"2020-02-26T11:48:48+00:00\",\"dateModified\":\"2024-05-15T12:09:32+00:00\",\"description\":\"Notre \u00e9quipe d'assistance d\u00e9di\u00e9e est l\u00e0 pour vous aider pour toute question ou pr\u00e9occupation. Que vous soyez un commer\u00e7ant chevronn\u00e9 ou d\u00e9butant, votre satisfaction est notre priorit\u00e9. Connectez-vous avec nous et naviguons ensemble dans le monde passionnant de la crypto-monnaie\u00a0!\",\"breadcrumb\":{\"@id\":\"https:\/\/immediatebitxdr.com\/fr\/contactez-nous\/#breadcrumb\"},\"inLanguage\":\"fr-FR\",\"potentialAction\":[{\"@type\":\"ReadAction\",\"target\":[\"https:\/\/immediatebitxdr.com\/fr\/contactez-nous\/\"]}]},{\"@type\":\"BreadcrumbList\",\"@id\":\"https:\/\/immediatebitxdr.com\/fr\/contactez-nous\/#breadcrumb\",\"itemListElement\":[{\"@type\":\"ListItem\",\"position\":1,\"name\":\"Home\",\"item\":\"https:\/\/immediatebitxdr.com\/fr\/\"},{\"@type\":\"ListItem\",\"position\":2,\"name\":\"Contactez-nous\"}]},{\"@type\":\"WebSite\",\"@id\":\"https:\/\/immediatebitxdr.com\/fr\/#website\",\"url\":\"https:\/\/immediatebitxdr.com\/fr\/\",\"name\":\"Immediate BitXDR\",\"description\":\"\",\"publisher\":{\"@id\":\"https:\/\/immediatebitxdr.com\/fr\/#organization\"},\"potentialAction\":[{\"@type\":\"SearchAction\",\"target\":{\"@type\":\"EntryPoint\",\"urlTemplate\":\"https:\/\/immediatebitxdr.com\/fr\/?s={search_term_string}\"},\"query-input\":\"required name=search_term_string\"}],\"inLanguage\":\"fr-FR\"},{\"@type\":\"Organization\",\"@id\":\"https:\/\/immediatebitxdr.com\/fr\/#organization\",\"name\":\"Immediate BitXDR\",\"url\":\"https:\/\/immediatebitxdr.com\/fr\/\",\"logo\":{\"@type\":\"ImageObject\",\"inLanguage\":\"fr-FR\",\"@id\":\"https:\/\/immediatebitxdr.com\/fr\/#\/schema\/logo\/image\/\",\"url\":\"\",\"contentUrl\":\"\",\"caption\":\"Immediate BitXDR\"},\"image\":{\"@id\":\"https:\/\/immediatebitxdr.com\/fr\/#\/schema\/logo\/image\/\"}}]}<\/script>\n<!-- \/ Yoast SEO plugin. -->","yoast_head_json":{"title":"Contactez-nous - Immediate BitXDR","description":"Notre \u00e9quipe d'assistance d\u00e9di\u00e9e est l\u00e0 pour vous aider pour toute question ou pr\u00e9occupation. Que vous soyez un commer\u00e7ant chevronn\u00e9 ou d\u00e9butant, votre satisfaction est notre priorit\u00e9. Connectez-vous avec nous et naviguons ensemble dans le monde passionnant de la crypto-monnaie\u00a0!","robots":{"index":"index","follow":"follow","max-snippet":"max-snippet:-1","max-image-preview":"max-image-preview:large","max-video-preview":"max-video-preview:-1"},"canonical":"https:\/\/immediatebitxdr.com\/fr\/contactez-nous\/","og_locale":"fr_FR","og_type":"article","og_title":"Contactez-nous - Immediate BitXDR","og_description":"Notre \u00e9quipe d'assistance d\u00e9di\u00e9e est l\u00e0 pour vous aider pour toute question ou pr\u00e9occupation. Que vous soyez un commer\u00e7ant chevronn\u00e9 ou d\u00e9butant, votre satisfaction est notre priorit\u00e9. Connectez-vous avec nous et naviguons ensemble dans le monde passionnant de la crypto-monnaie\u00a0!","og_url":"https:\/\/immediatebitxdr.com\/fr\/contactez-nous\/","og_site_name":"Immediate BitXDR","article_modified_time":"2024-05-15T12:09:32+00:00","twitter_card":"summary_large_image","twitter_misc":{"Dur\u00e9e de lecture estim\u00e9e":"2 minutes"},"schema":{"@context":"https:\/\/schema.org","@graph":[{"@type":"WebPage","@id":"https:\/\/immediatebitxdr.com\/fr\/contactez-nous\/","url":"https:\/\/immediatebitxdr.com\/fr\/contactez-nous\/","name":"Contactez-nous - Immediate BitXDR","isPartOf":{"@id":"https:\/\/immediatebitxdr.com\/fr\/#website"},"datePublished":"2020-02-26T11:48:48+00:00","dateModified":"2024-05-15T12:09:32+00:00","description":"Notre \u00e9quipe d'assistance d\u00e9di\u00e9e est l\u00e0 pour vous aider pour toute question ou pr\u00e9occupation. Que vous soyez un commer\u00e7ant chevronn\u00e9 ou d\u00e9butant, votre satisfaction est notre priorit\u00e9. Connectez-vous avec nous et naviguons ensemble dans le monde passionnant de la crypto-monnaie\u00a0!","breadcrumb":{"@id":"https:\/\/immediatebitxdr.com\/fr\/contactez-nous\/#breadcrumb"},"inLanguage":"fr-FR","potentialAction":[{"@type":"ReadAction","target":["https:\/\/immediatebitxdr.com\/fr\/contactez-nous\/"]}]},{"@type":"BreadcrumbList","@id":"https:\/\/immediatebitxdr.com\/fr\/contactez-nous\/#breadcrumb","itemListElement":[{"@type":"ListItem","position":1,"name":"Home","item":"https:\/\/immediatebitxdr.com\/fr\/"},{"@type":"ListItem","position":2,"name":"Contactez-nous"}]},{"@type":"WebSite","@id":"https:\/\/immediatebitxdr.com\/fr\/#website","url":"https:\/\/immediatebitxdr.com\/fr\/","name":"Immediate BitXDR","description":"","publisher":{"@id":"https:\/\/immediatebitxdr.com\/fr\/#organization"},"potentialAction":[{"@type":"SearchAction","target":{"@type":"EntryPoint","urlTemplate":"https:\/\/immediatebitxdr.com\/fr\/?s={search_term_string}"},"query-input":"required name=search_term_string"}],"inLanguage":"fr-FR"},{"@type":"Organization","@id":"https:\/\/immediatebitxdr.com\/fr\/#organization","name":"Immediate BitXDR","url":"https:\/\/immediatebitxdr.com\/fr\/","logo":{"@type":"ImageObject","inLanguage":"fr-FR","@id":"https:\/\/immediatebitxdr.com\/fr\/#\/schema\/logo\/image\/","url":"","contentUrl":"","caption":"Immediate BitXDR"},"image":{"@id":"https:\/\/immediatebitxdr.com\/fr\/#\/schema\/logo\/image\/"}}]}},"_links":{"self":[{"href":"https:\/\/immediatebitxdr.com\/fr\/wp-json\/wp\/v2\/pages\/798","targetHints":{"allow":["GET"]}}],"collection":[{"href":"https:\/\/immediatebitxdr.com\/fr\/wp-json\/wp\/v2\/pages"}],"about":[{"href":"https:\/\/immediatebitxdr.com\/fr\/wp-json\/wp\/v2\/types\/page"}],"author":[{"embeddable":true,"href":"https:\/\/immediatebitxdr.com\/fr\/wp-json\/wp\/v2\/users\/1"}],"replies":[{"embeddable":true,"href":"https:\/\/immediatebitxdr.com\/fr\/wp-json\/wp\/v2\/comments?post=798"}],"version-history":[{"count":0,"href":"https:\/\/immediatebitxdr.com\/fr\/wp-json\/wp\/v2\/pages\/798\/revisions"}],"wp:attachment":[{"href":"https:\/\/immediatebitxdr.com\/fr\/wp-json\/wp\/v2\/media?parent=798"}],"curies":[{"name":"wp","href":"https:\/\/api.w.org\/{rel}","templated":true}]}}