{"id":770,"date":"2024-01-26T09:54:07","date_gmt":"2024-01-26T09:54:07","guid":{"rendered":"https:\/\/immediatebitxdr.com\/a-propos-de-nous\/"},"modified":"2024-05-15T12:09:19","modified_gmt":"2024-05-15T12:09:19","slug":"a-propos-de-nous","status":"publish","type":"page","link":"https:\/\/immediatebitxdr.com\/fr\/a-propos-de-nous\/","title":{"rendered":"\u00c0 propos de nous"},"content":{"rendered":"\n<div class=\"wp-block-cover alignfull is-light\"><span aria-hidden=\"true\" class=\"wp-block-cover__background has-nv-light-bg-background-color has-background-dim-100 has-background-dim\"><\/span><div class=\"wp-block-cover__inner-container is-layout-flow wp-block-cover-is-layout-flow\">\n<div style=\"height:80px\" aria-hidden=\"true\" class=\"wp-block-spacer\"><\/div>\n\n\n\n<div class=\"wp-block-columns are-vertically-aligned-center is-layout-flex wp-container-core-columns-is-layout-9d6595d7 wp-block-columns-is-layout-flex\">\n<div class=\"wp-block-column is-vertically-aligned-center is-layout-flow wp-block-column-is-layout-flow\" style=\"flex-basis:66.66%\">\n<h1 class=\"wp-block-heading has-text-align-center has-neve-text-color-color has-text-color\">\u00c0 propos de nous<\/h1>\n\n\n\n<p class=\"has-text-align-center has-neve-text-color-color has-text-color\">Bienvenue sur Immediate BitXDR, o\u00f9 l&rsquo;innovation rencontre l&rsquo;accessibilit\u00e9 dans le monde dynamique du trading de crypto-monnaie. Alors que le paysage cryptographique conna\u00eet une croissance sans pr\u00e9c\u00e9dent, notre plateforme se tient \u00e0 l\u2019avant-garde, d\u00e9di\u00e9e \u00e0 fournir aux investisseurs non institutionnels des robots cryptographiques de pointe et des strat\u00e9gies de trading automatis\u00e9es. Permettez-moi de vous faire voyager \u00e0 travers notre mission, de vous pr\u00e9senter nos auteurs, de plonger dans notre communaut\u00e9 et de souligner notre engagement in\u00e9branlable.<\/p>\n\n\n\n<div class=\"wp-block-buttons is-horizontal is-content-justification-center is-layout-flex wp-container-core-buttons-is-layout-499968f5 wp-block-buttons-is-layout-flex\">\n<div class=\"wp-block-button is-style-secondary\"><a class=\"wp-block-button__link has-neve-text-color-color has-neve-link-hover-color-background-color has-text-color has-background has-link-color wp-element-button\">Commencer \u00e0 trader<\/a><\/div>\n<\/div>\n<\/div>\n\n\n\n<div class=\"wp-block-column is-vertically-aligned-center is-layout-flow wp-block-column-is-layout-flow\" style=\"flex-basis:33.33%\">\n<figure class=\"wp-block-image size-full\"><img decoding=\"async\" src=\"https:\/\/immediatebitxdr.com\/wp-content\/uploads\/2024\/01\/&#x2014;Pngtree&#x2014;financial-material_4391789.png\" alt=\"Immediate BitXDR\" class=\"wp-image-22\"\/><\/figure>\n<\/div>\n<\/div>\n\n\n\n<div style=\"height:80px\" aria-hidden=\"true\" class=\"wp-block-spacer\"><\/div>\n<\/div><\/div>\n\n<div class=\"wp-block-cover alignfull is-light\"><span aria-hidden=\"true\" class=\"wp-block-cover__background has-nv-dark-bg-background-color has-background-dim-100 has-background-dim\"><\/span><div class=\"wp-block-cover__inner-container is-layout-flow wp-block-cover-is-layout-flow\">\n<div style=\"height:80px\" aria-hidden=\"true\" class=\"wp-block-spacer\"><\/div>\n\n\n\n<div class=\"wp-block-columns is-layout-flex wp-container-core-columns-is-layout-9d6595d7 wp-block-columns-is-layout-flex\">\n<div class=\"wp-block-column is-layout-flow wp-block-column-is-layout-flow\">\n<figure class=\"wp-block-image size-large is-resized\"><img loading=\"lazy\" decoding=\"async\" width=\"732\" height=\"1024\" src=\"https:\/\/immediatebitxdr.com\/wp-content\/uploads\/2024\/01\/v882-aew-59-b-732x1024.jpg\" alt=\"Immediate BitXDR\" class=\"wp-image-300\" style=\"width:505px;height:auto\" srcset=\"https:\/\/immediatebitxdr.com\/wp-content\/uploads\/2024\/01\/v882-aew-59-b-732x1024.jpg 732w, https:\/\/immediatebitxdr.com\/wp-content\/uploads\/2024\/01\/v882-aew-59-b-214x300.jpg 214w, https:\/\/immediatebitxdr.com\/wp-content\/uploads\/2024\/01\/v882-aew-59-b-768x1075.jpg 768w, https:\/\/immediatebitxdr.com\/wp-content\/uploads\/2024\/01\/v882-aew-59-b-1097x1536.jpg 1097w, https:\/\/immediatebitxdr.com\/wp-content\/uploads\/2024\/01\/v882-aew-59-b-1463x2048.jpg 1463w, https:\/\/immediatebitxdr.com\/wp-content\/uploads\/2024\/01\/v882-aew-59-b-scaled.jpg 1829w\" sizes=\"auto, (max-width: 732px) 100vw, 732px\" \/><\/figure>\n<\/div>\n\n\n\n<div class=\"wp-block-column is-vertically-aligned-center is-layout-flow wp-block-column-is-layout-flow\">\n<h2 class=\"wp-block-heading has-text-align-center has-nv-text-dark-bg-color has-text-color\">Notre mission et notre vision<\/h2>\n\n\n\n<p class=\"has-neve-text-color-color has-text-color has-link-color wp-elements-a899b9a89c0f426ab1330fc1667ae8ed\">Chez Immediate BitXDR, notre mission est claire : d\u00e9mocratiser l&rsquo;acc\u00e8s aux solutions de trading algorithmique. Nous envisageons un avenir dans lequel chaque investisseur, quels que soient son parcours ou son expertise, pourra exploiter la puissance d\u2019outils de trading sophistiqu\u00e9s auparavant r\u00e9serv\u00e9s aux hedge funds quantitatifs. Sur la base de notre exp\u00e9rience directe sur les march\u00e9s de la cryptographie, nous avons reconnu la n\u00e9cessit\u00e9 d\u2019une plateforme qui comble le foss\u00e9 entre les strat\u00e9gies institutionnelles et les investisseurs individuels.<\/p>\n\n\n\n<p class=\"has-neve-text-color-color has-text-color has-link-color wp-elements-782ea125be68393264412cbeae64f844\">Gr\u00e2ce \u00e0 notre expertise, nous comprenons que l\u2019espace crypto peut \u00eatre \u00e0 la fois exaltant et stimulant. Gr\u00e2ce \u00e0 nos connaissances pratiques, nous avons d\u00e9velopp\u00e9 une plateforme conviviale qui simplifie les complexit\u00e9s du trading algorithmique, la rendant accessible \u00e0 un public plus large. Gr\u00e2ce \u00e0 nos essais et erreurs, nous avons d\u00e9couvert qu\u2019offrir une exp\u00e9rience transparente et intuitive est primordial pour permettre aux investisseurs de prendre des d\u00e9cisions \u00e9clair\u00e9es sur le march\u00e9 de la cryptographie en constante \u00e9volution.<\/p>\n\n\n\n<p class=\"has-neve-text-color-color has-text-color has-link-color wp-elements-88ec3e3799a1d4ebb4195c3b6958e717\">Notre enqu\u00eate a d\u00e9montr\u00e9 qu&rsquo;en proposant une gamme de robots cryptographiques et de strat\u00e9gies de trading automatis\u00e9es, nous permettons \u00e0 nos utilisateurs de naviguer efficacement sur le march\u00e9, de capitaliser sur les opportunit\u00e9s et d&rsquo;att\u00e9nuer les risques. Nos r\u00e9sultats montrent qu\u2019Immediate BitXDR n\u2019est pas seulement une plateforme ; c&rsquo;est une solution compl\u00e8te con\u00e7ue pour am\u00e9liorer votre exp\u00e9rience de trading.<\/p>\n<\/div>\n<\/div>\n\n\n\n<div style=\"height:50px\" aria-hidden=\"true\" class=\"wp-block-spacer\"><\/div>\n<\/div><\/div>\n\n<div class=\"wp-block-cover alignfull\"><span aria-hidden=\"true\" class=\"wp-block-cover__background has-nv-dark-bg-background-color has-background-dim-100 has-background-dim\"><\/span><div class=\"wp-block-cover__inner-container is-layout-flow wp-block-cover-is-layout-flow\">\n<div style=\"height:80px\" aria-hidden=\"true\" class=\"wp-block-spacer\"><\/div>\n\n\n\n<div class=\"wp-block-columns is-layout-flex wp-container-core-columns-is-layout-9d6595d7 wp-block-columns-is-layout-flex\">\n<div class=\"wp-block-column is-vertically-aligned-center is-layout-flow wp-block-column-is-layout-flow\">\n<h2 class=\"wp-block-heading has-text-align-center has-nv-text-dark-bg-color has-text-color\">Notre communaut\u00e9<\/h2>\n\n\n\n<p>Imm\u00e9diat BitXDR est plus qu&rsquo;une simple plateforme\u00a0; il s&rsquo;agit d&rsquo;une communaut\u00e9 florissante de personnes partageant les m\u00eames id\u00e9es et passionn\u00e9es par l&rsquo;avenir de la cryptographie. Notre communaut\u00e9 est un espace pour partager des id\u00e9es, apprendre les uns des autres et rester inform\u00e9 des derni\u00e8res tendances du monde de la cryptographie.<\/p>\n\n\n\n<p>Que vous soyez un trader chevronn\u00e9 ou que vous vous plongez simplement dans les eaux cryptographiques, notre communaut\u00e9 offre un environnement favorable \u00e0 la croissance et \u00e0 l&rsquo;exploration. Participez \u00e0 des discussions, posez des questions et \u00e9largissez votre compr\u00e9hension du march\u00e9 de la cryptographie aux c\u00f4t\u00e9s d\u2019autres passionn\u00e9s.<\/p>\n<\/div>\n\n\n\n<div class=\"wp-block-column is-layout-flow wp-block-column-is-layout-flow\">\n<figure class=\"wp-block-image size-full is-resized\"><img loading=\"lazy\" decoding=\"async\" width=\"1024\" height=\"640\" src=\"https:\/\/immediatebitxdr.com\/wp-content\/uploads\/2024\/01\/crypto_analysis-1.jpg\" alt=\"Immediate BitXDR\" class=\"wp-image-286\" style=\"width:505px;height:auto\" srcset=\"https:\/\/immediatebitxdr.com\/wp-content\/uploads\/2024\/01\/crypto_analysis-1.jpg 1024w, https:\/\/immediatebitxdr.com\/wp-content\/uploads\/2024\/01\/crypto_analysis-1-300x188.jpg 300w, https:\/\/immediatebitxdr.com\/wp-content\/uploads\/2024\/01\/crypto_analysis-1-768x480.jpg 768w\" sizes=\"auto, (max-width: 1024px) 100vw, 1024px\" \/><\/figure>\n<\/div>\n<\/div>\n\n\n\n<div style=\"height:50px\" aria-hidden=\"true\" class=\"wp-block-spacer\"><\/div>\n<\/div><\/div>\n\n<div class=\"wp-block-cover alignfull is-light\"><span aria-hidden=\"true\" class=\"wp-block-cover__background has-nv-light-bg-background-color has-background-dim-100 has-background-dim\"><\/span><div class=\"wp-block-cover__inner-container is-layout-flow wp-block-cover-is-layout-flow\">\n<div style=\"height:33px\" aria-hidden=\"true\" class=\"wp-block-spacer\"><\/div>\n\n\n\n<h2 class=\"wp-block-heading has-text-align-center has-neve-text-color-color has-text-color has-link-color wp-elements-565baf74be03353a07cd6202de281797\">Notre engagement<\/h2>\n\n\n\n<p class=\"has-neve-text-color-color has-text-color has-link-color wp-elements-ec61bb9a841a42955e262e7f47867a77\">Notre engagement va au-del\u00e0 de la fourniture d\u2019outils de trading avanc\u00e9s et de la promotion d\u2019une communaut\u00e9 dynamique. Nous nous engageons en faveur de la transparence, de la s\u00e9curit\u00e9 et de l\u2019am\u00e9lioration continue. Notre \u00e9quipe travaille sans rel\u00e2che pour garantir qu&rsquo;Immediate BitXDR reste une plateforme de confiance pour les passionn\u00e9s de cryptographie du monde entier. Dans le cadre de notre engagement, nous priorisons :<\/p>\n\n\n\n<div class=\"wp-block-columns is-layout-flex wp-container-core-columns-is-layout-9d6595d7 wp-block-columns-is-layout-flex\">\n<div class=\"wp-block-column is-layout-flow wp-block-column-is-layout-flow\">\n<h3 class=\"wp-block-heading has-text-align-center has-neve-text-color-color has-text-color\">S\u00e9curit\u00e9 des utilisateurs<\/h3>\n\n\n\n<p class=\"has-text-align-center has-neve-text-color-color has-text-color\">Gr\u00e2ce \u00e0 des mesures de s\u00e9curit\u00e9 robustes, nous prot\u00e9geons vos actifs et vos informations personnelles, garantissant ainsi un environnement commercial s\u00e9curis\u00e9.<\/p>\n\n\n\n<div class=\"wp-block-buttons is-horizontal is-content-justification-center is-layout-flex wp-container-core-buttons-is-layout-499968f5 wp-block-buttons-is-layout-flex\"><\/div>\n\n\n\n<div style=\"height:20px\" aria-hidden=\"true\" class=\"wp-block-spacer\"><\/div>\n<\/div>\n\n\n\n<div class=\"wp-block-column is-layout-flow wp-block-column-is-layout-flow\">\n<h3 class=\"wp-block-heading has-text-align-center has-neve-text-color-color has-text-color\">Innovation<\/h3>\n\n\n\n<p class=\"has-text-align-center has-neve-text-color-color has-text-color\">Nous nous engageons \u00e0 rester \u00e0 la pointe des avanc\u00e9es technologiques, en mettant r\u00e9guli\u00e8rement \u00e0 jour notre plateforme avec de nouvelles fonctionnalit\u00e9s et am\u00e9liorations.<\/p>\n\n\n\n<div class=\"wp-block-buttons is-horizontal is-content-justification-center is-layout-flex wp-container-core-buttons-is-layout-499968f5 wp-block-buttons-is-layout-flex\"><\/div>\n\n\n\n<div style=\"height:20px\" aria-hidden=\"true\" class=\"wp-block-spacer\"><\/div>\n<\/div>\n\n\n\n<div class=\"wp-block-column is-layout-flow wp-block-column-is-layout-flow\">\n<h3 class=\"wp-block-heading has-text-align-center has-neve-text-color-color has-text-color\">Service client<\/h3>\n\n\n\n<p class=\"has-text-align-center has-neve-text-color-color has-text-color\">Notre \u00e9quipe d&rsquo;assistance d\u00e9di\u00e9e est disponible pour vous aider, r\u00e9pondant rapidement \u00e0 vos questions et pr\u00e9occupations afin d&rsquo;am\u00e9liorer votre exp\u00e9rience globale.<\/p>\n\n\n\n<div class=\"wp-block-buttons is-horizontal is-content-justification-center is-layout-flex wp-container-core-buttons-is-layout-499968f5 wp-block-buttons-is-layout-flex\"><\/div>\n\n\n\n<div style=\"height:20px\" aria-hidden=\"true\" class=\"wp-block-spacer\"><\/div>\n<\/div>\n<\/div>\n\n\n\n<div style=\"height:80px\" aria-hidden=\"true\" class=\"wp-block-spacer\"><\/div>\n<\/div><\/div>\n","protected":false},"excerpt":{"rendered":"","protected":false},"author":1,"featured_media":0,"parent":0,"menu_order":0,"comment_status":"closed","ping_status":"closed","template":"","meta":{"inline_featured_image":false,"_monsterinsights_skip_tracking":false,"_monsterinsights_sitenote_active":false,"_monsterinsights_sitenote_note":"","_monsterinsights_sitenote_category":0,"neve_meta_sidebar":"full-width","neve_meta_container":"","neve_meta_enable_content_width":"on","neve_meta_content_width":100,"neve_meta_title_alignment":"","neve_meta_author_avatar":"","neve_post_elements_order":"","neve_meta_disable_header":"","neve_meta_disable_footer":"","neve_meta_disable_title":"on","_themeisle_gutenberg_block_has_review":false,"_ti_tpc_template_sync":false,"_ti_tpc_template_id":"","footnotes":""},"class_list":["post-770","page","type-page","status-publish","hentry"],"yoast_head":"<!-- This site is optimized with the Yoast SEO plugin v22.7 - https:\/\/yoast.com\/wordpress\/plugins\/seo\/ -->\n<title>\u00c0 propos de nous - Immediate BitXDR<\/title>\n<meta name=\"description\" content=\"Imm\u00e9diat BitXDR est plus qu&#039;une plateforme\u00a0; c&#039;est un engagement \u00e0 r\u00e9volutionner la fa\u00e7on dont les individus interagissent avec le march\u00e9 de la cryptographie. Rejoignez-nous dans ce voyage passionnant et fa\u00e7onnons ensemble l&#039;avenir du trading de crypto-monnaies.\" \/>\n<meta name=\"robots\" content=\"index, follow, max-snippet:-1, max-image-preview:large, max-video-preview:-1\" \/>\n<link rel=\"canonical\" href=\"https:\/\/immediatebitxdr.com\/fr\/a-propos-de-nous\/\" \/>\n<meta property=\"og:locale\" content=\"fr_FR\" \/>\n<meta property=\"og:type\" content=\"article\" \/>\n<meta property=\"og:title\" content=\"\u00c0 propos de nous - Immediate BitXDR\" \/>\n<meta property=\"og:description\" content=\"Imm\u00e9diat BitXDR est plus qu&#039;une plateforme\u00a0; c&#039;est un engagement \u00e0 r\u00e9volutionner la fa\u00e7on dont les individus interagissent avec le march\u00e9 de la cryptographie. Rejoignez-nous dans ce voyage passionnant et fa\u00e7onnons ensemble l&#039;avenir du trading de crypto-monnaies.\" \/>\n<meta property=\"og:url\" content=\"https:\/\/immediatebitxdr.com\/fr\/a-propos-de-nous\/\" \/>\n<meta property=\"og:site_name\" content=\"Immediate BitXDR\" \/>\n<meta property=\"article:modified_time\" content=\"2024-05-15T12:09:19+00:00\" \/>\n<meta property=\"og:image\" content=\"https:\/\/immediatebitxdr.com\/wp-content\/uploads\/2024\/01\/&#x2014;Pngtree&#x2014;financial-material_4391789.png\" \/>\n<meta name=\"twitter:card\" content=\"summary_large_image\" \/>\n<meta name=\"twitter:label1\" content=\"Dur\u00e9e de lecture estim\u00e9e\" \/>\n\t<meta name=\"twitter:data1\" content=\"3 minutes\" \/>\n<script type=\"application\/ld+json\" class=\"yoast-schema-graph\">{\"@context\":\"https:\/\/schema.org\",\"@graph\":[{\"@type\":\"WebPage\",\"@id\":\"https:\/\/immediatebitxdr.com\/fr\/a-propos-de-nous\/\",\"url\":\"https:\/\/immediatebitxdr.com\/fr\/a-propos-de-nous\/\",\"name\":\"\u00c0 propos de nous - Immediate BitXDR\",\"isPartOf\":{\"@id\":\"https:\/\/immediatebitxdr.com\/fr\/#website\"},\"primaryImageOfPage\":{\"@id\":\"https:\/\/immediatebitxdr.com\/fr\/a-propos-de-nous\/#primaryimage\"},\"image\":{\"@id\":\"https:\/\/immediatebitxdr.com\/fr\/a-propos-de-nous\/#primaryimage\"},\"thumbnailUrl\":\"https:\/\/immediatebitxdr.com\/wp-content\/uploads\/2024\/01\/&#x2014;Pngtree&#x2014;financial-material_4391789.png\",\"datePublished\":\"2024-01-26T09:54:07+00:00\",\"dateModified\":\"2024-05-15T12:09:19+00:00\",\"description\":\"Imm\u00e9diat BitXDR est plus qu'une plateforme\u00a0; c'est un engagement \u00e0 r\u00e9volutionner la fa\u00e7on dont les individus interagissent avec le march\u00e9 de la cryptographie. Rejoignez-nous dans ce voyage passionnant et fa\u00e7onnons ensemble l'avenir du trading de crypto-monnaies.\",\"breadcrumb\":{\"@id\":\"https:\/\/immediatebitxdr.com\/fr\/a-propos-de-nous\/#breadcrumb\"},\"inLanguage\":\"fr-FR\",\"potentialAction\":[{\"@type\":\"ReadAction\",\"target\":[\"https:\/\/immediatebitxdr.com\/fr\/a-propos-de-nous\/\"]}]},{\"@type\":\"ImageObject\",\"inLanguage\":\"fr-FR\",\"@id\":\"https:\/\/immediatebitxdr.com\/fr\/a-propos-de-nous\/#primaryimage\",\"url\":\"https:\/\/immediatebitxdr.com\/wp-content\/uploads\/2024\/01\/&#x2014;Pngtree&#x2014;financial-material_4391789.png\",\"contentUrl\":\"https:\/\/immediatebitxdr.com\/wp-content\/uploads\/2024\/01\/&#x2014;Pngtree&#x2014;financial-material_4391789.png\"},{\"@type\":\"BreadcrumbList\",\"@id\":\"https:\/\/immediatebitxdr.com\/fr\/a-propos-de-nous\/#breadcrumb\",\"itemListElement\":[{\"@type\":\"ListItem\",\"position\":1,\"name\":\"Home\",\"item\":\"https:\/\/immediatebitxdr.com\/fr\/\"},{\"@type\":\"ListItem\",\"position\":2,\"name\":\"\u00c0 propos de nous\"}]},{\"@type\":\"WebSite\",\"@id\":\"https:\/\/immediatebitxdr.com\/fr\/#website\",\"url\":\"https:\/\/immediatebitxdr.com\/fr\/\",\"name\":\"Immediate BitXDR\",\"description\":\"\",\"publisher\":{\"@id\":\"https:\/\/immediatebitxdr.com\/fr\/#organization\"},\"potentialAction\":[{\"@type\":\"SearchAction\",\"target\":{\"@type\":\"EntryPoint\",\"urlTemplate\":\"https:\/\/immediatebitxdr.com\/fr\/?s={search_term_string}\"},\"query-input\":\"required name=search_term_string\"}],\"inLanguage\":\"fr-FR\"},{\"@type\":\"Organization\",\"@id\":\"https:\/\/immediatebitxdr.com\/fr\/#organization\",\"name\":\"Immediate BitXDR\",\"url\":\"https:\/\/immediatebitxdr.com\/fr\/\",\"logo\":{\"@type\":\"ImageObject\",\"inLanguage\":\"fr-FR\",\"@id\":\"https:\/\/immediatebitxdr.com\/fr\/#\/schema\/logo\/image\/\",\"url\":\"\",\"contentUrl\":\"\",\"caption\":\"Immediate BitXDR\"},\"image\":{\"@id\":\"https:\/\/immediatebitxdr.com\/fr\/#\/schema\/logo\/image\/\"}}]}<\/script>\n<!-- \/ Yoast SEO plugin. -->","yoast_head_json":{"title":"\u00c0 propos de nous - Immediate BitXDR","description":"Imm\u00e9diat BitXDR est plus qu'une plateforme\u00a0; c'est un engagement \u00e0 r\u00e9volutionner la fa\u00e7on dont les individus interagissent avec le march\u00e9 de la cryptographie. Rejoignez-nous dans ce voyage passionnant et fa\u00e7onnons ensemble l'avenir du trading de crypto-monnaies.","robots":{"index":"index","follow":"follow","max-snippet":"max-snippet:-1","max-image-preview":"max-image-preview:large","max-video-preview":"max-video-preview:-1"},"canonical":"https:\/\/immediatebitxdr.com\/fr\/a-propos-de-nous\/","og_locale":"fr_FR","og_type":"article","og_title":"\u00c0 propos de nous - Immediate BitXDR","og_description":"Imm\u00e9diat BitXDR est plus qu'une plateforme\u00a0; c'est un engagement \u00e0 r\u00e9volutionner la fa\u00e7on dont les individus interagissent avec le march\u00e9 de la cryptographie. Rejoignez-nous dans ce voyage passionnant et fa\u00e7onnons ensemble l'avenir du trading de crypto-monnaies.","og_url":"https:\/\/immediatebitxdr.com\/fr\/a-propos-de-nous\/","og_site_name":"Immediate BitXDR","article_modified_time":"2024-05-15T12:09:19+00:00","og_image":[{"url":"https:\/\/immediatebitxdr.com\/wp-content\/uploads\/2024\/01\/&#x2014;Pngtree&#x2014;financial-material_4391789.png"}],"twitter_card":"summary_large_image","twitter_misc":{"Dur\u00e9e de lecture estim\u00e9e":"3 minutes"},"schema":{"@context":"https:\/\/schema.org","@graph":[{"@type":"WebPage","@id":"https:\/\/immediatebitxdr.com\/fr\/a-propos-de-nous\/","url":"https:\/\/immediatebitxdr.com\/fr\/a-propos-de-nous\/","name":"\u00c0 propos de nous - Immediate BitXDR","isPartOf":{"@id":"https:\/\/immediatebitxdr.com\/fr\/#website"},"primaryImageOfPage":{"@id":"https:\/\/immediatebitxdr.com\/fr\/a-propos-de-nous\/#primaryimage"},"image":{"@id":"https:\/\/immediatebitxdr.com\/fr\/a-propos-de-nous\/#primaryimage"},"thumbnailUrl":"https:\/\/immediatebitxdr.com\/wp-content\/uploads\/2024\/01\/&#x2014;Pngtree&#x2014;financial-material_4391789.png","datePublished":"2024-01-26T09:54:07+00:00","dateModified":"2024-05-15T12:09:19+00:00","description":"Imm\u00e9diat BitXDR est plus qu'une plateforme\u00a0; c'est un engagement \u00e0 r\u00e9volutionner la fa\u00e7on dont les individus interagissent avec le march\u00e9 de la cryptographie. Rejoignez-nous dans ce voyage passionnant et fa\u00e7onnons ensemble l'avenir du trading de crypto-monnaies.","breadcrumb":{"@id":"https:\/\/immediatebitxdr.com\/fr\/a-propos-de-nous\/#breadcrumb"},"inLanguage":"fr-FR","potentialAction":[{"@type":"ReadAction","target":["https:\/\/immediatebitxdr.com\/fr\/a-propos-de-nous\/"]}]},{"@type":"ImageObject","inLanguage":"fr-FR","@id":"https:\/\/immediatebitxdr.com\/fr\/a-propos-de-nous\/#primaryimage","url":"https:\/\/immediatebitxdr.com\/wp-content\/uploads\/2024\/01\/&#x2014;Pngtree&#x2014;financial-material_4391789.png","contentUrl":"https:\/\/immediatebitxdr.com\/wp-content\/uploads\/2024\/01\/&#x2014;Pngtree&#x2014;financial-material_4391789.png"},{"@type":"BreadcrumbList","@id":"https:\/\/immediatebitxdr.com\/fr\/a-propos-de-nous\/#breadcrumb","itemListElement":[{"@type":"ListItem","position":1,"name":"Home","item":"https:\/\/immediatebitxdr.com\/fr\/"},{"@type":"ListItem","position":2,"name":"\u00c0 propos de nous"}]},{"@type":"WebSite","@id":"https:\/\/immediatebitxdr.com\/fr\/#website","url":"https:\/\/immediatebitxdr.com\/fr\/","name":"Immediate BitXDR","description":"","publisher":{"@id":"https:\/\/immediatebitxdr.com\/fr\/#organization"},"potentialAction":[{"@type":"SearchAction","target":{"@type":"EntryPoint","urlTemplate":"https:\/\/immediatebitxdr.com\/fr\/?s={search_term_string}"},"query-input":"required name=search_term_string"}],"inLanguage":"fr-FR"},{"@type":"Organization","@id":"https:\/\/immediatebitxdr.com\/fr\/#organization","name":"Immediate BitXDR","url":"https:\/\/immediatebitxdr.com\/fr\/","logo":{"@type":"ImageObject","inLanguage":"fr-FR","@id":"https:\/\/immediatebitxdr.com\/fr\/#\/schema\/logo\/image\/","url":"","contentUrl":"","caption":"Immediate BitXDR"},"image":{"@id":"https:\/\/immediatebitxdr.com\/fr\/#\/schema\/logo\/image\/"}}]}},"_links":{"self":[{"href":"https:\/\/immediatebitxdr.com\/fr\/wp-json\/wp\/v2\/pages\/770","targetHints":{"allow":["GET"]}}],"collection":[{"href":"https:\/\/immediatebitxdr.com\/fr\/wp-json\/wp\/v2\/pages"}],"about":[{"href":"https:\/\/immediatebitxdr.com\/fr\/wp-json\/wp\/v2\/types\/page"}],"author":[{"embeddable":true,"href":"https:\/\/immediatebitxdr.com\/fr\/wp-json\/wp\/v2\/users\/1"}],"replies":[{"embeddable":true,"href":"https:\/\/immediatebitxdr.com\/fr\/wp-json\/wp\/v2\/comments?post=770"}],"version-history":[{"count":0,"href":"https:\/\/immediatebitxdr.com\/fr\/wp-json\/wp\/v2\/pages\/770\/revisions"}],"wp:attachment":[{"href":"https:\/\/immediatebitxdr.com\/fr\/wp-json\/wp\/v2\/media?parent=770"}],"curies":[{"name":"wp","href":"https:\/\/api.w.org\/{rel}","templated":true}]}}