{"id":810,"date":"2020-02-26T11:48:48","date_gmt":"2020-02-26T11:48:48","guid":{"rendered":"https:\/\/immediatebitxdr.com\/contactenos\/"},"modified":"2024-05-15T12:09:31","modified_gmt":"2024-05-15T12:09:31","slug":"contactenos","status":"publish","type":"page","link":"https:\/\/immediatebitxdr.com\/es\/contactenos\/","title":{"rendered":"Cont\u00e1ctenos"},"content":{"rendered":"\n<div id=\"wp-block-themeisle-blocks-advanced-columns-fd115547\" class=\"wp-block-themeisle-blocks-advanced-columns alignfull has-1-columns has-desktop-equal-layout has-tablet-equal-layout has-mobile-equal-layout has-vertical-unset\"><div class=\"wp-block-themeisle-blocks-advanced-columns-overlay\"><\/div><div class=\"innerblocks-wrap\">\n<div id=\"wp-block-themeisle-blocks-advanced-column-de2aa3a2\" class=\"wp-block-themeisle-blocks-advanced-column has-dark-bg\">\nPONERSE EN CONTACTO\n\n\n\n<h1 class=\"wp-block-heading has-text-align-center has-nv-text-dark-bg-color has-text-color\">Cont\u00e1ctenos<\/h1>\n\n\n\n<p class=\"has-text-align-center\">Gracias por considerar comunicarse con nosotros en Immediate BitXDR. Sus comentarios, preguntas y consultas son valiosos para nosotros mientras nos esforzamos por brindar la mejor experiencia posible a nuestros usuarios. Si usted es un comerciante experimentado, un inversor curioso o un socio potencial, agradecemos su comunicaci\u00f3n.<\/p>\n<\/div>\n<\/div><\/div>\n\n<div id=\"wp-block-themeisle-blocks-advanced-columns-7c7a89c9\" class=\"wp-block-themeisle-blocks-advanced-columns alignfull has-1-columns has-desktop-equal-layout has-tablet-equal-layout has-mobile-collapsedRows-layout has-vertical-center\"><div class=\"wp-block-themeisle-blocks-advanced-columns-overlay\"><\/div><div class=\"innerblocks-wrap\">\n<div id=\"wp-block-themeisle-blocks-advanced-column-6b5d17f2\" class=\"wp-block-themeisle-blocks-advanced-column\">\n<h2 class=\"wp-block-heading\">Consultas generales:<\/h2>\n\n\n\n<p>Para consultas generales o informaci\u00f3n sobre nuestra plataforma, servicios y ofertas, no dude en ponerse en contacto con nuestro equipo. Estamos aqu\u00ed para ayudarlo y asegurarnos de que tenga la informaci\u00f3n que necesita para navegar por los mercados de cifrado de manera efectiva.<\/p>\n\n\n\n<h2 class=\"wp-block-heading\">Atenci\u00f3n al cliente<\/h2>\n\n\n\n<p>Si necesita ayuda con su cuenta BitXDR inmediata, encuentra alg\u00fan problema o tiene preguntas espec\u00edficas sobre el uso de nuestros criptobots y estrategias comerciales, nuestro equipo de atenci\u00f3n al cliente est\u00e1 listo para ayudarlo. Priorizamos respuestas oportunas y eficientes para garantizar que pueda aprovechar al m\u00e1ximo su experiencia comercial.<\/p>\n\n\n\n<h2 class=\"wp-block-heading\">Asociaciones y colaboraciones:<\/h2>\n\n\n\n<p>Inmediato BitXDR siempre est\u00e1 abierto a explorar asociaciones y colaboraciones que se alineen con nuestra misi\u00f3n. Si representa a una empresa, organizaci\u00f3n o tiene una propuesta de colaboraci\u00f3n, p\u00f3ngase en contacto con nuestro equipo de socios. Creemos en el poder de la colaboraci\u00f3n para impulsar la innovaci\u00f3n y mejorar el ecosistema criptogr\u00e1fico.<\/p>\n\n\n\n<h2 class=\"wp-block-heading\">Apoyo t\u00e9cnico:<\/h2>\n\n\n\n<p>Si encuentra problemas t\u00e9cnicos, fallas t\u00e9cnicas o tiene preguntas t\u00e9cnicas espec\u00edficas relacionadas con nuestra plataforma, nuestro equipo de soporte t\u00e9cnico est\u00e1 dedicado a resolver sus inquietudes con prontitud. Su experiencia perfecta es nuestra prioridad.<\/p>\n\n\n\n<h2 class=\"wp-block-heading\">Con\u00e9ctate con nosotros:<\/h2>\n\n\n\n<p>Mant\u00e9ngase conectado con Immediate BitXDR a trav\u00e9s de nuestros canales de redes sociales. S\u00edganos en [insertar plataformas de redes sociales] para conocer las \u00faltimas actualizaciones, informaci\u00f3n sobre el mercado y anuncios. Interact\u00fae con nuestra comunidad y sea parte de la conversaci\u00f3n en curso sobre el apasionante mundo de las criptomonedas.<\/p>\n\n\n\n<h2 class=\"wp-block-heading\">Vis\u00edtanos:<\/h2>\n\n\n\n<p>Si prefiere interacciones cara a cara, puede visitar nuestras oficinas. Programe una cita con anticipaci\u00f3n para asegurarse de que los miembros relevantes del equipo est\u00e9n disponibles para reunirse con usted.<\/p>\n\n\n\n<h2 class=\"wp-block-heading\">Sede inmediata de BitXDR:<\/h2>\n\n\n\n<p>USA: 2363 Hurry Street Fredericksburg, VA 22401<\/p>\n\n\n\n<p>Germany: Oldesloer Strasse 92, 07602 Eisenberg<\/p>\n\n\n\n<p>UK: 65 Souterhead Road LOWER BOSCASWELL TR19 7EY<\/p>\n\n\n\n<p>Email: support@<a href=\"https:\/\/immediatebitxdr.com\/es\/\" target=\"_blank\" rel=\"noreferrer noopener\"><\/a>immediatebitxdr.com<\/p>\n\n\n\n<p>Phone: +44 078 5290 8427<\/p>\n<\/div>\n<\/div><\/div>\n\n<div id=\"wp-block-themeisle-blocks-advanced-columns-2672f4b5\" class=\"wp-block-themeisle-blocks-advanced-columns alignfull has-2-columns has-desktop-equal-layout has-tablet-equal-layout has-mobile-collapsedRows-layout has-vertical-unset has-dark-bg\"><div class=\"wp-block-themeisle-blocks-advanced-columns-overlay\"><\/div><div class=\"innerblocks-wrap\">\n<div id=\"wp-block-themeisle-blocks-advanced-column-05e52c3e\" class=\"wp-block-themeisle-blocks-advanced-column\">\n<h2 class=\"wp-block-heading has-nv-text-dark-bg-color has-text-color\">Env\u00eda un mensaje directo usando el formulario<\/h2>\n\n\n\n<p>Nuestro dedicado equipo de soporte est\u00e1 aqu\u00ed para ayudarlo con cualquier consulta o inquietud. Si es un operador experimentado o reci\u00e9n comienza, su satisfacci\u00f3n es nuestra prioridad. \u00a1Con\u00e9ctese con nosotros y naveguemos juntos por el apasionante mundo de las criptomonedas!<\/p>\n\n\n\n<p>Apreciamos su inter\u00e9s en Immediate BitXDR y esperamos tener noticias suyas. Su comunicaci\u00f3n es vital para ayudarnos a mejorar y atender mejor las diversas necesidades de nuestra creciente comunidad.<\/p>\n\n\n\n<div id=\"wp-block-themeisle-blocks-button-group-89e6367b\" class=\"wp-block-themeisle-blocks-button-group wp-block-buttons\">\n<div id=\"wp-block-themeisle-blocks-button-f6ab3bb5\" class=\"wp-block-themeisle-blocks-button wp-block-button\"><a href=\"\" target=\"_blank\" rel=\"noopener noreferrer\" class=\"wp-block-button__link\"><i class=\"fab fa-fw fa-facebook-f\"><\/i><\/a><\/div>\r\n\n\n\n<div id=\"wp-block-themeisle-blocks-button-ddd4d356\" class=\"wp-block-themeisle-blocks-button wp-block-button\"><a href=\"\" target=\"_blank\" rel=\"noopener noreferrer\" class=\"wp-block-button__link\"><i class=\"fab fa-fw fa-twitter\"><\/i><\/a><\/div>\r\n\n\n\n<div id=\"wp-block-themeisle-blocks-button-36612cba\" class=\"wp-block-themeisle-blocks-button wp-block-button\"><a href=\"\" target=\"_blank\" rel=\"noopener noreferrer\" class=\"wp-block-button__link\"><i class=\"fab fa-fw fa-google-plus\"><\/i><\/a><\/div>\r\n\n\n\n<div id=\"wp-block-themeisle-blocks-button-45cdcaa1\" class=\"wp-block-themeisle-blocks-button wp-block-button\"><a href=\"\" target=\"_blank\" rel=\"noopener noreferrer\" class=\"wp-block-button__link\"><i class=\"fab fa-fw fa-pinterest\"><\/i><\/a><\/div>\r\n\n\n\n<div id=\"wp-block-themeisle-blocks-button-faf5e2e7\" class=\"wp-block-themeisle-blocks-button wp-block-button\"><a href=\"\" target=\"_blank\" rel=\"noopener noreferrer\" class=\"wp-block-button__link\"><i class=\"fab fa-fw fa-instagram\"><\/i><\/a><\/div>\r\n<\/div>\n<\/div>\n\n\n\n<div id=\"wp-block-themeisle-blocks-advanced-column-0788243d\" class=\"wp-block-themeisle-blocks-advanced-column has-dark-bg\">\n<div id=\"wp-block-themeisle-blocks-form-fb39f207\" class=\"wp-block-themeisle-blocks-form\" data-option-name=\"bf9b28ff82ce323187abc5d0feb0d8f07ecd8436_fb39f207\"><form class=\"otter-form__container\">\n<div id=\"wp-block-themeisle-blocks-form-input-cb680aa4\" class=\"wp-block-themeisle-blocks-form-input\"><label for=\"wp-block-themeisle-blocks-form-input-cb680aa4-input\" class=\"otter-form-input-label\"><span class=\"otter-form-input-label__label\">Name<\/span><span class=\"required\">*<\/span><\/label><input type=\"text\" id=\"wp-block-themeisle-blocks-form-input-cb680aa4-input\" required placeholder=\"Your name\" class=\"otter-form-input\"\/><\/div>\r\n\n\n\n<div id=\"wp-block-themeisle-blocks-form-input-53facba3\" class=\"wp-block-themeisle-blocks-form-input\"><label for=\"wp-block-themeisle-blocks-form-input-53facba3-input\" class=\"otter-form-input-label\"><span class=\"otter-form-input-label__label\">Email<\/span><span class=\"required\">*<\/span><\/label><input type=\"email\" id=\"wp-block-themeisle-blocks-form-input-53facba3-input\" required placeholder=\"Your email\" class=\"otter-form-input\"\/><\/div>\r\n\n\n\n<div id=\"wp-block-themeisle-blocks-form-textarea-5eebb0de\" class=\"wp-block-themeisle-blocks-form-textarea\"><label for=\"wp-block-themeisle-blocks-form-textarea-5eebb0de-input\" class=\"otter-form-textarea-label\"><span class=\"otter-form-textarea-label__label\">Message<\/span><\/label><textarea id=\"wp-block-themeisle-blocks-form-textarea-5eebb0de-input\" placeholder=\"Your Message\" rows=\"10\" class=\"otter-form-textarea-input\"><\/textarea><\/div>\r\n\n\n<div class=\"protection\" aria-hidden=\"true\"><input type=\"hidden\" id=\"wp-block-themeisle-blocks-form-fb39f207_nonce_field\" name=\"wp-block-themeisle-blocks-form-fb39f207_nonce_field\" value=\"9e518f6e16\" \/><input type=\"hidden\" name=\"_wp_http_referer\" value=\"\/es\/wp-json\/wp\/v2\/pages\/810\" \/><input class=\"o-anti-bot\" type=\"checkbox\"><\/div><div class=\"wp-block-button\"><button class=\"wp-block-button__link\" type=\"submit\">Submit<\/button><\/div><\/form><\/div>\n<\/div>\n<\/div><\/div>\n\n<div id=\"wp-block-themeisle-blocks-advanced-columns-1dda74ca\" class=\"wp-block-themeisle-blocks-advanced-columns alignfull has-1-columns has-desktop-equal-layout has-tablet-equal-layout has-mobile-equal-layout has-vertical-unset\"><div class=\"wp-block-themeisle-blocks-advanced-columns-overlay\"><\/div><div class=\"innerblocks-wrap\">\n<div id=\"wp-block-themeisle-blocks-advanced-column-a0d00642\" class=\"wp-block-themeisle-blocks-advanced-column\"><\/div>\r\n<\/div><\/div>\n","protected":false},"excerpt":{"rendered":"","protected":false},"author":1,"featured_media":0,"parent":0,"menu_order":0,"comment_status":"closed","ping_status":"closed","template":"page-templates\/template-pagebuilder-full-width.php","meta":{"inline_featured_image":false,"_monsterinsights_skip_tracking":false,"_monsterinsights_sitenote_active":false,"_monsterinsights_sitenote_note":"","_monsterinsights_sitenote_category":0,"neve_meta_sidebar":"full-width","neve_meta_container":"","neve_meta_enable_content_width":"on","neve_meta_content_width":100,"neve_meta_title_alignment":"","neve_meta_author_avatar":"","neve_post_elements_order":"","neve_meta_disable_header":"","neve_meta_disable_footer":"","neve_meta_disable_title":"","_themeisle_gutenberg_block_has_review":false,"_ti_tpc_template_sync":false,"_ti_tpc_template_id":"","footnotes":""},"class_list":["post-810","page","type-page","status-publish","hentry"],"yoast_head":"<!-- This site is optimized with the Yoast SEO plugin v22.7 - https:\/\/yoast.com\/wordpress\/plugins\/seo\/ -->\n<title>Cont\u00e1ctenos - Immediate BitXDR<\/title>\n<meta name=\"description\" content=\"Nuestro dedicado equipo de soporte est\u00e1 aqu\u00ed para ayudarlo con cualquier consulta o inquietud. Si es un operador experimentado o reci\u00e9n comienza, su satisfacci\u00f3n es nuestra prioridad. \u00a1Con\u00e9ctese con nosotros y naveguemos juntos por el apasionante mundo de las criptomonedas!\" \/>\n<meta name=\"robots\" content=\"index, follow, max-snippet:-1, max-image-preview:large, max-video-preview:-1\" \/>\n<link rel=\"canonical\" href=\"https:\/\/immediatebitxdr.com\/es\/contactenos\/\" \/>\n<meta property=\"og:locale\" content=\"es_ES\" \/>\n<meta property=\"og:type\" content=\"article\" \/>\n<meta property=\"og:title\" content=\"Cont\u00e1ctenos - Immediate BitXDR\" \/>\n<meta property=\"og:description\" content=\"Nuestro dedicado equipo de soporte est\u00e1 aqu\u00ed para ayudarlo con cualquier consulta o inquietud. Si es un operador experimentado o reci\u00e9n comienza, su satisfacci\u00f3n es nuestra prioridad. \u00a1Con\u00e9ctese con nosotros y naveguemos juntos por el apasionante mundo de las criptomonedas!\" \/>\n<meta property=\"og:url\" content=\"https:\/\/immediatebitxdr.com\/es\/contactenos\/\" \/>\n<meta property=\"og:site_name\" content=\"Immediate BitXDR\" \/>\n<meta property=\"article:modified_time\" content=\"2024-05-15T12:09:31+00:00\" \/>\n<meta name=\"twitter:card\" content=\"summary_large_image\" \/>\n<meta name=\"twitter:label1\" content=\"Tiempo de lectura\" \/>\n\t<meta name=\"twitter:data1\" content=\"2 minutos\" \/>\n<script type=\"application\/ld+json\" class=\"yoast-schema-graph\">{\"@context\":\"https:\/\/schema.org\",\"@graph\":[{\"@type\":\"WebPage\",\"@id\":\"https:\/\/immediatebitxdr.com\/es\/contactenos\/\",\"url\":\"https:\/\/immediatebitxdr.com\/es\/contactenos\/\",\"name\":\"Cont\u00e1ctenos - Immediate BitXDR\",\"isPartOf\":{\"@id\":\"https:\/\/immediatebitxdr.com\/es\/#website\"},\"datePublished\":\"2020-02-26T11:48:48+00:00\",\"dateModified\":\"2024-05-15T12:09:31+00:00\",\"description\":\"Nuestro dedicado equipo de soporte est\u00e1 aqu\u00ed para ayudarlo con cualquier consulta o inquietud. Si es un operador experimentado o reci\u00e9n comienza, su satisfacci\u00f3n es nuestra prioridad. \u00a1Con\u00e9ctese con nosotros y naveguemos juntos por el apasionante mundo de las criptomonedas!\",\"breadcrumb\":{\"@id\":\"https:\/\/immediatebitxdr.com\/es\/contactenos\/#breadcrumb\"},\"inLanguage\":\"es\",\"potentialAction\":[{\"@type\":\"ReadAction\",\"target\":[\"https:\/\/immediatebitxdr.com\/es\/contactenos\/\"]}]},{\"@type\":\"BreadcrumbList\",\"@id\":\"https:\/\/immediatebitxdr.com\/es\/contactenos\/#breadcrumb\",\"itemListElement\":[{\"@type\":\"ListItem\",\"position\":1,\"name\":\"Home\",\"item\":\"https:\/\/immediatebitxdr.com\/es\/\"},{\"@type\":\"ListItem\",\"position\":2,\"name\":\"Cont\u00e1ctenos\"}]},{\"@type\":\"WebSite\",\"@id\":\"https:\/\/immediatebitxdr.com\/es\/#website\",\"url\":\"https:\/\/immediatebitxdr.com\/es\/\",\"name\":\"Immediate BitXDR\",\"description\":\"\",\"publisher\":{\"@id\":\"https:\/\/immediatebitxdr.com\/es\/#organization\"},\"potentialAction\":[{\"@type\":\"SearchAction\",\"target\":{\"@type\":\"EntryPoint\",\"urlTemplate\":\"https:\/\/immediatebitxdr.com\/es\/?s={search_term_string}\"},\"query-input\":\"required name=search_term_string\"}],\"inLanguage\":\"es\"},{\"@type\":\"Organization\",\"@id\":\"https:\/\/immediatebitxdr.com\/es\/#organization\",\"name\":\"Immediate BitXDR\",\"url\":\"https:\/\/immediatebitxdr.com\/es\/\",\"logo\":{\"@type\":\"ImageObject\",\"inLanguage\":\"es\",\"@id\":\"https:\/\/immediatebitxdr.com\/es\/#\/schema\/logo\/image\/\",\"url\":\"\",\"contentUrl\":\"\",\"caption\":\"Immediate BitXDR\"},\"image\":{\"@id\":\"https:\/\/immediatebitxdr.com\/es\/#\/schema\/logo\/image\/\"}}]}<\/script>\n<!-- \/ Yoast SEO plugin. -->","yoast_head_json":{"title":"Cont\u00e1ctenos - Immediate BitXDR","description":"Nuestro dedicado equipo de soporte est\u00e1 aqu\u00ed para ayudarlo con cualquier consulta o inquietud. Si es un operador experimentado o reci\u00e9n comienza, su satisfacci\u00f3n es nuestra prioridad. \u00a1Con\u00e9ctese con nosotros y naveguemos juntos por el apasionante mundo de las criptomonedas!","robots":{"index":"index","follow":"follow","max-snippet":"max-snippet:-1","max-image-preview":"max-image-preview:large","max-video-preview":"max-video-preview:-1"},"canonical":"https:\/\/immediatebitxdr.com\/es\/contactenos\/","og_locale":"es_ES","og_type":"article","og_title":"Cont\u00e1ctenos - Immediate BitXDR","og_description":"Nuestro dedicado equipo de soporte est\u00e1 aqu\u00ed para ayudarlo con cualquier consulta o inquietud. Si es un operador experimentado o reci\u00e9n comienza, su satisfacci\u00f3n es nuestra prioridad. \u00a1Con\u00e9ctese con nosotros y naveguemos juntos por el apasionante mundo de las criptomonedas!","og_url":"https:\/\/immediatebitxdr.com\/es\/contactenos\/","og_site_name":"Immediate BitXDR","article_modified_time":"2024-05-15T12:09:31+00:00","twitter_card":"summary_large_image","twitter_misc":{"Tiempo de lectura":"2 minutos"},"schema":{"@context":"https:\/\/schema.org","@graph":[{"@type":"WebPage","@id":"https:\/\/immediatebitxdr.com\/es\/contactenos\/","url":"https:\/\/immediatebitxdr.com\/es\/contactenos\/","name":"Cont\u00e1ctenos - Immediate BitXDR","isPartOf":{"@id":"https:\/\/immediatebitxdr.com\/es\/#website"},"datePublished":"2020-02-26T11:48:48+00:00","dateModified":"2024-05-15T12:09:31+00:00","description":"Nuestro dedicado equipo de soporte est\u00e1 aqu\u00ed para ayudarlo con cualquier consulta o inquietud. Si es un operador experimentado o reci\u00e9n comienza, su satisfacci\u00f3n es nuestra prioridad. \u00a1Con\u00e9ctese con nosotros y naveguemos juntos por el apasionante mundo de las criptomonedas!","breadcrumb":{"@id":"https:\/\/immediatebitxdr.com\/es\/contactenos\/#breadcrumb"},"inLanguage":"es","potentialAction":[{"@type":"ReadAction","target":["https:\/\/immediatebitxdr.com\/es\/contactenos\/"]}]},{"@type":"BreadcrumbList","@id":"https:\/\/immediatebitxdr.com\/es\/contactenos\/#breadcrumb","itemListElement":[{"@type":"ListItem","position":1,"name":"Home","item":"https:\/\/immediatebitxdr.com\/es\/"},{"@type":"ListItem","position":2,"name":"Cont\u00e1ctenos"}]},{"@type":"WebSite","@id":"https:\/\/immediatebitxdr.com\/es\/#website","url":"https:\/\/immediatebitxdr.com\/es\/","name":"Immediate BitXDR","description":"","publisher":{"@id":"https:\/\/immediatebitxdr.com\/es\/#organization"},"potentialAction":[{"@type":"SearchAction","target":{"@type":"EntryPoint","urlTemplate":"https:\/\/immediatebitxdr.com\/es\/?s={search_term_string}"},"query-input":"required name=search_term_string"}],"inLanguage":"es"},{"@type":"Organization","@id":"https:\/\/immediatebitxdr.com\/es\/#organization","name":"Immediate BitXDR","url":"https:\/\/immediatebitxdr.com\/es\/","logo":{"@type":"ImageObject","inLanguage":"es","@id":"https:\/\/immediatebitxdr.com\/es\/#\/schema\/logo\/image\/","url":"","contentUrl":"","caption":"Immediate BitXDR"},"image":{"@id":"https:\/\/immediatebitxdr.com\/es\/#\/schema\/logo\/image\/"}}]}},"_links":{"self":[{"href":"https:\/\/immediatebitxdr.com\/es\/wp-json\/wp\/v2\/pages\/810","targetHints":{"allow":["GET"]}}],"collection":[{"href":"https:\/\/immediatebitxdr.com\/es\/wp-json\/wp\/v2\/pages"}],"about":[{"href":"https:\/\/immediatebitxdr.com\/es\/wp-json\/wp\/v2\/types\/page"}],"author":[{"embeddable":true,"href":"https:\/\/immediatebitxdr.com\/es\/wp-json\/wp\/v2\/users\/1"}],"replies":[{"embeddable":true,"href":"https:\/\/immediatebitxdr.com\/es\/wp-json\/wp\/v2\/comments?post=810"}],"version-history":[{"count":0,"href":"https:\/\/immediatebitxdr.com\/es\/wp-json\/wp\/v2\/pages\/810\/revisions"}],"wp:attachment":[{"href":"https:\/\/immediatebitxdr.com\/es\/wp-json\/wp\/v2\/media?parent=810"}],"curies":[{"name":"wp","href":"https:\/\/api.w.org\/{rel}","templated":true}]}}