{"id":800,"date":"2020-02-26T11:48:48","date_gmt":"2020-02-26T11:48:48","guid":{"rendered":"https:\/\/immediatebitxdr.com\/kontaktiere-uns\/"},"modified":"2024-05-15T12:09:29","modified_gmt":"2024-05-15T12:09:29","slug":"kontaktiere-uns","status":"publish","type":"page","link":"https:\/\/immediatebitxdr.com\/de\/kontaktiere-uns\/","title":{"rendered":"Kontaktiere uns"},"content":{"rendered":"\n<div id=\"wp-block-themeisle-blocks-advanced-columns-fd115547\" class=\"wp-block-themeisle-blocks-advanced-columns alignfull has-1-columns has-desktop-equal-layout has-tablet-equal-layout has-mobile-equal-layout has-vertical-unset\"><div class=\"wp-block-themeisle-blocks-advanced-columns-overlay\"><\/div><div class=\"innerblocks-wrap\">\n<div id=\"wp-block-themeisle-blocks-advanced-column-de2aa3a2\" class=\"wp-block-themeisle-blocks-advanced-column has-dark-bg\">\n<p id=\"wp-block-themeisle-blocks-advanced-heading-fb9ebb12\" class=\"wp-block-themeisle-blocks-advanced-heading wp-block-themeisle-blocks-advanced-heading-fb9ebb12\">IN KONTAKT KOMMEN<\/p>\n\n\n\n<h1 class=\"wp-block-heading has-text-align-center has-nv-text-dark-bg-color has-text-color\">Kontaktiere uns<\/h1>\n\n\n\n<p class=\"has-text-align-center\">Vielen Dank, dass Sie dar\u00fcber nachgedacht haben, uns bei Immediate BitXDR zu kontaktieren. Ihr Feedback, Ihre Fragen und Anfragen sind f\u00fcr uns wertvoll, da wir bestrebt sind, unseren Benutzern das bestm\u00f6gliche Erlebnis zu bieten. Egal, ob Sie ein erfahrener H\u00e4ndler, ein neugieriger Investor oder ein potenzieller Partner sind, wir freuen uns \u00fcber Ihre Kommunikation.<\/p>\n<\/div>\n<\/div><\/div>\n\n<div id=\"wp-block-themeisle-blocks-advanced-columns-7c7a89c9\" class=\"wp-block-themeisle-blocks-advanced-columns alignfull has-1-columns has-desktop-equal-layout has-tablet-equal-layout has-mobile-collapsedRows-layout has-vertical-center\"><div class=\"wp-block-themeisle-blocks-advanced-columns-overlay\"><\/div><div class=\"innerblocks-wrap\">\n<div id=\"wp-block-themeisle-blocks-advanced-column-6b5d17f2\" class=\"wp-block-themeisle-blocks-advanced-column\">\n<h2 class=\"wp-block-heading\">Allgemeine Anfragen:<\/h2>\n\n\n\n<p>F\u00fcr allgemeine Anfragen oder Informationen zu unserer Plattform, Dienstleistungen und Angeboten k\u00f6nnen Sie sich gerne an unser Team wenden. Wir sind hier, um Sie zu unterst\u00fctzen und sicherzustellen, dass Sie \u00fcber die Informationen verf\u00fcgen, die Sie ben\u00f6tigen, um sich effektiv auf den Kryptom\u00e4rkten zurechtzufinden.<\/p>\n\n\n\n<h2 class=\"wp-block-heading\">Kundendienst<\/h2>\n\n\n\n<p>Wenn Sie Hilfe mit Ihrem Immediate BitXDR-Konto ben\u00f6tigen, auf Probleme sto\u00dfen oder spezielle Fragen zur Verwendung unserer Krypto-Bots und Handelsstrategien haben, steht Ihnen unser Kundensupport-Team gerne zur Verf\u00fcgung. Wir legen Wert auf zeitnahe und effiziente Antworten, um sicherzustellen, dass Sie das Beste aus Ihrem Handelserlebnis machen k\u00f6nnen.<\/p>\n\n\n\n<h2 class=\"wp-block-heading\">Partnerschaften und Kooperationen:<\/h2>\n\n\n\n<p>Immediate BitXDR ist immer offen f\u00fcr die Suche nach Partnerschaften und Kooperationen, die mit unserer Mission \u00fcbereinstimmen. Wenn Sie ein Unternehmen oder eine Organisation vertreten oder einen Vorschlag f\u00fcr eine Zusammenarbeit haben, wenden Sie sich bitte an unser Partnerschaftsteam. Wir glauben an die Kraft der Zusammenarbeit, um Innovationen voranzutreiben und das Krypto-\u00d6kosystem zu verbessern.<\/p>\n\n\n\n<h2 class=\"wp-block-heading\">Technische Unterst\u00fctzung:<\/h2>\n\n\n\n<p>Wenn Sie auf technische Probleme oder St\u00f6rungen sto\u00dfen oder spezielle technische Fragen zu unserer Plattform haben, ist unser technisches Support-Team bestrebt, Ihre Bedenken umgehend zu l\u00f6sen. Ihr nahtloses Erlebnis ist unsere Priorit\u00e4t.<\/p>\n\n\n\n<h2 class=\"wp-block-heading\">Verbinde dich mit uns:<\/h2>\n\n\n\n<p>Bleiben Sie \u00fcber unsere Social-Media-Kan\u00e4le mit Immediate BitXDR in Verbindung. Folgen Sie uns auf [Social-Media-Plattformen einf\u00fcgen] f\u00fcr die neuesten Updates, Markteinblicke und Ank\u00fcndigungen. Treten Sie mit unserer Community in Kontakt und nehmen Sie an der laufenden Diskussion \u00fcber die aufregende Welt der Kryptow\u00e4hrung teil.<\/p>\n\n\n\n<h2 class=\"wp-block-heading\">Besuchen Sie uns:<\/h2>\n\n\n\n<p>Wenn Sie den pers\u00f6nlichen Kontakt bevorzugen, sind Sie herzlich willkommen, unsere B\u00fcros zu besuchen. Bitte vereinbaren Sie im Voraus einen Termin, um sicherzustellen, dass die relevanten Teammitglieder f\u00fcr ein Treffen mit Ihnen verf\u00fcgbar sind.<\/p>\n\n\n\n<h2 class=\"wp-block-heading\">Unmittelbarer BitXDR-Hauptsitz:<\/h2>\n\n\n\n<p>USA: 2363 Hurry Street Fredericksburg, VA 22401<\/p>\n\n\n\n<p>Germany: Oldesloer Strasse 92, 07602 Eisenberg<\/p>\n\n\n\n<p>UK: 65 Souterhead Road LOWER BOSCASWELL TR19 7EY<\/p>\n\n\n\n<p>Email: support@<a href=\"https:\/\/immediatebitxdr.com\/de\/\" target=\"_blank\" rel=\"noreferrer noopener\"><\/a>immediatebitxdr.com<\/p>\n\n\n\n<p>Phone: +44 078 5290 8427<\/p>\n<\/div>\n<\/div><\/div>\n\n<div id=\"wp-block-themeisle-blocks-advanced-columns-2672f4b5\" class=\"wp-block-themeisle-blocks-advanced-columns alignfull has-2-columns has-desktop-equal-layout has-tablet-equal-layout has-mobile-collapsedRows-layout has-vertical-unset has-dark-bg\"><div class=\"wp-block-themeisle-blocks-advanced-columns-overlay\"><\/div><div class=\"innerblocks-wrap\">\n<div id=\"wp-block-themeisle-blocks-advanced-column-05e52c3e\" class=\"wp-block-themeisle-blocks-advanced-column\">\n<h2 class=\"wp-block-heading has-nv-text-dark-bg-color has-text-color\">Senden Sie eine Direktnachricht \u00fcber das Formular<\/h2>\n\n\n\n<p>Unser engagiertes Support-Team steht Ihnen bei allen Fragen und Anliegen zur Seite. Ganz gleich, ob Sie ein erfahrener Trader sind oder gerade erst anfangen: Ihre Zufriedenheit ist unsere Priorit\u00e4t. Treten Sie mit uns in Kontakt und lassen Sie uns gemeinsam durch die aufregende Welt der Kryptow\u00e4hrung navigieren!<\/p>\n\n\n\n<p>Wir freuen uns \u00fcber Ihr Interesse an Immediate BitXDR und freuen uns darauf, von Ihnen zu h\u00f6ren. Ihre Kommunikation ist von entscheidender Bedeutung, um uns dabei zu helfen, die vielf\u00e4ltigen Bed\u00fcrfnisse unserer wachsenden Gemeinschaft zu verbessern und besser zu erf\u00fcllen.<\/p>\n\n\n\n<div id=\"wp-block-themeisle-blocks-button-group-89e6367b\" class=\"wp-block-themeisle-blocks-button-group wp-block-buttons\">\n<div id=\"wp-block-themeisle-blocks-button-f6ab3bb5\" class=\"wp-block-themeisle-blocks-button wp-block-button\"><a href=\"\" target=\"_blank\" rel=\"noopener noreferrer\" class=\"wp-block-button__link\"><i class=\"fab fa-fw fa-facebook-f\"><\/i><\/a><\/div>\r\n\n\n\n<div id=\"wp-block-themeisle-blocks-button-ddd4d356\" class=\"wp-block-themeisle-blocks-button wp-block-button\"><a href=\"\" target=\"_blank\" rel=\"noopener noreferrer\" class=\"wp-block-button__link\"><i class=\"fab fa-fw fa-twitter\"><\/i><\/a><\/div>\r\n\n\n\n<div id=\"wp-block-themeisle-blocks-button-36612cba\" class=\"wp-block-themeisle-blocks-button wp-block-button\"><a href=\"\" target=\"_blank\" rel=\"noopener noreferrer\" class=\"wp-block-button__link\"><i class=\"fab fa-fw fa-google-plus\"><\/i><\/a><\/div>\r\n\n\n\n<div id=\"wp-block-themeisle-blocks-button-45cdcaa1\" class=\"wp-block-themeisle-blocks-button wp-block-button\"><a href=\"\" target=\"_blank\" rel=\"noopener noreferrer\" class=\"wp-block-button__link\"><i class=\"fab fa-fw fa-pinterest\"><\/i><\/a><\/div>\r\n\n\n\n<div id=\"wp-block-themeisle-blocks-button-faf5e2e7\" class=\"wp-block-themeisle-blocks-button wp-block-button\"><a href=\"\" target=\"_blank\" rel=\"noopener noreferrer\" class=\"wp-block-button__link\"><i class=\"fab fa-fw fa-instagram\"><\/i><\/a><\/div>\r\n<\/div>\n<\/div>\n\n\n\n<div id=\"wp-block-themeisle-blocks-advanced-column-0788243d\" class=\"wp-block-themeisle-blocks-advanced-column has-dark-bg\">\n<div id=\"wp-block-themeisle-blocks-form-fb39f207\" class=\"wp-block-themeisle-blocks-form\" data-option-name=\"bf9b28ff82ce323187abc5d0feb0d8f07ecd8436_fb39f207\"><form class=\"otter-form__container\">\n<div id=\"wp-block-themeisle-blocks-form-input-cb680aa4\" class=\"wp-block-themeisle-blocks-form-input\"><label for=\"wp-block-themeisle-blocks-form-input-cb680aa4-input\" class=\"otter-form-input-label\"><span class=\"otter-form-input-label__label\">Name<\/span><span class=\"required\">*<\/span><\/label><input type=\"text\" id=\"wp-block-themeisle-blocks-form-input-cb680aa4-input\" required placeholder=\"Your name\" class=\"otter-form-input\"\/><\/div>\r\n\n\n\n<div id=\"wp-block-themeisle-blocks-form-input-53facba3\" class=\"wp-block-themeisle-blocks-form-input\"><label for=\"wp-block-themeisle-blocks-form-input-53facba3-input\" class=\"otter-form-input-label\"><span class=\"otter-form-input-label__label\">Email<\/span><span class=\"required\">*<\/span><\/label><input type=\"email\" id=\"wp-block-themeisle-blocks-form-input-53facba3-input\" required placeholder=\"Your email\" class=\"otter-form-input\"\/><\/div>\r\n\n\n\n<div id=\"wp-block-themeisle-blocks-form-textarea-5eebb0de\" class=\"wp-block-themeisle-blocks-form-textarea\"><label for=\"wp-block-themeisle-blocks-form-textarea-5eebb0de-input\" class=\"otter-form-textarea-label\"><span class=\"otter-form-textarea-label__label\">Message<\/span><\/label><textarea id=\"wp-block-themeisle-blocks-form-textarea-5eebb0de-input\" placeholder=\"Your Message\" rows=\"10\" class=\"otter-form-textarea-input\"><\/textarea><\/div>\r\n\n\n<div class=\"protection\" aria-hidden=\"true\"><input type=\"hidden\" id=\"wp-block-themeisle-blocks-form-fb39f207_nonce_field\" name=\"wp-block-themeisle-blocks-form-fb39f207_nonce_field\" value=\"944f6afc17\" \/><input type=\"hidden\" name=\"_wp_http_referer\" value=\"\/de\/wp-json\/wp\/v2\/pages\/800\" \/><input class=\"o-anti-bot\" type=\"checkbox\"><\/div><div class=\"wp-block-button\"><button class=\"wp-block-button__link\" type=\"submit\">Submit<\/button><\/div><\/form><\/div>\n<\/div>\n<\/div><\/div>\n\n<div id=\"wp-block-themeisle-blocks-advanced-columns-1dda74ca\" class=\"wp-block-themeisle-blocks-advanced-columns alignfull has-1-columns has-desktop-equal-layout has-tablet-equal-layout has-mobile-equal-layout has-vertical-unset\"><div class=\"wp-block-themeisle-blocks-advanced-columns-overlay\"><\/div><div class=\"innerblocks-wrap\">\n<div id=\"wp-block-themeisle-blocks-advanced-column-a0d00642\" class=\"wp-block-themeisle-blocks-advanced-column\"><\/div>\r\n<\/div><\/div>\n","protected":false},"excerpt":{"rendered":"","protected":false},"author":1,"featured_media":0,"parent":0,"menu_order":0,"comment_status":"closed","ping_status":"closed","template":"page-templates\/template-pagebuilder-full-width.php","meta":{"inline_featured_image":false,"_monsterinsights_skip_tracking":false,"_monsterinsights_sitenote_active":false,"_monsterinsights_sitenote_note":"","_monsterinsights_sitenote_category":0,"neve_meta_sidebar":"full-width","neve_meta_container":"","neve_meta_enable_content_width":"on","neve_meta_content_width":100,"neve_meta_title_alignment":"","neve_meta_author_avatar":"","neve_post_elements_order":"","neve_meta_disable_header":"","neve_meta_disable_footer":"","neve_meta_disable_title":"","_themeisle_gutenberg_block_has_review":false,"_ti_tpc_template_sync":false,"_ti_tpc_template_id":"","footnotes":""},"class_list":["post-800","page","type-page","status-publish","hentry"],"yoast_head":"<!-- This site is optimized with the Yoast SEO plugin v22.7 - https:\/\/yoast.com\/wordpress\/plugins\/seo\/ -->\n<title>Kontaktiere uns - Immediate BitXDR<\/title>\n<meta name=\"description\" content=\"Unser engagiertes Support-Team steht Ihnen bei allen Fragen und Anliegen zur Seite. Ganz gleich, ob Sie ein erfahrener Trader sind oder gerade erst anfangen: Ihre Zufriedenheit ist unsere Priorit\u00e4t. Treten Sie mit uns in Kontakt und lassen Sie uns gemeinsam durch die aufregende Welt der Kryptow\u00e4hrung navigieren!\" \/>\n<meta name=\"robots\" content=\"index, follow, max-snippet:-1, max-image-preview:large, max-video-preview:-1\" \/>\n<link rel=\"canonical\" href=\"https:\/\/immediatebitxdr.com\/de\/kontaktiere-uns\/\" \/>\n<meta property=\"og:locale\" content=\"de_DE\" \/>\n<meta property=\"og:type\" content=\"article\" \/>\n<meta property=\"og:title\" content=\"Kontaktiere uns - Immediate BitXDR\" \/>\n<meta property=\"og:description\" content=\"Unser engagiertes Support-Team steht Ihnen bei allen Fragen und Anliegen zur Seite. Ganz gleich, ob Sie ein erfahrener Trader sind oder gerade erst anfangen: Ihre Zufriedenheit ist unsere Priorit\u00e4t. Treten Sie mit uns in Kontakt und lassen Sie uns gemeinsam durch die aufregende Welt der Kryptow\u00e4hrung navigieren!\" \/>\n<meta property=\"og:url\" content=\"https:\/\/immediatebitxdr.com\/de\/kontaktiere-uns\/\" \/>\n<meta property=\"og:site_name\" content=\"Immediate BitXDR\" \/>\n<meta property=\"article:modified_time\" content=\"2024-05-15T12:09:29+00:00\" \/>\n<meta name=\"twitter:card\" content=\"summary_large_image\" \/>\n<meta name=\"twitter:label1\" content=\"Gesch\u00e4tzte Lesezeit\" \/>\n\t<meta name=\"twitter:data1\" content=\"2\u00a0Minuten\" \/>\n<script type=\"application\/ld+json\" class=\"yoast-schema-graph\">{\"@context\":\"https:\/\/schema.org\",\"@graph\":[{\"@type\":\"WebPage\",\"@id\":\"https:\/\/immediatebitxdr.com\/de\/kontaktiere-uns\/\",\"url\":\"https:\/\/immediatebitxdr.com\/de\/kontaktiere-uns\/\",\"name\":\"Kontaktiere uns - Immediate BitXDR\",\"isPartOf\":{\"@id\":\"https:\/\/immediatebitxdr.com\/de\/#website\"},\"datePublished\":\"2020-02-26T11:48:48+00:00\",\"dateModified\":\"2024-05-15T12:09:29+00:00\",\"description\":\"Unser engagiertes Support-Team steht Ihnen bei allen Fragen und Anliegen zur Seite. Ganz gleich, ob Sie ein erfahrener Trader sind oder gerade erst anfangen: Ihre Zufriedenheit ist unsere Priorit\u00e4t. Treten Sie mit uns in Kontakt und lassen Sie uns gemeinsam durch die aufregende Welt der Kryptow\u00e4hrung navigieren!\",\"breadcrumb\":{\"@id\":\"https:\/\/immediatebitxdr.com\/de\/kontaktiere-uns\/#breadcrumb\"},\"inLanguage\":\"de\",\"potentialAction\":[{\"@type\":\"ReadAction\",\"target\":[\"https:\/\/immediatebitxdr.com\/de\/kontaktiere-uns\/\"]}]},{\"@type\":\"BreadcrumbList\",\"@id\":\"https:\/\/immediatebitxdr.com\/de\/kontaktiere-uns\/#breadcrumb\",\"itemListElement\":[{\"@type\":\"ListItem\",\"position\":1,\"name\":\"Home\",\"item\":\"https:\/\/immediatebitxdr.com\/de\/\"},{\"@type\":\"ListItem\",\"position\":2,\"name\":\"Kontaktiere uns\"}]},{\"@type\":\"WebSite\",\"@id\":\"https:\/\/immediatebitxdr.com\/de\/#website\",\"url\":\"https:\/\/immediatebitxdr.com\/de\/\",\"name\":\"Immediate BitXDR\",\"description\":\"\",\"publisher\":{\"@id\":\"https:\/\/immediatebitxdr.com\/de\/#organization\"},\"potentialAction\":[{\"@type\":\"SearchAction\",\"target\":{\"@type\":\"EntryPoint\",\"urlTemplate\":\"https:\/\/immediatebitxdr.com\/de\/?s={search_term_string}\"},\"query-input\":\"required name=search_term_string\"}],\"inLanguage\":\"de\"},{\"@type\":\"Organization\",\"@id\":\"https:\/\/immediatebitxdr.com\/de\/#organization\",\"name\":\"Immediate BitXDR\",\"url\":\"https:\/\/immediatebitxdr.com\/de\/\",\"logo\":{\"@type\":\"ImageObject\",\"inLanguage\":\"de\",\"@id\":\"https:\/\/immediatebitxdr.com\/de\/#\/schema\/logo\/image\/\",\"url\":\"\",\"contentUrl\":\"\",\"caption\":\"Immediate BitXDR\"},\"image\":{\"@id\":\"https:\/\/immediatebitxdr.com\/de\/#\/schema\/logo\/image\/\"}}]}<\/script>\n<!-- \/ Yoast SEO plugin. -->","yoast_head_json":{"title":"Kontaktiere uns - Immediate BitXDR","description":"Unser engagiertes Support-Team steht Ihnen bei allen Fragen und Anliegen zur Seite. Ganz gleich, ob Sie ein erfahrener Trader sind oder gerade erst anfangen: Ihre Zufriedenheit ist unsere Priorit\u00e4t. Treten Sie mit uns in Kontakt und lassen Sie uns gemeinsam durch die aufregende Welt der Kryptow\u00e4hrung navigieren!","robots":{"index":"index","follow":"follow","max-snippet":"max-snippet:-1","max-image-preview":"max-image-preview:large","max-video-preview":"max-video-preview:-1"},"canonical":"https:\/\/immediatebitxdr.com\/de\/kontaktiere-uns\/","og_locale":"de_DE","og_type":"article","og_title":"Kontaktiere uns - Immediate BitXDR","og_description":"Unser engagiertes Support-Team steht Ihnen bei allen Fragen und Anliegen zur Seite. Ganz gleich, ob Sie ein erfahrener Trader sind oder gerade erst anfangen: Ihre Zufriedenheit ist unsere Priorit\u00e4t. Treten Sie mit uns in Kontakt und lassen Sie uns gemeinsam durch die aufregende Welt der Kryptow\u00e4hrung navigieren!","og_url":"https:\/\/immediatebitxdr.com\/de\/kontaktiere-uns\/","og_site_name":"Immediate BitXDR","article_modified_time":"2024-05-15T12:09:29+00:00","twitter_card":"summary_large_image","twitter_misc":{"Gesch\u00e4tzte Lesezeit":"2\u00a0Minuten"},"schema":{"@context":"https:\/\/schema.org","@graph":[{"@type":"WebPage","@id":"https:\/\/immediatebitxdr.com\/de\/kontaktiere-uns\/","url":"https:\/\/immediatebitxdr.com\/de\/kontaktiere-uns\/","name":"Kontaktiere uns - Immediate BitXDR","isPartOf":{"@id":"https:\/\/immediatebitxdr.com\/de\/#website"},"datePublished":"2020-02-26T11:48:48+00:00","dateModified":"2024-05-15T12:09:29+00:00","description":"Unser engagiertes Support-Team steht Ihnen bei allen Fragen und Anliegen zur Seite. Ganz gleich, ob Sie ein erfahrener Trader sind oder gerade erst anfangen: Ihre Zufriedenheit ist unsere Priorit\u00e4t. Treten Sie mit uns in Kontakt und lassen Sie uns gemeinsam durch die aufregende Welt der Kryptow\u00e4hrung navigieren!","breadcrumb":{"@id":"https:\/\/immediatebitxdr.com\/de\/kontaktiere-uns\/#breadcrumb"},"inLanguage":"de","potentialAction":[{"@type":"ReadAction","target":["https:\/\/immediatebitxdr.com\/de\/kontaktiere-uns\/"]}]},{"@type":"BreadcrumbList","@id":"https:\/\/immediatebitxdr.com\/de\/kontaktiere-uns\/#breadcrumb","itemListElement":[{"@type":"ListItem","position":1,"name":"Home","item":"https:\/\/immediatebitxdr.com\/de\/"},{"@type":"ListItem","position":2,"name":"Kontaktiere uns"}]},{"@type":"WebSite","@id":"https:\/\/immediatebitxdr.com\/de\/#website","url":"https:\/\/immediatebitxdr.com\/de\/","name":"Immediate BitXDR","description":"","publisher":{"@id":"https:\/\/immediatebitxdr.com\/de\/#organization"},"potentialAction":[{"@type":"SearchAction","target":{"@type":"EntryPoint","urlTemplate":"https:\/\/immediatebitxdr.com\/de\/?s={search_term_string}"},"query-input":"required name=search_term_string"}],"inLanguage":"de"},{"@type":"Organization","@id":"https:\/\/immediatebitxdr.com\/de\/#organization","name":"Immediate BitXDR","url":"https:\/\/immediatebitxdr.com\/de\/","logo":{"@type":"ImageObject","inLanguage":"de","@id":"https:\/\/immediatebitxdr.com\/de\/#\/schema\/logo\/image\/","url":"","contentUrl":"","caption":"Immediate BitXDR"},"image":{"@id":"https:\/\/immediatebitxdr.com\/de\/#\/schema\/logo\/image\/"}}]}},"_links":{"self":[{"href":"https:\/\/immediatebitxdr.com\/de\/wp-json\/wp\/v2\/pages\/800","targetHints":{"allow":["GET"]}}],"collection":[{"href":"https:\/\/immediatebitxdr.com\/de\/wp-json\/wp\/v2\/pages"}],"about":[{"href":"https:\/\/immediatebitxdr.com\/de\/wp-json\/wp\/v2\/types\/page"}],"author":[{"embeddable":true,"href":"https:\/\/immediatebitxdr.com\/de\/wp-json\/wp\/v2\/users\/1"}],"replies":[{"embeddable":true,"href":"https:\/\/immediatebitxdr.com\/de\/wp-json\/wp\/v2\/comments?post=800"}],"version-history":[{"count":0,"href":"https:\/\/immediatebitxdr.com\/de\/wp-json\/wp\/v2\/pages\/800\/revisions"}],"wp:attachment":[{"href":"https:\/\/immediatebitxdr.com\/de\/wp-json\/wp\/v2\/media?parent=800"}],"curies":[{"name":"wp","href":"https:\/\/api.w.org\/{rel}","templated":true}]}}