{"id":772,"date":"2024-01-26T09:54:07","date_gmt":"2024-01-26T09:54:07","guid":{"rendered":"https:\/\/immediatebitxdr.com\/ueber-uns\/"},"modified":"2024-05-15T12:09:16","modified_gmt":"2024-05-15T12:09:16","slug":"ueber-uns","status":"publish","type":"page","link":"https:\/\/immediatebitxdr.com\/de\/ueber-uns\/","title":{"rendered":"\u00dcber uns"},"content":{"rendered":"\n<div class=\"wp-block-cover alignfull is-light\"><span aria-hidden=\"true\" class=\"wp-block-cover__background has-nv-light-bg-background-color has-background-dim-100 has-background-dim\"><\/span><div class=\"wp-block-cover__inner-container is-layout-flow wp-block-cover-is-layout-flow\">\n<div style=\"height:80px\" aria-hidden=\"true\" class=\"wp-block-spacer\"><\/div>\n\n\n\n<div class=\"wp-block-columns are-vertically-aligned-center is-layout-flex wp-container-core-columns-is-layout-9d6595d7 wp-block-columns-is-layout-flex\">\n<div class=\"wp-block-column is-vertically-aligned-center is-layout-flow wp-block-column-is-layout-flow\" style=\"flex-basis:66.66%\">\n<h1 class=\"wp-block-heading has-text-align-center has-neve-text-color-color has-text-color\">\u00dcber uns<\/h1>\n\n\n\n<p class=\"has-text-align-center has-neve-text-color-color has-text-color\">Willkommen bei Immediate BitXDR, wo Innovation in der dynamischen Welt des Kryptow\u00e4hrungshandels auf Zug\u00e4nglichkeit trifft. W\u00e4hrend die Krypto-Landschaft ein beispielloses Wachstum erlebt, steht unsere Plattform an vorderster Front und widmet sich der Unterst\u00fctzung nicht-institutioneller Anleger mit hochmodernen Krypto-Bots und automatisierten Handelsstrategien. Erlauben Sie mir, Sie auf eine Reise durch unsere Mission mitzunehmen, unsere Autoren vorzustellen, in unsere Gemeinschaft einzutauchen und unser unersch\u00fctterliches Engagement zu unterstreichen.<\/p>\n\n\n\n<div class=\"wp-block-buttons is-horizontal is-content-justification-center is-layout-flex wp-container-core-buttons-is-layout-499968f5 wp-block-buttons-is-layout-flex\">\n<div class=\"wp-block-button is-style-secondary\"><a class=\"wp-block-button__link has-neve-text-color-color has-neve-link-hover-color-background-color has-text-color has-background has-link-color wp-element-button\">Mit dem handel beginnen<\/a><\/div>\n<\/div>\n<\/div>\n\n\n\n<div class=\"wp-block-column is-vertically-aligned-center is-layout-flow wp-block-column-is-layout-flow\" style=\"flex-basis:33.33%\">\n<figure class=\"wp-block-image size-full\"><img decoding=\"async\" src=\"https:\/\/immediatebitxdr.com\/wp-content\/uploads\/2024\/01\/&#x2014;Pngtree&#x2014;financial-material_4391789.png\" alt=\"Immediate BitXDR\" class=\"wp-image-22\"\/><\/figure>\n<\/div>\n<\/div>\n\n\n\n<div style=\"height:80px\" aria-hidden=\"true\" class=\"wp-block-spacer\"><\/div>\n<\/div><\/div>\n\n<div class=\"wp-block-cover alignfull is-light\"><span aria-hidden=\"true\" class=\"wp-block-cover__background has-nv-dark-bg-background-color has-background-dim-100 has-background-dim\"><\/span><div class=\"wp-block-cover__inner-container is-layout-flow wp-block-cover-is-layout-flow\">\n<div style=\"height:80px\" aria-hidden=\"true\" class=\"wp-block-spacer\"><\/div>\n\n\n\n<div class=\"wp-block-columns is-layout-flex wp-container-core-columns-is-layout-9d6595d7 wp-block-columns-is-layout-flex\">\n<div class=\"wp-block-column is-layout-flow wp-block-column-is-layout-flow\">\n<figure class=\"wp-block-image size-large is-resized\"><img loading=\"lazy\" decoding=\"async\" width=\"732\" height=\"1024\" src=\"https:\/\/immediatebitxdr.com\/wp-content\/uploads\/2024\/01\/v882-aew-59-b-732x1024.jpg\" alt=\"Immediate BitXDR\" class=\"wp-image-300\" style=\"width:505px;height:auto\" srcset=\"https:\/\/immediatebitxdr.com\/wp-content\/uploads\/2024\/01\/v882-aew-59-b-732x1024.jpg 732w, https:\/\/immediatebitxdr.com\/wp-content\/uploads\/2024\/01\/v882-aew-59-b-214x300.jpg 214w, https:\/\/immediatebitxdr.com\/wp-content\/uploads\/2024\/01\/v882-aew-59-b-768x1075.jpg 768w, https:\/\/immediatebitxdr.com\/wp-content\/uploads\/2024\/01\/v882-aew-59-b-1097x1536.jpg 1097w, https:\/\/immediatebitxdr.com\/wp-content\/uploads\/2024\/01\/v882-aew-59-b-1463x2048.jpg 1463w, https:\/\/immediatebitxdr.com\/wp-content\/uploads\/2024\/01\/v882-aew-59-b-scaled.jpg 1829w\" sizes=\"auto, (max-width: 732px) 100vw, 732px\" \/><\/figure>\n<\/div>\n\n\n\n<div class=\"wp-block-column is-vertically-aligned-center is-layout-flow wp-block-column-is-layout-flow\">\n<h2 class=\"wp-block-heading has-text-align-center has-nv-text-dark-bg-color has-text-color\">Unsere Mission und Vision<\/h2>\n\n\n\n<p class=\"has-neve-text-color-color has-text-color has-link-color wp-elements-bc4ff06f9a8ff1b960830e992d54cefe\">Bei Immediate BitXDR ist unsere Mission klar: den Zugang zu algorithmischen Handelsl\u00f6sungen zu demokratisieren. Wir stellen uns eine Zukunft vor, in der jeder Anleger, unabh\u00e4ngig von seinem Hintergrund oder seinem Fachwissen, die Leistungsf\u00e4higkeit hochentwickelter Handelsinstrumente nutzen kann, die bisher quantitativen Hedgefonds vorbehalten waren. Basierend auf unseren Erfahrungen aus erster Hand beim Navigieren auf den Kryptom\u00e4rkten haben wir den Bedarf an einer Plattform erkannt, die die L\u00fccke zwischen Strategien auf institutioneller Ebene und individuellen Anlegern schlie\u00dft.<\/p>\n\n\n\n<p class=\"has-neve-text-color-color has-text-color has-link-color wp-elements-28756a4e14c1c2a77bf7ec8bf03384b6\">Aufgrund unserer Fachkenntnisse wissen wir, dass der Krypto-Bereich sowohl aufregend als auch herausfordernd sein kann. Durch unser praktisches Wissen haben wir eine benutzerfreundliche Plattform entwickelt, die die Komplexit\u00e4t des algorithmischen Handels vereinfacht und ihn einem breiteren Publikum zug\u00e4nglich macht. Durch unser Ausprobieren haben wir herausgefunden, dass die Bereitstellung eines nahtlosen und intuitiven Erlebnisses von gr\u00f6\u00dfter Bedeutung ist, damit Anleger fundierte Entscheidungen auf dem sich st\u00e4ndig weiterentwickelnden Kryptomarkt treffen k\u00f6nnen.<\/p>\n\n\n\n<p class=\"has-neve-text-color-color has-text-color has-link-color wp-elements-8d5448b224fcce4b59a3ddc7c581c8bc\">Unsere Untersuchung hat gezeigt, dass wir durch das Angebot einer Reihe von Krypto-Bots und automatisierten Handelsstrategien unseren Benutzern erm\u00f6glichen, sich effizient auf dem Markt zurechtzufinden, Chancen zu nutzen und Risiken zu mindern. Unsere Ergebnisse zeigen, dass Immediate BitXDR nicht nur eine Plattform ist; Es handelt sich um eine umfassende L\u00f6sung, die Ihr Handelserlebnis verbessern soll.<\/p>\n<\/div>\n<\/div>\n\n\n\n<div style=\"height:50px\" aria-hidden=\"true\" class=\"wp-block-spacer\"><\/div>\n<\/div><\/div>\n\n<div class=\"wp-block-cover alignfull\"><span aria-hidden=\"true\" class=\"wp-block-cover__background has-nv-dark-bg-background-color has-background-dim-100 has-background-dim\"><\/span><div class=\"wp-block-cover__inner-container is-layout-flow wp-block-cover-is-layout-flow\">\n<div style=\"height:80px\" aria-hidden=\"true\" class=\"wp-block-spacer\"><\/div>\n\n\n\n<div class=\"wp-block-columns is-layout-flex wp-container-core-columns-is-layout-9d6595d7 wp-block-columns-is-layout-flex\">\n<div class=\"wp-block-column is-vertically-aligned-center is-layout-flow wp-block-column-is-layout-flow\">\n<h2 class=\"wp-block-heading has-text-align-center has-nv-text-dark-bg-color has-text-color\">Unsere Gemeinschaft<\/h2>\n\n\n\n<p>Immediate BitXDR ist mehr als nur eine Plattform; Es ist eine bl\u00fchende Gemeinschaft von Gleichgesinnten, die sich leidenschaftlich f\u00fcr die Zukunft von Krypto einsetzen. Unsere Community ist ein Ort, um Ideen auszutauschen, voneinander zu lernen und \u00fcber die neuesten Trends in der Kryptowelt informiert zu bleiben.<\/p>\n\n\n\n<p>Egal, ob Sie ein erfahrener Trader sind oder einfach nur in die Krypto-Gew\u00e4sser eintauchen, unsere Community bietet ein unterst\u00fctzendes Umfeld f\u00fcr Wachstum und Erkundung. Beteiligen Sie sich an Diskussionen, stellen Sie Fragen und erweitern Sie Ihr Verst\u00e4ndnis des Kryptomarktes gemeinsam mit anderen Enthusiasten.<\/p>\n<\/div>\n\n\n\n<div class=\"wp-block-column is-layout-flow wp-block-column-is-layout-flow\">\n<figure class=\"wp-block-image size-full is-resized\"><img loading=\"lazy\" decoding=\"async\" width=\"1024\" height=\"640\" src=\"https:\/\/immediatebitxdr.com\/wp-content\/uploads\/2024\/01\/crypto_analysis-1.jpg\" alt=\"Immediate BitXDR\" class=\"wp-image-286\" style=\"width:505px;height:auto\" srcset=\"https:\/\/immediatebitxdr.com\/wp-content\/uploads\/2024\/01\/crypto_analysis-1.jpg 1024w, https:\/\/immediatebitxdr.com\/wp-content\/uploads\/2024\/01\/crypto_analysis-1-300x188.jpg 300w, https:\/\/immediatebitxdr.com\/wp-content\/uploads\/2024\/01\/crypto_analysis-1-768x480.jpg 768w\" sizes=\"auto, (max-width: 1024px) 100vw, 1024px\" \/><\/figure>\n<\/div>\n<\/div>\n\n\n\n<div style=\"height:50px\" aria-hidden=\"true\" class=\"wp-block-spacer\"><\/div>\n<\/div><\/div>\n\n<div class=\"wp-block-cover alignfull is-light\"><span aria-hidden=\"true\" class=\"wp-block-cover__background has-nv-light-bg-background-color has-background-dim-100 has-background-dim\"><\/span><div class=\"wp-block-cover__inner-container is-layout-flow wp-block-cover-is-layout-flow\">\n<div style=\"height:33px\" aria-hidden=\"true\" class=\"wp-block-spacer\"><\/div>\n\n\n\n<h2 class=\"wp-block-heading has-text-align-center has-neve-text-color-color has-text-color has-link-color wp-elements-1a964c79a6b580a1587e009b5f25b496\">Unser Engagement<\/h2>\n\n\n\n<p class=\"has-neve-text-color-color has-text-color has-link-color wp-elements-a3ba11614d796824159ec76ebe5666f0\">Unser Engagement geht \u00fcber die Bereitstellung fortschrittlicher Handelstools und die F\u00f6rderung einer lebendigen Community hinaus. Wir verpflichten uns zu Transparenz, Sicherheit und kontinuierlicher Verbesserung. Unser Team arbeitet unerm\u00fcdlich daran, sicherzustellen, dass Immediate BitXDR eine vertrauensw\u00fcrdige Plattform f\u00fcr Krypto-Enthusiasten weltweit bleibt. Im Rahmen unseres Engagements priorisieren wir:<\/p>\n\n\n\n<div class=\"wp-block-columns is-layout-flex wp-container-core-columns-is-layout-9d6595d7 wp-block-columns-is-layout-flex\">\n<div class=\"wp-block-column is-layout-flow wp-block-column-is-layout-flow\">\n<h3 class=\"wp-block-heading has-text-align-center has-neve-text-color-color has-text-color\">Benutzersicherheit<\/h3>\n\n\n\n<p class=\"has-text-align-center has-neve-text-color-color has-text-color\">Durch robuste Sicherheitsma\u00dfnahmen sch\u00fctzen wir Ihr Verm\u00f6gen und Ihre pers\u00f6nlichen Daten und sorgen f\u00fcr eine sichere Handelsumgebung.<\/p>\n\n\n\n<div class=\"wp-block-buttons is-horizontal is-content-justification-center is-layout-flex wp-container-core-buttons-is-layout-499968f5 wp-block-buttons-is-layout-flex\"><\/div>\n\n\n\n<div style=\"height:20px\" aria-hidden=\"true\" class=\"wp-block-spacer\"><\/div>\n<\/div>\n\n\n\n<div class=\"wp-block-column is-layout-flow wp-block-column-is-layout-flow\">\n<h3 class=\"wp-block-heading has-text-align-center has-neve-text-color-color has-text-color\">Innovation<\/h3>\n\n\n\n<p class=\"has-text-align-center has-neve-text-color-color has-text-color\">Wir sind bestrebt, an der Spitze des technologischen Fortschritts zu bleiben und unsere Plattform regelm\u00e4\u00dfig mit neuen Funktionen und Verbesserungen zu aktualisieren.<\/p>\n\n\n\n<div class=\"wp-block-buttons is-horizontal is-content-justification-center is-layout-flex wp-container-core-buttons-is-layout-499968f5 wp-block-buttons-is-layout-flex\"><\/div>\n\n\n\n<div style=\"height:20px\" aria-hidden=\"true\" class=\"wp-block-spacer\"><\/div>\n<\/div>\n\n\n\n<div class=\"wp-block-column is-layout-flow wp-block-column-is-layout-flow\">\n<h3 class=\"wp-block-heading has-text-align-center has-neve-text-color-color has-text-color\">Kundendienst<\/h3>\n\n\n\n<p class=\"has-text-align-center has-neve-text-color-color has-text-color\">Unser engagiertes Support-Team steht Ihnen zur Verf\u00fcgung und geht umgehend auf Fragen und Bedenken ein, um Ihr Gesamterlebnis zu verbessern.<\/p>\n\n\n\n<div class=\"wp-block-buttons is-horizontal is-content-justification-center is-layout-flex wp-container-core-buttons-is-layout-499968f5 wp-block-buttons-is-layout-flex\"><\/div>\n\n\n\n<div style=\"height:20px\" aria-hidden=\"true\" class=\"wp-block-spacer\"><\/div>\n<\/div>\n<\/div>\n\n\n\n<div style=\"height:80px\" aria-hidden=\"true\" class=\"wp-block-spacer\"><\/div>\n<\/div><\/div>\n","protected":false},"excerpt":{"rendered":"","protected":false},"author":1,"featured_media":0,"parent":0,"menu_order":0,"comment_status":"closed","ping_status":"closed","template":"","meta":{"inline_featured_image":false,"_monsterinsights_skip_tracking":false,"_monsterinsights_sitenote_active":false,"_monsterinsights_sitenote_note":"","_monsterinsights_sitenote_category":0,"neve_meta_sidebar":"full-width","neve_meta_container":"","neve_meta_enable_content_width":"on","neve_meta_content_width":100,"neve_meta_title_alignment":"","neve_meta_author_avatar":"","neve_post_elements_order":"","neve_meta_disable_header":"","neve_meta_disable_footer":"","neve_meta_disable_title":"on","_themeisle_gutenberg_block_has_review":false,"_ti_tpc_template_sync":false,"_ti_tpc_template_id":"","footnotes":""},"class_list":["post-772","page","type-page","status-publish","hentry"],"yoast_head":"<!-- This site is optimized with the Yoast SEO plugin v22.7 - https:\/\/yoast.com\/wordpress\/plugins\/seo\/ -->\n<title>\u00dcber uns - Immediate BitXDR<\/title>\n<meta name=\"description\" content=\"Immediate BitXDR ist mehr als eine Plattform; Es ist eine Verpflichtung, die Art und Weise, wie Einzelpersonen mit dem Kryptomarkt interagieren, zu revolutionieren. Begleiten Sie uns auf dieser spannenden Reise und lassen Sie uns gemeinsam die Zukunft des Kryptohandels gestalten.\" \/>\n<meta name=\"robots\" content=\"index, follow, max-snippet:-1, max-image-preview:large, max-video-preview:-1\" \/>\n<link rel=\"canonical\" href=\"https:\/\/immediatebitxdr.com\/de\/ueber-uns\/\" \/>\n<meta property=\"og:locale\" content=\"de_DE\" \/>\n<meta property=\"og:type\" content=\"article\" \/>\n<meta property=\"og:title\" content=\"\u00dcber uns - Immediate BitXDR\" \/>\n<meta property=\"og:description\" content=\"Immediate BitXDR ist mehr als eine Plattform; Es ist eine Verpflichtung, die Art und Weise, wie Einzelpersonen mit dem Kryptomarkt interagieren, zu revolutionieren. Begleiten Sie uns auf dieser spannenden Reise und lassen Sie uns gemeinsam die Zukunft des Kryptohandels gestalten.\" \/>\n<meta property=\"og:url\" content=\"https:\/\/immediatebitxdr.com\/de\/ueber-uns\/\" \/>\n<meta property=\"og:site_name\" content=\"Immediate BitXDR\" \/>\n<meta property=\"article:modified_time\" content=\"2024-05-15T12:09:16+00:00\" \/>\n<meta property=\"og:image\" content=\"https:\/\/immediatebitxdr.com\/wp-content\/uploads\/2024\/01\/&#x2014;Pngtree&#x2014;financial-material_4391789.png\" \/>\n<meta name=\"twitter:card\" content=\"summary_large_image\" \/>\n<meta name=\"twitter:label1\" content=\"Gesch\u00e4tzte Lesezeit\" \/>\n\t<meta name=\"twitter:data1\" content=\"3\u00a0Minuten\" \/>\n<script type=\"application\/ld+json\" class=\"yoast-schema-graph\">{\"@context\":\"https:\/\/schema.org\",\"@graph\":[{\"@type\":\"WebPage\",\"@id\":\"https:\/\/immediatebitxdr.com\/de\/ueber-uns\/\",\"url\":\"https:\/\/immediatebitxdr.com\/de\/ueber-uns\/\",\"name\":\"\u00dcber uns - Immediate BitXDR\",\"isPartOf\":{\"@id\":\"https:\/\/immediatebitxdr.com\/de\/#website\"},\"primaryImageOfPage\":{\"@id\":\"https:\/\/immediatebitxdr.com\/de\/ueber-uns\/#primaryimage\"},\"image\":{\"@id\":\"https:\/\/immediatebitxdr.com\/de\/ueber-uns\/#primaryimage\"},\"thumbnailUrl\":\"https:\/\/immediatebitxdr.com\/wp-content\/uploads\/2024\/01\/&#x2014;Pngtree&#x2014;financial-material_4391789.png\",\"datePublished\":\"2024-01-26T09:54:07+00:00\",\"dateModified\":\"2024-05-15T12:09:16+00:00\",\"description\":\"Immediate BitXDR ist mehr als eine Plattform; Es ist eine Verpflichtung, die Art und Weise, wie Einzelpersonen mit dem Kryptomarkt interagieren, zu revolutionieren. Begleiten Sie uns auf dieser spannenden Reise und lassen Sie uns gemeinsam die Zukunft des Kryptohandels gestalten.\",\"breadcrumb\":{\"@id\":\"https:\/\/immediatebitxdr.com\/de\/ueber-uns\/#breadcrumb\"},\"inLanguage\":\"de\",\"potentialAction\":[{\"@type\":\"ReadAction\",\"target\":[\"https:\/\/immediatebitxdr.com\/de\/ueber-uns\/\"]}]},{\"@type\":\"ImageObject\",\"inLanguage\":\"de\",\"@id\":\"https:\/\/immediatebitxdr.com\/de\/ueber-uns\/#primaryimage\",\"url\":\"https:\/\/immediatebitxdr.com\/wp-content\/uploads\/2024\/01\/&#x2014;Pngtree&#x2014;financial-material_4391789.png\",\"contentUrl\":\"https:\/\/immediatebitxdr.com\/wp-content\/uploads\/2024\/01\/&#x2014;Pngtree&#x2014;financial-material_4391789.png\"},{\"@type\":\"BreadcrumbList\",\"@id\":\"https:\/\/immediatebitxdr.com\/de\/ueber-uns\/#breadcrumb\",\"itemListElement\":[{\"@type\":\"ListItem\",\"position\":1,\"name\":\"Home\",\"item\":\"https:\/\/immediatebitxdr.com\/de\/\"},{\"@type\":\"ListItem\",\"position\":2,\"name\":\"\u00dcber uns\"}]},{\"@type\":\"WebSite\",\"@id\":\"https:\/\/immediatebitxdr.com\/de\/#website\",\"url\":\"https:\/\/immediatebitxdr.com\/de\/\",\"name\":\"Immediate BitXDR\",\"description\":\"\",\"publisher\":{\"@id\":\"https:\/\/immediatebitxdr.com\/de\/#organization\"},\"potentialAction\":[{\"@type\":\"SearchAction\",\"target\":{\"@type\":\"EntryPoint\",\"urlTemplate\":\"https:\/\/immediatebitxdr.com\/de\/?s={search_term_string}\"},\"query-input\":\"required name=search_term_string\"}],\"inLanguage\":\"de\"},{\"@type\":\"Organization\",\"@id\":\"https:\/\/immediatebitxdr.com\/de\/#organization\",\"name\":\"Immediate BitXDR\",\"url\":\"https:\/\/immediatebitxdr.com\/de\/\",\"logo\":{\"@type\":\"ImageObject\",\"inLanguage\":\"de\",\"@id\":\"https:\/\/immediatebitxdr.com\/de\/#\/schema\/logo\/image\/\",\"url\":\"\",\"contentUrl\":\"\",\"caption\":\"Immediate BitXDR\"},\"image\":{\"@id\":\"https:\/\/immediatebitxdr.com\/de\/#\/schema\/logo\/image\/\"}}]}<\/script>\n<!-- \/ Yoast SEO plugin. -->","yoast_head_json":{"title":"\u00dcber uns - Immediate BitXDR","description":"Immediate BitXDR ist mehr als eine Plattform; Es ist eine Verpflichtung, die Art und Weise, wie Einzelpersonen mit dem Kryptomarkt interagieren, zu revolutionieren. Begleiten Sie uns auf dieser spannenden Reise und lassen Sie uns gemeinsam die Zukunft des Kryptohandels gestalten.","robots":{"index":"index","follow":"follow","max-snippet":"max-snippet:-1","max-image-preview":"max-image-preview:large","max-video-preview":"max-video-preview:-1"},"canonical":"https:\/\/immediatebitxdr.com\/de\/ueber-uns\/","og_locale":"de_DE","og_type":"article","og_title":"\u00dcber uns - Immediate BitXDR","og_description":"Immediate BitXDR ist mehr als eine Plattform; Es ist eine Verpflichtung, die Art und Weise, wie Einzelpersonen mit dem Kryptomarkt interagieren, zu revolutionieren. Begleiten Sie uns auf dieser spannenden Reise und lassen Sie uns gemeinsam die Zukunft des Kryptohandels gestalten.","og_url":"https:\/\/immediatebitxdr.com\/de\/ueber-uns\/","og_site_name":"Immediate BitXDR","article_modified_time":"2024-05-15T12:09:16+00:00","og_image":[{"url":"https:\/\/immediatebitxdr.com\/wp-content\/uploads\/2024\/01\/&#x2014;Pngtree&#x2014;financial-material_4391789.png"}],"twitter_card":"summary_large_image","twitter_misc":{"Gesch\u00e4tzte Lesezeit":"3\u00a0Minuten"},"schema":{"@context":"https:\/\/schema.org","@graph":[{"@type":"WebPage","@id":"https:\/\/immediatebitxdr.com\/de\/ueber-uns\/","url":"https:\/\/immediatebitxdr.com\/de\/ueber-uns\/","name":"\u00dcber uns - Immediate BitXDR","isPartOf":{"@id":"https:\/\/immediatebitxdr.com\/de\/#website"},"primaryImageOfPage":{"@id":"https:\/\/immediatebitxdr.com\/de\/ueber-uns\/#primaryimage"},"image":{"@id":"https:\/\/immediatebitxdr.com\/de\/ueber-uns\/#primaryimage"},"thumbnailUrl":"https:\/\/immediatebitxdr.com\/wp-content\/uploads\/2024\/01\/&#x2014;Pngtree&#x2014;financial-material_4391789.png","datePublished":"2024-01-26T09:54:07+00:00","dateModified":"2024-05-15T12:09:16+00:00","description":"Immediate BitXDR ist mehr als eine Plattform; Es ist eine Verpflichtung, die Art und Weise, wie Einzelpersonen mit dem Kryptomarkt interagieren, zu revolutionieren. Begleiten Sie uns auf dieser spannenden Reise und lassen Sie uns gemeinsam die Zukunft des Kryptohandels gestalten.","breadcrumb":{"@id":"https:\/\/immediatebitxdr.com\/de\/ueber-uns\/#breadcrumb"},"inLanguage":"de","potentialAction":[{"@type":"ReadAction","target":["https:\/\/immediatebitxdr.com\/de\/ueber-uns\/"]}]},{"@type":"ImageObject","inLanguage":"de","@id":"https:\/\/immediatebitxdr.com\/de\/ueber-uns\/#primaryimage","url":"https:\/\/immediatebitxdr.com\/wp-content\/uploads\/2024\/01\/&#x2014;Pngtree&#x2014;financial-material_4391789.png","contentUrl":"https:\/\/immediatebitxdr.com\/wp-content\/uploads\/2024\/01\/&#x2014;Pngtree&#x2014;financial-material_4391789.png"},{"@type":"BreadcrumbList","@id":"https:\/\/immediatebitxdr.com\/de\/ueber-uns\/#breadcrumb","itemListElement":[{"@type":"ListItem","position":1,"name":"Home","item":"https:\/\/immediatebitxdr.com\/de\/"},{"@type":"ListItem","position":2,"name":"\u00dcber uns"}]},{"@type":"WebSite","@id":"https:\/\/immediatebitxdr.com\/de\/#website","url":"https:\/\/immediatebitxdr.com\/de\/","name":"Immediate BitXDR","description":"","publisher":{"@id":"https:\/\/immediatebitxdr.com\/de\/#organization"},"potentialAction":[{"@type":"SearchAction","target":{"@type":"EntryPoint","urlTemplate":"https:\/\/immediatebitxdr.com\/de\/?s={search_term_string}"},"query-input":"required name=search_term_string"}],"inLanguage":"de"},{"@type":"Organization","@id":"https:\/\/immediatebitxdr.com\/de\/#organization","name":"Immediate BitXDR","url":"https:\/\/immediatebitxdr.com\/de\/","logo":{"@type":"ImageObject","inLanguage":"de","@id":"https:\/\/immediatebitxdr.com\/de\/#\/schema\/logo\/image\/","url":"","contentUrl":"","caption":"Immediate BitXDR"},"image":{"@id":"https:\/\/immediatebitxdr.com\/de\/#\/schema\/logo\/image\/"}}]}},"_links":{"self":[{"href":"https:\/\/immediatebitxdr.com\/de\/wp-json\/wp\/v2\/pages\/772","targetHints":{"allow":["GET"]}}],"collection":[{"href":"https:\/\/immediatebitxdr.com\/de\/wp-json\/wp\/v2\/pages"}],"about":[{"href":"https:\/\/immediatebitxdr.com\/de\/wp-json\/wp\/v2\/types\/page"}],"author":[{"embeddable":true,"href":"https:\/\/immediatebitxdr.com\/de\/wp-json\/wp\/v2\/users\/1"}],"replies":[{"embeddable":true,"href":"https:\/\/immediatebitxdr.com\/de\/wp-json\/wp\/v2\/comments?post=772"}],"version-history":[{"count":0,"href":"https:\/\/immediatebitxdr.com\/de\/wp-json\/wp\/v2\/pages\/772\/revisions"}],"wp:attachment":[{"href":"https:\/\/immediatebitxdr.com\/de\/wp-json\/wp\/v2\/media?parent=772"}],"curies":[{"name":"wp","href":"https:\/\/api.w.org\/{rel}","templated":true}]}}