{"id":1350,"date":"2020-02-26T11:48:48","date_gmt":"2020-02-26T11:48:48","guid":{"rendered":"https:\/\/immediatebitxdr.com\/kontakt\/"},"modified":"2024-05-15T12:09:30","modified_gmt":"2024-05-15T12:09:30","slug":"kontakt","status":"publish","type":"page","link":"https:\/\/immediatebitxdr.com\/de-at\/kontakt\/","title":{"rendered":"Kontakt"},"content":{"rendered":"\n<div id=\"wp-block-themeisle-blocks-advanced-columns-fd115547\" class=\"wp-block-themeisle-blocks-advanced-columns alignfull has-1-columns has-desktop-equal-layout has-tablet-equal-layout has-mobile-equal-layout has-vertical-unset\"><div class=\"wp-block-themeisle-blocks-advanced-columns-overlay\"><\/div><div class=\"innerblocks-wrap\">\n<div id=\"wp-block-themeisle-blocks-advanced-column-de2aa3a2\" class=\"wp-block-themeisle-blocks-advanced-column has-dark-bg\">\n<p id=\"wp-block-themeisle-blocks-advanced-heading-fb9ebb12\" class=\"wp-block-themeisle-blocks-advanced-heading wp-block-themeisle-blocks-advanced-heading-fb9ebb12\"> <strong>KONTAKTIEREN SIE UNS<\/strong> <\/p>\n\n\n\n<h1 class=\"wp-block-heading has-text-align-center has-nv-text-dark-bg-color has-text-color\">  Kontakt  <\/h1>\n\n\n\n<p class=\"has-text-align-center\">Vielen Dank, dass Sie sich mit uns bei Immediate BitXDR in Verbindung setzen. Ihr Feedback, Ihre Fragen und Anfragen sind f\u00fcr uns wertvoll, da wir uns bem\u00fchen, unseren Nutzern die bestm\u00f6gliche Erfahrung zu bieten. Ob Sie ein erfahrener H\u00e4ndler, ein neugieriger Investor oder ein potenzieller Partner sind, wir freuen uns \u00fcber Ihre Kontaktaufnahme.<\/p>\n<\/div>\n<\/div><\/div>\n\n<div id=\"wp-block-themeisle-blocks-advanced-columns-7c7a89c9\" class=\"wp-block-themeisle-blocks-advanced-columns alignfull has-1-columns has-desktop-equal-layout has-tablet-equal-layout has-mobile-collapsedRows-layout has-vertical-center\"><div class=\"wp-block-themeisle-blocks-advanced-columns-overlay\"><\/div><div class=\"innerblocks-wrap\">\n<div id=\"wp-block-themeisle-blocks-advanced-column-6b5d17f2\" class=\"wp-block-themeisle-blocks-advanced-column\">\n<h2 class=\"wp-block-heading\">Allgemeine Anfragen<\/h2>\n\n\n\n<p>F\u00fcr allgemeine Anfragen oder Informationen \u00fcber unsere Plattform, Dienstleistungen und Angebote steht Ihnen unser Team gerne zur Verf\u00fcgung. Wir sind hier, um Sie zu unterst\u00fctzen und sicherzustellen, dass Sie die Informationen haben, die Sie ben\u00f6tigen, um sich auf den Kryptom\u00e4rkten effektiv zu bewegen.<\/p>\n\n\n\n<h2 class=\"wp-block-heading\">Kundenbetreuung<\/h2>\n\n\n\n<p>Wenn Sie Hilfe mit Ihrem BitXDR-Sofortkonto ben\u00f6tigen, Probleme auftreten oder Sie spezielle Fragen zur Nutzung unserer Krypto-Bots und Handelsstrategien haben, steht Ihnen unser Kundensupport-Team zur Verf\u00fcgung. Wir legen Wert auf zeitnahe und effiziente Antworten, um sicherzustellen, dass Sie Ihre Handelserfahrung optimal nutzen k\u00f6nnen.<\/p>\n\n\n\n<h2 class=\"wp-block-heading\">Partnerschaften und Kooperationen<\/h2>\n\n\n\n<p>Immediate BitXDR ist immer offen f\u00fcr Partnerschaften und Kooperationen, die mit unserer Mission \u00fcbereinstimmen. Wenn Sie ein Unternehmen oder eine Organisation vertreten oder einen Vorschlag f\u00fcr eine Zusammenarbeit haben, setzen Sie sich bitte mit unserem Partnerschafts-Team in Verbindung. Wir glauben an die Kraft der Zusammenarbeit, um Innovationen voranzutreiben und das Krypto-\u00d6kosystem zu verbessern.<\/p>\n\n\n\n<h2 class=\"wp-block-heading\">Technische Unterst\u00fctzung<\/h2>\n\n\n\n<p>Wenn Sie auf technische Probleme oder St\u00f6rungen sto\u00dfen oder spezielle technische Fragen zu unserer Plattform haben, k\u00fcmmert sich unser technisches Support-Team um eine rasche L\u00f6sung Ihrer Probleme. Ihre reibungslose Erfahrung ist unsere Priorit\u00e4t.<\/p>\n\n\n\n<h2 class=\"wp-block-heading\">Verbinden Sie sich mit uns<\/h2>\n\n\n\n<p>Bleiben Sie mit Immediate BitXDR \u00fcber unsere Social Media Kan\u00e4le in Verbindung. Folgen Sie uns auf [insert social media platforms], um die neuesten Updates, Markteinblicke und Ank\u00fcndigungen zu erhalten. Beteiligen Sie sich an unserer Community und nehmen Sie an den laufenden Gespr\u00e4chen \u00fcber die aufregende Welt der Kryptow\u00e4hrungen teil.<\/p>\n\n\n\n<h2 class=\"wp-block-heading\">Besuchen Sie uns<\/h2>\n\n\n\n<p>Wenn Sie ein pers\u00f6nliches Gespr\u00e4ch bevorzugen, sind Sie herzlich eingeladen, unsere B\u00fcros zu besuchen. Bitte vereinbaren Sie im Voraus einen Termin, um sicherzustellen, dass die zust\u00e4ndigen Teammitglieder f\u00fcr ein Gespr\u00e4ch zur Verf\u00fcgung stehen.<\/p>\n\n\n\n<h2 class=\"wp-block-heading\">Sofortige BitXDR-Zentrale<\/h2>\n\n\n\n<p>USA: 2363 Hurry Street Fredericksburg, VA 22401<\/p>\n\n\n\n<p>Deutschland: Oldesloer Stra\u00dfe 92, 07602 Eisenberg<\/p>\n\n\n\n<p>UK: 65 Souterhead Road LOWER BOSCASWELL TR19 7EY<\/p>\n\n\n\n<p>E-Mail: support@<a href=\"https:\/\/immediatebitxdr.com\/de-at\/\" target=\"_blank\" rel=\"noreferrer noopener\"><\/a>immediatebitxdr.com<\/p>\n\n\n\n<p>Telefon: +44 078 5290 8427<\/p>\n<\/div>\n<\/div><\/div>\n\n<div id=\"wp-block-themeisle-blocks-advanced-columns-2672f4b5\" class=\"wp-block-themeisle-blocks-advanced-columns alignfull has-2-columns has-desktop-equal-layout has-tablet-equal-layout has-mobile-collapsedRows-layout has-vertical-unset has-dark-bg\"><div class=\"wp-block-themeisle-blocks-advanced-columns-overlay\"><\/div><div class=\"innerblocks-wrap\">\n<div id=\"wp-block-themeisle-blocks-advanced-column-05e52c3e\" class=\"wp-block-themeisle-blocks-advanced-column\">\n<h2 class=\"wp-block-heading has-nv-text-dark-bg-color has-text-color\">  Senden Sie eine direkte Nachricht \u00fcber das Formular  <\/h2>\n\n\n\n<p>Unser engagiertes Support-Team steht Ihnen bei allen Fragen und Anliegen zur Verf\u00fcgung. Ob Sie nun ein erfahrener H\u00e4ndler sind oder gerade erst anfangen, Ihre Zufriedenheit ist unsere Priorit\u00e4t. Verbinden Sie sich mit uns und lassen Sie uns gemeinsam durch die aufregende Welt der Kryptow\u00e4hrung navigieren!<\/p>\n\n\n\n<p>Wir wissen Ihr Interesse an Immediate BitXDR zu sch\u00e4tzen und freuen uns darauf, von Ihnen zu h\u00f6ren. Ihre Mitteilung ist wichtig, damit wir die vielf\u00e4ltigen Bed\u00fcrfnisse unserer wachsenden Gemeinschaft besser erf\u00fcllen k\u00f6nnen.<\/p>\n\n\n\n<div id=\"wp-block-themeisle-blocks-button-group-89e6367b\" class=\"wp-block-themeisle-blocks-button-group wp-block-buttons\">\n<div id=\"wp-block-themeisle-blocks-button-f6ab3bb5\" class=\"wp-block-themeisle-blocks-button wp-block-button\"><a href=\"\" target=\"_blank\" rel=\"noopener noreferrer\" class=\"wp-block-button__link\"><i class=\"fab fa-fw fa-facebook-f\"><\/i><\/a><\/div>\n\n\n\n<div id=\"wp-block-themeisle-blocks-button-ddd4d356\" class=\"wp-block-themeisle-blocks-button wp-block-button\"><a href=\"\" target=\"_blank\" rel=\"noopener noreferrer\" class=\"wp-block-button__link\"><i class=\"fab fa-fw fa-twitter\"><\/i><\/a><\/div>\n\n\n\n<div id=\"wp-block-themeisle-blocks-button-36612cba\" class=\"wp-block-themeisle-blocks-button wp-block-button\"><a href=\"\" target=\"_blank\" rel=\"noopener noreferrer\" class=\"wp-block-button__link\"><i class=\"fab fa-fw fa-google-plus\"><\/i><\/a><\/div>\n\n\n\n<div id=\"wp-block-themeisle-blocks-button-45cdcaa1\" class=\"wp-block-themeisle-blocks-button wp-block-button\"><a href=\"\" target=\"_blank\" rel=\"noopener noreferrer\" class=\"wp-block-button__link\"><i class=\"fab fa-fw fa-pinterest\"><\/i><\/a><\/div>\n\n\n\n<div id=\"wp-block-themeisle-blocks-button-faf5e2e7\" class=\"wp-block-themeisle-blocks-button wp-block-button\"><a href=\"\" target=\"_blank\" rel=\"noopener noreferrer\" class=\"wp-block-button__link\"><i class=\"fab fa-fw fa-instagram\"><\/i><\/a><\/div>\n<\/div>\n<\/div>\n\n\n\n<div id=\"wp-block-themeisle-blocks-advanced-column-0788243d\" class=\"wp-block-themeisle-blocks-advanced-column has-dark-bg\">\n<div id=\"wp-block-themeisle-blocks-form-fb39f207\" class=\"wp-block-themeisle-blocks-form\" data-option-name=\"bf9b28ff82ce323187abc5d0feb0d8f07ecd8436_fb39f207\"><form class=\"otter-form__container\">\n<div id=\"wp-block-themeisle-blocks-form-input-cb680aa4\" class=\"wp-block-themeisle-blocks-form-input\"><label for=\"wp-block-themeisle-blocks-form-input-cb680aa4-input\" class=\"otter-form-input-label\"><span class=\"otter-form-input-label__label\">Name<\/span><span class=\"required\">*<\/span><\/label><input type=\"text\" id=\"wp-block-themeisle-blocks-form-input-cb680aa4-input\" required=\"\" placeholder=\"Ihr Name\" class=\"otter-form-input\"><\/div>\n\n\n\n<div id=\"wp-block-themeisle-blocks-form-input-53facba3\" class=\"wp-block-themeisle-blocks-form-input\"><label for=\"wp-block-themeisle-blocks-form-input-53facba3-input\" class=\"otter-form-input-label\"><span class=\"otter-form-input-label__label\">E-Mail<\/span><span class=\"required\">*<\/span><\/label><input type=\"email\" id=\"wp-block-themeisle-blocks-form-input-53facba3-input\" required=\"\" placeholder=\"Deine E-Mail\" class=\"otter-form-input\"><\/div>\n\n\n\n<div id=\"wp-block-themeisle-blocks-form-textarea-5eebb0de\" class=\"wp-block-themeisle-blocks-form-textarea\"><label for=\"wp-block-themeisle-blocks-form-textarea-5eebb0de-input\" class=\"otter-form-textarea-label\"><span class=\"otter-form-textarea-label__label\">Nachricht<\/span><\/label><textarea id=\"wp-block-themeisle-blocks-form-textarea-5eebb0de-input\" placeholder=\"Ihre Nachricht\" rows=\"10\" class=\"otter-form-textarea-input\"><\/textarea><\/div>\n\n\n<div class=\"protection\" aria-hidden=\"true\"><input type=\"hidden\" id=\"wp-block-themeisle-blocks-form-fb39f207_nonce_field\" name=\"wp-block-themeisle-blocks-form-fb39f207_nonce_field\" value=\"7d482ed6eb\" \/><input type=\"hidden\" name=\"_wp_http_referer\" value=\"\/de-at\/wp-json\/wp\/v2\/pages\/1350\" \/><input class=\"o-anti-bot\" type=\"checkbox\"><\/div><div class=\"wp-block-button\"><button class=\"wp-block-button__link\" type=\"submit\">Submit<\/button><\/div><\/form><\/div>\n<\/div>\n<\/div><\/div>\n\n<div id=\"wp-block-themeisle-blocks-advanced-columns-1dda74ca\" class=\"wp-block-themeisle-blocks-advanced-columns alignfull has-1-columns has-desktop-equal-layout has-tablet-equal-layout has-mobile-equal-layout has-vertical-unset\"><div class=\"wp-block-themeisle-blocks-advanced-columns-overlay\"><\/div><div class=\"innerblocks-wrap\">\n<div id=\"wp-block-themeisle-blocks-advanced-column-a0d00642\" class=\"wp-block-themeisle-blocks-advanced-column\"><\/div>\n<\/div><\/div>\n","protected":false},"excerpt":{"rendered":"","protected":false},"author":1,"featured_media":0,"parent":0,"menu_order":0,"comment_status":"closed","ping_status":"closed","template":"page-templates\/template-pagebuilder-full-width.php","meta":{"inline_featured_image":false,"_monsterinsights_skip_tracking":false,"_monsterinsights_sitenote_active":false,"_monsterinsights_sitenote_note":"","_monsterinsights_sitenote_category":0,"neve_meta_sidebar":"full-width","neve_meta_container":"","neve_meta_enable_content_width":"on","neve_meta_content_width":100,"neve_meta_title_alignment":"","neve_meta_author_avatar":"","neve_post_elements_order":"","neve_meta_disable_header":"","neve_meta_disable_footer":"","neve_meta_disable_title":"","_themeisle_gutenberg_block_has_review":false,"_ti_tpc_template_sync":false,"_ti_tpc_template_id":"","footnotes":""},"class_list":["post-1350","page","type-page","status-publish","hentry"],"yoast_head":"<!-- This site is optimized with the Yoast SEO plugin v22.7 - https:\/\/yoast.com\/wordpress\/plugins\/seo\/ -->\n<title>Kontakt - Immediate BitXDR<\/title>\n<meta name=\"description\" content=\"Unser engagiertes Support-Team steht Ihnen bei allen Fragen und Anliegen zur Verf\u00fcgung. Ob Sie nun ein erfahrener H\u00e4ndler sind oder gerade erst anfangen, Ihre Zufriedenheit ist unsere Priorit\u00e4t. Verbinden Sie sich mit uns und lassen Sie uns gemeinsam durch die aufregende Welt der Kryptow\u00e4hrung navigieren!\" \/>\n<meta name=\"robots\" content=\"index, follow, max-snippet:-1, max-image-preview:large, max-video-preview:-1\" \/>\n<link rel=\"canonical\" href=\"https:\/\/immediatebitxdr.com\/de-at\/kontakt\/\" \/>\n<meta property=\"og:locale\" content=\"de_DE\" \/>\n<meta property=\"og:type\" content=\"article\" \/>\n<meta property=\"og:title\" content=\"Kontakt - Immediate BitXDR\" \/>\n<meta property=\"og:description\" content=\"Unser engagiertes Support-Team steht Ihnen bei allen Fragen und Anliegen zur Verf\u00fcgung. Ob Sie nun ein erfahrener H\u00e4ndler sind oder gerade erst anfangen, Ihre Zufriedenheit ist unsere Priorit\u00e4t. Verbinden Sie sich mit uns und lassen Sie uns gemeinsam durch die aufregende Welt der Kryptow\u00e4hrung navigieren!\" \/>\n<meta property=\"og:url\" content=\"https:\/\/immediatebitxdr.com\/de-at\/kontakt\/\" \/>\n<meta property=\"og:site_name\" content=\"Immediate BitXDR\" \/>\n<meta property=\"article:modified_time\" content=\"2024-05-15T12:09:30+00:00\" \/>\n<meta name=\"twitter:card\" content=\"summary_large_image\" \/>\n<meta name=\"twitter:label1\" content=\"Gesch\u00e4tzte Lesezeit\" \/>\n\t<meta name=\"twitter:data1\" content=\"2 Minuten\" \/>\n<script type=\"application\/ld+json\" class=\"yoast-schema-graph\">{\"@context\":\"https:\/\/schema.org\",\"@graph\":[{\"@type\":\"WebPage\",\"@id\":\"https:\/\/immediatebitxdr.com\/de-at\/kontakt\/\",\"url\":\"https:\/\/immediatebitxdr.com\/de-at\/kontakt\/\",\"name\":\"Kontakt - Immediate BitXDR\",\"isPartOf\":{\"@id\":\"https:\/\/immediatebitxdr.com\/de-at\/#website\"},\"datePublished\":\"2020-02-26T11:48:48+00:00\",\"dateModified\":\"2024-05-15T12:09:30+00:00\",\"description\":\"Unser engagiertes Support-Team steht Ihnen bei allen Fragen und Anliegen zur Verf\u00fcgung. Ob Sie nun ein erfahrener H\u00e4ndler sind oder gerade erst anfangen, Ihre Zufriedenheit ist unsere Priorit\u00e4t. Verbinden Sie sich mit uns und lassen Sie uns gemeinsam durch die aufregende Welt der Kryptow\u00e4hrung navigieren!\",\"breadcrumb\":{\"@id\":\"https:\/\/immediatebitxdr.com\/de-at\/kontakt\/#breadcrumb\"},\"inLanguage\":\"de-AT\",\"potentialAction\":[{\"@type\":\"ReadAction\",\"target\":[\"https:\/\/immediatebitxdr.com\/de-at\/kontakt\/\"]}]},{\"@type\":\"BreadcrumbList\",\"@id\":\"https:\/\/immediatebitxdr.com\/de-at\/kontakt\/#breadcrumb\",\"itemListElement\":[{\"@type\":\"ListItem\",\"position\":1,\"name\":\"Home\",\"item\":\"https:\/\/immediatebitxdr.com\/de-at\/\"},{\"@type\":\"ListItem\",\"position\":2,\"name\":\"Kontakt\"}]},{\"@type\":\"WebSite\",\"@id\":\"https:\/\/immediatebitxdr.com\/de-at\/#website\",\"url\":\"https:\/\/immediatebitxdr.com\/de-at\/\",\"name\":\"Immediate BitXDR\",\"description\":\"\",\"publisher\":{\"@id\":\"https:\/\/immediatebitxdr.com\/de-at\/#organization\"},\"potentialAction\":[{\"@type\":\"SearchAction\",\"target\":{\"@type\":\"EntryPoint\",\"urlTemplate\":\"https:\/\/immediatebitxdr.com\/de-at\/?s={search_term_string}\"},\"query-input\":\"required name=search_term_string\"}],\"inLanguage\":\"de-AT\"},{\"@type\":\"Organization\",\"@id\":\"https:\/\/immediatebitxdr.com\/de-at\/#organization\",\"name\":\"Immediate BitXDR\",\"url\":\"https:\/\/immediatebitxdr.com\/de-at\/\",\"logo\":{\"@type\":\"ImageObject\",\"inLanguage\":\"de-AT\",\"@id\":\"https:\/\/immediatebitxdr.com\/de-at\/#\/schema\/logo\/image\/\",\"url\":\"\",\"contentUrl\":\"\",\"caption\":\"Immediate BitXDR\"},\"image\":{\"@id\":\"https:\/\/immediatebitxdr.com\/de-at\/#\/schema\/logo\/image\/\"}}]}<\/script>\n<!-- \/ Yoast SEO plugin. -->","yoast_head_json":{"title":"Kontakt - Immediate BitXDR","description":"Unser engagiertes Support-Team steht Ihnen bei allen Fragen und Anliegen zur Verf\u00fcgung. Ob Sie nun ein erfahrener H\u00e4ndler sind oder gerade erst anfangen, Ihre Zufriedenheit ist unsere Priorit\u00e4t. Verbinden Sie sich mit uns und lassen Sie uns gemeinsam durch die aufregende Welt der Kryptow\u00e4hrung navigieren!","robots":{"index":"index","follow":"follow","max-snippet":"max-snippet:-1","max-image-preview":"max-image-preview:large","max-video-preview":"max-video-preview:-1"},"canonical":"https:\/\/immediatebitxdr.com\/de-at\/kontakt\/","og_locale":"de_DE","og_type":"article","og_title":"Kontakt - Immediate BitXDR","og_description":"Unser engagiertes Support-Team steht Ihnen bei allen Fragen und Anliegen zur Verf\u00fcgung. Ob Sie nun ein erfahrener H\u00e4ndler sind oder gerade erst anfangen, Ihre Zufriedenheit ist unsere Priorit\u00e4t. Verbinden Sie sich mit uns und lassen Sie uns gemeinsam durch die aufregende Welt der Kryptow\u00e4hrung navigieren!","og_url":"https:\/\/immediatebitxdr.com\/de-at\/kontakt\/","og_site_name":"Immediate BitXDR","article_modified_time":"2024-05-15T12:09:30+00:00","twitter_card":"summary_large_image","twitter_misc":{"Gesch\u00e4tzte Lesezeit":"2 Minuten"},"schema":{"@context":"https:\/\/schema.org","@graph":[{"@type":"WebPage","@id":"https:\/\/immediatebitxdr.com\/de-at\/kontakt\/","url":"https:\/\/immediatebitxdr.com\/de-at\/kontakt\/","name":"Kontakt - Immediate BitXDR","isPartOf":{"@id":"https:\/\/immediatebitxdr.com\/de-at\/#website"},"datePublished":"2020-02-26T11:48:48+00:00","dateModified":"2024-05-15T12:09:30+00:00","description":"Unser engagiertes Support-Team steht Ihnen bei allen Fragen und Anliegen zur Verf\u00fcgung. Ob Sie nun ein erfahrener H\u00e4ndler sind oder gerade erst anfangen, Ihre Zufriedenheit ist unsere Priorit\u00e4t. Verbinden Sie sich mit uns und lassen Sie uns gemeinsam durch die aufregende Welt der Kryptow\u00e4hrung navigieren!","breadcrumb":{"@id":"https:\/\/immediatebitxdr.com\/de-at\/kontakt\/#breadcrumb"},"inLanguage":"de-AT","potentialAction":[{"@type":"ReadAction","target":["https:\/\/immediatebitxdr.com\/de-at\/kontakt\/"]}]},{"@type":"BreadcrumbList","@id":"https:\/\/immediatebitxdr.com\/de-at\/kontakt\/#breadcrumb","itemListElement":[{"@type":"ListItem","position":1,"name":"Home","item":"https:\/\/immediatebitxdr.com\/de-at\/"},{"@type":"ListItem","position":2,"name":"Kontakt"}]},{"@type":"WebSite","@id":"https:\/\/immediatebitxdr.com\/de-at\/#website","url":"https:\/\/immediatebitxdr.com\/de-at\/","name":"Immediate BitXDR","description":"","publisher":{"@id":"https:\/\/immediatebitxdr.com\/de-at\/#organization"},"potentialAction":[{"@type":"SearchAction","target":{"@type":"EntryPoint","urlTemplate":"https:\/\/immediatebitxdr.com\/de-at\/?s={search_term_string}"},"query-input":"required name=search_term_string"}],"inLanguage":"de-AT"},{"@type":"Organization","@id":"https:\/\/immediatebitxdr.com\/de-at\/#organization","name":"Immediate BitXDR","url":"https:\/\/immediatebitxdr.com\/de-at\/","logo":{"@type":"ImageObject","inLanguage":"de-AT","@id":"https:\/\/immediatebitxdr.com\/de-at\/#\/schema\/logo\/image\/","url":"","contentUrl":"","caption":"Immediate BitXDR"},"image":{"@id":"https:\/\/immediatebitxdr.com\/de-at\/#\/schema\/logo\/image\/"}}]}},"_links":{"self":[{"href":"https:\/\/immediatebitxdr.com\/de-at\/wp-json\/wp\/v2\/pages\/1350","targetHints":{"allow":["GET"]}}],"collection":[{"href":"https:\/\/immediatebitxdr.com\/de-at\/wp-json\/wp\/v2\/pages"}],"about":[{"href":"https:\/\/immediatebitxdr.com\/de-at\/wp-json\/wp\/v2\/types\/page"}],"author":[{"embeddable":true,"href":"https:\/\/immediatebitxdr.com\/de-at\/wp-json\/wp\/v2\/users\/1"}],"replies":[{"embeddable":true,"href":"https:\/\/immediatebitxdr.com\/de-at\/wp-json\/wp\/v2\/comments?post=1350"}],"version-history":[{"count":0,"href":"https:\/\/immediatebitxdr.com\/de-at\/wp-json\/wp\/v2\/pages\/1350\/revisions"}],"wp:attachment":[{"href":"https:\/\/immediatebitxdr.com\/de-at\/wp-json\/wp\/v2\/media?parent=1350"}],"curies":[{"name":"wp","href":"https:\/\/api.w.org\/{rel}","templated":true}]}}