{"id":1345,"date":"2024-01-26T09:54:07","date_gmt":"2024-01-26T09:54:07","guid":{"rendered":"https:\/\/immediatebitxdr.com\/ueber-uns\/"},"modified":"2024-05-15T12:09:17","modified_gmt":"2024-05-15T12:09:17","slug":"ueber-uns","status":"publish","type":"page","link":"https:\/\/immediatebitxdr.com\/de-at\/ueber-uns\/","title":{"rendered":"\u00dcber uns"},"content":{"rendered":"\n<div class=\"wp-block-cover alignfull is-light\"><span aria-hidden=\"true\" class=\"wp-block-cover__background has-nv-light-bg-background-color has-background-dim-100 has-background-dim\"><\/span><div class=\"wp-block-cover__inner-container is-layout-flow wp-block-cover-is-layout-flow\">\n<div style=\"height:80px\" aria-hidden=\"true\" class=\"wp-block-spacer\"><\/div>\n\n\n\n<div class=\"wp-block-columns are-vertically-aligned-center is-layout-flex wp-container-core-columns-is-layout-9d6595d7 wp-block-columns-is-layout-flex\">\n<div class=\"wp-block-column is-vertically-aligned-center is-layout-flow wp-block-column-is-layout-flow\" style=\"flex-basis:66.66%\">\n<h1 class=\"wp-block-heading has-text-align-center has-neve-text-color-color has-text-color\">\u00dcber uns<\/h1>\n\n\n\n<p class=\"has-text-align-center has-neve-text-color-color has-text-color\">Willkommen bei Immediate BitXDR, wo Innovation auf Zug\u00e4nglichkeit in der dynamischen Welt des Kryptow\u00e4hrungshandels trifft. W\u00e4hrend die Krypto-Landschaft ein beispielloses Wachstum erlebt, steht unsere Plattform an vorderster Front, um nicht-institutionelle Anleger mit innovativen Krypto-Bots und automatisierten Handelsstrategien zu unterst\u00fctzen. Erlauben Sie mir, Sie auf eine Reise durch unseren Auftrag mitzunehmen, unsere Autoren vorzustellen, einen Einblick in unsere Gemeinschaft zu geben und unser unerm\u00fcdliches Engagement zu unterstreichen.<\/p>\n\n\n\n<div class=\"wp-block-buttons is-horizontal is-content-justification-center is-layout-flex wp-container-core-buttons-is-layout-499968f5 wp-block-buttons-is-layout-flex\">\n<div class=\"wp-block-button is-style-secondary\"><a class=\"wp-block-button__link has-neve-text-color-color has-neve-link-hover-color-background-color has-text-color has-background has-link-color wp-element-button\">Handel beginnen  <\/a><\/div>\n<\/div>\n<\/div>\n\n\n\n<div class=\"wp-block-column is-vertically-aligned-center is-layout-flow wp-block-column-is-layout-flow\" style=\"flex-basis:33.33%\">\n<figure class=\"wp-block-image size-full\"><img decoding=\"async\" src=\"https:\/\/immediatebitxdr.com\/wp-content\/uploads\/2024\/01\/&#x2014;Pngtree&#x2014;financial-material_4391789.png\" alt=\"Unmittelbar BitXDR\" class=\"wp-image-22\"\/><\/figure>\n<\/div>\n<\/div>\n\n\n\n<div style=\"height:80px\" aria-hidden=\"true\" class=\"wp-block-spacer\"><\/div>\n<\/div><\/div>\n\n<div class=\"wp-block-cover alignfull is-light\"><span aria-hidden=\"true\" class=\"wp-block-cover__background has-nv-dark-bg-background-color has-background-dim-100 has-background-dim\"><\/span><div class=\"wp-block-cover__inner-container is-layout-flow wp-block-cover-is-layout-flow\">\n<div style=\"height:80px\" aria-hidden=\"true\" class=\"wp-block-spacer\"><\/div>\n\n\n\n<div class=\"wp-block-columns is-layout-flex wp-container-core-columns-is-layout-9d6595d7 wp-block-columns-is-layout-flex\">\n<div class=\"wp-block-column is-layout-flow wp-block-column-is-layout-flow\">\n<figure class=\"wp-block-image size-large is-resized\"><img loading=\"lazy\" decoding=\"async\" width=\"732\" height=\"1024\" src=\"https:\/\/immediatebitxdr.com\/wp-content\/uploads\/2024\/01\/v882-aew-59-b-732x1024.jpg\" alt=\"Unmittelbar BitXDR\" class=\"wp-image-300\" style=\"width:505px;height:auto\" srcset=\"https:\/\/immediatebitxdr.com\/wp-content\/uploads\/2024\/01\/v882-aew-59-b-732x1024.jpg 732w, https:\/\/immediatebitxdr.com\/wp-content\/uploads\/2024\/01\/v882-aew-59-b-214x300.jpg 214w, https:\/\/immediatebitxdr.com\/wp-content\/uploads\/2024\/01\/v882-aew-59-b-768x1075.jpg 768w, https:\/\/immediatebitxdr.com\/wp-content\/uploads\/2024\/01\/v882-aew-59-b-1097x1536.jpg 1097w, https:\/\/immediatebitxdr.com\/wp-content\/uploads\/2024\/01\/v882-aew-59-b-1463x2048.jpg 1463w, https:\/\/immediatebitxdr.com\/wp-content\/uploads\/2024\/01\/v882-aew-59-b-scaled.jpg 1829w\" sizes=\"auto, (max-width: 732px) 100vw, 732px\" \/><\/figure>\n<\/div>\n\n\n\n<div class=\"wp-block-column is-vertically-aligned-center is-layout-flow wp-block-column-is-layout-flow\">\n<h2 class=\"wp-block-heading has-text-align-center has-nv-text-dark-bg-color has-text-color\">Unser Auftrag und unsere Vision<\/h2>\n\n\n\n<p class=\"has-neve-text-color-color has-text-color has-link-color wp-elements-8b70d8974b0a19ee69e59c224548f414\">Bei Immediate BitXDR ist unsere Mission klar: Wir wollen den Zugang zu algorithmischen Handelsl\u00f6sungen demokratisieren. Wir stellen uns eine Zukunft vor, in der jeder Anleger, unabh\u00e4ngig von seinem Hintergrund oder Fachwissen, die Macht der hochentwickelten Handelsinstrumente nutzen kann, die bisher quantitativen Hedgefonds vorbehalten waren. Aufgrund unserer eigenen Erfahrungen mit den Kryptom\u00e4rkten haben wir den Bedarf an einer Plattform erkannt, die die L\u00fccke zwischen institutionellen Strategien und Privatanlegern schlie\u00dft.<\/p>\n\n\n\n<p class=\"has-neve-text-color-color has-text-color has-link-color wp-elements-583eb4ca7f8b7ab7611071e07b42def5\">Aufgrund unserer Erfahrung wissen wir, dass der Kryptobereich sowohl aufregend als auch herausfordernd sein kann. Durch unser praktisches Wissen haben wir eine benutzerfreundliche Plattform entwickelt, die die Komplexit\u00e4t des algorithmischen Handels vereinfacht und f\u00fcr ein breiteres Publikum zug\u00e4nglich macht. Durch Versuch und Irrtum haben wir herausgefunden, dass ein nahtloses und intuitives Erlebnis von gr\u00f6\u00dfter Bedeutung ist, um Anlegern zu erm\u00f6glichen, fundierte Entscheidungen auf dem sich st\u00e4ndig weiterentwickelnden Kryptomarkt zu treffen.<\/p>\n\n\n\n<p class=\"has-neve-text-color-color has-text-color has-link-color wp-elements-1592255e0c410c12d77290a2ae7ecfb9\">Unsere Untersuchung hat gezeigt, dass wir durch das Angebot einer Reihe von Krypto-Bots und automatisierten Handelsstrategien unsere Nutzer in die Lage versetzen, den Markt effizient zu steuern, Chancen zu nutzen und Risiken zu minimieren. Unsere Ergebnisse zeigen, dass Immediate BitXDR nicht nur eine Plattform ist, sondern eine umfassende L\u00f6sung, die Ihr Handelserlebnis verbessert.<\/p>\n<\/div>\n<\/div>\n\n\n\n<div style=\"height:50px\" aria-hidden=\"true\" class=\"wp-block-spacer\"><\/div>\n<\/div><\/div>\n\n<div class=\"wp-block-cover alignfull\"><span aria-hidden=\"true\" class=\"wp-block-cover__background has-nv-dark-bg-background-color has-background-dim-100 has-background-dim\"><\/span><div class=\"wp-block-cover__inner-container is-layout-flow wp-block-cover-is-layout-flow\">\n<div style=\"height:80px\" aria-hidden=\"true\" class=\"wp-block-spacer\"><\/div>\n\n\n\n<div class=\"wp-block-columns is-layout-flex wp-container-core-columns-is-layout-9d6595d7 wp-block-columns-is-layout-flex\">\n<div class=\"wp-block-column is-vertically-aligned-center is-layout-flow wp-block-column-is-layout-flow\">\n<h2 class=\"wp-block-heading has-text-align-center has-nv-text-dark-bg-color has-text-color\">Unsere Gemeinschaft<\/h2>\n\n\n\n<p>BitXDR ist mehr als nur eine Plattform; es ist eine bl\u00fchende Gemeinschaft von Gleichgesinnten, die sich f\u00fcr die Zukunft der Kryptow\u00e4hrung begeistern. Unsere Community ist ein Ort, um Ideen auszutauschen, voneinander zu lernen und sich \u00fcber die neuesten Trends in der Kryptowelt zu informieren.<\/p>\n\n\n\n<p>Egal, ob Sie ein erfahrener H\u00e4ndler sind oder gerade Ihre Zehen in die Kryptowasser eintauchen, unsere Gemeinschaft bietet ein unterst\u00fctzendes Umfeld f\u00fcr Wachstum und Erkundung. Beteiligen Sie sich an Diskussionen, stellen Sie Fragen und erweitern Sie Ihr Wissen \u00fcber den Kryptomarkt mit anderen Enthusiasten.<\/p>\n<\/div>\n\n\n\n<div class=\"wp-block-column is-layout-flow wp-block-column-is-layout-flow\">\n<figure class=\"wp-block-image size-full is-resized\"><img loading=\"lazy\" decoding=\"async\" width=\"1024\" height=\"640\" src=\"https:\/\/immediatebitxdr.com\/wp-content\/uploads\/2024\/01\/crypto_analysis-1.jpg\" alt=\"Unmittelbar BitXDR\" class=\"wp-image-286\" style=\"width:505px;height:auto\" srcset=\"https:\/\/immediatebitxdr.com\/wp-content\/uploads\/2024\/01\/crypto_analysis-1.jpg 1024w, https:\/\/immediatebitxdr.com\/wp-content\/uploads\/2024\/01\/crypto_analysis-1-300x188.jpg 300w, https:\/\/immediatebitxdr.com\/wp-content\/uploads\/2024\/01\/crypto_analysis-1-768x480.jpg 768w\" sizes=\"auto, (max-width: 1024px) 100vw, 1024px\" \/><\/figure>\n<\/div>\n<\/div>\n\n\n\n<div style=\"height:50px\" aria-hidden=\"true\" class=\"wp-block-spacer\"><\/div>\n<\/div><\/div>\n\n<div class=\"wp-block-cover alignfull is-light\"><span aria-hidden=\"true\" class=\"wp-block-cover__background has-nv-light-bg-background-color has-background-dim-100 has-background-dim\"><\/span><div class=\"wp-block-cover__inner-container is-layout-flow wp-block-cover-is-layout-flow\">\n<div style=\"height:33px\" aria-hidden=\"true\" class=\"wp-block-spacer\"><\/div>\n\n\n\n<h2 class=\"wp-block-heading has-text-align-center has-neve-text-color-color has-text-color has-link-color wp-elements-1a964c79a6b580a1587e009b5f25b496\">Unser Engagement<\/h2>\n\n\n\n<p class=\"has-neve-text-color-color has-text-color has-link-color wp-elements-2bf947f3bebf4924ca77feeeeb4e2f50\">Unser Engagement geht \u00fcber die Bereitstellung fortschrittlicher Handelsinstrumente und die F\u00f6rderung einer lebendigen Gemeinschaft hinaus. Wir haben uns zu Transparenz, Sicherheit und kontinuierlicher Verbesserung verpflichtet. Unser Team arbeitet unerm\u00fcdlich, um sicherzustellen, dass Immediate BitXDR eine vertrauensw\u00fcrdige Plattform f\u00fcr Krypto-Enthusiasten weltweit bleibt. Unter dem Dach unseres Engagements setzen wir Priorit\u00e4ten:<\/p>\n\n\n\n<div class=\"wp-block-columns is-layout-flex wp-container-core-columns-is-layout-9d6595d7 wp-block-columns-is-layout-flex\">\n<div class=\"wp-block-column is-layout-flow wp-block-column-is-layout-flow\">\n<h3 class=\"wp-block-heading has-text-align-center has-neve-text-color-color has-text-color\">Sicherheit der Benutzer<\/h3>\n\n\n\n<p class=\"has-text-align-center has-neve-text-color-color has-text-color\">Durch robuste Sicherheitsma\u00dfnahmen sch\u00fctzen wir Ihr Verm\u00f6gen und Ihre pers\u00f6nlichen Daten und gew\u00e4hrleisten eine sichere Handelsumgebung.<\/p>\n\n\n\n<div class=\"wp-block-buttons is-horizontal is-content-justification-center is-layout-flex wp-container-core-buttons-is-layout-499968f5 wp-block-buttons-is-layout-flex\"><\/div>\n\n\n\n<div style=\"height:20px\" aria-hidden=\"true\" class=\"wp-block-spacer\"><\/div>\n<\/div>\n\n\n\n<div class=\"wp-block-column is-layout-flow wp-block-column-is-layout-flow\">\n<h3 class=\"wp-block-heading has-text-align-center has-neve-text-color-color has-text-color\">Innovation<\/h3>\n\n\n\n<p class=\"has-text-align-center has-neve-text-color-color has-text-color\">Wir sind bestrebt, an der Spitze des technologischen Fortschritts zu bleiben und aktualisieren unsere Plattform regelm\u00e4\u00dfig mit neuen Funktionen und Verbesserungen.<\/p>\n\n\n\n<div class=\"wp-block-buttons is-horizontal is-content-justification-center is-layout-flex wp-container-core-buttons-is-layout-499968f5 wp-block-buttons-is-layout-flex\"><\/div>\n\n\n\n<div style=\"height:20px\" aria-hidden=\"true\" class=\"wp-block-spacer\"><\/div>\n<\/div>\n\n\n\n<div class=\"wp-block-column is-layout-flow wp-block-column-is-layout-flow\">\n<h3 class=\"wp-block-heading has-text-align-center has-neve-text-color-color has-text-color\">Kundenbetreuung<\/h3>\n\n\n\n<p class=\"has-text-align-center has-neve-text-color-color has-text-color\">Unser engagiertes Support-Team steht Ihnen zur Seite und k\u00fcmmert sich umgehend um Ihre Fragen und Anliegen, um Ihr Gesamterlebnis zu verbessern.<\/p>\n\n\n\n<div class=\"wp-block-buttons is-horizontal is-content-justification-center is-layout-flex wp-container-core-buttons-is-layout-499968f5 wp-block-buttons-is-layout-flex\"><\/div>\n\n\n\n<div style=\"height:20px\" aria-hidden=\"true\" class=\"wp-block-spacer\"><\/div>\n<\/div>\n<\/div>\n\n\n\n<div style=\"height:80px\" aria-hidden=\"true\" class=\"wp-block-spacer\"><\/div>\n<\/div><\/div>\n","protected":false},"excerpt":{"rendered":"","protected":false},"author":1,"featured_media":0,"parent":0,"menu_order":0,"comment_status":"closed","ping_status":"closed","template":"","meta":{"inline_featured_image":false,"_monsterinsights_skip_tracking":false,"_monsterinsights_sitenote_active":false,"_monsterinsights_sitenote_note":"","_monsterinsights_sitenote_category":0,"neve_meta_sidebar":"full-width","neve_meta_container":"","neve_meta_enable_content_width":"on","neve_meta_content_width":100,"neve_meta_title_alignment":"","neve_meta_author_avatar":"","neve_post_elements_order":"","neve_meta_disable_header":"","neve_meta_disable_footer":"","neve_meta_disable_title":"on","_themeisle_gutenberg_block_has_review":false,"_ti_tpc_template_sync":false,"_ti_tpc_template_id":"","footnotes":""},"class_list":["post-1345","page","type-page","status-publish","hentry"],"yoast_head":"<!-- This site is optimized with the Yoast SEO plugin v22.7 - https:\/\/yoast.com\/wordpress\/plugins\/seo\/ -->\n<title>\u00dcber uns - Immediate BitXDR<\/title>\n<meta name=\"description\" content=\"BitXDR ist mehr als eine Plattform; es ist ein Engagement, die Art und Weise zu revolutionieren, wie Einzelpersonen mit dem Kryptomarkt umgehen. Begleiten Sie uns auf dieser aufregenden Reise, und lassen Sie uns gemeinsam die Zukunft des Kryptohandels gestalten.\" \/>\n<meta name=\"robots\" content=\"index, follow, max-snippet:-1, max-image-preview:large, max-video-preview:-1\" \/>\n<link rel=\"canonical\" href=\"https:\/\/immediatebitxdr.com\/de-at\/ueber-uns\/\" \/>\n<meta property=\"og:locale\" content=\"de_DE\" \/>\n<meta property=\"og:type\" content=\"article\" \/>\n<meta property=\"og:title\" content=\"\u00dcber uns - Immediate BitXDR\" \/>\n<meta property=\"og:description\" content=\"BitXDR ist mehr als eine Plattform; es ist ein Engagement, die Art und Weise zu revolutionieren, wie Einzelpersonen mit dem Kryptomarkt umgehen. Begleiten Sie uns auf dieser aufregenden Reise, und lassen Sie uns gemeinsam die Zukunft des Kryptohandels gestalten.\" \/>\n<meta property=\"og:url\" content=\"https:\/\/immediatebitxdr.com\/de-at\/ueber-uns\/\" \/>\n<meta property=\"og:site_name\" content=\"Immediate BitXDR\" \/>\n<meta property=\"article:modified_time\" content=\"2024-05-15T12:09:17+00:00\" \/>\n<meta property=\"og:image\" content=\"https:\/\/immediatebitxdr.com\/wp-content\/uploads\/2024\/01\/&#x2014;Pngtree&#x2014;financial-material_4391789.png\" \/>\n<meta name=\"twitter:card\" content=\"summary_large_image\" \/>\n<meta name=\"twitter:label1\" content=\"Gesch\u00e4tzte Lesezeit\" \/>\n\t<meta name=\"twitter:data1\" content=\"3 Minuten\" \/>\n<script type=\"application\/ld+json\" class=\"yoast-schema-graph\">{\"@context\":\"https:\/\/schema.org\",\"@graph\":[{\"@type\":\"WebPage\",\"@id\":\"https:\/\/immediatebitxdr.com\/de-at\/ueber-uns\/\",\"url\":\"https:\/\/immediatebitxdr.com\/de-at\/ueber-uns\/\",\"name\":\"\u00dcber uns - Immediate BitXDR\",\"isPartOf\":{\"@id\":\"https:\/\/immediatebitxdr.com\/de-at\/#website\"},\"primaryImageOfPage\":{\"@id\":\"https:\/\/immediatebitxdr.com\/de-at\/ueber-uns\/#primaryimage\"},\"image\":{\"@id\":\"https:\/\/immediatebitxdr.com\/de-at\/ueber-uns\/#primaryimage\"},\"thumbnailUrl\":\"https:\/\/immediatebitxdr.com\/wp-content\/uploads\/2024\/01\/&#x2014;Pngtree&#x2014;financial-material_4391789.png\",\"datePublished\":\"2024-01-26T09:54:07+00:00\",\"dateModified\":\"2024-05-15T12:09:17+00:00\",\"description\":\"BitXDR ist mehr als eine Plattform; es ist ein Engagement, die Art und Weise zu revolutionieren, wie Einzelpersonen mit dem Kryptomarkt umgehen. Begleiten Sie uns auf dieser aufregenden Reise, und lassen Sie uns gemeinsam die Zukunft des Kryptohandels gestalten.\",\"breadcrumb\":{\"@id\":\"https:\/\/immediatebitxdr.com\/de-at\/ueber-uns\/#breadcrumb\"},\"inLanguage\":\"de-AT\",\"potentialAction\":[{\"@type\":\"ReadAction\",\"target\":[\"https:\/\/immediatebitxdr.com\/de-at\/ueber-uns\/\"]}]},{\"@type\":\"ImageObject\",\"inLanguage\":\"de-AT\",\"@id\":\"https:\/\/immediatebitxdr.com\/de-at\/ueber-uns\/#primaryimage\",\"url\":\"https:\/\/immediatebitxdr.com\/wp-content\/uploads\/2024\/01\/&#x2014;Pngtree&#x2014;financial-material_4391789.png\",\"contentUrl\":\"https:\/\/immediatebitxdr.com\/wp-content\/uploads\/2024\/01\/&#x2014;Pngtree&#x2014;financial-material_4391789.png\"},{\"@type\":\"BreadcrumbList\",\"@id\":\"https:\/\/immediatebitxdr.com\/de-at\/ueber-uns\/#breadcrumb\",\"itemListElement\":[{\"@type\":\"ListItem\",\"position\":1,\"name\":\"Home\",\"item\":\"https:\/\/immediatebitxdr.com\/de-at\/\"},{\"@type\":\"ListItem\",\"position\":2,\"name\":\"\u00dcber uns\"}]},{\"@type\":\"WebSite\",\"@id\":\"https:\/\/immediatebitxdr.com\/de-at\/#website\",\"url\":\"https:\/\/immediatebitxdr.com\/de-at\/\",\"name\":\"Immediate BitXDR\",\"description\":\"\",\"publisher\":{\"@id\":\"https:\/\/immediatebitxdr.com\/de-at\/#organization\"},\"potentialAction\":[{\"@type\":\"SearchAction\",\"target\":{\"@type\":\"EntryPoint\",\"urlTemplate\":\"https:\/\/immediatebitxdr.com\/de-at\/?s={search_term_string}\"},\"query-input\":\"required name=search_term_string\"}],\"inLanguage\":\"de-AT\"},{\"@type\":\"Organization\",\"@id\":\"https:\/\/immediatebitxdr.com\/de-at\/#organization\",\"name\":\"Immediate BitXDR\",\"url\":\"https:\/\/immediatebitxdr.com\/de-at\/\",\"logo\":{\"@type\":\"ImageObject\",\"inLanguage\":\"de-AT\",\"@id\":\"https:\/\/immediatebitxdr.com\/de-at\/#\/schema\/logo\/image\/\",\"url\":\"\",\"contentUrl\":\"\",\"caption\":\"Immediate BitXDR\"},\"image\":{\"@id\":\"https:\/\/immediatebitxdr.com\/de-at\/#\/schema\/logo\/image\/\"}}]}<\/script>\n<!-- \/ Yoast SEO plugin. -->","yoast_head_json":{"title":"\u00dcber uns - Immediate BitXDR","description":"BitXDR ist mehr als eine Plattform; es ist ein Engagement, die Art und Weise zu revolutionieren, wie Einzelpersonen mit dem Kryptomarkt umgehen. Begleiten Sie uns auf dieser aufregenden Reise, und lassen Sie uns gemeinsam die Zukunft des Kryptohandels gestalten.","robots":{"index":"index","follow":"follow","max-snippet":"max-snippet:-1","max-image-preview":"max-image-preview:large","max-video-preview":"max-video-preview:-1"},"canonical":"https:\/\/immediatebitxdr.com\/de-at\/ueber-uns\/","og_locale":"de_DE","og_type":"article","og_title":"\u00dcber uns - Immediate BitXDR","og_description":"BitXDR ist mehr als eine Plattform; es ist ein Engagement, die Art und Weise zu revolutionieren, wie Einzelpersonen mit dem Kryptomarkt umgehen. Begleiten Sie uns auf dieser aufregenden Reise, und lassen Sie uns gemeinsam die Zukunft des Kryptohandels gestalten.","og_url":"https:\/\/immediatebitxdr.com\/de-at\/ueber-uns\/","og_site_name":"Immediate BitXDR","article_modified_time":"2024-05-15T12:09:17+00:00","og_image":[{"url":"https:\/\/immediatebitxdr.com\/wp-content\/uploads\/2024\/01\/&#x2014;Pngtree&#x2014;financial-material_4391789.png"}],"twitter_card":"summary_large_image","twitter_misc":{"Gesch\u00e4tzte Lesezeit":"3 Minuten"},"schema":{"@context":"https:\/\/schema.org","@graph":[{"@type":"WebPage","@id":"https:\/\/immediatebitxdr.com\/de-at\/ueber-uns\/","url":"https:\/\/immediatebitxdr.com\/de-at\/ueber-uns\/","name":"\u00dcber uns - Immediate BitXDR","isPartOf":{"@id":"https:\/\/immediatebitxdr.com\/de-at\/#website"},"primaryImageOfPage":{"@id":"https:\/\/immediatebitxdr.com\/de-at\/ueber-uns\/#primaryimage"},"image":{"@id":"https:\/\/immediatebitxdr.com\/de-at\/ueber-uns\/#primaryimage"},"thumbnailUrl":"https:\/\/immediatebitxdr.com\/wp-content\/uploads\/2024\/01\/&#x2014;Pngtree&#x2014;financial-material_4391789.png","datePublished":"2024-01-26T09:54:07+00:00","dateModified":"2024-05-15T12:09:17+00:00","description":"BitXDR ist mehr als eine Plattform; es ist ein Engagement, die Art und Weise zu revolutionieren, wie Einzelpersonen mit dem Kryptomarkt umgehen. Begleiten Sie uns auf dieser aufregenden Reise, und lassen Sie uns gemeinsam die Zukunft des Kryptohandels gestalten.","breadcrumb":{"@id":"https:\/\/immediatebitxdr.com\/de-at\/ueber-uns\/#breadcrumb"},"inLanguage":"de-AT","potentialAction":[{"@type":"ReadAction","target":["https:\/\/immediatebitxdr.com\/de-at\/ueber-uns\/"]}]},{"@type":"ImageObject","inLanguage":"de-AT","@id":"https:\/\/immediatebitxdr.com\/de-at\/ueber-uns\/#primaryimage","url":"https:\/\/immediatebitxdr.com\/wp-content\/uploads\/2024\/01\/&#x2014;Pngtree&#x2014;financial-material_4391789.png","contentUrl":"https:\/\/immediatebitxdr.com\/wp-content\/uploads\/2024\/01\/&#x2014;Pngtree&#x2014;financial-material_4391789.png"},{"@type":"BreadcrumbList","@id":"https:\/\/immediatebitxdr.com\/de-at\/ueber-uns\/#breadcrumb","itemListElement":[{"@type":"ListItem","position":1,"name":"Home","item":"https:\/\/immediatebitxdr.com\/de-at\/"},{"@type":"ListItem","position":2,"name":"\u00dcber uns"}]},{"@type":"WebSite","@id":"https:\/\/immediatebitxdr.com\/de-at\/#website","url":"https:\/\/immediatebitxdr.com\/de-at\/","name":"Immediate BitXDR","description":"","publisher":{"@id":"https:\/\/immediatebitxdr.com\/de-at\/#organization"},"potentialAction":[{"@type":"SearchAction","target":{"@type":"EntryPoint","urlTemplate":"https:\/\/immediatebitxdr.com\/de-at\/?s={search_term_string}"},"query-input":"required name=search_term_string"}],"inLanguage":"de-AT"},{"@type":"Organization","@id":"https:\/\/immediatebitxdr.com\/de-at\/#organization","name":"Immediate BitXDR","url":"https:\/\/immediatebitxdr.com\/de-at\/","logo":{"@type":"ImageObject","inLanguage":"de-AT","@id":"https:\/\/immediatebitxdr.com\/de-at\/#\/schema\/logo\/image\/","url":"","contentUrl":"","caption":"Immediate BitXDR"},"image":{"@id":"https:\/\/immediatebitxdr.com\/de-at\/#\/schema\/logo\/image\/"}}]}},"_links":{"self":[{"href":"https:\/\/immediatebitxdr.com\/de-at\/wp-json\/wp\/v2\/pages\/1345","targetHints":{"allow":["GET"]}}],"collection":[{"href":"https:\/\/immediatebitxdr.com\/de-at\/wp-json\/wp\/v2\/pages"}],"about":[{"href":"https:\/\/immediatebitxdr.com\/de-at\/wp-json\/wp\/v2\/types\/page"}],"author":[{"embeddable":true,"href":"https:\/\/immediatebitxdr.com\/de-at\/wp-json\/wp\/v2\/users\/1"}],"replies":[{"embeddable":true,"href":"https:\/\/immediatebitxdr.com\/de-at\/wp-json\/wp\/v2\/comments?post=1345"}],"version-history":[{"count":0,"href":"https:\/\/immediatebitxdr.com\/de-at\/wp-json\/wp\/v2\/pages\/1345\/revisions"}],"wp:attachment":[{"href":"https:\/\/immediatebitxdr.com\/de-at\/wp-json\/wp\/v2\/media?parent=1345"}],"curies":[{"name":"wp","href":"https:\/\/api.w.org\/{rel}","templated":true}]}}