{"id":790,"date":"2020-02-26T11:48:48","date_gmt":"2020-02-26T11:48:48","guid":{"rendered":"https:\/\/immediatebitxdr.com\/kontakt-os\/"},"modified":"2024-05-15T12:09:29","modified_gmt":"2024-05-15T12:09:29","slug":"kontakt-os","status":"publish","type":"page","link":"https:\/\/immediatebitxdr.com\/da\/kontakt-os\/","title":{"rendered":"Kontakt os"},"content":{"rendered":"\n<div id=\"wp-block-themeisle-blocks-advanced-columns-fd115547\" class=\"wp-block-themeisle-blocks-advanced-columns alignfull has-1-columns has-desktop-equal-layout has-tablet-equal-layout has-mobile-equal-layout has-vertical-unset\"><div class=\"wp-block-themeisle-blocks-advanced-columns-overlay\"><\/div><div class=\"innerblocks-wrap\">\n<div id=\"wp-block-themeisle-blocks-advanced-column-de2aa3a2\" class=\"wp-block-themeisle-blocks-advanced-column has-dark-bg\">\n<p id=\"wp-block-themeisle-blocks-advanced-heading-fb9ebb12\" class=\"wp-block-themeisle-blocks-advanced-heading wp-block-themeisle-blocks-advanced-heading-fb9ebb12\">TA KONTAKT<\/p>\n\n\n\n<h1 class=\"wp-block-heading has-text-align-center has-nv-text-dark-bg-color has-text-color\">Kontakt os<\/h1>\n\n\n\n<p class=\"has-text-align-center\">Tak, fordi du overvejer at kontakte os p\u00e5 Immediate BitXDR. Din feedback, sp\u00f8rgsm\u00e5l og foresp\u00f8rgsler er v\u00e6rdifulde for os, da vi str\u00e6ber efter at give vores brugere den bedst mulige oplevelse. Uanset om du er en erfaren erhvervsdrivende, en nysgerrig investor eller en potentiel partner, hilser vi din kommunikation velkommen.<\/p>\n<\/div>\n<\/div><\/div>\n\n<div id=\"wp-block-themeisle-blocks-advanced-columns-7c7a89c9\" class=\"wp-block-themeisle-blocks-advanced-columns alignfull has-1-columns has-desktop-equal-layout has-tablet-equal-layout has-mobile-collapsedRows-layout has-vertical-center\"><div class=\"wp-block-themeisle-blocks-advanced-columns-overlay\"><\/div><div class=\"innerblocks-wrap\">\n<div id=\"wp-block-themeisle-blocks-advanced-column-6b5d17f2\" class=\"wp-block-themeisle-blocks-advanced-column\">\n<h2 class=\"wp-block-heading\">Generelle foresp\u00f8rgsler:<\/h2>\n\n\n\n<p>For generelle foresp\u00f8rgsler eller information om vores platform, tjenester og tilbud, er du velkommen til at kontakte vores team. Vi er her for at hj\u00e6lpe dig og sikre, at du har den information, du har brug for, for at navigere effektivt p\u00e5 kryptomarkederne.<\/p>\n\n\n\n<h2 class=\"wp-block-heading\">Kunde support<\/h2>\n\n\n\n<p>Hvis du har brug for hj\u00e6lp til din Immediate BitXDR-konto, st\u00f8der p\u00e5 problemer eller har specifikke sp\u00f8rgsm\u00e5l om brugen af vores kryptobots og handelsstrategier, er vores kundesupportteam klar til at hj\u00e6lpe. Vi prioriterer rettidige og effektive svar for at sikre, at du kan f\u00e5 mest muligt ud af din handelsoplevelse.<\/p>\n\n\n\n<h2 class=\"wp-block-heading\">Partnerskaber og samarbejder:<\/h2>\n\n\n\n<p>Immediate BitXDR er altid \u00e5ben for at udforske partnerskaber og samarbejder, der stemmer overens med vores mission. Hvis du repr\u00e6senterer en virksomhed, organisation eller har et forslag til samarbejde, bedes du kontakte vores partnerskabsteam. Vi tror p\u00e5 styrken af samarbejde til at drive innovation og forbedre krypto\u00f8kosystemet.<\/p>\n\n\n\n<h2 class=\"wp-block-heading\">Teknisk support:<\/h2>\n\n\n\n<p>Hvis du st\u00f8der p\u00e5 tekniske problemer, fejl eller har specifikke tekniske sp\u00f8rgsm\u00e5l relateret til vores platform, er vores tekniske supportteam dedikeret til at l\u00f8se dine problemer hurtigt. Din problemfri oplevelse er vores prioritet.<\/p>\n\n\n\n<h2 class=\"wp-block-heading\">Forbind med os:<\/h2>\n\n\n\n<p>Hold forbindelsen med Immediate BitXDR gennem vores sociale mediekanaler. F\u00f8lg os p\u00e5 [inds\u00e6t sociale medieplatforme] for de seneste opdateringer, markedsindsigt og meddelelser. Engager dig i vores f\u00e6llesskab og bliv en del af den igangv\u00e6rende samtale om den sp\u00e6ndende verden af kryptovaluta.<\/p>\n\n\n\n<h2 class=\"wp-block-heading\">Bes\u00f8g os:<\/h2>\n\n\n\n<p>Hvis du foretr\u00e6kker ansigt-til-ansigt interaktioner, er du velkommen til at bes\u00f8ge vores kontorer. Planl\u00e6g venligst en aftale p\u00e5 forh\u00e5nd for at sikre, at de relevante teammedlemmer er tilg\u00e6ngelige for at m\u00f8des med dig.<\/p>\n\n\n\n<h2 class=\"wp-block-heading\">\u00d8jeblikkeligt BitXDR-hovedkvarter:<\/h2>\n\n\n\n<p>USA: 2363 Hurry Street Fredericksburg, VA 22401<\/p>\n\n\n\n<p>Germany: Oldesloer Strasse 92, 07602 Eisenberg<\/p>\n\n\n\n<p>UK: 65 Souterhead Road LOWER BOSCASWELL TR19 7EY<\/p>\n\n\n\n<p>Email: support@<a href=\"https:\/\/immediatebitxdr.com\/da\/\" target=\"_blank\" rel=\"noreferrer noopener\"><\/a>immediatebitxdr.com<\/p>\n\n\n\n<p>Phone: +44 078 5290 8427<\/p>\n<\/div>\n<\/div><\/div>\n\n<div id=\"wp-block-themeisle-blocks-advanced-columns-2672f4b5\" class=\"wp-block-themeisle-blocks-advanced-columns alignfull has-2-columns has-desktop-equal-layout has-tablet-equal-layout has-mobile-collapsedRows-layout has-vertical-unset has-dark-bg\"><div class=\"wp-block-themeisle-blocks-advanced-columns-overlay\"><\/div><div class=\"innerblocks-wrap\">\n<div id=\"wp-block-themeisle-blocks-advanced-column-05e52c3e\" class=\"wp-block-themeisle-blocks-advanced-column\">\n<h2 class=\"wp-block-heading has-nv-text-dark-bg-color has-text-color\">Send en direkte besked ved hj\u00e6lp af formularen<\/h2>\n\n\n\n<p>Vores dedikerede supportteam er her for at hj\u00e6lpe dig med eventuelle foresp\u00f8rgsler eller bekymringer. Uanset om du er en erfaren forhandler eller lige er begyndt, er din tilfredshed vores prioritet. Forbind med os, og lad os navigere i den sp\u00e6ndende verden af kryptovaluta sammen!<\/p>\n\n\n\n<p>Vi s\u00e6tter pris p\u00e5 din interesse for Immediate BitXDR, og vi ser frem til at h\u00f8re fra dig. Din kommunikation er afg\u00f8rende for at hj\u00e6lpe os med at forbedre og bedre opfylde de forskellige behov i vores voksende samfund.<\/p>\n\n\n\n<div id=\"wp-block-themeisle-blocks-button-group-89e6367b\" class=\"wp-block-themeisle-blocks-button-group wp-block-buttons\">\n<div id=\"wp-block-themeisle-blocks-button-f6ab3bb5\" class=\"wp-block-themeisle-blocks-button wp-block-button\"><a href=\"\" target=\"_blank\" rel=\"noopener noreferrer\" class=\"wp-block-button__link\"><i class=\"fab fa-fw fa-facebook-f\"><\/i><\/a><\/div>\r\n\n\n\n<div id=\"wp-block-themeisle-blocks-button-ddd4d356\" class=\"wp-block-themeisle-blocks-button wp-block-button\"><a href=\"\" target=\"_blank\" rel=\"noopener noreferrer\" class=\"wp-block-button__link\"><i class=\"fab fa-fw fa-twitter\"><\/i><\/a><\/div>\r\n\n\n\n<div id=\"wp-block-themeisle-blocks-button-36612cba\" class=\"wp-block-themeisle-blocks-button wp-block-button\"><a href=\"\" target=\"_blank\" rel=\"noopener noreferrer\" class=\"wp-block-button__link\"><i class=\"fab fa-fw fa-google-plus\"><\/i><\/a><\/div>\r\n\n\n\n<div id=\"wp-block-themeisle-blocks-button-45cdcaa1\" class=\"wp-block-themeisle-blocks-button wp-block-button\"><a href=\"\" target=\"_blank\" rel=\"noopener noreferrer\" class=\"wp-block-button__link\"><i class=\"fab fa-fw fa-pinterest\"><\/i><\/a><\/div>\r\n\n\n\n<div id=\"wp-block-themeisle-blocks-button-faf5e2e7\" class=\"wp-block-themeisle-blocks-button wp-block-button\"><a href=\"\" target=\"_blank\" rel=\"noopener noreferrer\" class=\"wp-block-button__link\"><i class=\"fab fa-fw fa-instagram\"><\/i><\/a><\/div>\r\n<\/div>\n<\/div>\n\n\n\n<div id=\"wp-block-themeisle-blocks-advanced-column-0788243d\" class=\"wp-block-themeisle-blocks-advanced-column has-dark-bg\">\n<div id=\"wp-block-themeisle-blocks-form-fb39f207\" class=\"wp-block-themeisle-blocks-form\" data-option-name=\"bf9b28ff82ce323187abc5d0feb0d8f07ecd8436_fb39f207\"><form class=\"otter-form__container\">\n<div id=\"wp-block-themeisle-blocks-form-input-cb680aa4\" class=\"wp-block-themeisle-blocks-form-input\"><label for=\"wp-block-themeisle-blocks-form-input-cb680aa4-input\" class=\"otter-form-input-label\"><span class=\"otter-form-input-label__label\">Name<\/span><span class=\"required\">*<\/span><\/label><input type=\"text\" id=\"wp-block-themeisle-blocks-form-input-cb680aa4-input\" required placeholder=\"Your name\" class=\"otter-form-input\"\/><\/div>\r\n\n\n\n<div id=\"wp-block-themeisle-blocks-form-input-53facba3\" class=\"wp-block-themeisle-blocks-form-input\"><label for=\"wp-block-themeisle-blocks-form-input-53facba3-input\" class=\"otter-form-input-label\"><span class=\"otter-form-input-label__label\">Email<\/span><span class=\"required\">*<\/span><\/label><input type=\"email\" id=\"wp-block-themeisle-blocks-form-input-53facba3-input\" required placeholder=\"Your email\" class=\"otter-form-input\"\/><\/div>\r\n\n\n\n<div id=\"wp-block-themeisle-blocks-form-textarea-5eebb0de\" class=\"wp-block-themeisle-blocks-form-textarea\"><label for=\"wp-block-themeisle-blocks-form-textarea-5eebb0de-input\" class=\"otter-form-textarea-label\"><span class=\"otter-form-textarea-label__label\">Message<\/span><\/label><textarea id=\"wp-block-themeisle-blocks-form-textarea-5eebb0de-input\" placeholder=\"Your Message\" rows=\"10\" class=\"otter-form-textarea-input\"><\/textarea><\/div>\r\n\n\n<div class=\"protection\" aria-hidden=\"true\"><input type=\"hidden\" id=\"wp-block-themeisle-blocks-form-fb39f207_nonce_field\" name=\"wp-block-themeisle-blocks-form-fb39f207_nonce_field\" value=\"9e518f6e16\" \/><input type=\"hidden\" name=\"_wp_http_referer\" value=\"\/da\/wp-json\/wp\/v2\/pages\/790\" \/><input class=\"o-anti-bot\" type=\"checkbox\"><\/div><div class=\"wp-block-button\"><button class=\"wp-block-button__link\" type=\"submit\">Submit<\/button><\/div><\/form><\/div>\n<\/div>\n<\/div><\/div>\n\n<div id=\"wp-block-themeisle-blocks-advanced-columns-1dda74ca\" class=\"wp-block-themeisle-blocks-advanced-columns alignfull has-1-columns has-desktop-equal-layout has-tablet-equal-layout has-mobile-equal-layout has-vertical-unset\"><div class=\"wp-block-themeisle-blocks-advanced-columns-overlay\"><\/div><div class=\"innerblocks-wrap\">\n<div id=\"wp-block-themeisle-blocks-advanced-column-a0d00642\" class=\"wp-block-themeisle-blocks-advanced-column\"><\/div>\r\n<\/div><\/div>\n","protected":false},"excerpt":{"rendered":"","protected":false},"author":1,"featured_media":0,"parent":0,"menu_order":0,"comment_status":"closed","ping_status":"closed","template":"page-templates\/template-pagebuilder-full-width.php","meta":{"inline_featured_image":false,"_monsterinsights_skip_tracking":false,"_monsterinsights_sitenote_active":false,"_monsterinsights_sitenote_note":"","_monsterinsights_sitenote_category":0,"neve_meta_sidebar":"full-width","neve_meta_container":"","neve_meta_enable_content_width":"on","neve_meta_content_width":100,"neve_meta_title_alignment":"","neve_meta_author_avatar":"","neve_post_elements_order":"","neve_meta_disable_header":"","neve_meta_disable_footer":"","neve_meta_disable_title":"","_themeisle_gutenberg_block_has_review":false,"_ti_tpc_template_sync":false,"_ti_tpc_template_id":"","footnotes":""},"class_list":["post-790","page","type-page","status-publish","hentry"],"yoast_head":"<!-- This site is optimized with the Yoast SEO plugin v22.7 - https:\/\/yoast.com\/wordpress\/plugins\/seo\/ -->\n<title>Kontakt os - Immediate BitXDR<\/title>\n<meta name=\"description\" content=\"Vores dedikerede supportteam er her for at hj\u00e6lpe dig med eventuelle foresp\u00f8rgsler eller bekymringer. Uanset om du er en erfaren forhandler eller lige er begyndt, er din tilfredshed vores prioritet. Forbind med os, og lad os navigere i den sp\u00e6ndende verden af kryptovaluta sammen!\" \/>\n<meta name=\"robots\" content=\"index, follow, max-snippet:-1, max-image-preview:large, max-video-preview:-1\" \/>\n<link rel=\"canonical\" href=\"https:\/\/immediatebitxdr.com\/da\/kontakt-os\/\" \/>\n<meta property=\"og:locale\" content=\"da_DK\" \/>\n<meta property=\"og:type\" content=\"article\" \/>\n<meta property=\"og:title\" content=\"Kontakt os - Immediate BitXDR\" \/>\n<meta property=\"og:description\" content=\"Vores dedikerede supportteam er her for at hj\u00e6lpe dig med eventuelle foresp\u00f8rgsler eller bekymringer. Uanset om du er en erfaren forhandler eller lige er begyndt, er din tilfredshed vores prioritet. Forbind med os, og lad os navigere i den sp\u00e6ndende verden af kryptovaluta sammen!\" \/>\n<meta property=\"og:url\" content=\"https:\/\/immediatebitxdr.com\/da\/kontakt-os\/\" \/>\n<meta property=\"og:site_name\" content=\"Immediate BitXDR\" \/>\n<meta property=\"article:modified_time\" content=\"2024-05-15T12:09:29+00:00\" \/>\n<meta name=\"twitter:card\" content=\"summary_large_image\" \/>\n<meta name=\"twitter:label1\" content=\"Estimeret l\u00e6setid\" \/>\n\t<meta name=\"twitter:data1\" content=\"2 minutter\" \/>\n<script type=\"application\/ld+json\" class=\"yoast-schema-graph\">{\"@context\":\"https:\/\/schema.org\",\"@graph\":[{\"@type\":\"WebPage\",\"@id\":\"https:\/\/immediatebitxdr.com\/da\/kontakt-os\/\",\"url\":\"https:\/\/immediatebitxdr.com\/da\/kontakt-os\/\",\"name\":\"Kontakt os - Immediate BitXDR\",\"isPartOf\":{\"@id\":\"https:\/\/immediatebitxdr.com\/da\/#website\"},\"datePublished\":\"2020-02-26T11:48:48+00:00\",\"dateModified\":\"2024-05-15T12:09:29+00:00\",\"description\":\"Vores dedikerede supportteam er her for at hj\u00e6lpe dig med eventuelle foresp\u00f8rgsler eller bekymringer. Uanset om du er en erfaren forhandler eller lige er begyndt, er din tilfredshed vores prioritet. Forbind med os, og lad os navigere i den sp\u00e6ndende verden af kryptovaluta sammen!\",\"breadcrumb\":{\"@id\":\"https:\/\/immediatebitxdr.com\/da\/kontakt-os\/#breadcrumb\"},\"inLanguage\":\"da-DK\",\"potentialAction\":[{\"@type\":\"ReadAction\",\"target\":[\"https:\/\/immediatebitxdr.com\/da\/kontakt-os\/\"]}]},{\"@type\":\"BreadcrumbList\",\"@id\":\"https:\/\/immediatebitxdr.com\/da\/kontakt-os\/#breadcrumb\",\"itemListElement\":[{\"@type\":\"ListItem\",\"position\":1,\"name\":\"Home\",\"item\":\"https:\/\/immediatebitxdr.com\/da\/\"},{\"@type\":\"ListItem\",\"position\":2,\"name\":\"Kontakt os\"}]},{\"@type\":\"WebSite\",\"@id\":\"https:\/\/immediatebitxdr.com\/da\/#website\",\"url\":\"https:\/\/immediatebitxdr.com\/da\/\",\"name\":\"Immediate BitXDR\",\"description\":\"\",\"publisher\":{\"@id\":\"https:\/\/immediatebitxdr.com\/da\/#organization\"},\"potentialAction\":[{\"@type\":\"SearchAction\",\"target\":{\"@type\":\"EntryPoint\",\"urlTemplate\":\"https:\/\/immediatebitxdr.com\/da\/?s={search_term_string}\"},\"query-input\":\"required name=search_term_string\"}],\"inLanguage\":\"da-DK\"},{\"@type\":\"Organization\",\"@id\":\"https:\/\/immediatebitxdr.com\/da\/#organization\",\"name\":\"Immediate BitXDR\",\"url\":\"https:\/\/immediatebitxdr.com\/da\/\",\"logo\":{\"@type\":\"ImageObject\",\"inLanguage\":\"da-DK\",\"@id\":\"https:\/\/immediatebitxdr.com\/da\/#\/schema\/logo\/image\/\",\"url\":\"\",\"contentUrl\":\"\",\"caption\":\"Immediate BitXDR\"},\"image\":{\"@id\":\"https:\/\/immediatebitxdr.com\/da\/#\/schema\/logo\/image\/\"}}]}<\/script>\n<!-- \/ Yoast SEO plugin. -->","yoast_head_json":{"title":"Kontakt os - Immediate BitXDR","description":"Vores dedikerede supportteam er her for at hj\u00e6lpe dig med eventuelle foresp\u00f8rgsler eller bekymringer. Uanset om du er en erfaren forhandler eller lige er begyndt, er din tilfredshed vores prioritet. Forbind med os, og lad os navigere i den sp\u00e6ndende verden af kryptovaluta sammen!","robots":{"index":"index","follow":"follow","max-snippet":"max-snippet:-1","max-image-preview":"max-image-preview:large","max-video-preview":"max-video-preview:-1"},"canonical":"https:\/\/immediatebitxdr.com\/da\/kontakt-os\/","og_locale":"da_DK","og_type":"article","og_title":"Kontakt os - Immediate BitXDR","og_description":"Vores dedikerede supportteam er her for at hj\u00e6lpe dig med eventuelle foresp\u00f8rgsler eller bekymringer. Uanset om du er en erfaren forhandler eller lige er begyndt, er din tilfredshed vores prioritet. Forbind med os, og lad os navigere i den sp\u00e6ndende verden af kryptovaluta sammen!","og_url":"https:\/\/immediatebitxdr.com\/da\/kontakt-os\/","og_site_name":"Immediate BitXDR","article_modified_time":"2024-05-15T12:09:29+00:00","twitter_card":"summary_large_image","twitter_misc":{"Estimeret l\u00e6setid":"2 minutter"},"schema":{"@context":"https:\/\/schema.org","@graph":[{"@type":"WebPage","@id":"https:\/\/immediatebitxdr.com\/da\/kontakt-os\/","url":"https:\/\/immediatebitxdr.com\/da\/kontakt-os\/","name":"Kontakt os - Immediate BitXDR","isPartOf":{"@id":"https:\/\/immediatebitxdr.com\/da\/#website"},"datePublished":"2020-02-26T11:48:48+00:00","dateModified":"2024-05-15T12:09:29+00:00","description":"Vores dedikerede supportteam er her for at hj\u00e6lpe dig med eventuelle foresp\u00f8rgsler eller bekymringer. Uanset om du er en erfaren forhandler eller lige er begyndt, er din tilfredshed vores prioritet. Forbind med os, og lad os navigere i den sp\u00e6ndende verden af kryptovaluta sammen!","breadcrumb":{"@id":"https:\/\/immediatebitxdr.com\/da\/kontakt-os\/#breadcrumb"},"inLanguage":"da-DK","potentialAction":[{"@type":"ReadAction","target":["https:\/\/immediatebitxdr.com\/da\/kontakt-os\/"]}]},{"@type":"BreadcrumbList","@id":"https:\/\/immediatebitxdr.com\/da\/kontakt-os\/#breadcrumb","itemListElement":[{"@type":"ListItem","position":1,"name":"Home","item":"https:\/\/immediatebitxdr.com\/da\/"},{"@type":"ListItem","position":2,"name":"Kontakt os"}]},{"@type":"WebSite","@id":"https:\/\/immediatebitxdr.com\/da\/#website","url":"https:\/\/immediatebitxdr.com\/da\/","name":"Immediate BitXDR","description":"","publisher":{"@id":"https:\/\/immediatebitxdr.com\/da\/#organization"},"potentialAction":[{"@type":"SearchAction","target":{"@type":"EntryPoint","urlTemplate":"https:\/\/immediatebitxdr.com\/da\/?s={search_term_string}"},"query-input":"required name=search_term_string"}],"inLanguage":"da-DK"},{"@type":"Organization","@id":"https:\/\/immediatebitxdr.com\/da\/#organization","name":"Immediate BitXDR","url":"https:\/\/immediatebitxdr.com\/da\/","logo":{"@type":"ImageObject","inLanguage":"da-DK","@id":"https:\/\/immediatebitxdr.com\/da\/#\/schema\/logo\/image\/","url":"","contentUrl":"","caption":"Immediate BitXDR"},"image":{"@id":"https:\/\/immediatebitxdr.com\/da\/#\/schema\/logo\/image\/"}}]}},"_links":{"self":[{"href":"https:\/\/immediatebitxdr.com\/da\/wp-json\/wp\/v2\/pages\/790","targetHints":{"allow":["GET"]}}],"collection":[{"href":"https:\/\/immediatebitxdr.com\/da\/wp-json\/wp\/v2\/pages"}],"about":[{"href":"https:\/\/immediatebitxdr.com\/da\/wp-json\/wp\/v2\/types\/page"}],"author":[{"embeddable":true,"href":"https:\/\/immediatebitxdr.com\/da\/wp-json\/wp\/v2\/users\/1"}],"replies":[{"embeddable":true,"href":"https:\/\/immediatebitxdr.com\/da\/wp-json\/wp\/v2\/comments?post=790"}],"version-history":[{"count":0,"href":"https:\/\/immediatebitxdr.com\/da\/wp-json\/wp\/v2\/pages\/790\/revisions"}],"wp:attachment":[{"href":"https:\/\/immediatebitxdr.com\/da\/wp-json\/wp\/v2\/media?parent=790"}],"curies":[{"name":"wp","href":"https:\/\/api.w.org\/{rel}","templated":true}]}}