{"id":764,"date":"2024-01-26T09:54:07","date_gmt":"2024-01-26T09:54:07","guid":{"rendered":"https:\/\/immediatebitxdr.com\/om-os\/"},"modified":"2024-02-21T15:19:38","modified_gmt":"2024-02-21T15:19:38","slug":"om-os","status":"publish","type":"page","link":"https:\/\/immediatebitxdr.com\/da\/om-os\/","title":{"rendered":"Om os"},"content":{"rendered":"\n<div class=\"wp-block-cover alignfull is-light\"><span aria-hidden=\"true\" class=\"wp-block-cover__background has-nv-light-bg-background-color has-background-dim-100 has-background-dim\"><\/span><div class=\"wp-block-cover__inner-container is-layout-flow wp-block-cover-is-layout-flow\">\n<div style=\"height:80px\" aria-hidden=\"true\" class=\"wp-block-spacer\"><\/div>\n\n\n\n<div class=\"wp-block-columns are-vertically-aligned-center is-layout-flex wp-container-core-columns-is-layout-9d6595d7 wp-block-columns-is-layout-flex\">\n<div class=\"wp-block-column is-vertically-aligned-center is-layout-flow wp-block-column-is-layout-flow\" style=\"flex-basis:66.66%\">\n<h1 class=\"wp-block-heading has-text-align-center has-neve-text-color-color has-text-color\">Om os<\/h1>\n\n\n\n<p class=\"has-text-align-center has-neve-text-color-color has-text-color\">Velkommen til Immediate BitXDR, hvor innovation m\u00f8der tilg\u00e6ngelighed i den dynamiske verden af handel med kryptovaluta. Da kryptolandskabet oplever en hidtil uset v\u00e6kst, st\u00e5r vores platform i spidsen, dedikeret til at styrke ikke-institutionelle investorer med banebrydende kryptobots og automatiserede handelsstrategier. Tillad mig at tage dig med p\u00e5 en rejse gennem vores mission, introducere vores forfattere, dykke ned i vores f\u00e6llesskab og understrege vores urokkelige engagement.<\/p>\n\n\n\n<div class=\"wp-block-buttons is-horizontal is-content-justification-center is-layout-flex wp-container-core-buttons-is-layout-499968f5 wp-block-buttons-is-layout-flex\">\n<div class=\"wp-block-button is-style-secondary\"><a class=\"wp-block-button__link has-neve-text-color-color has-neve-link-hover-color-background-color has-text-color has-background has-link-color wp-element-button\">Begynd at handle<\/a><\/div>\n<\/div>\n<\/div>\n\n\n\n<div class=\"wp-block-column is-vertically-aligned-center is-layout-flow wp-block-column-is-layout-flow\" style=\"flex-basis:33.33%\">\n<figure class=\"wp-block-image size-full\"><img loading=\"lazy\" decoding=\"async\" width=\"1024\" height=\"1024\" src=\"https:\/\/immediatebitxdr.com\/wp-content\/uploads\/2024\/01\/\u2014Pngtree\u2014financial-material_4391789.png\" alt=\"Immediate BitXDR\" class=\"wp-image-22\" srcset=\"https:\/\/immediatebitxdr.com\/wp-content\/uploads\/2024\/01\/\u2014Pngtree\u2014financial-material_4391789.png 1024w, https:\/\/immediatebitxdr.com\/wp-content\/uploads\/2024\/01\/\u2014Pngtree\u2014financial-material_4391789-300x300.png 300w, https:\/\/immediatebitxdr.com\/wp-content\/uploads\/2024\/01\/\u2014Pngtree\u2014financial-material_4391789-150x150.png 150w, https:\/\/immediatebitxdr.com\/wp-content\/uploads\/2024\/01\/\u2014Pngtree\u2014financial-material_4391789-768x768.png 768w\" sizes=\"auto, (max-width: 1024px) 100vw, 1024px\" \/><\/figure>\n<\/div>\n<\/div>\n\n\n\n<div style=\"height:80px\" aria-hidden=\"true\" class=\"wp-block-spacer\"><\/div>\n<\/div><\/div>\n\n\n\n<div class=\"wp-block-cover alignfull is-light\"><span aria-hidden=\"true\" class=\"wp-block-cover__background has-nv-dark-bg-background-color has-background-dim-100 has-background-dim\"><\/span><div class=\"wp-block-cover__inner-container is-layout-flow wp-block-cover-is-layout-flow\">\n<div style=\"height:80px\" aria-hidden=\"true\" class=\"wp-block-spacer\"><\/div>\n\n\n\n<div class=\"wp-block-columns is-layout-flex wp-container-core-columns-is-layout-9d6595d7 wp-block-columns-is-layout-flex\">\n<div class=\"wp-block-column is-layout-flow wp-block-column-is-layout-flow\">\n<figure class=\"wp-block-image size-large is-resized\"><img loading=\"lazy\" decoding=\"async\" width=\"732\" height=\"1024\" src=\"https:\/\/immediatebitxdr.com\/wp-content\/uploads\/2024\/01\/v882-aew-59-b-732x1024.jpg\" alt=\"Immediate BitXDR\" class=\"wp-image-300\" style=\"width:505px;height:auto\" srcset=\"https:\/\/immediatebitxdr.com\/wp-content\/uploads\/2024\/01\/v882-aew-59-b-732x1024.jpg 732w, https:\/\/immediatebitxdr.com\/wp-content\/uploads\/2024\/01\/v882-aew-59-b-214x300.jpg 214w, https:\/\/immediatebitxdr.com\/wp-content\/uploads\/2024\/01\/v882-aew-59-b-768x1075.jpg 768w, https:\/\/immediatebitxdr.com\/wp-content\/uploads\/2024\/01\/v882-aew-59-b-1097x1536.jpg 1097w, https:\/\/immediatebitxdr.com\/wp-content\/uploads\/2024\/01\/v882-aew-59-b-1463x2048.jpg 1463w, https:\/\/immediatebitxdr.com\/wp-content\/uploads\/2024\/01\/v882-aew-59-b-scaled.jpg 1829w\" sizes=\"auto, (max-width: 732px) 100vw, 732px\" \/><\/figure>\n<\/div>\n\n\n\n<div class=\"wp-block-column is-vertically-aligned-center is-layout-flow wp-block-column-is-layout-flow\">\n<h2 class=\"wp-block-heading has-text-align-center has-nv-text-dark-bg-color has-text-color\">Vores mission og vision<\/h2>\n\n\n\n<p class=\"has-neve-text-color-color has-text-color has-link-color wp-elements-a5d5fa37486425c2363a232b29dffe04\">Hos Immediate BitXDR er vores mission klar: at demokratisere adgangen til algoritmiske handelsl\u00f8sninger. Vi forestiller os en fremtid, hvor enhver investor, uanset deres baggrund eller ekspertise, kan udnytte kraften i sofistikerede handelsv\u00e6rkt\u00f8jer, der tidligere var reserveret til kvantitative hedgefonde. Baseret p\u00e5 vores f\u00f8rsteh\u00e5ndserfaring med at navigere p\u00e5 kryptomarkederne, anerkendte vi behovet for en platform, der bygger bro mellem strategier af institutionel kvalitet og individuelle investorer.<\/p>\n\n\n\n<p class=\"has-neve-text-color-color has-text-color has-link-color wp-elements-06d7e724589b03dd44dc9c376a701ea5\">I henhold til vores ekspertise forst\u00e5r vi, at kryptorummet kan v\u00e6re b\u00e5de sp\u00e6ndende og udfordrende. Gennem vores praktiske viden har vi udviklet en brugervenlig platform, der forenkler kompleksiteten af algoritmisk handel og g\u00f8r den tilg\u00e6ngelig for et bredere publikum. Gennem vores fors\u00f8g og fejl opdagede vi, at det at give en problemfri og intuitiv oplevelse er altafg\u00f8rende for at s\u00e6tte investorer i stand til at tr\u00e6ffe informerede beslutninger p\u00e5 det stadigt udviklende kryptomarked.<\/p>\n\n\n\n<p class=\"has-neve-text-color-color has-text-color has-link-color wp-elements-77795855bc942d6162cf4397dd3f9017\">Vores unders\u00f8gelse viste, at ved at tilbyde en r\u00e6kke kryptobots og automatiserede handelsstrategier, giver vi vores brugere mulighed for at navigere p\u00e5 markedet effektivt, udnytte muligheder og mindske risici. Vores resultater viser, at Immediate BitXDR ikke kun er en platform; det er en omfattende l\u00f8sning designet til at forbedre din handelsoplevelse.<\/p>\n<\/div>\n<\/div>\n\n\n\n<div style=\"height:50px\" aria-hidden=\"true\" class=\"wp-block-spacer\"><\/div>\n<\/div><\/div>\n\n\n\n<div class=\"wp-block-cover alignfull\"><span aria-hidden=\"true\" class=\"wp-block-cover__background has-nv-dark-bg-background-color has-background-dim-100 has-background-dim\"><\/span><div class=\"wp-block-cover__inner-container is-layout-flow wp-block-cover-is-layout-flow\">\n<div style=\"height:80px\" aria-hidden=\"true\" class=\"wp-block-spacer\"><\/div>\n\n\n\n<div class=\"wp-block-columns is-layout-flex wp-container-core-columns-is-layout-9d6595d7 wp-block-columns-is-layout-flex\">\n<div class=\"wp-block-column is-vertically-aligned-center is-layout-flow wp-block-column-is-layout-flow\">\n<h2 class=\"wp-block-heading has-text-align-center has-nv-text-dark-bg-color has-text-color\">Vores f\u00e6llesskab<\/h2>\n\n\n\n<p>Umiddelbar BitXDR er mere end blot en platform; det er et blomstrende f\u00e6llesskab af ligesindede individer, der br\u00e6nder for fremtiden for krypto. Vores f\u00e6llesskab er et sted for at dele ideer, l\u00e6re af hinanden og holde sig orienteret om de seneste trends i kryptoverdenen.<\/p>\n\n\n\n<p>Uanset om du er en erfaren erhvervsdrivende eller bare dypper t\u00e6erne i kryptovandet, giver vores f\u00e6llesskab et st\u00f8ttende milj\u00f8 for v\u00e6kst og udforskning. Deltag i diskussioner, stil sp\u00f8rgsm\u00e5l og udvid din forst\u00e5else af kryptomarkedet sammen med andre entusiaster.<\/p>\n<\/div>\n\n\n\n<div class=\"wp-block-column is-layout-flow wp-block-column-is-layout-flow\">\n<figure class=\"wp-block-image size-full is-resized\"><img loading=\"lazy\" decoding=\"async\" width=\"1024\" height=\"640\" src=\"https:\/\/immediatebitxdr.com\/wp-content\/uploads\/2024\/01\/crypto_analysis-1.jpg\" alt=\"Immediate BitXDR\" class=\"wp-image-286\" style=\"width:505px;height:auto\" srcset=\"https:\/\/immediatebitxdr.com\/wp-content\/uploads\/2024\/01\/crypto_analysis-1.jpg 1024w, https:\/\/immediatebitxdr.com\/wp-content\/uploads\/2024\/01\/crypto_analysis-1-300x188.jpg 300w, https:\/\/immediatebitxdr.com\/wp-content\/uploads\/2024\/01\/crypto_analysis-1-768x480.jpg 768w\" sizes=\"auto, (max-width: 1024px) 100vw, 1024px\" \/><\/figure>\n<\/div>\n<\/div>\n\n\n\n<div style=\"height:50px\" aria-hidden=\"true\" class=\"wp-block-spacer\"><\/div>\n<\/div><\/div>\n\n\n\n<div class=\"wp-block-cover alignfull is-light\"><span aria-hidden=\"true\" class=\"wp-block-cover__background has-nv-light-bg-background-color has-background-dim-100 has-background-dim\"><\/span><div class=\"wp-block-cover__inner-container is-layout-flow wp-block-cover-is-layout-flow\">\n<div style=\"height:33px\" aria-hidden=\"true\" class=\"wp-block-spacer\"><\/div>\n\n\n\n<h2 class=\"wp-block-heading has-text-align-center has-neve-text-color-color has-text-color has-link-color wp-elements-a573cd3c0045536126203446eea79353\">Vores forpligtelse<\/h2>\n\n\n\n<p class=\"has-neve-text-color-color has-text-color has-link-color wp-elements-96058db95c19f4168a1038639df1c8d2\">Vores engagement str\u00e6kker sig ud over at levere avancerede handelsv\u00e6rkt\u00f8jer og fremme et levende samfund. Vi er forpligtet til gennemsigtighed, sikkerhed og l\u00f8bende forbedringer. Vores team arbejder utr\u00e6tteligt for at sikre, at Immediate BitXDR forbliver en betroet platform for krypto-entusiaster over hele verden. Under paraplyen af vores engagement prioriterer vi:<\/p>\n\n\n\n<div class=\"wp-block-columns is-layout-flex wp-container-core-columns-is-layout-9d6595d7 wp-block-columns-is-layout-flex\">\n<div class=\"wp-block-column is-layout-flow wp-block-column-is-layout-flow\">\n<h3 class=\"wp-block-heading has-text-align-center has-neve-text-color-color has-text-color\">Brugersikkerhed<\/h3>\n\n\n\n<p class=\"has-text-align-center has-neve-text-color-color has-text-color\">Gennem robuste sikkerhedsforanstaltninger beskytter vi dine aktiver og personlige oplysninger, hvilket sikrer et sikkert handelsmilj\u00f8.<\/p>\n\n\n\n<div class=\"wp-block-buttons is-horizontal is-content-justification-center is-layout-flex wp-container-core-buttons-is-layout-499968f5 wp-block-buttons-is-layout-flex\"><\/div>\n\n\n\n<div style=\"height:20px\" aria-hidden=\"true\" class=\"wp-block-spacer\"><\/div>\n<\/div>\n\n\n\n<div class=\"wp-block-column is-layout-flow wp-block-column-is-layout-flow\">\n<h3 class=\"wp-block-heading has-text-align-center has-neve-text-color-color has-text-color\">Innovation<\/h3>\n\n\n\n<p class=\"has-text-align-center has-neve-text-color-color has-text-color\">Vi er forpligtet til at v\u00e6re p\u00e5 forkant med teknologiske fremskridt og l\u00f8bende opdatere vores platform med nye funktioner og forbedringer.<\/p>\n\n\n\n<div class=\"wp-block-buttons is-horizontal is-content-justification-center is-layout-flex wp-container-core-buttons-is-layout-499968f5 wp-block-buttons-is-layout-flex\"><\/div>\n\n\n\n<div style=\"height:20px\" aria-hidden=\"true\" class=\"wp-block-spacer\"><\/div>\n<\/div>\n\n\n\n<div class=\"wp-block-column is-layout-flow wp-block-column-is-layout-flow\">\n<h3 class=\"wp-block-heading has-text-align-center has-neve-text-color-color has-text-color\">Kunde support<\/h3>\n\n\n\n<p class=\"has-text-align-center has-neve-text-color-color has-text-color\">Vores dedikerede supportteam st\u00e5r til r\u00e5dighed for at hj\u00e6lpe dig og l\u00f8ser sp\u00f8rgsm\u00e5l og bekymringer med det samme for at forbedre din samlede oplevelse.<\/p>\n\n\n\n<div class=\"wp-block-buttons is-horizontal is-content-justification-center is-layout-flex wp-container-core-buttons-is-layout-499968f5 wp-block-buttons-is-layout-flex\"><\/div>\n\n\n\n<div style=\"height:20px\" aria-hidden=\"true\" class=\"wp-block-spacer\"><\/div>\n<\/div>\n<\/div>\n\n\n\n<div style=\"height:80px\" aria-hidden=\"true\" class=\"wp-block-spacer\"><\/div>\n<\/div><\/div>\n","protected":false},"excerpt":{"rendered":"","protected":false},"author":1,"featured_media":0,"parent":0,"menu_order":0,"comment_status":"closed","ping_status":"closed","template":"","meta":{"inline_featured_image":false,"_monsterinsights_skip_tracking":false,"_monsterinsights_sitenote_active":false,"_monsterinsights_sitenote_note":"","_monsterinsights_sitenote_category":0,"neve_meta_sidebar":"full-width","neve_meta_container":"","neve_meta_enable_content_width":"on","neve_meta_content_width":100,"neve_meta_title_alignment":"","neve_meta_author_avatar":"","neve_post_elements_order":"","neve_meta_disable_header":"","neve_meta_disable_footer":"","neve_meta_disable_title":"on","_themeisle_gutenberg_block_has_review":false,"_ti_tpc_template_sync":false,"_ti_tpc_template_id":"","footnotes":""},"class_list":["post-764","page","type-page","status-publish","hentry"],"yoast_head":"<!-- This site is optimized with the Yoast SEO plugin v22.7 - https:\/\/yoast.com\/wordpress\/plugins\/seo\/ -->\n<title>Om os - Immediate BitXDR<\/title>\n<meta name=\"description\" content=\"Umiddelbar BitXDR er mere end en platform; det er en forpligtelse til at revolutionere den m\u00e5de, enkeltpersoner interagerer med kryptomarkedet. Tag med os p\u00e5 denne sp\u00e6ndende rejse, og lad os forme fremtiden for kryptohandel sammen.\" \/>\n<meta name=\"robots\" content=\"index, follow, max-snippet:-1, max-image-preview:large, max-video-preview:-1\" \/>\n<link rel=\"canonical\" href=\"https:\/\/immediatebitxdr.com\/da\/om-os\/\" \/>\n<meta property=\"og:locale\" content=\"da_DK\" \/>\n<meta property=\"og:type\" content=\"article\" \/>\n<meta property=\"og:title\" content=\"Om os - Immediate BitXDR\" \/>\n<meta property=\"og:description\" content=\"Umiddelbar BitXDR er mere end en platform; det er en forpligtelse til at revolutionere den m\u00e5de, enkeltpersoner interagerer med kryptomarkedet. Tag med os p\u00e5 denne sp\u00e6ndende rejse, og lad os forme fremtiden for kryptohandel sammen.\" \/>\n<meta property=\"og:url\" content=\"https:\/\/immediatebitxdr.com\/da\/om-os\/\" \/>\n<meta property=\"og:site_name\" content=\"Immediate BitXDR\" \/>\n<meta property=\"article:modified_time\" content=\"2024-02-21T15:19:38+00:00\" \/>\n<meta property=\"og:image\" content=\"https:\/\/immediatebitxdr.com\/wp-content\/uploads\/2024\/01\/v882-aew-59-b-732x1024.jpg\" \/>\n<meta name=\"twitter:card\" content=\"summary_large_image\" \/>\n<meta name=\"twitter:label1\" content=\"Estimeret l\u00e6setid\" \/>\n\t<meta name=\"twitter:data1\" content=\"3 minutter\" \/>\n<script type=\"application\/ld+json\" class=\"yoast-schema-graph\">{\"@context\":\"https:\/\/schema.org\",\"@graph\":[{\"@type\":\"WebPage\",\"@id\":\"https:\/\/immediatebitxdr.com\/da\/om-os\/\",\"url\":\"https:\/\/immediatebitxdr.com\/da\/om-os\/\",\"name\":\"Om os - Immediate BitXDR\",\"isPartOf\":{\"@id\":\"https:\/\/immediatebitxdr.com\/da\/#website\"},\"primaryImageOfPage\":{\"@id\":\"https:\/\/immediatebitxdr.com\/da\/om-os\/#primaryimage\"},\"image\":{\"@id\":\"https:\/\/immediatebitxdr.com\/da\/om-os\/#primaryimage\"},\"thumbnailUrl\":\"https:\/\/immediatebitxdr.com\/wp-content\/uploads\/2024\/01\/v882-aew-59-b-732x1024.jpg\",\"datePublished\":\"2024-01-26T09:54:07+00:00\",\"dateModified\":\"2024-02-21T15:19:38+00:00\",\"description\":\"Umiddelbar BitXDR er mere end en platform; det er en forpligtelse til at revolutionere den m\u00e5de, enkeltpersoner interagerer med kryptomarkedet. Tag med os p\u00e5 denne sp\u00e6ndende rejse, og lad os forme fremtiden for kryptohandel sammen.\",\"breadcrumb\":{\"@id\":\"https:\/\/immediatebitxdr.com\/da\/om-os\/#breadcrumb\"},\"inLanguage\":\"da-DK\",\"potentialAction\":[{\"@type\":\"ReadAction\",\"target\":[\"https:\/\/immediatebitxdr.com\/da\/om-os\/\"]}]},{\"@type\":\"ImageObject\",\"inLanguage\":\"da-DK\",\"@id\":\"https:\/\/immediatebitxdr.com\/da\/om-os\/#primaryimage\",\"url\":\"https:\/\/immediatebitxdr.com\/wp-content\/uploads\/2024\/01\/v882-aew-59-b-732x1024.jpg\",\"contentUrl\":\"https:\/\/immediatebitxdr.com\/wp-content\/uploads\/2024\/01\/v882-aew-59-b-732x1024.jpg\"},{\"@type\":\"BreadcrumbList\",\"@id\":\"https:\/\/immediatebitxdr.com\/da\/om-os\/#breadcrumb\",\"itemListElement\":[{\"@type\":\"ListItem\",\"position\":1,\"name\":\"Home\",\"item\":\"https:\/\/immediatebitxdr.com\/da\/\"},{\"@type\":\"ListItem\",\"position\":2,\"name\":\"Om os\"}]},{\"@type\":\"WebSite\",\"@id\":\"https:\/\/immediatebitxdr.com\/da\/#website\",\"url\":\"https:\/\/immediatebitxdr.com\/da\/\",\"name\":\"Immediate BitXDR\",\"description\":\"\",\"publisher\":{\"@id\":\"https:\/\/immediatebitxdr.com\/da\/#organization\"},\"potentialAction\":[{\"@type\":\"SearchAction\",\"target\":{\"@type\":\"EntryPoint\",\"urlTemplate\":\"https:\/\/immediatebitxdr.com\/da\/?s={search_term_string}\"},\"query-input\":\"required name=search_term_string\"}],\"inLanguage\":\"da-DK\"},{\"@type\":\"Organization\",\"@id\":\"https:\/\/immediatebitxdr.com\/da\/#organization\",\"name\":\"Immediate BitXDR\",\"url\":\"https:\/\/immediatebitxdr.com\/da\/\",\"logo\":{\"@type\":\"ImageObject\",\"inLanguage\":\"da-DK\",\"@id\":\"https:\/\/immediatebitxdr.com\/da\/#\/schema\/logo\/image\/\",\"url\":\"\",\"contentUrl\":\"\",\"caption\":\"Immediate BitXDR\"},\"image\":{\"@id\":\"https:\/\/immediatebitxdr.com\/da\/#\/schema\/logo\/image\/\"}}]}<\/script>\n<!-- \/ Yoast SEO plugin. -->","yoast_head_json":{"title":"Om os - Immediate BitXDR","description":"Umiddelbar BitXDR er mere end en platform; det er en forpligtelse til at revolutionere den m\u00e5de, enkeltpersoner interagerer med kryptomarkedet. Tag med os p\u00e5 denne sp\u00e6ndende rejse, og lad os forme fremtiden for kryptohandel sammen.","robots":{"index":"index","follow":"follow","max-snippet":"max-snippet:-1","max-image-preview":"max-image-preview:large","max-video-preview":"max-video-preview:-1"},"canonical":"https:\/\/immediatebitxdr.com\/da\/om-os\/","og_locale":"da_DK","og_type":"article","og_title":"Om os - Immediate BitXDR","og_description":"Umiddelbar BitXDR er mere end en platform; det er en forpligtelse til at revolutionere den m\u00e5de, enkeltpersoner interagerer med kryptomarkedet. Tag med os p\u00e5 denne sp\u00e6ndende rejse, og lad os forme fremtiden for kryptohandel sammen.","og_url":"https:\/\/immediatebitxdr.com\/da\/om-os\/","og_site_name":"Immediate BitXDR","article_modified_time":"2024-02-21T15:19:38+00:00","og_image":[{"url":"https:\/\/immediatebitxdr.com\/wp-content\/uploads\/2024\/01\/v882-aew-59-b-732x1024.jpg"}],"twitter_card":"summary_large_image","twitter_misc":{"Estimeret l\u00e6setid":"3 minutter"},"schema":{"@context":"https:\/\/schema.org","@graph":[{"@type":"WebPage","@id":"https:\/\/immediatebitxdr.com\/da\/om-os\/","url":"https:\/\/immediatebitxdr.com\/da\/om-os\/","name":"Om os - Immediate BitXDR","isPartOf":{"@id":"https:\/\/immediatebitxdr.com\/da\/#website"},"primaryImageOfPage":{"@id":"https:\/\/immediatebitxdr.com\/da\/om-os\/#primaryimage"},"image":{"@id":"https:\/\/immediatebitxdr.com\/da\/om-os\/#primaryimage"},"thumbnailUrl":"https:\/\/immediatebitxdr.com\/wp-content\/uploads\/2024\/01\/v882-aew-59-b-732x1024.jpg","datePublished":"2024-01-26T09:54:07+00:00","dateModified":"2024-02-21T15:19:38+00:00","description":"Umiddelbar BitXDR er mere end en platform; det er en forpligtelse til at revolutionere den m\u00e5de, enkeltpersoner interagerer med kryptomarkedet. Tag med os p\u00e5 denne sp\u00e6ndende rejse, og lad os forme fremtiden for kryptohandel sammen.","breadcrumb":{"@id":"https:\/\/immediatebitxdr.com\/da\/om-os\/#breadcrumb"},"inLanguage":"da-DK","potentialAction":[{"@type":"ReadAction","target":["https:\/\/immediatebitxdr.com\/da\/om-os\/"]}]},{"@type":"ImageObject","inLanguage":"da-DK","@id":"https:\/\/immediatebitxdr.com\/da\/om-os\/#primaryimage","url":"https:\/\/immediatebitxdr.com\/wp-content\/uploads\/2024\/01\/v882-aew-59-b-732x1024.jpg","contentUrl":"https:\/\/immediatebitxdr.com\/wp-content\/uploads\/2024\/01\/v882-aew-59-b-732x1024.jpg"},{"@type":"BreadcrumbList","@id":"https:\/\/immediatebitxdr.com\/da\/om-os\/#breadcrumb","itemListElement":[{"@type":"ListItem","position":1,"name":"Home","item":"https:\/\/immediatebitxdr.com\/da\/"},{"@type":"ListItem","position":2,"name":"Om os"}]},{"@type":"WebSite","@id":"https:\/\/immediatebitxdr.com\/da\/#website","url":"https:\/\/immediatebitxdr.com\/da\/","name":"Immediate BitXDR","description":"","publisher":{"@id":"https:\/\/immediatebitxdr.com\/da\/#organization"},"potentialAction":[{"@type":"SearchAction","target":{"@type":"EntryPoint","urlTemplate":"https:\/\/immediatebitxdr.com\/da\/?s={search_term_string}"},"query-input":"required name=search_term_string"}],"inLanguage":"da-DK"},{"@type":"Organization","@id":"https:\/\/immediatebitxdr.com\/da\/#organization","name":"Immediate BitXDR","url":"https:\/\/immediatebitxdr.com\/da\/","logo":{"@type":"ImageObject","inLanguage":"da-DK","@id":"https:\/\/immediatebitxdr.com\/da\/#\/schema\/logo\/image\/","url":"","contentUrl":"","caption":"Immediate BitXDR"},"image":{"@id":"https:\/\/immediatebitxdr.com\/da\/#\/schema\/logo\/image\/"}}]}},"_links":{"self":[{"href":"https:\/\/immediatebitxdr.com\/da\/wp-json\/wp\/v2\/pages\/764","targetHints":{"allow":["GET"]}}],"collection":[{"href":"https:\/\/immediatebitxdr.com\/da\/wp-json\/wp\/v2\/pages"}],"about":[{"href":"https:\/\/immediatebitxdr.com\/da\/wp-json\/wp\/v2\/types\/page"}],"author":[{"embeddable":true,"href":"https:\/\/immediatebitxdr.com\/da\/wp-json\/wp\/v2\/users\/1"}],"replies":[{"embeddable":true,"href":"https:\/\/immediatebitxdr.com\/da\/wp-json\/wp\/v2\/comments?post=764"}],"version-history":[{"count":0,"href":"https:\/\/immediatebitxdr.com\/da\/wp-json\/wp\/v2\/pages\/764\/revisions"}],"wp:attachment":[{"href":"https:\/\/immediatebitxdr.com\/da\/wp-json\/wp\/v2\/media?parent=764"}],"curies":[{"name":"wp","href":"https:\/\/api.w.org\/{rel}","templated":true}]}}