{"id":788,"date":"2020-02-26T11:48:48","date_gmt":"2020-02-26T11:48:48","guid":{"rendered":"https:\/\/immediatebitxdr.com\/kontaktujte-nas\/"},"modified":"2024-05-15T12:09:28","modified_gmt":"2024-05-15T12:09:28","slug":"kontaktujte-nas","status":"publish","type":"page","link":"https:\/\/immediatebitxdr.com\/cs\/kontaktujte-nas\/","title":{"rendered":"Kontaktujte n\u00e1s"},"content":{"rendered":"\n<div id=\"wp-block-themeisle-blocks-advanced-columns-fd115547\" class=\"wp-block-themeisle-blocks-advanced-columns alignfull has-1-columns has-desktop-equal-layout has-tablet-equal-layout has-mobile-equal-layout has-vertical-unset\"><div class=\"wp-block-themeisle-blocks-advanced-columns-overlay\"><\/div><div class=\"innerblocks-wrap\">\n<div id=\"wp-block-themeisle-blocks-advanced-column-de2aa3a2\" class=\"wp-block-themeisle-blocks-advanced-column has-dark-bg\">\nB\u00ddT V KONTAKTU\n\n\n\n<h1 class=\"wp-block-heading has-text-align-center has-nv-text-dark-bg-color has-text-color\">Kontaktujte n\u00e1s<\/h1>\n\n\n\n<p class=\"has-text-align-center\">D\u011bkujeme, \u017ee jste zva\u017eovali kontaktovat n\u00e1s na Immediate BitXDR. Va\u0161e zp\u011btn\u00e1 vazba, dotazy a dotazy jsou pro n\u00e1s cenn\u00e9, proto\u017ee se sna\u017e\u00edme na\u0161im u\u017eivatel\u016fm poskytnout co nejlep\u0161\u00ed zku\u0161enost. A\u0165 u\u017e jste ost\u0159\u00edlen\u00fd obchodn\u00edk, zv\u011bdav\u00fd investor nebo potenci\u00e1ln\u00ed partner, uv\u00edt\u00e1me va\u0161i komunikaci.<\/p>\n<\/div>\n<\/div><\/div>\n\n<div id=\"wp-block-themeisle-blocks-advanced-columns-7c7a89c9\" class=\"wp-block-themeisle-blocks-advanced-columns alignfull has-1-columns has-desktop-equal-layout has-tablet-equal-layout has-mobile-collapsedRows-layout has-vertical-center\"><div class=\"wp-block-themeisle-blocks-advanced-columns-overlay\"><\/div><div class=\"innerblocks-wrap\">\n<div id=\"wp-block-themeisle-blocks-advanced-column-6b5d17f2\" class=\"wp-block-themeisle-blocks-advanced-column\">\n<h2 class=\"wp-block-heading\">V\u0161eobecn\u00e9 po\u017eadavky:<\/h2>\n\n\n\n<p>V p\u0159\u00edpad\u011b obecn\u00fdch dotaz\u016f nebo informac\u00ed o na\u0161\u00ed platform\u011b, slu\u017eb\u00e1ch a nab\u00eddk\u00e1ch nev\u00e1hejte kontaktovat n\u00e1\u0161 t\u00fdm. Jsme tu, abychom v\u00e1m pomohli a zajistili, \u017ee budete m\u00edt informace, kter\u00e9 pot\u0159ebujete k efektivn\u00edmu proch\u00e1zen\u00ed kryptotrh\u016f.<\/p>\n\n\n\n<h2 class=\"wp-block-heading\">Z\u00e1kaznick\u00e1 podpora:<\/h2>\n\n\n\n<p>Pokud pot\u0159ebujete pomoc se sv\u00fdm \u00fa\u010dtem Immediate BitXDR, naraz\u00edte na n\u011bjak\u00e9 probl\u00e9my nebo m\u00e1te konkr\u00e9tn\u00ed dotazy ohledn\u011b pou\u017e\u00edv\u00e1n\u00ed na\u0161ich kryptobot\u016f a obchodn\u00edch strategi\u00ed, n\u00e1\u0161 t\u00fdm z\u00e1kaznick\u00e9 podpory je p\u0159ipraven v\u00e1m pomoci. Up\u0159ednost\u0148ujeme v\u010dasn\u00e9 a efektivn\u00ed reakce, abychom zajistili, \u017ee sv\u00e9 obchodn\u00ed zku\u0161enosti vyu\u017eijete na maximum.<\/p>\n\n\n\n<h2 class=\"wp-block-heading\">Partnerstv\u00ed a spolupr\u00e1ce:<\/h2>\n\n\n\n<p>Okam\u017eit\u00e9 BitXDR je v\u017edy otev\u0159en\u00e9 prozkoum\u00e1v\u00e1n\u00ed partnerstv\u00ed a spolupr\u00e1ce, kter\u00e9 jsou v souladu s na\u0161\u00edm posl\u00e1n\u00edm. Pokud zastupujete spole\u010dnost, organizaci nebo m\u00e1te n\u00e1vrh na spolupr\u00e1ci, kontaktujte n\u00e1\u0161 partnersk\u00fd t\u00fdm. V\u011b\u0159\u00edme v s\u00edlu spolupr\u00e1ce p\u0159i podpo\u0159e inovac\u00ed a vylep\u0161en\u00ed kryptoekosyst\u00e9mu.<\/p>\n\n\n\n<h2 class=\"wp-block-heading\">Technick\u00e1 podpora:<\/h2>\n\n\n\n<p>Pokud naraz\u00edte na technick\u00e9 probl\u00e9my, z\u00e1vady nebo m\u00e1te konkr\u00e9tn\u00ed technick\u00e9 dotazy t\u00fdkaj\u00edc\u00ed se na\u0161\u00ed platformy, n\u00e1\u0161 t\u00fdm technick\u00e9 podpory je odd\u00e1n okam\u017eit\u00e9mu vy\u0159e\u0161en\u00ed va\u0161ich probl\u00e9m\u016f. Va\u0161e bezprobl\u00e9mov\u00e1 zku\u0161enost je na\u0161\u00ed prioritou.<\/p>\n\n\n\n<h2 class=\"wp-block-heading\">Spojit se s n\u00e1mi:<\/h2>\n\n\n\n<p>Z\u016fsta\u0148te ve spojen\u00ed s Immediate BitXDR prost\u0159ednictv\u00edm na\u0161ich kan\u00e1l\u016f soci\u00e1ln\u00edch m\u00e9di\u00ed. Sledujte n\u00e1s na [vlo\u017ete platformy soci\u00e1ln\u00edch m\u00e9di\u00ed] pro nejnov\u011bj\u0161\u00ed aktualizace, statistiky trhu a ozn\u00e1men\u00ed. Zapojte se do na\u0161\u00ed komunity a bu\u010fte sou\u010d\u00e1st\u00ed prob\u00edhaj\u00edc\u00ed konverzace o vzru\u0161uj\u00edc\u00edm sv\u011bt\u011b kryptom\u011bn.<\/p>\n\n\n\n<h2 class=\"wp-block-heading\">Nav\u0161tiv n\u00e1s:<\/h2>\n\n\n\n<p>Pokud d\u00e1v\u00e1te p\u0159ednost osobn\u00edmu kontaktu, m\u016f\u017eete nav\u0161t\u00edvit na\u0161e kancel\u00e1\u0159e. Napl\u00e1nujte si pros\u00edm sch\u016fzku p\u0159edem, abyste zajistili, \u017ee se s v\u00e1mi mohou setkat p\u0159\u00edslu\u0161n\u00ed \u010dlenov\u00e9 t\u00fdmu.<\/p>\n\n\n\n<h2 class=\"wp-block-heading\">Okam\u017eit\u00e9 \u00fast\u0159ed\u00ed BitXDR:<\/h2>\n\n\n\n<p>USA: 2363 Hurry Street Fredericksburg, VA 22401<\/p>\n\n\n\n<p>Germany: Oldesloer Strasse 92, 07602 Eisenberg<\/p>\n\n\n\n<p>UK: 65 Souterhead Road LOWER BOSCASWELL TR19 7EY<\/p>\n\n\n\n<p>Email: support@<a href=\"https:\/\/immediatebitxdr.com\/cs\/\" target=\"_blank\" rel=\"noreferrer noopener\"><\/a>immediatebitxdr.com<\/p>\n\n\n\n<p>Phone: +44 078 5290 8427<\/p>\n<\/div>\n<\/div><\/div>\n\n<div id=\"wp-block-themeisle-blocks-advanced-columns-2672f4b5\" class=\"wp-block-themeisle-blocks-advanced-columns alignfull has-2-columns has-desktop-equal-layout has-tablet-equal-layout has-mobile-collapsedRows-layout has-vertical-unset has-dark-bg\"><div class=\"wp-block-themeisle-blocks-advanced-columns-overlay\"><\/div><div class=\"innerblocks-wrap\">\n<div id=\"wp-block-themeisle-blocks-advanced-column-05e52c3e\" class=\"wp-block-themeisle-blocks-advanced-column\">\n<h2 class=\"wp-block-heading has-nv-text-dark-bg-color has-text-color\">Po\u0161lete p\u0159\u00edmou zpr\u00e1vu pomoc\u00ed formul\u00e1\u0159e<\/h2>\n\n\n\n<p>N\u00e1\u0161 specializovan\u00fd t\u00fdm podpory je zde, aby v\u00e1m pomohl s jak\u00fdmikoli dotazy nebo probl\u00e9my. A\u0165 u\u017e jste zku\u0161en\u00fd obchodn\u00edk nebo teprve za\u010d\u00edn\u00e1te, va\u0161e spokojenost je na\u0161\u00ed prioritou. Spojte se s n\u00e1mi a poj\u010fme spole\u010dn\u011b proch\u00e1zet vzru\u0161uj\u00edc\u00edm sv\u011btem kryptom\u011bn!<\/p>\n\n\n\n<p>V\u00e1\u017e\u00edme si va\u0161eho z\u00e1jmu o Immediate BitXDR a t\u011b\u0161\u00edme se na va\u0161i zpr\u00e1vu. Va\u0161e komunikace je z\u00e1sadn\u00ed, proto\u017ee n\u00e1m pom\u00e1h\u00e1 zlep\u0161ovat se a l\u00e9pe slou\u017eit r\u016fznorod\u00fdm pot\u0159eb\u00e1m na\u0161\u00ed rostouc\u00ed komunity.<\/p>\n\n\n\n<div id=\"wp-block-themeisle-blocks-button-group-89e6367b\" class=\"wp-block-themeisle-blocks-button-group wp-block-buttons\">\n<div id=\"wp-block-themeisle-blocks-button-f6ab3bb5\" class=\"wp-block-themeisle-blocks-button wp-block-button\"><a href=\"\" target=\"_blank\" rel=\"noopener noreferrer\" class=\"wp-block-button__link\"><i class=\"fab fa-fw fa-facebook-f\"><\/i><\/a><\/div>\r\n\n\n\n<div id=\"wp-block-themeisle-blocks-button-ddd4d356\" class=\"wp-block-themeisle-blocks-button wp-block-button\"><a href=\"\" target=\"_blank\" rel=\"noopener noreferrer\" class=\"wp-block-button__link\"><i class=\"fab fa-fw fa-twitter\"><\/i><\/a><\/div>\r\n\n\n\n<div id=\"wp-block-themeisle-blocks-button-36612cba\" class=\"wp-block-themeisle-blocks-button wp-block-button\"><a href=\"\" target=\"_blank\" rel=\"noopener noreferrer\" class=\"wp-block-button__link\"><i class=\"fab fa-fw fa-google-plus\"><\/i><\/a><\/div>\r\n\n\n\n<div id=\"wp-block-themeisle-blocks-button-45cdcaa1\" class=\"wp-block-themeisle-blocks-button wp-block-button\"><a href=\"\" target=\"_blank\" rel=\"noopener noreferrer\" class=\"wp-block-button__link\"><i class=\"fab fa-fw fa-pinterest\"><\/i><\/a><\/div>\r\n\n\n\n<div id=\"wp-block-themeisle-blocks-button-faf5e2e7\" class=\"wp-block-themeisle-blocks-button wp-block-button\"><a href=\"\" target=\"_blank\" rel=\"noopener noreferrer\" class=\"wp-block-button__link\"><i class=\"fab fa-fw fa-instagram\"><\/i><\/a><\/div>\r\n<\/div>\n<\/div>\n\n\n\n<div id=\"wp-block-themeisle-blocks-advanced-column-0788243d\" class=\"wp-block-themeisle-blocks-advanced-column has-dark-bg\">\n<div id=\"wp-block-themeisle-blocks-form-fb39f207\" class=\"wp-block-themeisle-blocks-form\" data-option-name=\"bf9b28ff82ce323187abc5d0feb0d8f07ecd8436_fb39f207\"><form class=\"otter-form__container\">\n<div id=\"wp-block-themeisle-blocks-form-input-cb680aa4\" class=\"wp-block-themeisle-blocks-form-input\"><label for=\"wp-block-themeisle-blocks-form-input-cb680aa4-input\" class=\"otter-form-input-label\"><span class=\"otter-form-input-label__label\">Name<\/span><span class=\"required\">*<\/span><\/label><input type=\"text\" id=\"wp-block-themeisle-blocks-form-input-cb680aa4-input\" required placeholder=\"Your name\" class=\"otter-form-input\"\/><\/div>\r\n\n\n\n<div id=\"wp-block-themeisle-blocks-form-input-53facba3\" class=\"wp-block-themeisle-blocks-form-input\"><label for=\"wp-block-themeisle-blocks-form-input-53facba3-input\" class=\"otter-form-input-label\"><span class=\"otter-form-input-label__label\">Email<\/span><span class=\"required\">*<\/span><\/label><input type=\"email\" id=\"wp-block-themeisle-blocks-form-input-53facba3-input\" required placeholder=\"Your email\" class=\"otter-form-input\"\/><\/div>\r\n\n\n\n<div id=\"wp-block-themeisle-blocks-form-textarea-5eebb0de\" class=\"wp-block-themeisle-blocks-form-textarea\"><label for=\"wp-block-themeisle-blocks-form-textarea-5eebb0de-input\" class=\"otter-form-textarea-label\"><span class=\"otter-form-textarea-label__label\">Message<\/span><\/label><textarea id=\"wp-block-themeisle-blocks-form-textarea-5eebb0de-input\" placeholder=\"Your Message\" rows=\"10\" class=\"otter-form-textarea-input\"><\/textarea><\/div>\r\n\n\n<div class=\"protection\" aria-hidden=\"true\"><input type=\"hidden\" id=\"wp-block-themeisle-blocks-form-fb39f207_nonce_field\" name=\"wp-block-themeisle-blocks-form-fb39f207_nonce_field\" value=\"c78ff6e3bd\" \/><input type=\"hidden\" name=\"_wp_http_referer\" value=\"\/cs\/wp-json\/wp\/v2\/pages\/788\" \/><input class=\"o-anti-bot\" type=\"checkbox\"><\/div><div class=\"wp-block-button\"><button class=\"wp-block-button__link\" type=\"submit\">Submit<\/button><\/div><\/form><\/div>\n<\/div>\n<\/div><\/div>\n\n<div id=\"wp-block-themeisle-blocks-advanced-columns-1dda74ca\" class=\"wp-block-themeisle-blocks-advanced-columns alignfull has-1-columns has-desktop-equal-layout has-tablet-equal-layout has-mobile-equal-layout has-vertical-unset\"><div class=\"wp-block-themeisle-blocks-advanced-columns-overlay\"><\/div><div class=\"innerblocks-wrap\">\n<div id=\"wp-block-themeisle-blocks-advanced-column-a0d00642\" class=\"wp-block-themeisle-blocks-advanced-column\"><\/div>\r\n<\/div><\/div>\n","protected":false},"excerpt":{"rendered":"","protected":false},"author":1,"featured_media":0,"parent":0,"menu_order":0,"comment_status":"closed","ping_status":"closed","template":"page-templates\/template-pagebuilder-full-width.php","meta":{"inline_featured_image":false,"_monsterinsights_skip_tracking":false,"_monsterinsights_sitenote_active":false,"_monsterinsights_sitenote_note":"","_monsterinsights_sitenote_category":0,"neve_meta_sidebar":"full-width","neve_meta_container":"","neve_meta_enable_content_width":"on","neve_meta_content_width":100,"neve_meta_title_alignment":"","neve_meta_author_avatar":"","neve_post_elements_order":"","neve_meta_disable_header":"","neve_meta_disable_footer":"","neve_meta_disable_title":"","_themeisle_gutenberg_block_has_review":false,"_ti_tpc_template_sync":false,"_ti_tpc_template_id":"","footnotes":""},"class_list":["post-788","page","type-page","status-publish","hentry"],"yoast_head":"<!-- This site is optimized with the Yoast SEO plugin v22.7 - https:\/\/yoast.com\/wordpress\/plugins\/seo\/ -->\n<title>Kontaktujte n\u00e1s - Immediate BitXDR<\/title>\n<meta name=\"description\" content=\"N\u00e1\u0161 specializovan\u00fd t\u00fdm podpory je zde, aby v\u00e1m pomohl s jak\u00fdmikoli dotazy nebo probl\u00e9my. A\u0165 u\u017e jste zku\u0161en\u00fd obchodn\u00edk nebo teprve za\u010d\u00edn\u00e1te, va\u0161e spokojenost je na\u0161\u00ed prioritou. Spojte se s n\u00e1mi a poj\u010fme spole\u010dn\u011b proch\u00e1zet vzru\u0161uj\u00edc\u00edm sv\u011btem kryptom\u011bn!\" \/>\n<meta name=\"robots\" content=\"index, follow, max-snippet:-1, max-image-preview:large, max-video-preview:-1\" \/>\n<link rel=\"canonical\" href=\"https:\/\/immediatebitxdr.com\/cs\/kontaktujte-nas\/\" \/>\n<meta property=\"og:locale\" content=\"cs_CZ\" \/>\n<meta property=\"og:type\" content=\"article\" \/>\n<meta property=\"og:title\" content=\"Kontaktujte n\u00e1s - Immediate BitXDR\" \/>\n<meta property=\"og:description\" content=\"N\u00e1\u0161 specializovan\u00fd t\u00fdm podpory je zde, aby v\u00e1m pomohl s jak\u00fdmikoli dotazy nebo probl\u00e9my. A\u0165 u\u017e jste zku\u0161en\u00fd obchodn\u00edk nebo teprve za\u010d\u00edn\u00e1te, va\u0161e spokojenost je na\u0161\u00ed prioritou. Spojte se s n\u00e1mi a poj\u010fme spole\u010dn\u011b proch\u00e1zet vzru\u0161uj\u00edc\u00edm sv\u011btem kryptom\u011bn!\" \/>\n<meta property=\"og:url\" content=\"https:\/\/immediatebitxdr.com\/cs\/kontaktujte-nas\/\" \/>\n<meta property=\"og:site_name\" content=\"Immediate BitXDR\" \/>\n<meta property=\"article:modified_time\" content=\"2024-05-15T12:09:28+00:00\" \/>\n<meta name=\"twitter:card\" content=\"summary_large_image\" \/>\n<meta name=\"twitter:label1\" content=\"Odhadovan\u00e1 doba \u010dten\u00ed\" \/>\n\t<meta name=\"twitter:data1\" content=\"3 minuty\" \/>\n<script type=\"application\/ld+json\" class=\"yoast-schema-graph\">{\"@context\":\"https:\/\/schema.org\",\"@graph\":[{\"@type\":\"WebPage\",\"@id\":\"https:\/\/immediatebitxdr.com\/cs\/kontaktujte-nas\/\",\"url\":\"https:\/\/immediatebitxdr.com\/cs\/kontaktujte-nas\/\",\"name\":\"Kontaktujte n\u00e1s - Immediate BitXDR\",\"isPartOf\":{\"@id\":\"https:\/\/immediatebitxdr.com\/cs\/#website\"},\"datePublished\":\"2020-02-26T11:48:48+00:00\",\"dateModified\":\"2024-05-15T12:09:28+00:00\",\"description\":\"N\u00e1\u0161 specializovan\u00fd t\u00fdm podpory je zde, aby v\u00e1m pomohl s jak\u00fdmikoli dotazy nebo probl\u00e9my. A\u0165 u\u017e jste zku\u0161en\u00fd obchodn\u00edk nebo teprve za\u010d\u00edn\u00e1te, va\u0161e spokojenost je na\u0161\u00ed prioritou. Spojte se s n\u00e1mi a poj\u010fme spole\u010dn\u011b proch\u00e1zet vzru\u0161uj\u00edc\u00edm sv\u011btem kryptom\u011bn!\",\"breadcrumb\":{\"@id\":\"https:\/\/immediatebitxdr.com\/cs\/kontaktujte-nas\/#breadcrumb\"},\"inLanguage\":\"cs\",\"potentialAction\":[{\"@type\":\"ReadAction\",\"target\":[\"https:\/\/immediatebitxdr.com\/cs\/kontaktujte-nas\/\"]}]},{\"@type\":\"BreadcrumbList\",\"@id\":\"https:\/\/immediatebitxdr.com\/cs\/kontaktujte-nas\/#breadcrumb\",\"itemListElement\":[{\"@type\":\"ListItem\",\"position\":1,\"name\":\"Home\",\"item\":\"https:\/\/immediatebitxdr.com\/cs\/\"},{\"@type\":\"ListItem\",\"position\":2,\"name\":\"Kontaktujte n\u00e1s\"}]},{\"@type\":\"WebSite\",\"@id\":\"https:\/\/immediatebitxdr.com\/cs\/#website\",\"url\":\"https:\/\/immediatebitxdr.com\/cs\/\",\"name\":\"Immediate BitXDR\",\"description\":\"\",\"publisher\":{\"@id\":\"https:\/\/immediatebitxdr.com\/cs\/#organization\"},\"potentialAction\":[{\"@type\":\"SearchAction\",\"target\":{\"@type\":\"EntryPoint\",\"urlTemplate\":\"https:\/\/immediatebitxdr.com\/cs\/?s={search_term_string}\"},\"query-input\":\"required name=search_term_string\"}],\"inLanguage\":\"cs\"},{\"@type\":\"Organization\",\"@id\":\"https:\/\/immediatebitxdr.com\/cs\/#organization\",\"name\":\"Immediate BitXDR\",\"url\":\"https:\/\/immediatebitxdr.com\/cs\/\",\"logo\":{\"@type\":\"ImageObject\",\"inLanguage\":\"cs\",\"@id\":\"https:\/\/immediatebitxdr.com\/cs\/#\/schema\/logo\/image\/\",\"url\":\"\",\"contentUrl\":\"\",\"caption\":\"Immediate BitXDR\"},\"image\":{\"@id\":\"https:\/\/immediatebitxdr.com\/cs\/#\/schema\/logo\/image\/\"}}]}<\/script>\n<!-- \/ Yoast SEO plugin. -->","yoast_head_json":{"title":"Kontaktujte n\u00e1s - Immediate BitXDR","description":"N\u00e1\u0161 specializovan\u00fd t\u00fdm podpory je zde, aby v\u00e1m pomohl s jak\u00fdmikoli dotazy nebo probl\u00e9my. A\u0165 u\u017e jste zku\u0161en\u00fd obchodn\u00edk nebo teprve za\u010d\u00edn\u00e1te, va\u0161e spokojenost je na\u0161\u00ed prioritou. Spojte se s n\u00e1mi a poj\u010fme spole\u010dn\u011b proch\u00e1zet vzru\u0161uj\u00edc\u00edm sv\u011btem kryptom\u011bn!","robots":{"index":"index","follow":"follow","max-snippet":"max-snippet:-1","max-image-preview":"max-image-preview:large","max-video-preview":"max-video-preview:-1"},"canonical":"https:\/\/immediatebitxdr.com\/cs\/kontaktujte-nas\/","og_locale":"cs_CZ","og_type":"article","og_title":"Kontaktujte n\u00e1s - Immediate BitXDR","og_description":"N\u00e1\u0161 specializovan\u00fd t\u00fdm podpory je zde, aby v\u00e1m pomohl s jak\u00fdmikoli dotazy nebo probl\u00e9my. A\u0165 u\u017e jste zku\u0161en\u00fd obchodn\u00edk nebo teprve za\u010d\u00edn\u00e1te, va\u0161e spokojenost je na\u0161\u00ed prioritou. Spojte se s n\u00e1mi a poj\u010fme spole\u010dn\u011b proch\u00e1zet vzru\u0161uj\u00edc\u00edm sv\u011btem kryptom\u011bn!","og_url":"https:\/\/immediatebitxdr.com\/cs\/kontaktujte-nas\/","og_site_name":"Immediate BitXDR","article_modified_time":"2024-05-15T12:09:28+00:00","twitter_card":"summary_large_image","twitter_misc":{"Odhadovan\u00e1 doba \u010dten\u00ed":"3 minuty"},"schema":{"@context":"https:\/\/schema.org","@graph":[{"@type":"WebPage","@id":"https:\/\/immediatebitxdr.com\/cs\/kontaktujte-nas\/","url":"https:\/\/immediatebitxdr.com\/cs\/kontaktujte-nas\/","name":"Kontaktujte n\u00e1s - Immediate BitXDR","isPartOf":{"@id":"https:\/\/immediatebitxdr.com\/cs\/#website"},"datePublished":"2020-02-26T11:48:48+00:00","dateModified":"2024-05-15T12:09:28+00:00","description":"N\u00e1\u0161 specializovan\u00fd t\u00fdm podpory je zde, aby v\u00e1m pomohl s jak\u00fdmikoli dotazy nebo probl\u00e9my. A\u0165 u\u017e jste zku\u0161en\u00fd obchodn\u00edk nebo teprve za\u010d\u00edn\u00e1te, va\u0161e spokojenost je na\u0161\u00ed prioritou. Spojte se s n\u00e1mi a poj\u010fme spole\u010dn\u011b proch\u00e1zet vzru\u0161uj\u00edc\u00edm sv\u011btem kryptom\u011bn!","breadcrumb":{"@id":"https:\/\/immediatebitxdr.com\/cs\/kontaktujte-nas\/#breadcrumb"},"inLanguage":"cs","potentialAction":[{"@type":"ReadAction","target":["https:\/\/immediatebitxdr.com\/cs\/kontaktujte-nas\/"]}]},{"@type":"BreadcrumbList","@id":"https:\/\/immediatebitxdr.com\/cs\/kontaktujte-nas\/#breadcrumb","itemListElement":[{"@type":"ListItem","position":1,"name":"Home","item":"https:\/\/immediatebitxdr.com\/cs\/"},{"@type":"ListItem","position":2,"name":"Kontaktujte n\u00e1s"}]},{"@type":"WebSite","@id":"https:\/\/immediatebitxdr.com\/cs\/#website","url":"https:\/\/immediatebitxdr.com\/cs\/","name":"Immediate BitXDR","description":"","publisher":{"@id":"https:\/\/immediatebitxdr.com\/cs\/#organization"},"potentialAction":[{"@type":"SearchAction","target":{"@type":"EntryPoint","urlTemplate":"https:\/\/immediatebitxdr.com\/cs\/?s={search_term_string}"},"query-input":"required name=search_term_string"}],"inLanguage":"cs"},{"@type":"Organization","@id":"https:\/\/immediatebitxdr.com\/cs\/#organization","name":"Immediate BitXDR","url":"https:\/\/immediatebitxdr.com\/cs\/","logo":{"@type":"ImageObject","inLanguage":"cs","@id":"https:\/\/immediatebitxdr.com\/cs\/#\/schema\/logo\/image\/","url":"","contentUrl":"","caption":"Immediate BitXDR"},"image":{"@id":"https:\/\/immediatebitxdr.com\/cs\/#\/schema\/logo\/image\/"}}]}},"_links":{"self":[{"href":"https:\/\/immediatebitxdr.com\/cs\/wp-json\/wp\/v2\/pages\/788","targetHints":{"allow":["GET"]}}],"collection":[{"href":"https:\/\/immediatebitxdr.com\/cs\/wp-json\/wp\/v2\/pages"}],"about":[{"href":"https:\/\/immediatebitxdr.com\/cs\/wp-json\/wp\/v2\/types\/page"}],"author":[{"embeddable":true,"href":"https:\/\/immediatebitxdr.com\/cs\/wp-json\/wp\/v2\/users\/1"}],"replies":[{"embeddable":true,"href":"https:\/\/immediatebitxdr.com\/cs\/wp-json\/wp\/v2\/comments?post=788"}],"version-history":[{"count":0,"href":"https:\/\/immediatebitxdr.com\/cs\/wp-json\/wp\/v2\/pages\/788\/revisions"}],"wp:attachment":[{"href":"https:\/\/immediatebitxdr.com\/cs\/wp-json\/wp\/v2\/media?parent=788"}],"curies":[{"name":"wp","href":"https:\/\/api.w.org\/{rel}","templated":true}]}}