{"id":762,"date":"2024-01-26T09:54:07","date_gmt":"2024-01-26T09:54:07","guid":{"rendered":"https:\/\/immediatebitxdr.com\/o-nas\/"},"modified":"2024-05-15T12:09:15","modified_gmt":"2024-05-15T12:09:15","slug":"o-nas","status":"publish","type":"page","link":"https:\/\/immediatebitxdr.com\/cs\/o-nas\/","title":{"rendered":"O n\u00e1s"},"content":{"rendered":"\n<div class=\"wp-block-cover alignfull is-light\"><span aria-hidden=\"true\" class=\"wp-block-cover__background has-nv-light-bg-background-color has-background-dim-100 has-background-dim\"><\/span><div class=\"wp-block-cover__inner-container is-layout-flow wp-block-cover-is-layout-flow\">\n<div style=\"height:80px\" aria-hidden=\"true\" class=\"wp-block-spacer\"><\/div>\n\n\n\n<div class=\"wp-block-columns are-vertically-aligned-center is-layout-flex wp-container-core-columns-is-layout-9d6595d7 wp-block-columns-is-layout-flex\">\n<div class=\"wp-block-column is-vertically-aligned-center is-layout-flow wp-block-column-is-layout-flow\" style=\"flex-basis:66.66%\">\n<h1 class=\"wp-block-heading has-text-align-center has-neve-text-color-color has-text-color\">O n\u00e1s<\/h1>\n\n\n\n<p class=\"has-text-align-center has-neve-text-color-color has-text-color\">V\u00edtejte v Immediate BitXDR, kde se inovace snoub\u00ed s dostupnost\u00ed v dynamick\u00e9m sv\u011bt\u011b obchodov\u00e1n\u00ed s kryptom\u011bnami. Proto\u017ee krypto prost\u0159ed\u00ed za\u017e\u00edv\u00e1 neb\u00fdval\u00fd r\u016fst, na\u0161e platforma stoj\u00ed v pop\u0159ed\u00ed a v\u011bnuje se pos\u00edlen\u00ed postaven\u00ed neinstitucion\u00e1ln\u00edch investor\u016f pomoc\u00ed \u0161pi\u010dkov\u00fdch kryptografick\u00fdch robot\u016f a automatizovan\u00fdch obchodn\u00edch strategi\u00ed. Dovolte mi, abych v\u00e1s vzal na cestu na\u0161\u00edm posl\u00e1n\u00edm, p\u0159edstavil na\u0161e autory, pono\u0159il se do na\u0161\u00ed komunity a zd\u016fraznil n\u00e1\u0161 neochv\u011bjn\u00fd z\u00e1vazek.<\/p>\n\n\n\n<div class=\"wp-block-buttons is-horizontal is-content-justification-center is-layout-flex wp-container-core-buttons-is-layout-499968f5 wp-block-buttons-is-layout-flex\">\n<div class=\"wp-block-button is-style-secondary\"><a class=\"wp-block-button__link has-neve-text-color-color has-neve-link-hover-color-background-color has-text-color has-background has-link-color wp-element-button\">Za\u010dn\u011bte obchodovat<\/a><\/div>\n<\/div>\n<\/div>\n\n\n\n<div class=\"wp-block-column is-vertically-aligned-center is-layout-flow wp-block-column-is-layout-flow\" style=\"flex-basis:33.33%\">\n<figure class=\"wp-block-image size-full\"><img decoding=\"async\" src=\"https:\/\/immediatebitxdr.com\/wp-content\/uploads\/2024\/01\/&#x2014;Pngtree&#x2014;financial-material_4391789.png\" alt=\"Immediate BitXDR\" class=\"wp-image-22\"\/><\/figure>\n<\/div>\n<\/div>\n\n\n\n<div style=\"height:80px\" aria-hidden=\"true\" class=\"wp-block-spacer\"><\/div>\n<\/div><\/div>\n\n<div class=\"wp-block-cover alignfull is-light\"><span aria-hidden=\"true\" class=\"wp-block-cover__background has-nv-dark-bg-background-color has-background-dim-100 has-background-dim\"><\/span><div class=\"wp-block-cover__inner-container is-layout-flow wp-block-cover-is-layout-flow\">\n<div style=\"height:80px\" aria-hidden=\"true\" class=\"wp-block-spacer\"><\/div>\n\n\n\n<div class=\"wp-block-columns is-layout-flex wp-container-core-columns-is-layout-9d6595d7 wp-block-columns-is-layout-flex\">\n<div class=\"wp-block-column is-layout-flow wp-block-column-is-layout-flow\">\n<figure class=\"wp-block-image size-large is-resized\"><img loading=\"lazy\" decoding=\"async\" width=\"732\" height=\"1024\" src=\"https:\/\/immediatebitxdr.com\/wp-content\/uploads\/2024\/01\/v882-aew-59-b-732x1024.jpg\" alt=\"Immediate BitXDR\" class=\"wp-image-300\" style=\"width:505px;height:auto\" srcset=\"https:\/\/immediatebitxdr.com\/wp-content\/uploads\/2024\/01\/v882-aew-59-b-732x1024.jpg 732w, https:\/\/immediatebitxdr.com\/wp-content\/uploads\/2024\/01\/v882-aew-59-b-214x300.jpg 214w, https:\/\/immediatebitxdr.com\/wp-content\/uploads\/2024\/01\/v882-aew-59-b-768x1075.jpg 768w, https:\/\/immediatebitxdr.com\/wp-content\/uploads\/2024\/01\/v882-aew-59-b-1097x1536.jpg 1097w, https:\/\/immediatebitxdr.com\/wp-content\/uploads\/2024\/01\/v882-aew-59-b-1463x2048.jpg 1463w, https:\/\/immediatebitxdr.com\/wp-content\/uploads\/2024\/01\/v882-aew-59-b-scaled.jpg 1829w\" sizes=\"auto, (max-width: 732px) 100vw, 732px\" \/><\/figure>\n<\/div>\n\n\n\n<div class=\"wp-block-column is-vertically-aligned-center is-layout-flow wp-block-column-is-layout-flow\">\n<h2 class=\"wp-block-heading has-text-align-center has-nv-text-dark-bg-color has-text-color\">Na\u0161e posl\u00e1n\u00ed a vize<\/h2>\n\n\n\n<p class=\"has-neve-text-color-color has-text-color has-link-color wp-elements-79c464e5ea2d50da511c76f28c621278\">V Immediate BitXDR je na\u0161e posl\u00e1n\u00ed jasn\u00e9: demokratizovat p\u0159\u00edstup k \u0159e\u0161en\u00edm algoritmick\u00e9ho obchodov\u00e1n\u00ed. P\u0159edstavujeme si budoucnost, kde ka\u017ed\u00fd investor, bez ohledu na sv\u00e9 z\u00e1zem\u00ed nebo odbornost, m\u016f\u017ee vyu\u017e\u00edt s\u00edlu sofistikovan\u00fdch obchodn\u00edch n\u00e1stroj\u016f, kter\u00e9 byly d\u0159\u00edve vyhrazeny pro kvantitativn\u00ed hedgeov\u00e9 fondy. Na z\u00e1klad\u011b na\u0161ich vlastn\u00edch zku\u0161enost\u00ed s proch\u00e1zen\u00edm kryptotrh\u016f jsme rozpoznali pot\u0159ebu platformy, kter\u00e1 p\u0159eklenuje propast mezi strategiemi na institucion\u00e1ln\u00ed \u00farovni a individu\u00e1ln\u00edmi investory.<\/p>\n\n\n\n<p class=\"has-neve-text-color-color has-text-color has-link-color wp-elements-2a6dd1b35c552b546768c1580561cc0d\">Podle na\u0161ich odborn\u00fdch znalost\u00ed ch\u00e1peme, \u017ee kryptoprostor m\u016f\u017ee b\u00fdt vzru\u0161uj\u00edc\u00ed i n\u00e1ro\u010dn\u00fd. D\u00edky na\u0161im praktick\u00fdm znalostem jsme vyvinuli u\u017eivatelsky p\u0159\u00edv\u011btivou platformu, kter\u00e1 zjednodu\u0161uje slo\u017eitost algoritmick\u00e9ho obchodov\u00e1n\u00ed a zp\u0159\u00edstup\u0148uje ji \u0161ir\u0161\u00edmu publiku. Prost\u0159ednictv\u00edm na\u0161ich pokus\u016f a omyl\u016f jsme zjistili, \u017ee poskytov\u00e1n\u00ed bezprobl\u00e9mov\u00e9ho a intuitivn\u00edho z\u00e1\u017eitku je prvo\u0159ad\u00e9, proto\u017ee umo\u017e\u0148uje investor\u016fm \u010dinit informovan\u00e1 rozhodnut\u00ed na neust\u00e1le se vyv\u00edjej\u00edc\u00edm krypto trhu.<\/p>\n\n\n\n<p class=\"has-neve-text-color-color has-text-color has-link-color wp-elements-fe0da6e09f6b0ef624e58774a16ef729\">Na\u0161e \u0161et\u0159en\u00ed prok\u00e1zalo, \u017ee nab\u00eddkou \u0159ady kryptobot\u016f a automatizovan\u00fdch obchodn\u00edch strategi\u00ed umo\u017e\u0148ujeme na\u0161im u\u017eivatel\u016fm efektivn\u011b se pohybovat na trhu, vyu\u017e\u00edvat p\u0159\u00edle\u017eitosti a zm\u00edr\u0148ovat rizika. Na\u0161e zji\u0161t\u011bn\u00ed ukazuj\u00ed, \u017ee Immediate BitXDR nen\u00ed jen platforma; je to komplexn\u00ed \u0159e\u0161en\u00ed navr\u017een\u00e9 pro vylep\u0161en\u00ed va\u0161\u00ed obchodn\u00ed zku\u0161enosti.<\/p>\n<\/div>\n<\/div>\n\n\n\n<div style=\"height:50px\" aria-hidden=\"true\" class=\"wp-block-spacer\"><\/div>\n<\/div><\/div>\n\n<div class=\"wp-block-cover alignfull\"><span aria-hidden=\"true\" class=\"wp-block-cover__background has-nv-dark-bg-background-color has-background-dim-100 has-background-dim\"><\/span><div class=\"wp-block-cover__inner-container is-layout-flow wp-block-cover-is-layout-flow\">\n<div style=\"height:80px\" aria-hidden=\"true\" class=\"wp-block-spacer\"><\/div>\n\n\n\n<div class=\"wp-block-columns is-layout-flex wp-container-core-columns-is-layout-9d6595d7 wp-block-columns-is-layout-flex\">\n<div class=\"wp-block-column is-vertically-aligned-center is-layout-flow wp-block-column-is-layout-flow\">\n<h2 class=\"wp-block-heading has-text-align-center has-nv-text-dark-bg-color has-text-color\">Na\u0161e komunita<\/h2>\n\n\n\n<p>Immediate BitXDR je v\u00edce ne\u017e jen platforma; je to prosperuj\u00edc\u00ed komunita stejn\u011b sm\u00fd\u0161lej\u00edc\u00edch jedinc\u016f zap\u00e1len\u00fdch pro budoucnost kryptom\u011bn. Na\u0161e komunita je prostorem pro sd\u00edlen\u00ed n\u00e1pad\u016f, u\u010den\u00ed se jeden od druh\u00e9ho a informov\u00e1n\u00ed o nejnov\u011bj\u0161\u00edch trendech v kryptosv\u011bt\u011b.<\/p>\n\n\n\n<p>A\u0165 u\u017e jste ost\u0159\u00edlen\u00fd obchodn\u00edk nebo jen pono\u0159\u00edte prsty do kryptografick\u00fdch vod, na\u0161e komunita poskytuje podp\u016frn\u00e9 prost\u0159ed\u00ed pro r\u016fst a pr\u016fzkum. Zapojte se do diskus\u00ed, ptejte se a roz\u0161i\u0159te sv\u00e9 znalosti o krypto trhu spolu s ostatn\u00edmi nad\u0161enci.<\/p>\n<\/div>\n\n\n\n<div class=\"wp-block-column is-layout-flow wp-block-column-is-layout-flow\">\n<figure class=\"wp-block-image size-full is-resized\"><img loading=\"lazy\" decoding=\"async\" width=\"1024\" height=\"640\" src=\"https:\/\/immediatebitxdr.com\/wp-content\/uploads\/2024\/01\/crypto_analysis-1.jpg\" alt=\"Immediate BitXDR\" class=\"wp-image-286\" style=\"width:505px;height:auto\" srcset=\"https:\/\/immediatebitxdr.com\/wp-content\/uploads\/2024\/01\/crypto_analysis-1.jpg 1024w, https:\/\/immediatebitxdr.com\/wp-content\/uploads\/2024\/01\/crypto_analysis-1-300x188.jpg 300w, https:\/\/immediatebitxdr.com\/wp-content\/uploads\/2024\/01\/crypto_analysis-1-768x480.jpg 768w\" sizes=\"auto, (max-width: 1024px) 100vw, 1024px\" \/><\/figure>\n<\/div>\n<\/div>\n\n\n\n<div style=\"height:50px\" aria-hidden=\"true\" class=\"wp-block-spacer\"><\/div>\n<\/div><\/div>\n\n<div class=\"wp-block-cover alignfull is-light\"><span aria-hidden=\"true\" class=\"wp-block-cover__background has-nv-light-bg-background-color has-background-dim-100 has-background-dim\"><\/span><div class=\"wp-block-cover__inner-container is-layout-flow wp-block-cover-is-layout-flow\">\n<div style=\"height:33px\" aria-hidden=\"true\" class=\"wp-block-spacer\"><\/div>\n\n\n\n<h2 class=\"wp-block-heading has-text-align-center has-neve-text-color-color has-text-color has-link-color wp-elements-d0af020ed76f4b709750493cfb90d43d\">N\u00e1\u0161 z\u00e1vazek<\/h2>\n\n\n\n<p class=\"has-neve-text-color-color has-text-color has-link-color wp-elements-1bb2e280e7c213e88b6b1682f5262bf5\">N\u00e1\u0161 z\u00e1vazek p\u0159esahuje poskytov\u00e1n\u00ed pokro\u010dil\u00fdch obchodn\u00edch n\u00e1stroj\u016f a podporu \u017eiv\u00e9 komunity. Zav\u00e1zali jsme se k transparentnosti, bezpe\u010dnosti a neust\u00e1l\u00e9mu zlep\u0161ov\u00e1n\u00ed. N\u00e1\u0161 t\u00fdm ne\u00fanavn\u011b pracuje na tom, aby zajistil, \u017ee Immediate BitXDR z\u016fstane d\u016fv\u011bryhodnou platformou pro krypto nad\u0161ence po cel\u00e9m sv\u011bt\u011b. V r\u00e1mci na\u0161eho z\u00e1vazku up\u0159ednost\u0148ujeme:<\/p>\n\n\n\n<div class=\"wp-block-columns is-layout-flex wp-container-core-columns-is-layout-9d6595d7 wp-block-columns-is-layout-flex\">\n<div class=\"wp-block-column is-layout-flow wp-block-column-is-layout-flow\">\n<h3 class=\"wp-block-heading has-text-align-center has-neve-text-color-color has-text-color\">Zabezpe\u010den\u00ed u\u017eivatele<\/h3>\n\n\n\n<p class=\"has-text-align-center has-neve-text-color-color has-text-color\">Prost\u0159ednictv\u00edm robustn\u00edch bezpe\u010dnostn\u00edch opat\u0159en\u00ed chr\u00e1n\u00edme v\u00e1\u0161 majetek a osobn\u00ed \u00fadaje a zaji\u0161\u0165ujeme bezpe\u010dn\u00e9 obchodn\u00ed prost\u0159ed\u00ed.<\/p>\n\n\n\n<div class=\"wp-block-buttons is-horizontal is-content-justification-center is-layout-flex wp-container-core-buttons-is-layout-499968f5 wp-block-buttons-is-layout-flex\"><\/div>\n\n\n\n<div style=\"height:20px\" aria-hidden=\"true\" class=\"wp-block-spacer\"><\/div>\n<\/div>\n\n\n\n<div class=\"wp-block-column is-layout-flow wp-block-column-is-layout-flow\">\n<h3 class=\"wp-block-heading has-text-align-center has-neve-text-color-color has-text-color\">Inovace<\/h3>\n\n\n\n<p class=\"has-text-align-center has-neve-text-color-color has-text-color\">Jsme odhodl\u00e1ni z\u016fstat v pop\u0159ed\u00ed technologick\u00e9ho pokroku a pravideln\u011b aktualizovat na\u0161i platformu o nov\u00e9 funkce a vylep\u0161en\u00ed.<\/p>\n\n\n\n<div class=\"wp-block-buttons is-horizontal is-content-justification-center is-layout-flex wp-container-core-buttons-is-layout-499968f5 wp-block-buttons-is-layout-flex\"><\/div>\n\n\n\n<div style=\"height:20px\" aria-hidden=\"true\" class=\"wp-block-spacer\"><\/div>\n<\/div>\n\n\n\n<div class=\"wp-block-column is-layout-flow wp-block-column-is-layout-flow\">\n<h3 class=\"wp-block-heading has-text-align-center has-neve-text-color-color has-text-color\">Z\u00e1kaznick\u00e1 podpora<\/h3>\n\n\n\n<p class=\"has-text-align-center has-neve-text-color-color has-text-color\">N\u00e1\u0161 specializovan\u00fd t\u00fdm podpory je v\u00e1m k dispozici, aby v\u00e1m pomohl a rychle reagoval na dotazy a obavy, aby zlep\u0161il va\u0161i celkovou zku\u0161enost.<\/p>\n\n\n\n<div class=\"wp-block-buttons is-horizontal is-content-justification-center is-layout-flex wp-container-core-buttons-is-layout-499968f5 wp-block-buttons-is-layout-flex\"><\/div>\n\n\n\n<div style=\"height:20px\" aria-hidden=\"true\" class=\"wp-block-spacer\"><\/div>\n<\/div>\n<\/div>\n\n\n\n<div style=\"height:80px\" aria-hidden=\"true\" class=\"wp-block-spacer\"><\/div>\n<\/div><\/div>\n","protected":false},"excerpt":{"rendered":"","protected":false},"author":1,"featured_media":0,"parent":0,"menu_order":0,"comment_status":"closed","ping_status":"closed","template":"","meta":{"inline_featured_image":false,"_monsterinsights_skip_tracking":false,"_monsterinsights_sitenote_active":false,"_monsterinsights_sitenote_note":"","_monsterinsights_sitenote_category":0,"neve_meta_sidebar":"full-width","neve_meta_container":"","neve_meta_enable_content_width":"on","neve_meta_content_width":100,"neve_meta_title_alignment":"","neve_meta_author_avatar":"","neve_post_elements_order":"","neve_meta_disable_header":"","neve_meta_disable_footer":"","neve_meta_disable_title":"on","_themeisle_gutenberg_block_has_review":false,"_ti_tpc_template_sync":false,"_ti_tpc_template_id":"","footnotes":""},"class_list":["post-762","page","type-page","status-publish","hentry"],"yoast_head":"<!-- This site is optimized with the Yoast SEO plugin v22.7 - https:\/\/yoast.com\/wordpress\/plugins\/seo\/ -->\n<title>O n\u00e1s - Immediate BitXDR<\/title>\n<meta name=\"description\" content=\"Okam\u017eit\u00e9 BitXDR je v\u00edce ne\u017e platforma; je to z\u00e1vazek k revoluci ve zp\u016fsobu, jak\u00fdm se jednotlivci zapojuj\u00ed do kryptotrhu. P\u0159ipojte se k n\u00e1m na t\u00e9to vzru\u0161uj\u00edc\u00ed cest\u011b a poj\u010fme spole\u010dn\u011b utv\u00e1\u0159et budoucnost obchodov\u00e1n\u00ed s kryptom\u011bnami.\" \/>\n<meta name=\"robots\" content=\"index, follow, max-snippet:-1, max-image-preview:large, max-video-preview:-1\" \/>\n<link rel=\"canonical\" href=\"https:\/\/immediatebitxdr.com\/cs\/o-nas\/\" \/>\n<meta property=\"og:locale\" content=\"cs_CZ\" \/>\n<meta property=\"og:type\" content=\"article\" \/>\n<meta property=\"og:title\" content=\"O n\u00e1s - Immediate BitXDR\" \/>\n<meta property=\"og:description\" content=\"Okam\u017eit\u00e9 BitXDR je v\u00edce ne\u017e platforma; je to z\u00e1vazek k revoluci ve zp\u016fsobu, jak\u00fdm se jednotlivci zapojuj\u00ed do kryptotrhu. P\u0159ipojte se k n\u00e1m na t\u00e9to vzru\u0161uj\u00edc\u00ed cest\u011b a poj\u010fme spole\u010dn\u011b utv\u00e1\u0159et budoucnost obchodov\u00e1n\u00ed s kryptom\u011bnami.\" \/>\n<meta property=\"og:url\" content=\"https:\/\/immediatebitxdr.com\/cs\/o-nas\/\" \/>\n<meta property=\"og:site_name\" content=\"Immediate BitXDR\" \/>\n<meta property=\"article:modified_time\" content=\"2024-05-15T12:09:15+00:00\" \/>\n<meta property=\"og:image\" content=\"https:\/\/immediatebitxdr.com\/wp-content\/uploads\/2024\/01\/&#x2014;Pngtree&#x2014;financial-material_4391789.png\" \/>\n<meta name=\"twitter:card\" content=\"summary_large_image\" \/>\n<meta name=\"twitter:label1\" content=\"Odhadovan\u00e1 doba \u010dten\u00ed\" \/>\n\t<meta name=\"twitter:data1\" content=\"3 minuty\" \/>\n<script type=\"application\/ld+json\" class=\"yoast-schema-graph\">{\"@context\":\"https:\/\/schema.org\",\"@graph\":[{\"@type\":\"WebPage\",\"@id\":\"https:\/\/immediatebitxdr.com\/cs\/o-nas\/\",\"url\":\"https:\/\/immediatebitxdr.com\/cs\/o-nas\/\",\"name\":\"O n\u00e1s - Immediate BitXDR\",\"isPartOf\":{\"@id\":\"https:\/\/immediatebitxdr.com\/cs\/#website\"},\"primaryImageOfPage\":{\"@id\":\"https:\/\/immediatebitxdr.com\/cs\/o-nas\/#primaryimage\"},\"image\":{\"@id\":\"https:\/\/immediatebitxdr.com\/cs\/o-nas\/#primaryimage\"},\"thumbnailUrl\":\"https:\/\/immediatebitxdr.com\/wp-content\/uploads\/2024\/01\/&#x2014;Pngtree&#x2014;financial-material_4391789.png\",\"datePublished\":\"2024-01-26T09:54:07+00:00\",\"dateModified\":\"2024-05-15T12:09:15+00:00\",\"description\":\"Okam\u017eit\u00e9 BitXDR je v\u00edce ne\u017e platforma; je to z\u00e1vazek k revoluci ve zp\u016fsobu, jak\u00fdm se jednotlivci zapojuj\u00ed do kryptotrhu. P\u0159ipojte se k n\u00e1m na t\u00e9to vzru\u0161uj\u00edc\u00ed cest\u011b a poj\u010fme spole\u010dn\u011b utv\u00e1\u0159et budoucnost obchodov\u00e1n\u00ed s kryptom\u011bnami.\",\"breadcrumb\":{\"@id\":\"https:\/\/immediatebitxdr.com\/cs\/o-nas\/#breadcrumb\"},\"inLanguage\":\"cs\",\"potentialAction\":[{\"@type\":\"ReadAction\",\"target\":[\"https:\/\/immediatebitxdr.com\/cs\/o-nas\/\"]}]},{\"@type\":\"ImageObject\",\"inLanguage\":\"cs\",\"@id\":\"https:\/\/immediatebitxdr.com\/cs\/o-nas\/#primaryimage\",\"url\":\"https:\/\/immediatebitxdr.com\/wp-content\/uploads\/2024\/01\/&#x2014;Pngtree&#x2014;financial-material_4391789.png\",\"contentUrl\":\"https:\/\/immediatebitxdr.com\/wp-content\/uploads\/2024\/01\/&#x2014;Pngtree&#x2014;financial-material_4391789.png\"},{\"@type\":\"BreadcrumbList\",\"@id\":\"https:\/\/immediatebitxdr.com\/cs\/o-nas\/#breadcrumb\",\"itemListElement\":[{\"@type\":\"ListItem\",\"position\":1,\"name\":\"Home\",\"item\":\"https:\/\/immediatebitxdr.com\/cs\/\"},{\"@type\":\"ListItem\",\"position\":2,\"name\":\"O n\u00e1s\"}]},{\"@type\":\"WebSite\",\"@id\":\"https:\/\/immediatebitxdr.com\/cs\/#website\",\"url\":\"https:\/\/immediatebitxdr.com\/cs\/\",\"name\":\"Immediate BitXDR\",\"description\":\"\",\"publisher\":{\"@id\":\"https:\/\/immediatebitxdr.com\/cs\/#organization\"},\"potentialAction\":[{\"@type\":\"SearchAction\",\"target\":{\"@type\":\"EntryPoint\",\"urlTemplate\":\"https:\/\/immediatebitxdr.com\/cs\/?s={search_term_string}\"},\"query-input\":\"required name=search_term_string\"}],\"inLanguage\":\"cs\"},{\"@type\":\"Organization\",\"@id\":\"https:\/\/immediatebitxdr.com\/cs\/#organization\",\"name\":\"Immediate BitXDR\",\"url\":\"https:\/\/immediatebitxdr.com\/cs\/\",\"logo\":{\"@type\":\"ImageObject\",\"inLanguage\":\"cs\",\"@id\":\"https:\/\/immediatebitxdr.com\/cs\/#\/schema\/logo\/image\/\",\"url\":\"\",\"contentUrl\":\"\",\"caption\":\"Immediate BitXDR\"},\"image\":{\"@id\":\"https:\/\/immediatebitxdr.com\/cs\/#\/schema\/logo\/image\/\"}}]}<\/script>\n<!-- \/ Yoast SEO plugin. -->","yoast_head_json":{"title":"O n\u00e1s - Immediate BitXDR","description":"Okam\u017eit\u00e9 BitXDR je v\u00edce ne\u017e platforma; je to z\u00e1vazek k revoluci ve zp\u016fsobu, jak\u00fdm se jednotlivci zapojuj\u00ed do kryptotrhu. P\u0159ipojte se k n\u00e1m na t\u00e9to vzru\u0161uj\u00edc\u00ed cest\u011b a poj\u010fme spole\u010dn\u011b utv\u00e1\u0159et budoucnost obchodov\u00e1n\u00ed s kryptom\u011bnami.","robots":{"index":"index","follow":"follow","max-snippet":"max-snippet:-1","max-image-preview":"max-image-preview:large","max-video-preview":"max-video-preview:-1"},"canonical":"https:\/\/immediatebitxdr.com\/cs\/o-nas\/","og_locale":"cs_CZ","og_type":"article","og_title":"O n\u00e1s - Immediate BitXDR","og_description":"Okam\u017eit\u00e9 BitXDR je v\u00edce ne\u017e platforma; je to z\u00e1vazek k revoluci ve zp\u016fsobu, jak\u00fdm se jednotlivci zapojuj\u00ed do kryptotrhu. P\u0159ipojte se k n\u00e1m na t\u00e9to vzru\u0161uj\u00edc\u00ed cest\u011b a poj\u010fme spole\u010dn\u011b utv\u00e1\u0159et budoucnost obchodov\u00e1n\u00ed s kryptom\u011bnami.","og_url":"https:\/\/immediatebitxdr.com\/cs\/o-nas\/","og_site_name":"Immediate BitXDR","article_modified_time":"2024-05-15T12:09:15+00:00","og_image":[{"url":"https:\/\/immediatebitxdr.com\/wp-content\/uploads\/2024\/01\/&#x2014;Pngtree&#x2014;financial-material_4391789.png"}],"twitter_card":"summary_large_image","twitter_misc":{"Odhadovan\u00e1 doba \u010dten\u00ed":"3 minuty"},"schema":{"@context":"https:\/\/schema.org","@graph":[{"@type":"WebPage","@id":"https:\/\/immediatebitxdr.com\/cs\/o-nas\/","url":"https:\/\/immediatebitxdr.com\/cs\/o-nas\/","name":"O n\u00e1s - Immediate BitXDR","isPartOf":{"@id":"https:\/\/immediatebitxdr.com\/cs\/#website"},"primaryImageOfPage":{"@id":"https:\/\/immediatebitxdr.com\/cs\/o-nas\/#primaryimage"},"image":{"@id":"https:\/\/immediatebitxdr.com\/cs\/o-nas\/#primaryimage"},"thumbnailUrl":"https:\/\/immediatebitxdr.com\/wp-content\/uploads\/2024\/01\/&#x2014;Pngtree&#x2014;financial-material_4391789.png","datePublished":"2024-01-26T09:54:07+00:00","dateModified":"2024-05-15T12:09:15+00:00","description":"Okam\u017eit\u00e9 BitXDR je v\u00edce ne\u017e platforma; je to z\u00e1vazek k revoluci ve zp\u016fsobu, jak\u00fdm se jednotlivci zapojuj\u00ed do kryptotrhu. P\u0159ipojte se k n\u00e1m na t\u00e9to vzru\u0161uj\u00edc\u00ed cest\u011b a poj\u010fme spole\u010dn\u011b utv\u00e1\u0159et budoucnost obchodov\u00e1n\u00ed s kryptom\u011bnami.","breadcrumb":{"@id":"https:\/\/immediatebitxdr.com\/cs\/o-nas\/#breadcrumb"},"inLanguage":"cs","potentialAction":[{"@type":"ReadAction","target":["https:\/\/immediatebitxdr.com\/cs\/o-nas\/"]}]},{"@type":"ImageObject","inLanguage":"cs","@id":"https:\/\/immediatebitxdr.com\/cs\/o-nas\/#primaryimage","url":"https:\/\/immediatebitxdr.com\/wp-content\/uploads\/2024\/01\/&#x2014;Pngtree&#x2014;financial-material_4391789.png","contentUrl":"https:\/\/immediatebitxdr.com\/wp-content\/uploads\/2024\/01\/&#x2014;Pngtree&#x2014;financial-material_4391789.png"},{"@type":"BreadcrumbList","@id":"https:\/\/immediatebitxdr.com\/cs\/o-nas\/#breadcrumb","itemListElement":[{"@type":"ListItem","position":1,"name":"Home","item":"https:\/\/immediatebitxdr.com\/cs\/"},{"@type":"ListItem","position":2,"name":"O n\u00e1s"}]},{"@type":"WebSite","@id":"https:\/\/immediatebitxdr.com\/cs\/#website","url":"https:\/\/immediatebitxdr.com\/cs\/","name":"Immediate BitXDR","description":"","publisher":{"@id":"https:\/\/immediatebitxdr.com\/cs\/#organization"},"potentialAction":[{"@type":"SearchAction","target":{"@type":"EntryPoint","urlTemplate":"https:\/\/immediatebitxdr.com\/cs\/?s={search_term_string}"},"query-input":"required name=search_term_string"}],"inLanguage":"cs"},{"@type":"Organization","@id":"https:\/\/immediatebitxdr.com\/cs\/#organization","name":"Immediate BitXDR","url":"https:\/\/immediatebitxdr.com\/cs\/","logo":{"@type":"ImageObject","inLanguage":"cs","@id":"https:\/\/immediatebitxdr.com\/cs\/#\/schema\/logo\/image\/","url":"","contentUrl":"","caption":"Immediate BitXDR"},"image":{"@id":"https:\/\/immediatebitxdr.com\/cs\/#\/schema\/logo\/image\/"}}]}},"_links":{"self":[{"href":"https:\/\/immediatebitxdr.com\/cs\/wp-json\/wp\/v2\/pages\/762","targetHints":{"allow":["GET"]}}],"collection":[{"href":"https:\/\/immediatebitxdr.com\/cs\/wp-json\/wp\/v2\/pages"}],"about":[{"href":"https:\/\/immediatebitxdr.com\/cs\/wp-json\/wp\/v2\/types\/page"}],"author":[{"embeddable":true,"href":"https:\/\/immediatebitxdr.com\/cs\/wp-json\/wp\/v2\/users\/1"}],"replies":[{"embeddable":true,"href":"https:\/\/immediatebitxdr.com\/cs\/wp-json\/wp\/v2\/comments?post=762"}],"version-history":[{"count":0,"href":"https:\/\/immediatebitxdr.com\/cs\/wp-json\/wp\/v2\/pages\/762\/revisions"}],"wp:attachment":[{"href":"https:\/\/immediatebitxdr.com\/cs\/wp-json\/wp\/v2\/media?parent=762"}],"curies":[{"name":"wp","href":"https:\/\/api.w.org\/{rel}","templated":true}]}}